{"id":10692,"date":"2018-08-09T09:38:55","date_gmt":"2018-08-09T07:38:55","guid":{"rendered":"http:\/\/objectif-image.fr\/OI\/?page_id=10692"},"modified":"2026-02-10T13:58:24","modified_gmt":"2026-02-10T12:58:24","slug":"revue-images","status":"publish","type":"page","link":"https:\/\/objectif-image.fr\/OI\/revue-images\/","title":{"rendered":"Revue images"},"content":{"rendered":"\n<p><strong>\u00ab\u00a0IMAGES\u00a0\u00bb \u00e9dit\u00e9e jusqu&rsquo;en 2023 pr\u00e9sente des portfolios de jeunes photographes contemporains.<br>ainsi que le laur\u00e9at du prix \u00ab Gilbert Betoux \u00bb .<br>Pour acheter un ancien num\u00e9ro revue cliquer sur l&rsquo;ic\u00f4ne du num\u00e9ro souhait\u00e9 puis sur le bouton tarif.<\/strong><\/p>\n\n\n\n<p><\/p>\n","protected":false},"excerpt":{"rendered":"<p>\u00ab\u00a0IMAGES\u00a0\u00bb \u00e9dit\u00e9e jusqu&rsquo;en 2023 pr\u00e9sente des portfolios de jeunes photographes contemporains.ainsi que le laur\u00e9at du prix \u00ab Gilbert Betoux \u00bb .Pour acheter un ancien num\u00e9ro revue cliquer sur l&rsquo;ic\u00f4ne du num\u00e9ro souhait\u00e9 puis sur le bouton tarif.<\/p>\n","protected":false},"author":10,"featured_media":21019,"parent":0,"menu_order":0,"comment_status":"closed","ping_status":"closed","template":"","meta":{"_acf_changed":false,"footnotes":""},"categories":[],"tags":[],"class_list":["post-10692","page","type-page","status-publish","has-post-thumbnail","hentry"],"acf":[],"yoast_head":"<!-- This site is optimized with the Yoast SEO plugin v27.4 - https:\/\/yoast.com\/product\/yoast-seo-wordpress\/ -->\n<title>Revue images - Objectif Image<\/title>\n<meta name=\"robots\" content=\"index, follow, max-snippet:-1, max-image-preview:large, max-video-preview:-1\" \/>\n<link rel=\"canonical\" href=\"https:\/\/objectif-image.fr\/OI\/revue-images\/\" \/>\n<meta property=\"og:locale\" content=\"fr_FR\" \/>\n<meta property=\"og:type\" content=\"article\" \/>\n<meta property=\"og:title\" content=\"Revue images - Objectif Image\" \/>\n<meta property=\"og:description\" content=\"\u00ab\u00a0IMAGES\u00a0\u00bb \u00e9dit\u00e9e jusqu&rsquo;en 2023 pr\u00e9sente des portfolios de jeunes photographes contemporains.ainsi que le laur\u00e9at du prix \u00ab Gilbert Betoux \u00bb .Pour acheter un ancien num\u00e9ro revue cliquer sur l&rsquo;ic\u00f4ne du num\u00e9ro souhait\u00e9 puis sur le bouton tarif.\" \/>\n<meta property=\"og:url\" content=\"https:\/\/objectif-image.fr\/OI\/revue-images\/\" \/>\n<meta property=\"og:site_name\" content=\"Objectif Image\" \/>\n<meta property=\"article:publisher\" content=\"https:\/\/www.facebook.com\/Objectif.mage\" \/>\n<meta property=\"article:modified_time\" content=\"2026-02-10T12:58:24+00:00\" \/>\n<meta property=\"og:image\" content=\"https:\/\/objectif-image.fr\/OI\/wp-content\/uploads\/2019\/03\/Image1.png\" \/>\n\t<meta property=\"og:image:width\" content=\"664\" \/>\n\t<meta property=\"og:image:height\" content=\"305\" \/>\n\t<meta property=\"og:image:type\" content=\"image\/png\" \/>\n<meta name=\"twitter:card\" content=\"summary_large_image\" \/>\n<script type=\"application\/ld+json\" class=\"yoast-schema-graph\">{\"@context\":\"https:\\\/\\\/schema.org\",\"@graph\":[{\"@type\":\"WebPage\",\"@id\":\"https:\\\/\\\/objectif-image.fr\\\/OI\\\/revue-images\\\/\",\"url\":\"https:\\\/\\\/objectif-image.fr\\\/OI\\\/revue-images\\\/\",\"name\":\"Revue images - Objectif Image\",\"isPartOf\":{\"@id\":\"https:\\\/\\\/objectif-image.fr\\\/OI\\\/#website\"},\"primaryImageOfPage\":{\"@id\":\"https:\\\/\\\/objectif-image.fr\\\/OI\\\/revue-images\\\/#primaryimage\"},\"image\":{\"@id\":\"https:\\\/\\\/objectif-image.fr\\\/OI\\\/revue-images\\\/#primaryimage\"},\"thumbnailUrl\":\"https:\\\/\\\/objectif-image.fr\\\/OI\\\/wp-content\\\/uploads\\\/2019\\\/03\\\/Image1.png\",\"datePublished\":\"2018-08-09T07:38:55+00:00\",\"dateModified\":\"2026-02-10T12:58:24+00:00\",\"breadcrumb\":{\"@id\":\"https:\\\/\\\/objectif-image.fr\\\/OI\\\/revue-images\\\/#breadcrumb\"},\"inLanguage\":\"fr-FR\",\"potentialAction\":[{\"@type\":\"ReadAction\",\"target\":[\"https:\\\/\\\/objectif-image.fr\\\/OI\\\/revue-images\\\/\"]}]},{\"@type\":\"ImageObject\",\"inLanguage\":\"fr-FR\",\"@id\":\"https:\\\/\\\/objectif-image.fr\\\/OI\\\/revue-images\\\/#primaryimage\",\"url\":\"https:\\\/\\\/objectif-image.fr\\\/OI\\\/wp-content\\\/uploads\\\/2019\\\/03\\\/Image1.png\",\"contentUrl\":\"https:\\\/\\\/objectif-image.fr\\\/OI\\\/wp-content\\\/uploads\\\/2019\\\/03\\\/Image1.png\",\"width\":664,\"height\":305},{\"@type\":\"BreadcrumbList\",\"@id\":\"https:\\\/\\\/objectif-image.fr\\\/OI\\\/revue-images\\\/#breadcrumb\",\"itemListElement\":[{\"@type\":\"ListItem\",\"position\":1,\"name\":\"Accueil\",\"item\":\"https:\\\/\\\/objectif-image.fr\\\/OI\\\/\"},{\"@type\":\"ListItem\",\"position\":2,\"name\":\"Revue images\"}]},{\"@type\":\"WebSite\",\"@id\":\"https:\\\/\\\/objectif-image.fr\\\/OI\\\/#website\",\"url\":\"https:\\\/\\\/objectif-image.fr\\\/OI\\\/\",\"name\":\"Objectif Image\",\"description\":\"Objectif Image\",\"publisher\":{\"@id\":\"https:\\\/\\\/objectif-image.fr\\\/OI\\\/#organization\"},\"potentialAction\":[{\"@type\":\"SearchAction\",\"target\":{\"@type\":\"EntryPoint\",\"urlTemplate\":\"https:\\\/\\\/objectif-image.fr\\\/OI\\\/?s={search_term_string}\"},\"query-input\":{\"@type\":\"PropertyValueSpecification\",\"valueRequired\":true,\"valueName\":\"search_term_string\"}}],\"inLanguage\":\"fr-FR\"},{\"@type\":\"Organization\",\"@id\":\"https:\\\/\\\/objectif-image.fr\\\/OI\\\/#organization\",\"name\":\"Objectif Image\",\"url\":\"https:\\\/\\\/objectif-image.fr\\\/OI\\\/\",\"logo\":{\"@type\":\"ImageObject\",\"inLanguage\":\"fr-FR\",\"@id\":\"https:\\\/\\\/objectif-image.fr\\\/OI\\\/#\\\/schema\\\/logo\\\/image\\\/\",\"url\":\"https:\\\/\\\/objectif-image.fr\\\/OI\\\/wp-content\\\/uploads\\\/2019\\\/02\\\/logo-OI-NATIONAL-rouge-2000px.jpg\",\"contentUrl\":\"https:\\\/\\\/objectif-image.fr\\\/OI\\\/wp-content\\\/uploads\\\/2019\\\/02\\\/logo-OI-NATIONAL-rouge-2000px.jpg\",\"width\":1081,\"height\":1024,\"caption\":\"Objectif Image\"},\"image\":{\"@id\":\"https:\\\/\\\/objectif-image.fr\\\/OI\\\/#\\\/schema\\\/logo\\\/image\\\/\"},\"sameAs\":[\"https:\\\/\\\/www.facebook.com\\\/Objectif.mage\"]}]}<\/script>\n<!-- \/ Yoast SEO plugin. -->","yoast_head_json":{"title":"Revue images - Objectif Image","robots":{"index":"index","follow":"follow","max-snippet":"max-snippet:-1","max-image-preview":"max-image-preview:large","max-video-preview":"max-video-preview:-1"},"canonical":"https:\/\/objectif-image.fr\/OI\/revue-images\/","og_locale":"fr_FR","og_type":"article","og_title":"Revue images - Objectif Image","og_description":"\u00ab\u00a0IMAGES\u00a0\u00bb \u00e9dit\u00e9e jusqu&rsquo;en 2023 pr\u00e9sente des portfolios de jeunes photographes contemporains.ainsi que le laur\u00e9at du prix \u00ab Gilbert Betoux \u00bb .Pour acheter un ancien num\u00e9ro revue cliquer sur l&rsquo;ic\u00f4ne du num\u00e9ro souhait\u00e9 puis sur le bouton tarif.","og_url":"https:\/\/objectif-image.fr\/OI\/revue-images\/","og_site_name":"Objectif Image","article_publisher":"https:\/\/www.facebook.com\/Objectif.mage","article_modified_time":"2026-02-10T12:58:24+00:00","og_image":[{"width":664,"height":305,"url":"https:\/\/objectif-image.fr\/OI\/wp-content\/uploads\/2019\/03\/Image1.png","type":"image\/png"}],"twitter_card":"summary_large_image","schema":{"@context":"https:\/\/schema.org","@graph":[{"@type":"WebPage","@id":"https:\/\/objectif-image.fr\/OI\/revue-images\/","url":"https:\/\/objectif-image.fr\/OI\/revue-images\/","name":"Revue images - Objectif Image","isPartOf":{"@id":"https:\/\/objectif-image.fr\/OI\/#website"},"primaryImageOfPage":{"@id":"https:\/\/objectif-image.fr\/OI\/revue-images\/#primaryimage"},"image":{"@id":"https:\/\/objectif-image.fr\/OI\/revue-images\/#primaryimage"},"thumbnailUrl":"https:\/\/objectif-image.fr\/OI\/wp-content\/uploads\/2019\/03\/Image1.png","datePublished":"2018-08-09T07:38:55+00:00","dateModified":"2026-02-10T12:58:24+00:00","breadcrumb":{"@id":"https:\/\/objectif-image.fr\/OI\/revue-images\/#breadcrumb"},"inLanguage":"fr-FR","potentialAction":[{"@type":"ReadAction","target":["https:\/\/objectif-image.fr\/OI\/revue-images\/"]}]},{"@type":"ImageObject","inLanguage":"fr-FR","@id":"https:\/\/objectif-image.fr\/OI\/revue-images\/#primaryimage","url":"https:\/\/objectif-image.fr\/OI\/wp-content\/uploads\/2019\/03\/Image1.png","contentUrl":"https:\/\/objectif-image.fr\/OI\/wp-content\/uploads\/2019\/03\/Image1.png","width":664,"height":305},{"@type":"BreadcrumbList","@id":"https:\/\/objectif-image.fr\/OI\/revue-images\/#breadcrumb","itemListElement":[{"@type":"ListItem","position":1,"name":"Accueil","item":"https:\/\/objectif-image.fr\/OI\/"},{"@type":"ListItem","position":2,"name":"Revue images"}]},{"@type":"WebSite","@id":"https:\/\/objectif-image.fr\/OI\/#website","url":"https:\/\/objectif-image.fr\/OI\/","name":"Objectif Image","description":"Objectif Image","publisher":{"@id":"https:\/\/objectif-image.fr\/OI\/#organization"},"potentialAction":[{"@type":"SearchAction","target":{"@type":"EntryPoint","urlTemplate":"https:\/\/objectif-image.fr\/OI\/?s={search_term_string}"},"query-input":{"@type":"PropertyValueSpecification","valueRequired":true,"valueName":"search_term_string"}}],"inLanguage":"fr-FR"},{"@type":"Organization","@id":"https:\/\/objectif-image.fr\/OI\/#organization","name":"Objectif Image","url":"https:\/\/objectif-image.fr\/OI\/","logo":{"@type":"ImageObject","inLanguage":"fr-FR","@id":"https:\/\/objectif-image.fr\/OI\/#\/schema\/logo\/image\/","url":"https:\/\/objectif-image.fr\/OI\/wp-content\/uploads\/2019\/02\/logo-OI-NATIONAL-rouge-2000px.jpg","contentUrl":"https:\/\/objectif-image.fr\/OI\/wp-content\/uploads\/2019\/02\/logo-OI-NATIONAL-rouge-2000px.jpg","width":1081,"height":1024,"caption":"Objectif Image"},"image":{"@id":"https:\/\/objectif-image.fr\/OI\/#\/schema\/logo\/image\/"},"sameAs":["https:\/\/www.facebook.com\/Objectif.mage"]}]}},"_links":{"self":[{"href":"https:\/\/objectif-image.fr\/OI\/wp-json\/wp\/v2\/pages\/10692","targetHints":{"allow":["GET"]}}],"collection":[{"href":"https:\/\/objectif-image.fr\/OI\/wp-json\/wp\/v2\/pages"}],"about":[{"href":"https:\/\/objectif-image.fr\/OI\/wp-json\/wp\/v2\/types\/page"}],"author":[{"embeddable":true,"href":"https:\/\/objectif-image.fr\/OI\/wp-json\/wp\/v2\/users\/10"}],"replies":[{"embeddable":true,"href":"https:\/\/objectif-image.fr\/OI\/wp-json\/wp\/v2\/comments?post=10692"}],"version-history":[{"count":3,"href":"https:\/\/objectif-image.fr\/OI\/wp-json\/wp\/v2\/pages\/10692\/revisions"}],"predecessor-version":[{"id":60832,"href":"https:\/\/objectif-image.fr\/OI\/wp-json\/wp\/v2\/pages\/10692\/revisions\/60832"}],"wp:featuredmedia":[{"embeddable":true,"href":"https:\/\/objectif-image.fr\/OI\/wp-json\/wp\/v2\/media\/21019"}],"wp:attachment":[{"href":"https:\/\/objectif-image.fr\/OI\/wp-json\/wp\/v2\/media?parent=10692"}],"wp:term":[{"taxonomy":"category","embeddable":true,"href":"https:\/\/objectif-image.fr\/OI\/wp-json\/wp\/v2\/categories?post=10692"},{"taxonomy":"post_tag","embeddable":true,"href":"https:\/\/objectif-image.fr\/OI\/wp-json\/wp\/v2\/tags?post=10692"}],"curies":[{"name":"wp","href":"https:\/\/api.w.org\/{rel}","templated":true}]}}