{"id":15,"date":"2015-12-02T15:43:16","date_gmt":"2015-12-02T14:43:16","guid":{"rendered":"https:\/\/objectif-image.fr\/OI\/?page_id=15"},"modified":"2026-02-14T15:18:19","modified_gmt":"2026-02-14T14:18:19","slug":"lassociation","status":"publish","type":"page","link":"https:\/\/objectif-image.fr\/OI\/lassociation\/","title":{"rendered":"Objectif Image"},"content":{"rendered":"<div class=\"page\" title=\"Page 3\">\n<div class=\"layoutArea\">\n<div class=\"column\">\n<p><img loading=\"lazy\" decoding=\"async\" class=\"aligncenter  wp-image-47544\" src=\"https:\/\/objectif-image.fr\/OI\/wp-content\/uploads\/2023\/05\/logo-oi512-1.png\" alt=\"\" width=\"84\" height=\"88\" \/><\/p>\n<p><strong>Objectif Image regroupe des passionn\u00e9s de l\u2019image sous toutes ses formes pour partager b\u00e9n\u00e9volement leurs connaissances, leurs pratiques et s\u2019entraider, afin de permettre la formation, d\u00e9velopper les liens sociaux, favoriser l\u2019\u00e9panouissement personnel, aupr\u00e8s des jeunes et des adultes.<\/strong><\/p>\n<h4 style=\"text-align: center;\"><strong>Les valeurs de l\u2019association <\/strong><\/h4>\n<ul>\n<li><strong>La cr\u00e9ativit\u00e9<\/strong><\/li>\n<li><strong>La bienveillance<\/strong><\/li>\n<li><strong>Le partage<\/strong><\/li>\n<li><strong>Le plaisir<\/strong><\/li>\n<\/ul>\n<h4 style=\"text-align: center;\"><strong>Les activit\u00e9s <\/strong><\/h4>\n<p><strong>L\u2019association se donne comme objectif d\u2019organiser des formations, des rencontres, des expositions, et de coordonner l\u2019entraide entre les membres, en recherchant et utilisant tous les moyens n\u00e9cessaires :<\/strong><\/p>\n<ul>\n<li><strong>Animer des ateliers de pratique photographique et de lecture d\u2019image<\/strong><\/li>\n<li>Animer des ateliers audiovisuels (Films photographiques et de cin\u00e9ma)<\/li>\n<li><strong>Initier \u00e0 des techniques photographiques<\/strong><\/li>\n<li><strong>Proposer des ateliers sur la culture de l\u2019image et faire d\u00e9couvrir l\u2019histoire de la photographie<\/strong><\/li>\n<li><strong>Accompagner \u00e0 l\u2019analyse de l\u2019image et au d\u00e9veloppement de l\u2019esprit critique<\/strong><\/li>\n<li><strong>Proposer et animer des \u00e9v\u00e9nements ouverts au public (expositions \u2013 s\u00e9ances de projection )<\/strong><\/li>\n<li><strong>D\u00e9velopper des rencontres autour de l\u2019image pour favoriser le lien social<\/strong><\/li>\n<li><strong>Faire d\u00e9couvrir des regards d\u2019auteurs membres d\u2019Objectif Image<\/strong><\/li>\n<li><strong>Animer une revue num\u00e9rique et un site internet<\/strong><\/li>\n<li><strong>Faire des actions aupr\u00e8s de la jeunesse<\/strong><\/li>\n<\/ul>\n<h4 style=\"text-align: center;\"><strong>Qui peut devenir membre ?<\/strong><\/h4>\n<p><strong>L\u2019adh\u00e9sion est individuelle, et l\u2019adh\u00e9rent peut se d\u00e9clarer comme r\u00e9f\u00e9rent d\u2019un club ou d\u2019un groupe.\u00a0 Dans ce cas, les membres du groupe,<\/strong><br \/>\n<strong>ou les adh\u00e9rents du club ont la possibilit\u00e9 de s\u2019inscrire sur le site.\u00a0 Adh\u00e9rents et inscrits sont <\/strong><strong style=\"font-size: revert; color: initial;\">tous consid\u00e9r\u00e9s comme membres d\u2019Objectif <\/strong><strong>Image. L\u2019inscription d\u2019un membre d\u2019un groupe doit \u00eatre valid\u00e9e par l\u2019adh\u00e9rent<\/strong><\/p>\n<p><strong>\u00a0<\/strong><strong>L\u2019adh\u00e9sion de 50\u20ac, permet\u00a0 \u00e0 l\u2019adh\u00e8rent (individuel ou r\u00e9f\u00e9rent <\/strong><strong>de groupe) :<\/strong><br \/>\n<strong>\u2022\u00a0 \u00a0 \u00a0 \u00a0De cr\u00e9er et d\u00e9clarer un groupe au moment de l\u2019adh\u00e9sion et de valider les inscriptions sur le site Internet des personnes membres de ce groupe.<\/strong><br \/>\n<strong>\u2022\u00a0 \u00a0 \u00a0 \u00a0De participer au r\u00e9seau d\u2019entraide.<\/strong><br \/>\n<strong>\u2022\u00a0 \u00a0 \u00a0 \u00a0De participer aux d\u00e9lib\u00e9rations de l\u2019Assembl\u00e9e g\u00e9n\u00e9rale et de voter.<\/strong><br \/>\n<strong>\u2022\u00a0 \u00a0 \u00a0 \u00a0De recevoir les lettres d\u2019information r\u00e9serv\u00e9es aux adh\u00e9rents.<\/strong><br \/>\n<strong>\u2022\u00a0 \u00a0 \u00a0 \u00a0De participer aux visioconf\u00e9rences.<\/strong><br \/>\n<strong>\u2022\u00a0 \u00a0 \u00a0 \u00a0De b\u00e9n\u00e9ficier des offres de groupe.<\/strong><\/p>\n<p><strong>L\u2019inscription de 5 \u20ac permet :<\/strong><br \/>\n<strong>\u2022\u00a0 \u00a0 \u00a0 \u00a0D\u2019acc\u00e9der aux pages du site r\u00e9serv\u00e9es aux inscrits.<\/strong><br \/>\n<strong>\u2022\u00a0 \u00a0 \u00a0 \u00a0De participer aux activit\u00e9s, aux formations et aux manifestations\u00a0 organis\u00e9es par Objectif Image.<\/strong><br \/>\n<strong>\u2022\u00a0 \u00a0 \u00a0 \u00a0De recevoir des lettres d\u2019information.<\/strong><br \/>\n<strong>\u2022\u00a0 \u00a0 \u00a0 \u00a0De participer aux visioconf\u00e9rences.<\/strong><br \/>\n<strong>\u2022\u00a0 \u00a0 \u00a0 \u00a0De b\u00e9n\u00e9ficier des offres de groupe.<\/strong><br \/>\n<strong>\u2022\u00a0 \u00a0 \u00a0 \u00a0De participer au r\u00e9seau d\u2019entraide (pour les animateurs d\u00e9clar\u00e9s).<\/strong><br \/>\n<strong>\u2022\u00a0 \u00a0 \u00a0 \u00a0Elle ne permet pas de voter aux assembl\u00e9es g\u00e9n\u00e9rales.<\/strong><\/p>\n<p><strong>Pour un couple, par exemple, l\u2019un des deux adh\u00e8re (50 \u20ac) et cr\u00e9e un groupe (du nom de<\/strong><br \/>\n<strong>son choix) et l\u2019autre peut s\u2019inscrire pour 5 \u20ac.<\/strong><\/p>\n<p><strong>La participation aux activit\u00e9s, aux stages, est identique pour tous les membres, adh\u00e9rents et inscrits.<\/strong><\/p>\n<p><strong>On distingue deux cat\u00e9gories de membres : les adh\u00e9rents et les inscrits sur le site.<\/strong><\/p>\n<h4 style=\"text-align: center;\">Pour adh\u00e9rer<\/h4>\n<h4><strong>Cliquer sur \u00ab\u00a0s&rsquo;identifier\u00a0\u00bb et suivre les instructions<\/strong><\/h4>\n<h4 style=\"text-align: center;\"><strong>La formation<\/strong><\/h4>\n<p><strong>Objectif Image n&rsquo;est pas un organisme de formation au sens administratif du terme. Il s&rsquo;agit ici de stages d&rsquo;initiation ou de perfectionnement destin\u00e9s \u00e0 ses membres, hors du champ du compte personnel de formation.<\/strong><\/p>\n<p><strong>1 Les \u00ab formations \u00bb\u00a0 anim\u00e9es par un membre comp\u00e9tent d\u2019OI \u00e0 la demande d\u2019un club (ou d&rsquo;un groupe) , et au profit de ce club.<\/strong><br \/>\n<strong>La prestation de l\u2019intervenant est b\u00e9n\u00e9vole. Ses \u00e9ventuels frais de d\u00e9placement sont pris en charge par OI, ou par le club organisateur selon les cas,\u00a0 et<\/strong><br \/>\n<strong>ses frais d\u2019h\u00e9bergement et de restauration sont \u00e0 la charge du club.<\/strong><\/p>\n<p><strong>2 les \u00ab formations \u00bb anim\u00e9es par un professionnel, et organis\u00e9es par OI.<\/strong><br \/>\n<strong>Objectif Image n\u00e9gocie au plus juste le montant des honoraires de l\u2019animateur, qui sont r\u00e9partis entre les participants.<\/strong><br \/>\n<strong>Les stages sont organis\u00e9s par les clubs qui sont int\u00e9ress\u00e9s, qui fournissent la logistique (salle, vid\u00e9o projecteur, \u00e9cran) selon les<\/strong><br \/>\n<strong>besoins du stage. Les lieux peuvent varier, mais en g\u00e9n\u00e9ral dans de grandes villes, ou des centres de vacances.<\/strong><\/p>\n<p><strong>3 Les formations en visio-conf\u00e9rence s<br \/>\n<\/strong><strong>Sont soit gratuites, soit payantes, d&rsquo;un co\u00fbt modeste , de l&rsquo;ordre de 5 \u00e010 \u20ac<\/strong><\/p>\n<h4 style=\"text-align: center;\">Les expositions<\/h4>\n<p style=\"text-align: left;\"><strong>La participation aux expositions organis\u00e9es par Objectif Image sur Internet sont gratuites et r\u00e9serv\u00e9es aux membres (<\/strong><strong>adh\u00e9rent ou inscrit).<br \/>\nSi l\u2019exposition donne lieu <\/strong><strong>\u00e0 un accrochage dans une salle d\u2019exposition (cas du salon d\u2019auteur ou du <\/strong><strong>prix Betoux)\u00a0 les auteurs s\u00e9lectionn\u00e9e doivent fournir et envoyer les\u00a0<\/strong><br \/>\n<strong>tirages papiers \u00e0 l\u2019organisateur.<\/strong><\/p>\n<\/div>\n<\/div>\n<div class=\"layoutArea\">\n<div class=\"column\"><\/div>\n<\/div>\n<div class=\"layoutArea\">\n<div class=\"column\">\n<div class=\"page\" title=\"Page 6\"><\/div>\n<\/div>\n<\/div>\n<\/div>\n","protected":false},"excerpt":{"rendered":"<p>Objectif Image regroupe des passionn\u00e9s de l\u2019image sous toutes ses formes pour partager b\u00e9n\u00e9volement leurs connaissances, leurs pratiques et s\u2019entraider, afin de permettre la formation, d\u00e9velopper les liens sociaux, favoriser l\u2019\u00e9panouissement personnel, aupr\u00e8s des jeunes et des adultes. Les valeurs de l\u2019association La cr\u00e9ativit\u00e9 La bienveillance Le partage Le plaisir Les activit\u00e9s L\u2019association se donne [&hellip;]<\/p>\n","protected":false},"author":2,"featured_media":64,"parent":0,"menu_order":0,"comment_status":"closed","ping_status":"closed","template":"","meta":{"_acf_changed":false,"footnotes":""},"categories":[],"tags":[838],"class_list":["post-15","page","type-page","status-publish","has-post-thumbnail","hentry","tag-ne-pas-supprimer"],"acf":[],"yoast_head":"<!-- This site is optimized with the Yoast SEO plugin v27.4 - https:\/\/yoast.com\/product\/yoast-seo-wordpress\/ -->\n<title>Objectif Image - Objectif Image<\/title>\n<meta name=\"robots\" content=\"index, follow, max-snippet:-1, max-image-preview:large, max-video-preview:-1\" \/>\n<link rel=\"canonical\" href=\"https:\/\/objectif-image.fr\/OI\/lassociation\/\" \/>\n<meta property=\"og:locale\" content=\"fr_FR\" \/>\n<meta property=\"og:type\" content=\"article\" \/>\n<meta property=\"og:title\" content=\"Objectif Image - Objectif Image\" \/>\n<meta property=\"og:description\" content=\"Objectif Image regroupe des passionn\u00e9s de l\u2019image sous toutes ses formes pour partager b\u00e9n\u00e9volement leurs connaissances, leurs pratiques et s\u2019entraider, afin de permettre la formation, d\u00e9velopper les liens sociaux, favoriser l\u2019\u00e9panouissement personnel, aupr\u00e8s des jeunes et des adultes. Les valeurs de l\u2019association La cr\u00e9ativit\u00e9 La bienveillance Le partage Le plaisir Les activit\u00e9s L\u2019association se donne [&hellip;]\" \/>\n<meta property=\"og:url\" content=\"https:\/\/objectif-image.fr\/OI\/lassociation\/\" \/>\n<meta property=\"og:site_name\" content=\"Objectif Image\" \/>\n<meta property=\"article:publisher\" content=\"https:\/\/www.facebook.com\/Objectif.mage\" \/>\n<meta property=\"article:modified_time\" content=\"2026-02-14T14:18:19+00:00\" \/>\n<meta property=\"og:image\" content=\"https:\/\/objectif-image.fr\/OI\/wp-content\/uploads\/2015\/12\/logo-OI-NATIONALE-rouge-512.jpg\" \/>\n\t<meta property=\"og:image:width\" content=\"512\" \/>\n\t<meta property=\"og:image:height\" content=\"485\" \/>\n\t<meta property=\"og:image:type\" content=\"image\/jpeg\" \/>\n<meta name=\"twitter:card\" content=\"summary_large_image\" \/>\n<meta name=\"twitter:label1\" content=\"Dur\u00e9e de lecture estim\u00e9e\" \/>\n\t<meta name=\"twitter:data1\" content=\"4 minutes\" \/>\n<script type=\"application\/ld+json\" class=\"yoast-schema-graph\">{\"@context\":\"https:\\\/\\\/schema.org\",\"@graph\":[{\"@type\":\"WebPage\",\"@id\":\"https:\\\/\\\/objectif-image.fr\\\/OI\\\/lassociation\\\/\",\"url\":\"https:\\\/\\\/objectif-image.fr\\\/OI\\\/lassociation\\\/\",\"name\":\"Objectif Image - Objectif Image\",\"isPartOf\":{\"@id\":\"https:\\\/\\\/objectif-image.fr\\\/OI\\\/#website\"},\"primaryImageOfPage\":{\"@id\":\"https:\\\/\\\/objectif-image.fr\\\/OI\\\/lassociation\\\/#primaryimage\"},\"image\":{\"@id\":\"https:\\\/\\\/objectif-image.fr\\\/OI\\\/lassociation\\\/#primaryimage\"},\"thumbnailUrl\":\"https:\\\/\\\/objectif-image.fr\\\/OI\\\/wp-content\\\/uploads\\\/2015\\\/12\\\/logo-OI-NATIONALE-rouge-512.jpg\",\"datePublished\":\"2015-12-02T14:43:16+00:00\",\"dateModified\":\"2026-02-14T14:18:19+00:00\",\"breadcrumb\":{\"@id\":\"https:\\\/\\\/objectif-image.fr\\\/OI\\\/lassociation\\\/#breadcrumb\"},\"inLanguage\":\"fr-FR\",\"potentialAction\":[{\"@type\":\"ReadAction\",\"target\":[\"https:\\\/\\\/objectif-image.fr\\\/OI\\\/lassociation\\\/\"]}]},{\"@type\":\"ImageObject\",\"inLanguage\":\"fr-FR\",\"@id\":\"https:\\\/\\\/objectif-image.fr\\\/OI\\\/lassociation\\\/#primaryimage\",\"url\":\"https:\\\/\\\/objectif-image.fr\\\/OI\\\/wp-content\\\/uploads\\\/2015\\\/12\\\/logo-OI-NATIONALE-rouge-512.jpg\",\"contentUrl\":\"https:\\\/\\\/objectif-image.fr\\\/OI\\\/wp-content\\\/uploads\\\/2015\\\/12\\\/logo-OI-NATIONALE-rouge-512.jpg\",\"width\":512,\"height\":485},{\"@type\":\"BreadcrumbList\",\"@id\":\"https:\\\/\\\/objectif-image.fr\\\/OI\\\/lassociation\\\/#breadcrumb\",\"itemListElement\":[{\"@type\":\"ListItem\",\"position\":1,\"name\":\"Accueil\",\"item\":\"https:\\\/\\\/objectif-image.fr\\\/OI\\\/\"},{\"@type\":\"ListItem\",\"position\":2,\"name\":\"Objectif Image\"}]},{\"@type\":\"WebSite\",\"@id\":\"https:\\\/\\\/objectif-image.fr\\\/OI\\\/#website\",\"url\":\"https:\\\/\\\/objectif-image.fr\\\/OI\\\/\",\"name\":\"Objectif Image\",\"description\":\"Objectif Image\",\"publisher\":{\"@id\":\"https:\\\/\\\/objectif-image.fr\\\/OI\\\/#organization\"},\"potentialAction\":[{\"@type\":\"SearchAction\",\"target\":{\"@type\":\"EntryPoint\",\"urlTemplate\":\"https:\\\/\\\/objectif-image.fr\\\/OI\\\/?s={search_term_string}\"},\"query-input\":{\"@type\":\"PropertyValueSpecification\",\"valueRequired\":true,\"valueName\":\"search_term_string\"}}],\"inLanguage\":\"fr-FR\"},{\"@type\":\"Organization\",\"@id\":\"https:\\\/\\\/objectif-image.fr\\\/OI\\\/#organization\",\"name\":\"Objectif Image\",\"url\":\"https:\\\/\\\/objectif-image.fr\\\/OI\\\/\",\"logo\":{\"@type\":\"ImageObject\",\"inLanguage\":\"fr-FR\",\"@id\":\"https:\\\/\\\/objectif-image.fr\\\/OI\\\/#\\\/schema\\\/logo\\\/image\\\/\",\"url\":\"https:\\\/\\\/objectif-image.fr\\\/OI\\\/wp-content\\\/uploads\\\/2019\\\/02\\\/logo-OI-NATIONAL-rouge-2000px.jpg\",\"contentUrl\":\"https:\\\/\\\/objectif-image.fr\\\/OI\\\/wp-content\\\/uploads\\\/2019\\\/02\\\/logo-OI-NATIONAL-rouge-2000px.jpg\",\"width\":1081,\"height\":1024,\"caption\":\"Objectif Image\"},\"image\":{\"@id\":\"https:\\\/\\\/objectif-image.fr\\\/OI\\\/#\\\/schema\\\/logo\\\/image\\\/\"},\"sameAs\":[\"https:\\\/\\\/www.facebook.com\\\/Objectif.mage\"]}]}<\/script>\n<!-- \/ Yoast SEO plugin. -->","yoast_head_json":{"title":"Objectif Image - Objectif Image","robots":{"index":"index","follow":"follow","max-snippet":"max-snippet:-1","max-image-preview":"max-image-preview:large","max-video-preview":"max-video-preview:-1"},"canonical":"https:\/\/objectif-image.fr\/OI\/lassociation\/","og_locale":"fr_FR","og_type":"article","og_title":"Objectif Image - Objectif Image","og_description":"Objectif Image regroupe des passionn\u00e9s de l\u2019image sous toutes ses formes pour partager b\u00e9n\u00e9volement leurs connaissances, leurs pratiques et s\u2019entraider, afin de permettre la formation, d\u00e9velopper les liens sociaux, favoriser l\u2019\u00e9panouissement personnel, aupr\u00e8s des jeunes et des adultes. Les valeurs de l\u2019association La cr\u00e9ativit\u00e9 La bienveillance Le partage Le plaisir Les activit\u00e9s L\u2019association se donne [&hellip;]","og_url":"https:\/\/objectif-image.fr\/OI\/lassociation\/","og_site_name":"Objectif Image","article_publisher":"https:\/\/www.facebook.com\/Objectif.mage","article_modified_time":"2026-02-14T14:18:19+00:00","og_image":[{"width":512,"height":485,"url":"https:\/\/objectif-image.fr\/OI\/wp-content\/uploads\/2015\/12\/logo-OI-NATIONALE-rouge-512.jpg","type":"image\/jpeg"}],"twitter_card":"summary_large_image","twitter_misc":{"Dur\u00e9e de lecture estim\u00e9e":"4 minutes"},"schema":{"@context":"https:\/\/schema.org","@graph":[{"@type":"WebPage","@id":"https:\/\/objectif-image.fr\/OI\/lassociation\/","url":"https:\/\/objectif-image.fr\/OI\/lassociation\/","name":"Objectif Image - Objectif Image","isPartOf":{"@id":"https:\/\/objectif-image.fr\/OI\/#website"},"primaryImageOfPage":{"@id":"https:\/\/objectif-image.fr\/OI\/lassociation\/#primaryimage"},"image":{"@id":"https:\/\/objectif-image.fr\/OI\/lassociation\/#primaryimage"},"thumbnailUrl":"https:\/\/objectif-image.fr\/OI\/wp-content\/uploads\/2015\/12\/logo-OI-NATIONALE-rouge-512.jpg","datePublished":"2015-12-02T14:43:16+00:00","dateModified":"2026-02-14T14:18:19+00:00","breadcrumb":{"@id":"https:\/\/objectif-image.fr\/OI\/lassociation\/#breadcrumb"},"inLanguage":"fr-FR","potentialAction":[{"@type":"ReadAction","target":["https:\/\/objectif-image.fr\/OI\/lassociation\/"]}]},{"@type":"ImageObject","inLanguage":"fr-FR","@id":"https:\/\/objectif-image.fr\/OI\/lassociation\/#primaryimage","url":"https:\/\/objectif-image.fr\/OI\/wp-content\/uploads\/2015\/12\/logo-OI-NATIONALE-rouge-512.jpg","contentUrl":"https:\/\/objectif-image.fr\/OI\/wp-content\/uploads\/2015\/12\/logo-OI-NATIONALE-rouge-512.jpg","width":512,"height":485},{"@type":"BreadcrumbList","@id":"https:\/\/objectif-image.fr\/OI\/lassociation\/#breadcrumb","itemListElement":[{"@type":"ListItem","position":1,"name":"Accueil","item":"https:\/\/objectif-image.fr\/OI\/"},{"@type":"ListItem","position":2,"name":"Objectif Image"}]},{"@type":"WebSite","@id":"https:\/\/objectif-image.fr\/OI\/#website","url":"https:\/\/objectif-image.fr\/OI\/","name":"Objectif Image","description":"Objectif Image","publisher":{"@id":"https:\/\/objectif-image.fr\/OI\/#organization"},"potentialAction":[{"@type":"SearchAction","target":{"@type":"EntryPoint","urlTemplate":"https:\/\/objectif-image.fr\/OI\/?s={search_term_string}"},"query-input":{"@type":"PropertyValueSpecification","valueRequired":true,"valueName":"search_term_string"}}],"inLanguage":"fr-FR"},{"@type":"Organization","@id":"https:\/\/objectif-image.fr\/OI\/#organization","name":"Objectif Image","url":"https:\/\/objectif-image.fr\/OI\/","logo":{"@type":"ImageObject","inLanguage":"fr-FR","@id":"https:\/\/objectif-image.fr\/OI\/#\/schema\/logo\/image\/","url":"https:\/\/objectif-image.fr\/OI\/wp-content\/uploads\/2019\/02\/logo-OI-NATIONAL-rouge-2000px.jpg","contentUrl":"https:\/\/objectif-image.fr\/OI\/wp-content\/uploads\/2019\/02\/logo-OI-NATIONAL-rouge-2000px.jpg","width":1081,"height":1024,"caption":"Objectif Image"},"image":{"@id":"https:\/\/objectif-image.fr\/OI\/#\/schema\/logo\/image\/"},"sameAs":["https:\/\/www.facebook.com\/Objectif.mage"]}]}},"_links":{"self":[{"href":"https:\/\/objectif-image.fr\/OI\/wp-json\/wp\/v2\/pages\/15","targetHints":{"allow":["GET"]}}],"collection":[{"href":"https:\/\/objectif-image.fr\/OI\/wp-json\/wp\/v2\/pages"}],"about":[{"href":"https:\/\/objectif-image.fr\/OI\/wp-json\/wp\/v2\/types\/page"}],"author":[{"embeddable":true,"href":"https:\/\/objectif-image.fr\/OI\/wp-json\/wp\/v2\/users\/2"}],"replies":[{"embeddable":true,"href":"https:\/\/objectif-image.fr\/OI\/wp-json\/wp\/v2\/comments?post=15"}],"version-history":[{"count":2,"href":"https:\/\/objectif-image.fr\/OI\/wp-json\/wp\/v2\/pages\/15\/revisions"}],"predecessor-version":[{"id":61079,"href":"https:\/\/objectif-image.fr\/OI\/wp-json\/wp\/v2\/pages\/15\/revisions\/61079"}],"wp:featuredmedia":[{"embeddable":true,"href":"https:\/\/objectif-image.fr\/OI\/wp-json\/wp\/v2\/media\/64"}],"wp:attachment":[{"href":"https:\/\/objectif-image.fr\/OI\/wp-json\/wp\/v2\/media?parent=15"}],"wp:term":[{"taxonomy":"category","embeddable":true,"href":"https:\/\/objectif-image.fr\/OI\/wp-json\/wp\/v2\/categories?post=15"},{"taxonomy":"post_tag","embeddable":true,"href":"https:\/\/objectif-image.fr\/OI\/wp-json\/wp\/v2\/tags?post=15"}],"curies":[{"name":"wp","href":"https:\/\/api.w.org\/{rel}","templated":true}]}}