{"id":18021,"date":"2018-12-06T00:04:58","date_gmt":"2018-12-05T23:04:58","guid":{"rendered":"https:\/\/objectif-image.fr\/OI\/?page_id=18021"},"modified":"2025-07-07T14:10:09","modified_gmt":"2025-07-07T12:10:09","slug":"modules-danimation","status":"publish","type":"page","link":"https:\/\/objectif-image.fr\/OI\/modules-danimation\/","title":{"rendered":"Photographes c\u00e9l\u00e8bres"},"content":{"rendered":"<div class=\"members-access-error\"><div class='wp-block-button alignleft'> <a class='wp-block-button__link' style='margin:10px' href='https:\/\/objectif-image.fr\/OI\/sidentifier\/?redirige=https:\/\/objectif-image.fr\/OI\/wp-json\/wp\/v2\/pages\/18021'> Cliquez ici <\/a><\/div><\/p>\n<p>Pour acc\u00e9der \u00e0 cette page :\n<\/p><\/div>\n","protected":false},"excerpt":{"rendered":"<div class=\"members-access-error\"><div class='wp-block-button alignleft'> <a class='wp-block-button__link' style='margin:10px' href='https:\/\/objectif-image.fr\/OI\/sidentifier\/?redirige=https:\/\/objectif-image.fr\/OI\/wp-json\/wp\/v2\/pages\/18021'> Cliquez ici <\/a><\/div><\/p>\n<p>Pour acc\u00e9der \u00e0 cette page :\n<\/p><\/div>\n","protected":false},"author":10,"featured_media":18051,"parent":0,"menu_order":0,"comment_status":"closed","ping_status":"closed","template":"","meta":{"_acf_changed":false,"footnotes":""},"categories":[361,358],"tags":[],"class_list":["post-18021","page","type-page","status-publish","has-post-thumbnail","hentry","category-animation","category-responsables-de-clubs"],"acf":[],"yoast_head":"<!-- This site is optimized with the Yoast SEO plugin v27.3 - https:\/\/yoast.com\/product\/yoast-seo-wordpress\/ -->\n<title>Photographes c\u00e9l\u00e8bres - Objectif Image<\/title>\n<meta name=\"robots\" content=\"index, follow, max-snippet:-1, max-image-preview:large, max-video-preview:-1\" \/>\n<link rel=\"canonical\" href=\"https:\/\/objectif-image.fr\/OI\/boite-a-trucs__trashed\/modules-danimation\/\" \/>\n<meta property=\"og:locale\" content=\"fr_FR\" \/>\n<meta property=\"og:type\" content=\"article\" \/>\n<meta property=\"og:title\" content=\"Photographes c\u00e9l\u00e8bres - Objectif Image\" \/>\n<meta property=\"og:description\" content=\"Cliquez ici Pour acc\u00e9der \u00e0 cette page :\" \/>\n<meta property=\"og:url\" content=\"https:\/\/objectif-image.fr\/OI\/boite-a-trucs__trashed\/modules-danimation\/\" \/>\n<meta property=\"og:site_name\" content=\"Objectif Image\" \/>\n<meta property=\"article:publisher\" content=\"https:\/\/www.facebook.com\/Objectif.mage\" \/>\n<meta property=\"article:modified_time\" content=\"2025-07-07T12:10:09+00:00\" \/>\n<meta property=\"og:image\" content=\"https:\/\/objectif-image.fr\/OI\/wp-content\/uploads\/2018\/12\/teaching.png\" \/>\n\t<meta property=\"og:image:width\" content=\"640\" \/>\n\t<meta property=\"og:image:height\" content=\"465\" \/>\n\t<meta property=\"og:image:type\" content=\"image\/png\" \/>\n<meta name=\"twitter:card\" content=\"summary_large_image\" \/>\n<script type=\"application\/ld+json\" class=\"yoast-schema-graph\">{\"@context\":\"https:\\\/\\\/schema.org\",\"@graph\":[{\"@type\":\"WebPage\",\"@id\":\"https:\\\/\\\/objectif-image.fr\\\/OI\\\/boite-a-trucs__trashed\\\/modules-danimation\\\/\",\"url\":\"https:\\\/\\\/objectif-image.fr\\\/OI\\\/boite-a-trucs__trashed\\\/modules-danimation\\\/\",\"name\":\"Photographes c\u00e9l\u00e8bres - Objectif Image\",\"isPartOf\":{\"@id\":\"https:\\\/\\\/objectif-image.fr\\\/OI\\\/#website\"},\"primaryImageOfPage\":{\"@id\":\"https:\\\/\\\/objectif-image.fr\\\/OI\\\/boite-a-trucs__trashed\\\/modules-danimation\\\/#primaryimage\"},\"image\":{\"@id\":\"https:\\\/\\\/objectif-image.fr\\\/OI\\\/boite-a-trucs__trashed\\\/modules-danimation\\\/#primaryimage\"},\"thumbnailUrl\":\"https:\\\/\\\/objectif-image.fr\\\/OI\\\/wp-content\\\/uploads\\\/2018\\\/12\\\/teaching.png\",\"datePublished\":\"2018-12-05T23:04:58+00:00\",\"dateModified\":\"2025-07-07T12:10:09+00:00\",\"breadcrumb\":{\"@id\":\"https:\\\/\\\/objectif-image.fr\\\/OI\\\/boite-a-trucs__trashed\\\/modules-danimation\\\/#breadcrumb\"},\"inLanguage\":\"fr-FR\",\"potentialAction\":[{\"@type\":\"ReadAction\",\"target\":[\"https:\\\/\\\/objectif-image.fr\\\/OI\\\/boite-a-trucs__trashed\\\/modules-danimation\\\/\"]}]},{\"@type\":\"ImageObject\",\"inLanguage\":\"fr-FR\",\"@id\":\"https:\\\/\\\/objectif-image.fr\\\/OI\\\/boite-a-trucs__trashed\\\/modules-danimation\\\/#primaryimage\",\"url\":\"https:\\\/\\\/objectif-image.fr\\\/OI\\\/wp-content\\\/uploads\\\/2018\\\/12\\\/teaching.png\",\"contentUrl\":\"https:\\\/\\\/objectif-image.fr\\\/OI\\\/wp-content\\\/uploads\\\/2018\\\/12\\\/teaching.png\",\"width\":640,\"height\":465},{\"@type\":\"BreadcrumbList\",\"@id\":\"https:\\\/\\\/objectif-image.fr\\\/OI\\\/boite-a-trucs__trashed\\\/modules-danimation\\\/#breadcrumb\",\"itemListElement\":[{\"@type\":\"ListItem\",\"position\":1,\"name\":\"Accueil\",\"item\":\"https:\\\/\\\/objectif-image.fr\\\/OI\\\/\"},{\"@type\":\"ListItem\",\"position\":2,\"name\":\"Photographes c\u00e9l\u00e8bres\"}]},{\"@type\":\"WebSite\",\"@id\":\"https:\\\/\\\/objectif-image.fr\\\/OI\\\/#website\",\"url\":\"https:\\\/\\\/objectif-image.fr\\\/OI\\\/\",\"name\":\"Objectif Image\",\"description\":\"Objectif Image\",\"publisher\":{\"@id\":\"https:\\\/\\\/objectif-image.fr\\\/OI\\\/#organization\"},\"potentialAction\":[{\"@type\":\"SearchAction\",\"target\":{\"@type\":\"EntryPoint\",\"urlTemplate\":\"https:\\\/\\\/objectif-image.fr\\\/OI\\\/?s={search_term_string}\"},\"query-input\":{\"@type\":\"PropertyValueSpecification\",\"valueRequired\":true,\"valueName\":\"search_term_string\"}}],\"inLanguage\":\"fr-FR\"},{\"@type\":\"Organization\",\"@id\":\"https:\\\/\\\/objectif-image.fr\\\/OI\\\/#organization\",\"name\":\"Objectif Image\",\"url\":\"https:\\\/\\\/objectif-image.fr\\\/OI\\\/\",\"logo\":{\"@type\":\"ImageObject\",\"inLanguage\":\"fr-FR\",\"@id\":\"https:\\\/\\\/objectif-image.fr\\\/OI\\\/#\\\/schema\\\/logo\\\/image\\\/\",\"url\":\"https:\\\/\\\/objectif-image.fr\\\/OI\\\/wp-content\\\/uploads\\\/2019\\\/02\\\/logo-OI-NATIONAL-rouge-2000px.jpg\",\"contentUrl\":\"https:\\\/\\\/objectif-image.fr\\\/OI\\\/wp-content\\\/uploads\\\/2019\\\/02\\\/logo-OI-NATIONAL-rouge-2000px.jpg\",\"width\":1081,\"height\":1024,\"caption\":\"Objectif Image\"},\"image\":{\"@id\":\"https:\\\/\\\/objectif-image.fr\\\/OI\\\/#\\\/schema\\\/logo\\\/image\\\/\"},\"sameAs\":[\"https:\\\/\\\/www.facebook.com\\\/Objectif.mage\"]}]}<\/script>\n<!-- \/ Yoast SEO plugin. -->","yoast_head_json":{"title":"Photographes c\u00e9l\u00e8bres - Objectif Image","robots":{"index":"index","follow":"follow","max-snippet":"max-snippet:-1","max-image-preview":"max-image-preview:large","max-video-preview":"max-video-preview:-1"},"canonical":"https:\/\/objectif-image.fr\/OI\/boite-a-trucs__trashed\/modules-danimation\/","og_locale":"fr_FR","og_type":"article","og_title":"Photographes c\u00e9l\u00e8bres - Objectif Image","og_description":"Cliquez ici Pour acc\u00e9der \u00e0 cette page :","og_url":"https:\/\/objectif-image.fr\/OI\/boite-a-trucs__trashed\/modules-danimation\/","og_site_name":"Objectif Image","article_publisher":"https:\/\/www.facebook.com\/Objectif.mage","article_modified_time":"2025-07-07T12:10:09+00:00","og_image":[{"width":640,"height":465,"url":"https:\/\/objectif-image.fr\/OI\/wp-content\/uploads\/2018\/12\/teaching.png","type":"image\/png"}],"twitter_card":"summary_large_image","schema":{"@context":"https:\/\/schema.org","@graph":[{"@type":"WebPage","@id":"https:\/\/objectif-image.fr\/OI\/boite-a-trucs__trashed\/modules-danimation\/","url":"https:\/\/objectif-image.fr\/OI\/boite-a-trucs__trashed\/modules-danimation\/","name":"Photographes c\u00e9l\u00e8bres - Objectif Image","isPartOf":{"@id":"https:\/\/objectif-image.fr\/OI\/#website"},"primaryImageOfPage":{"@id":"https:\/\/objectif-image.fr\/OI\/boite-a-trucs__trashed\/modules-danimation\/#primaryimage"},"image":{"@id":"https:\/\/objectif-image.fr\/OI\/boite-a-trucs__trashed\/modules-danimation\/#primaryimage"},"thumbnailUrl":"https:\/\/objectif-image.fr\/OI\/wp-content\/uploads\/2018\/12\/teaching.png","datePublished":"2018-12-05T23:04:58+00:00","dateModified":"2025-07-07T12:10:09+00:00","breadcrumb":{"@id":"https:\/\/objectif-image.fr\/OI\/boite-a-trucs__trashed\/modules-danimation\/#breadcrumb"},"inLanguage":"fr-FR","potentialAction":[{"@type":"ReadAction","target":["https:\/\/objectif-image.fr\/OI\/boite-a-trucs__trashed\/modules-danimation\/"]}]},{"@type":"ImageObject","inLanguage":"fr-FR","@id":"https:\/\/objectif-image.fr\/OI\/boite-a-trucs__trashed\/modules-danimation\/#primaryimage","url":"https:\/\/objectif-image.fr\/OI\/wp-content\/uploads\/2018\/12\/teaching.png","contentUrl":"https:\/\/objectif-image.fr\/OI\/wp-content\/uploads\/2018\/12\/teaching.png","width":640,"height":465},{"@type":"BreadcrumbList","@id":"https:\/\/objectif-image.fr\/OI\/boite-a-trucs__trashed\/modules-danimation\/#breadcrumb","itemListElement":[{"@type":"ListItem","position":1,"name":"Accueil","item":"https:\/\/objectif-image.fr\/OI\/"},{"@type":"ListItem","position":2,"name":"Photographes c\u00e9l\u00e8bres"}]},{"@type":"WebSite","@id":"https:\/\/objectif-image.fr\/OI\/#website","url":"https:\/\/objectif-image.fr\/OI\/","name":"Objectif Image","description":"Objectif Image","publisher":{"@id":"https:\/\/objectif-image.fr\/OI\/#organization"},"potentialAction":[{"@type":"SearchAction","target":{"@type":"EntryPoint","urlTemplate":"https:\/\/objectif-image.fr\/OI\/?s={search_term_string}"},"query-input":{"@type":"PropertyValueSpecification","valueRequired":true,"valueName":"search_term_string"}}],"inLanguage":"fr-FR"},{"@type":"Organization","@id":"https:\/\/objectif-image.fr\/OI\/#organization","name":"Objectif Image","url":"https:\/\/objectif-image.fr\/OI\/","logo":{"@type":"ImageObject","inLanguage":"fr-FR","@id":"https:\/\/objectif-image.fr\/OI\/#\/schema\/logo\/image\/","url":"https:\/\/objectif-image.fr\/OI\/wp-content\/uploads\/2019\/02\/logo-OI-NATIONAL-rouge-2000px.jpg","contentUrl":"https:\/\/objectif-image.fr\/OI\/wp-content\/uploads\/2019\/02\/logo-OI-NATIONAL-rouge-2000px.jpg","width":1081,"height":1024,"caption":"Objectif Image"},"image":{"@id":"https:\/\/objectif-image.fr\/OI\/#\/schema\/logo\/image\/"},"sameAs":["https:\/\/www.facebook.com\/Objectif.mage"]}]}},"_links":{"self":[{"href":"https:\/\/objectif-image.fr\/OI\/wp-json\/wp\/v2\/pages\/18021","targetHints":{"allow":["GET"]}}],"collection":[{"href":"https:\/\/objectif-image.fr\/OI\/wp-json\/wp\/v2\/pages"}],"about":[{"href":"https:\/\/objectif-image.fr\/OI\/wp-json\/wp\/v2\/types\/page"}],"author":[{"embeddable":true,"href":"https:\/\/objectif-image.fr\/OI\/wp-json\/wp\/v2\/users\/10"}],"replies":[{"embeddable":true,"href":"https:\/\/objectif-image.fr\/OI\/wp-json\/wp\/v2\/comments?post=18021"}],"version-history":[{"count":0,"href":"https:\/\/objectif-image.fr\/OI\/wp-json\/wp\/v2\/pages\/18021\/revisions"}],"wp:featuredmedia":[{"embeddable":true,"href":"https:\/\/objectif-image.fr\/OI\/wp-json\/wp\/v2\/media\/18051"}],"wp:attachment":[{"href":"https:\/\/objectif-image.fr\/OI\/wp-json\/wp\/v2\/media?parent=18021"}],"wp:term":[{"taxonomy":"category","embeddable":true,"href":"https:\/\/objectif-image.fr\/OI\/wp-json\/wp\/v2\/categories?post=18021"},{"taxonomy":"post_tag","embeddable":true,"href":"https:\/\/objectif-image.fr\/OI\/wp-json\/wp\/v2\/tags?post=18021"}],"curies":[{"name":"wp","href":"https:\/\/api.w.org\/{rel}","templated":true}]}}