{"id":19809,"date":"2019-01-26T22:07:27","date_gmt":"2019-01-26T21:07:27","guid":{"rendered":"https:\/\/objectif-image.fr\/OI\/?page_id=19809"},"modified":"2026-02-14T15:39:47","modified_gmt":"2026-02-14T14:39:47","slug":"gestion-de-mon-abonnement-a-la-lettre-dinfo","status":"publish","type":"page","link":"https:\/\/objectif-image.fr\/OI\/gestion-de-mon-abonnement-a-la-lettre-dinfo\/","title":{"rendered":"Gestion de mon abonnement aux lettres d&rsquo;information"},"content":{"rendered":"\n<p><strong>Si vous \u00eates d\u00e9sabonn\u00e9s accidentellement<\/strong> :<br><strong> &#8211; Veuillez choisir \u00ab\u00a0abonn\u00e9\u00a0\u00bb dans le champs \u00ab\u00a0ETAT\u00a0\u00bb et enregistrer<\/strong><br><strong>&#8211;  Eventuellement  cocher la liste Groupe audiovisuel si vous \u00eates int\u00e9ress\u00e9s<\/strong><\/p>\n\n\n\n<p><strong>Si vous avez chang\u00e9 d&rsquo;adresse mail, veuillez modifier votre profil.<\/strong><\/p>\n\n\nLe formulaire de gestion d\u2019abonnement est disponible uniquement pour les abonn\u00e9s aux mailing listes.\n<\/p>\n\n\n<style>\nform.mailpoet-manage-subscription .mailpoet_text_label, \nform.mailpoet-manage-subscription .mailpoet_select_label, \nform.mailpoet-manage-subscription .mailpoet_segment_label{\n    display: block;\n    font-weight:bold;\n}\nform.mailpoet-manage-subscription .mailpoet_select, \nform.mailpoet-manage-subscription .mailpoet_text{\n\twidth: 50%;\n\tpadding: 12px;\n}\nform.mailpoet-manage-subscription .mailpoet_paragraph{\n\tmargin-bottom:20px\n}\nform.mailpoet-manage-subscription .mailpoet_submit{\n    padding: 20px 20px;\n    width: 50%;\n    font-weight: bold;\n    font-size: 11pt;\n}\nform.mailpoet-manage-subscription .mailpoet_checkbox_label{\n    display:block;\n}\n<\/style>\n","protected":false},"excerpt":{"rendered":"<p>Si vous \u00eates d\u00e9sabonn\u00e9s accidentellement : &#8211; Veuillez choisir \u00ab\u00a0abonn\u00e9\u00a0\u00bb dans le champs \u00ab\u00a0ETAT\u00a0\u00bb et enregistrer&#8211; Eventuellement cocher la liste Groupe audiovisuel si vous \u00eates int\u00e9ress\u00e9s Si vous avez chang\u00e9 d&rsquo;adresse mail, veuillez modifier votre profil.<\/p>\n","protected":false},"author":10,"featured_media":19801,"parent":0,"menu_order":0,"comment_status":"closed","ping_status":"closed","template":"","meta":{"_acf_changed":false,"footnotes":""},"categories":[361,7],"tags":[838],"class_list":["post-19809","page","type-page","status-publish","has-post-thumbnail","hentry","category-animation","category-court-metrage-photo-diaporama","tag-ne-pas-supprimer"],"acf":[],"yoast_head":"<!-- This site is optimized with the Yoast SEO plugin v27.4 - https:\/\/yoast.com\/product\/yoast-seo-wordpress\/ -->\n<title>Gestion de mon abonnement aux lettres d&#039;information - Objectif Image<\/title>\n<meta name=\"robots\" content=\"index, follow, max-snippet:-1, max-image-preview:large, max-video-preview:-1\" \/>\n<link rel=\"canonical\" href=\"https:\/\/objectif-image.fr\/OI\/gestion-de-mon-abonnement-a-la-lettre-dinfo\/\" \/>\n<meta property=\"og:locale\" content=\"fr_FR\" \/>\n<meta property=\"og:type\" content=\"article\" \/>\n<meta property=\"og:title\" content=\"Gestion de mon abonnement aux lettres d&#039;information - Objectif Image\" \/>\n<meta property=\"og:description\" content=\"Si vous \u00eates d\u00e9sabonn\u00e9s accidentellement : &#8211; Veuillez choisir \u00ab\u00a0abonn\u00e9\u00a0\u00bb dans le champs \u00ab\u00a0ETAT\u00a0\u00bb et enregistrer&#8211; Eventuellement cocher la liste Groupe audiovisuel si vous \u00eates int\u00e9ress\u00e9s Si vous avez chang\u00e9 d&rsquo;adresse mail, veuillez modifier votre profil.\" \/>\n<meta property=\"og:url\" content=\"https:\/\/objectif-image.fr\/OI\/gestion-de-mon-abonnement-a-la-lettre-dinfo\/\" \/>\n<meta property=\"og:site_name\" content=\"Objectif Image\" \/>\n<meta property=\"article:publisher\" content=\"https:\/\/www.facebook.com\/Objectif.mage\" \/>\n<meta property=\"article:modified_time\" content=\"2026-02-14T14:39:47+00:00\" \/>\n<meta property=\"og:image\" content=\"https:\/\/objectif-image.fr\/OI\/wp-content\/uploads\/2019\/01\/email-1975010_640.png\" \/>\n\t<meta property=\"og:image:width\" content=\"640\" \/>\n\t<meta property=\"og:image:height\" content=\"365\" \/>\n\t<meta property=\"og:image:type\" content=\"image\/png\" \/>\n<meta name=\"twitter:card\" content=\"summary_large_image\" \/>\n<meta name=\"twitter:label1\" content=\"Dur\u00e9e de lecture estim\u00e9e\" \/>\n\t<meta name=\"twitter:data1\" content=\"1 minute\" \/>\n<script type=\"application\/ld+json\" class=\"yoast-schema-graph\">{\"@context\":\"https:\\\/\\\/schema.org\",\"@graph\":[{\"@type\":\"WebPage\",\"@id\":\"https:\\\/\\\/objectif-image.fr\\\/OI\\\/gestion-de-mon-abonnement-a-la-lettre-dinfo\\\/\",\"url\":\"https:\\\/\\\/objectif-image.fr\\\/OI\\\/gestion-de-mon-abonnement-a-la-lettre-dinfo\\\/\",\"name\":\"Gestion de mon abonnement aux lettres d'information - Objectif Image\",\"isPartOf\":{\"@id\":\"https:\\\/\\\/objectif-image.fr\\\/OI\\\/#website\"},\"primaryImageOfPage\":{\"@id\":\"https:\\\/\\\/objectif-image.fr\\\/OI\\\/gestion-de-mon-abonnement-a-la-lettre-dinfo\\\/#primaryimage\"},\"image\":{\"@id\":\"https:\\\/\\\/objectif-image.fr\\\/OI\\\/gestion-de-mon-abonnement-a-la-lettre-dinfo\\\/#primaryimage\"},\"thumbnailUrl\":\"https:\\\/\\\/objectif-image.fr\\\/OI\\\/wp-content\\\/uploads\\\/2019\\\/01\\\/email-1975010_640.png\",\"datePublished\":\"2019-01-26T21:07:27+00:00\",\"dateModified\":\"2026-02-14T14:39:47+00:00\",\"breadcrumb\":{\"@id\":\"https:\\\/\\\/objectif-image.fr\\\/OI\\\/gestion-de-mon-abonnement-a-la-lettre-dinfo\\\/#breadcrumb\"},\"inLanguage\":\"fr-FR\",\"potentialAction\":[{\"@type\":\"ReadAction\",\"target\":[\"https:\\\/\\\/objectif-image.fr\\\/OI\\\/gestion-de-mon-abonnement-a-la-lettre-dinfo\\\/\"]}]},{\"@type\":\"ImageObject\",\"inLanguage\":\"fr-FR\",\"@id\":\"https:\\\/\\\/objectif-image.fr\\\/OI\\\/gestion-de-mon-abonnement-a-la-lettre-dinfo\\\/#primaryimage\",\"url\":\"https:\\\/\\\/objectif-image.fr\\\/OI\\\/wp-content\\\/uploads\\\/2019\\\/01\\\/email-1975010_640.png\",\"contentUrl\":\"https:\\\/\\\/objectif-image.fr\\\/OI\\\/wp-content\\\/uploads\\\/2019\\\/01\\\/email-1975010_640.png\",\"width\":640,\"height\":365},{\"@type\":\"BreadcrumbList\",\"@id\":\"https:\\\/\\\/objectif-image.fr\\\/OI\\\/gestion-de-mon-abonnement-a-la-lettre-dinfo\\\/#breadcrumb\",\"itemListElement\":[{\"@type\":\"ListItem\",\"position\":1,\"name\":\"Accueil\",\"item\":\"https:\\\/\\\/objectif-image.fr\\\/OI\\\/\"},{\"@type\":\"ListItem\",\"position\":2,\"name\":\"Gestion de mon abonnement aux lettres d&rsquo;information\"}]},{\"@type\":\"WebSite\",\"@id\":\"https:\\\/\\\/objectif-image.fr\\\/OI\\\/#website\",\"url\":\"https:\\\/\\\/objectif-image.fr\\\/OI\\\/\",\"name\":\"Objectif Image\",\"description\":\"Objectif Image\",\"publisher\":{\"@id\":\"https:\\\/\\\/objectif-image.fr\\\/OI\\\/#organization\"},\"potentialAction\":[{\"@type\":\"SearchAction\",\"target\":{\"@type\":\"EntryPoint\",\"urlTemplate\":\"https:\\\/\\\/objectif-image.fr\\\/OI\\\/?s={search_term_string}\"},\"query-input\":{\"@type\":\"PropertyValueSpecification\",\"valueRequired\":true,\"valueName\":\"search_term_string\"}}],\"inLanguage\":\"fr-FR\"},{\"@type\":\"Organization\",\"@id\":\"https:\\\/\\\/objectif-image.fr\\\/OI\\\/#organization\",\"name\":\"Objectif Image\",\"url\":\"https:\\\/\\\/objectif-image.fr\\\/OI\\\/\",\"logo\":{\"@type\":\"ImageObject\",\"inLanguage\":\"fr-FR\",\"@id\":\"https:\\\/\\\/objectif-image.fr\\\/OI\\\/#\\\/schema\\\/logo\\\/image\\\/\",\"url\":\"https:\\\/\\\/objectif-image.fr\\\/OI\\\/wp-content\\\/uploads\\\/2019\\\/02\\\/logo-OI-NATIONAL-rouge-2000px.jpg\",\"contentUrl\":\"https:\\\/\\\/objectif-image.fr\\\/OI\\\/wp-content\\\/uploads\\\/2019\\\/02\\\/logo-OI-NATIONAL-rouge-2000px.jpg\",\"width\":1081,\"height\":1024,\"caption\":\"Objectif Image\"},\"image\":{\"@id\":\"https:\\\/\\\/objectif-image.fr\\\/OI\\\/#\\\/schema\\\/logo\\\/image\\\/\"},\"sameAs\":[\"https:\\\/\\\/www.facebook.com\\\/Objectif.mage\"]}]}<\/script>\n<!-- \/ Yoast SEO plugin. -->","yoast_head_json":{"title":"Gestion de mon abonnement aux lettres d'information - Objectif Image","robots":{"index":"index","follow":"follow","max-snippet":"max-snippet:-1","max-image-preview":"max-image-preview:large","max-video-preview":"max-video-preview:-1"},"canonical":"https:\/\/objectif-image.fr\/OI\/gestion-de-mon-abonnement-a-la-lettre-dinfo\/","og_locale":"fr_FR","og_type":"article","og_title":"Gestion de mon abonnement aux lettres d'information - Objectif Image","og_description":"Si vous \u00eates d\u00e9sabonn\u00e9s accidentellement : &#8211; Veuillez choisir \u00ab\u00a0abonn\u00e9\u00a0\u00bb dans le champs \u00ab\u00a0ETAT\u00a0\u00bb et enregistrer&#8211; Eventuellement cocher la liste Groupe audiovisuel si vous \u00eates int\u00e9ress\u00e9s Si vous avez chang\u00e9 d&rsquo;adresse mail, veuillez modifier votre profil.","og_url":"https:\/\/objectif-image.fr\/OI\/gestion-de-mon-abonnement-a-la-lettre-dinfo\/","og_site_name":"Objectif Image","article_publisher":"https:\/\/www.facebook.com\/Objectif.mage","article_modified_time":"2026-02-14T14:39:47+00:00","og_image":[{"width":640,"height":365,"url":"https:\/\/objectif-image.fr\/OI\/wp-content\/uploads\/2019\/01\/email-1975010_640.png","type":"image\/png"}],"twitter_card":"summary_large_image","twitter_misc":{"Dur\u00e9e de lecture estim\u00e9e":"1 minute"},"schema":{"@context":"https:\/\/schema.org","@graph":[{"@type":"WebPage","@id":"https:\/\/objectif-image.fr\/OI\/gestion-de-mon-abonnement-a-la-lettre-dinfo\/","url":"https:\/\/objectif-image.fr\/OI\/gestion-de-mon-abonnement-a-la-lettre-dinfo\/","name":"Gestion de mon abonnement aux lettres d'information - Objectif Image","isPartOf":{"@id":"https:\/\/objectif-image.fr\/OI\/#website"},"primaryImageOfPage":{"@id":"https:\/\/objectif-image.fr\/OI\/gestion-de-mon-abonnement-a-la-lettre-dinfo\/#primaryimage"},"image":{"@id":"https:\/\/objectif-image.fr\/OI\/gestion-de-mon-abonnement-a-la-lettre-dinfo\/#primaryimage"},"thumbnailUrl":"https:\/\/objectif-image.fr\/OI\/wp-content\/uploads\/2019\/01\/email-1975010_640.png","datePublished":"2019-01-26T21:07:27+00:00","dateModified":"2026-02-14T14:39:47+00:00","breadcrumb":{"@id":"https:\/\/objectif-image.fr\/OI\/gestion-de-mon-abonnement-a-la-lettre-dinfo\/#breadcrumb"},"inLanguage":"fr-FR","potentialAction":[{"@type":"ReadAction","target":["https:\/\/objectif-image.fr\/OI\/gestion-de-mon-abonnement-a-la-lettre-dinfo\/"]}]},{"@type":"ImageObject","inLanguage":"fr-FR","@id":"https:\/\/objectif-image.fr\/OI\/gestion-de-mon-abonnement-a-la-lettre-dinfo\/#primaryimage","url":"https:\/\/objectif-image.fr\/OI\/wp-content\/uploads\/2019\/01\/email-1975010_640.png","contentUrl":"https:\/\/objectif-image.fr\/OI\/wp-content\/uploads\/2019\/01\/email-1975010_640.png","width":640,"height":365},{"@type":"BreadcrumbList","@id":"https:\/\/objectif-image.fr\/OI\/gestion-de-mon-abonnement-a-la-lettre-dinfo\/#breadcrumb","itemListElement":[{"@type":"ListItem","position":1,"name":"Accueil","item":"https:\/\/objectif-image.fr\/OI\/"},{"@type":"ListItem","position":2,"name":"Gestion de mon abonnement aux lettres d&rsquo;information"}]},{"@type":"WebSite","@id":"https:\/\/objectif-image.fr\/OI\/#website","url":"https:\/\/objectif-image.fr\/OI\/","name":"Objectif Image","description":"Objectif Image","publisher":{"@id":"https:\/\/objectif-image.fr\/OI\/#organization"},"potentialAction":[{"@type":"SearchAction","target":{"@type":"EntryPoint","urlTemplate":"https:\/\/objectif-image.fr\/OI\/?s={search_term_string}"},"query-input":{"@type":"PropertyValueSpecification","valueRequired":true,"valueName":"search_term_string"}}],"inLanguage":"fr-FR"},{"@type":"Organization","@id":"https:\/\/objectif-image.fr\/OI\/#organization","name":"Objectif Image","url":"https:\/\/objectif-image.fr\/OI\/","logo":{"@type":"ImageObject","inLanguage":"fr-FR","@id":"https:\/\/objectif-image.fr\/OI\/#\/schema\/logo\/image\/","url":"https:\/\/objectif-image.fr\/OI\/wp-content\/uploads\/2019\/02\/logo-OI-NATIONAL-rouge-2000px.jpg","contentUrl":"https:\/\/objectif-image.fr\/OI\/wp-content\/uploads\/2019\/02\/logo-OI-NATIONAL-rouge-2000px.jpg","width":1081,"height":1024,"caption":"Objectif Image"},"image":{"@id":"https:\/\/objectif-image.fr\/OI\/#\/schema\/logo\/image\/"},"sameAs":["https:\/\/www.facebook.com\/Objectif.mage"]}]}},"_links":{"self":[{"href":"https:\/\/objectif-image.fr\/OI\/wp-json\/wp\/v2\/pages\/19809","targetHints":{"allow":["GET"]}}],"collection":[{"href":"https:\/\/objectif-image.fr\/OI\/wp-json\/wp\/v2\/pages"}],"about":[{"href":"https:\/\/objectif-image.fr\/OI\/wp-json\/wp\/v2\/types\/page"}],"author":[{"embeddable":true,"href":"https:\/\/objectif-image.fr\/OI\/wp-json\/wp\/v2\/users\/10"}],"replies":[{"embeddable":true,"href":"https:\/\/objectif-image.fr\/OI\/wp-json\/wp\/v2\/comments?post=19809"}],"version-history":[{"count":1,"href":"https:\/\/objectif-image.fr\/OI\/wp-json\/wp\/v2\/pages\/19809\/revisions"}],"predecessor-version":[{"id":61093,"href":"https:\/\/objectif-image.fr\/OI\/wp-json\/wp\/v2\/pages\/19809\/revisions\/61093"}],"wp:featuredmedia":[{"embeddable":true,"href":"https:\/\/objectif-image.fr\/OI\/wp-json\/wp\/v2\/media\/19801"}],"wp:attachment":[{"href":"https:\/\/objectif-image.fr\/OI\/wp-json\/wp\/v2\/media?parent=19809"}],"wp:term":[{"taxonomy":"category","embeddable":true,"href":"https:\/\/objectif-image.fr\/OI\/wp-json\/wp\/v2\/categories?post=19809"},{"taxonomy":"post_tag","embeddable":true,"href":"https:\/\/objectif-image.fr\/OI\/wp-json\/wp\/v2\/tags?post=19809"}],"curies":[{"name":"wp","href":"https:\/\/api.w.org\/{rel}","templated":true}]}}