{"id":24647,"date":"2020-01-07T14:44:49","date_gmt":"2020-01-07T13:44:49","guid":{"rendered":"https:\/\/objectif-image.fr\/OI\/?page_id=24647"},"modified":"2026-02-15T16:19:45","modified_gmt":"2026-02-15T15:19:45","slug":"salon-national-individuel","status":"publish","type":"page","link":"https:\/\/objectif-image.fr\/OI\/salon-national-individuel\/","title":{"rendered":"Salon Individuel (historique)"},"content":{"rendered":"\n<p class=\"has-text-align-left\"><strong>Le salon individuel est une une exposition virtuelle (couleur et NB) pr\u00e9sent\u00e9e sur le site. <br>Chaque membre est invit\u00e9 \u00e0 envoyer 3 images NB et \/ou couleur. Le th\u00e8me est libre.<br>Un jury s\u00e9lectionne les oeuvres pour leur qualit\u00e9 et leur cr\u00e9ativit\u00e9. <br><\/strong><\/p>\n\n\n<div class=\"dflip-books \"><a class=\"_df_thumb  df-has-ridge \"  href=\"#\"  data-slug=\"sni-2023\" data-_slug=\"sni-2023\" _slug=\"sni-2023\" data-title=\"sni-2023\" id=\"df_53200\" data-df-option=\"df_option_53200\" thumb=\"https:\/\/objectif-image.fr\/OI\/wp-content\/uploads\/2024\/05\/couvertureSNI-copie-scaled.jpg\"  >SNI 2023<\/a><script class=\"df-shortcode-script\" nowprocket type=\"application\/javascript\">window.df_option_53200 = {\"source\":\"https:\\\/\\\/objectif-image.fr\\\/OI\\\/wp-content\\\/uploads\\\/2024\\\/05\\\/catalogueSNI2023.pdf\",\"outline\":[],\"autoEnableOutline\":false,\"autoEnableThumbnail\":false,\"overwritePDFOutline\":false,\"pageMode\":\"0\",\"direction\":\"1\",\"slug\":\"sni-2023\",\"wpOptions\":\"true\",\"id\":53200}; if(window.DFLIP && window.DFLIP.parseBooks){window.DFLIP.parseBooks();}<\/script><a class=\"_df_thumb  df-has-ridge \"  href=\"#\"  data-slug=\"sni-2022\" data-_slug=\"sni-2022\" _slug=\"sni-2022\" data-title=\"sni-2022\" id=\"df_45675\" data-df-option=\"df_option_45675\" thumb=\"https:\/\/objectif-image.fr\/OI\/wp-content\/uploads\/2023\/02\/Capture-decran-2023-02-02-115238.jpg\"  >SNI 2022<\/a><script class=\"df-shortcode-script\" nowprocket type=\"application\/javascript\">window.df_option_45675 = {\"source\":\"https:\\\/\\\/objectif-image.fr\\\/OI\\\/wp-content\\\/uploads\\\/2023\\\/02\\\/sni2022L-1.pdf\",\"outline\":[],\"autoEnableOutline\":false,\"autoEnableThumbnail\":false,\"overwritePDFOutline\":false,\"pageMode\":\"0\",\"direction\":\"1\",\"slug\":\"sni-2022\",\"wpOptions\":\"true\",\"id\":45675}; if(window.DFLIP && window.DFLIP.parseBooks){window.DFLIP.parseBooks();}<\/script><a class=\"_df_thumb  df-has-ridge \"  href=\"#\"  data-slug=\"sni-2021-pornichet\" data-_slug=\"sni-2021-pornichet\" _slug=\"sni-2021-pornichet\" data-title=\"sni-2021-pornichet\" id=\"df_36512\" data-df-option=\"df_option_36512\" thumb=\"https:\/\/objectif-image.fr\/OI\/wp-content\/uploads\/2021\/10\/Capture-decran-2021-10-04-155015.jpg\"  >SNI 2021 &#8211; Pornichet<\/a><script class=\"df-shortcode-script\" nowprocket type=\"application\/javascript\">window.df_option_36512 = {\"source\":\"https:\\\/\\\/objectif-image.fr\\\/OI\\\/wp-content\\\/uploads\\\/2021\\\/10\\\/Catalogue-SNI2021.pdf\",\"outline\":[],\"autoEnableOutline\":false,\"autoEnableThumbnail\":false,\"overwritePDFOutline\":false,\"pageMode\":\"0\",\"direction\":\"1\",\"slug\":\"sni-2021-pornichet\",\"wpOptions\":\"true\",\"id\":36512}; if(window.DFLIP && window.DFLIP.parseBooks){window.DFLIP.parseBooks();}<\/script><a class=\"_df_thumb  df-has-ridge \"  href=\"#\"  data-slug=\"sni-2020-orleans-limoges\" data-_slug=\"sni-2020-orleans-limoges\" _slug=\"sni-2020-orleans-limoges\" data-title=\"sni-2020-orleans-limoges\" id=\"df_32107\" data-df-option=\"df_option_32107\" thumb=\"https:\/\/objectif-image.fr\/OI\/wp-content\/uploads\/2021\/01\/CouvertureCatalogue-1.jpg\"  >SNI 2020 &#8211; Orl\u00e9ans\/Limoges<\/a><script class=\"df-shortcode-script\" nowprocket type=\"application\/javascript\">window.df_option_32107 = {\"source\":\"https:\\\/\\\/objectif-image.fr\\\/OI\\\/wp-content\\\/uploads\\\/2021\\\/01\\\/Catalogue_SNI2020-1.pdf\",\"outline\":[{\"title\":\"\",\"dest\":\"\"}],\"autoEnableOutline\":false,\"autoEnableThumbnail\":false,\"overwritePDFOutline\":false,\"pageMode\":\"2\",\"height\":\"100%\",\"direction\":\"1\",\"slug\":\"sni-2020-orleans-limoges\",\"wpOptions\":\"true\",\"id\":32107}; if(window.DFLIP && window.DFLIP.parseBooks){window.DFLIP.parseBooks();}<\/script><a class=\"_df_thumb  df-has-ridge \"  href=\"#\"  data-slug=\"sni-2019-paris\" data-_slug=\"sni-2019-paris\" _slug=\"sni-2019-paris\" data-title=\"sni-2019-paris\" id=\"df_24673\" data-df-option=\"df_option_24673\" thumb=\"https:\/\/objectif-image.fr\/OI\/wp-content\/uploads\/2020\/01\/Affiche-SNI-2019-A3.jpg\"  >SNI 2019 &#8211; PARIS<\/a><script class=\"df-shortcode-script\" nowprocket type=\"application\/javascript\">window.df_option_24673 = {\"source\":\"https:\\\/\\\/objectif-image.fr\\\/OI\\\/wp-content\\\/uploads\\\/2020\\\/01\\\/Livret-SNI-2019-exp-.pdf\",\"outline\":[],\"autoEnableOutline\":false,\"autoEnableThumbnail\":false,\"overwritePDFOutline\":false,\"pageMode\":\"0\",\"direction\":\"1\",\"slug\":\"sni-2019-paris\",\"wpOptions\":\"true\",\"id\":24673}; if(window.DFLIP && window.DFLIP.parseBooks){window.DFLIP.parseBooks();}<\/script><a class=\"_df_thumb  df-has-ridge \"  href=\"#\"  data-slug=\"sni-2018-bordeaux\" data-_slug=\"sni-2018-bordeaux\" _slug=\"sni-2018-bordeaux\" data-title=\"sni-2018-bordeaux\" id=\"df_24666\" data-df-option=\"df_option_24666\" thumb=\"https:\/\/objectif-image.fr\/OI\/wp-content\/uploads\/2020\/01\/2018-Bordeaux-1.jpg\"  >SNI 2018 &#8211; BORDEAUX<\/a><script class=\"df-shortcode-script\" nowprocket type=\"application\/javascript\">window.df_option_24666 = {\"source\":\"https:\\\/\\\/objectif-image.fr\\\/OI\\\/wp-content\\\/uploads\\\/2020\\\/01\\\/2018-Bordeaux.pdf\",\"outline\":[],\"autoEnableOutline\":false,\"autoEnableThumbnail\":false,\"overwritePDFOutline\":false,\"pageMode\":\"0\",\"direction\":\"1\",\"slug\":\"sni-2018-bordeaux\",\"wpOptions\":\"true\",\"id\":24666}; if(window.DFLIP && window.DFLIP.parseBooks){window.DFLIP.parseBooks();}<\/script><a class=\"_df_thumb  df-has-ridge \"  href=\"#\"  data-slug=\"sni-2017-dijon\" data-_slug=\"sni-2017-dijon\" _slug=\"sni-2017-dijon\" data-title=\"sni-2017-dijon\" id=\"df_24663\" data-df-option=\"df_option_24663\" thumb=\"https:\/\/objectif-image.fr\/OI\/wp-content\/uploads\/2020\/01\/2017-DIJON-catalogue-OID-SNI-1.jpg\"  >SNI 2017 &#8211; DIJON<\/a><script class=\"df-shortcode-script\" nowprocket type=\"application\/javascript\">window.df_option_24663 = {\"source\":\"https:\\\/\\\/objectif-image.fr\\\/OI\\\/wp-content\\\/uploads\\\/2020\\\/01\\\/2017-DIJON-catalogue-OID-SNI.pdf\",\"outline\":[],\"autoEnableOutline\":false,\"autoEnableThumbnail\":false,\"overwritePDFOutline\":false,\"pageMode\":\"0\",\"direction\":\"1\",\"slug\":\"sni-2017-dijon\",\"wpOptions\":\"true\",\"id\":24663}; if(window.DFLIP && window.DFLIP.parseBooks){window.DFLIP.parseBooks();}<\/script><a class=\"_df_thumb  df-has-ridge \"  href=\"#\"  data-slug=\"sni-2016-paris\" data-_slug=\"sni-2016-paris\" _slug=\"sni-2016-paris\" data-title=\"sni-2016-paris\" id=\"df_24659\" data-df-option=\"df_option_24659\" thumb=\"https:\/\/objectif-image.fr\/OI\/wp-content\/uploads\/2020\/01\/SNI2016.jpg\"  >SNI 2016 &#8211; PARIS<\/a><script class=\"df-shortcode-script\" nowprocket type=\"application\/javascript\">window.df_option_24659 = {\"source\":\"https:\\\/\\\/objectif-image.fr\\\/OI\\\/wp-content\\\/uploads\\\/2020\\\/01\\\/2016-42\\u00e8me-Salon-National-Individuel.pdf\",\"outline\":[],\"autoEnableOutline\":false,\"autoEnableThumbnail\":false,\"overwritePDFOutline\":false,\"pageMode\":\"0\",\"direction\":\"1\",\"slug\":\"sni-2016-paris\",\"wpOptions\":\"true\",\"id\":24659}; if(window.DFLIP && window.DFLIP.parseBooks){window.DFLIP.parseBooks();}<\/script><a class=\"_df_thumb  df-has-ridge \"  href=\"#\"  data-slug=\"sni-2015-pau\" data-_slug=\"sni-2015-pau\" _slug=\"sni-2015-pau\" data-title=\"sni-2015-pau\" id=\"df_24656\" data-df-option=\"df_option_24656\" thumb=\"https:\/\/objectif-image.fr\/OI\/wp-content\/uploads\/2020\/01\/2015-PAU-1.jpg\"  >SNI 2015 &#8211; PAU<\/a><script class=\"df-shortcode-script\" nowprocket type=\"application\/javascript\">window.df_option_24656 = {\"source\":\"https:\\\/\\\/objectif-image.fr\\\/OI\\\/wp-content\\\/uploads\\\/2020\\\/01\\\/2015-PAU.pdf\",\"outline\":[],\"autoEnableOutline\":false,\"autoEnableThumbnail\":false,\"overwritePDFOutline\":false,\"pageMode\":\"0\",\"direction\":\"1\",\"slug\":\"sni-2015-pau\",\"wpOptions\":\"true\",\"id\":24656}; if(window.DFLIP && window.DFLIP.parseBooks){window.DFLIP.parseBooks();}<\/script><a class=\"_df_thumb  df-has-ridge \"  href=\"#\"  data-slug=\"sni-2014-bordeaux\" data-_slug=\"sni-2014-bordeaux\" _slug=\"sni-2014-bordeaux\" data-title=\"sni-2014-bordeaux\" id=\"df_24653\" data-df-option=\"df_option_24653\" thumb=\"https:\/\/objectif-image.fr\/OI\/wp-content\/uploads\/2020\/01\/2014-objectif-image-33-1.jpg\"  >SNI 2014 &#8211; BORDEAUX<\/a><script class=\"df-shortcode-script\" nowprocket type=\"application\/javascript\">window.df_option_24653 = {\"source\":\"https:\\\/\\\/objectif-image.fr\\\/OI\\\/wp-content\\\/uploads\\\/2020\\\/01\\\/2014-objectif-image-33.pdf\",\"outline\":[],\"autoEnableOutline\":false,\"autoEnableThumbnail\":false,\"overwritePDFOutline\":false,\"pageMode\":\"0\",\"direction\":\"1\",\"slug\":\"sni-2014-bordeaux\",\"wpOptions\":\"true\",\"id\":24653}; if(window.DFLIP && window.DFLIP.parseBooks){window.DFLIP.parseBooks();}<\/script><a class=\"_df_thumb  df-has-ridge \"  href=\"#\"  data-slug=\"sni-2013-limoges\" data-_slug=\"sni-2013-limoges\" _slug=\"sni-2013-limoges\" data-title=\"sni-2013-limoges\" id=\"df_24650\" data-df-option=\"df_option_24650\" thumb=\"https:\/\/objectif-image.fr\/OI\/wp-content\/uploads\/2020\/01\/2013-LIMOGES-1.jpg\"  >SNI 2013 &#8211; LIMOGES<\/a><script class=\"df-shortcode-script\" nowprocket type=\"application\/javascript\">window.df_option_24650 = {\"source\":\"https:\\\/\\\/objectif-image.fr\\\/OI\\\/wp-content\\\/uploads\\\/2020\\\/01\\\/2013-LIMOGES.pdf\",\"outline\":[],\"autoEnableOutline\":false,\"autoEnableThumbnail\":false,\"overwritePDFOutline\":false,\"pageMode\":\"0\",\"direction\":\"1\",\"slug\":\"sni-2013-limoges\",\"wpOptions\":\"true\",\"id\":24650}; if(window.DFLIP && window.DFLIP.parseBooks){window.DFLIP.parseBooks();}<\/script><\/div>","protected":false},"excerpt":{"rendered":"<p>Le salon individuel est une une exposition virtuelle (couleur et NB) pr\u00e9sent\u00e9e sur le site. Chaque membre est invit\u00e9 \u00e0 envoyer 3 images NB et \/ou couleur. Le th\u00e8me est libre.Un jury s\u00e9lectionne les oeuvres pour leur qualit\u00e9 et leur cr\u00e9ativit\u00e9.<\/p>\n","protected":false},"author":10,"featured_media":21904,"parent":0,"menu_order":6,"comment_status":"closed","ping_status":"closed","template":"","meta":{"_acf_changed":false,"footnotes":""},"categories":[363,13],"tags":[838],"class_list":["post-24647","page","type-page","status-publish","has-post-thumbnail","hentry","category-galerie","category-photo","tag-ne-pas-supprimer"],"acf":[],"yoast_head":"<!-- This site is optimized with the Yoast SEO plugin v27.4 - https:\/\/yoast.com\/product\/yoast-seo-wordpress\/ -->\n<title>Salon Individuel (historique) - Objectif Image<\/title>\n<meta name=\"robots\" content=\"index, follow, max-snippet:-1, max-image-preview:large, max-video-preview:-1\" \/>\n<link rel=\"canonical\" href=\"https:\/\/objectif-image.fr\/OI\/salon-national-individuel\/\" \/>\n<meta property=\"og:locale\" content=\"fr_FR\" \/>\n<meta property=\"og:type\" content=\"article\" \/>\n<meta property=\"og:title\" content=\"Salon Individuel (historique) - Objectif Image\" \/>\n<meta property=\"og:description\" content=\"Le salon individuel est une une exposition virtuelle (couleur et NB) pr\u00e9sent\u00e9e sur le site. Chaque membre est invit\u00e9 \u00e0 envoyer 3 images NB et \/ou couleur. Le th\u00e8me est libre.Un jury s\u00e9lectionne les oeuvres pour leur qualit\u00e9 et leur cr\u00e9ativit\u00e9.\" \/>\n<meta property=\"og:url\" content=\"https:\/\/objectif-image.fr\/OI\/salon-national-individuel\/\" \/>\n<meta property=\"og:site_name\" content=\"Objectif Image\" \/>\n<meta property=\"article:publisher\" content=\"https:\/\/www.facebook.com\/Objectif.mage\" \/>\n<meta property=\"article:modified_time\" content=\"2026-02-15T15:19:45+00:00\" \/>\n<meta property=\"og:image\" content=\"https:\/\/objectif-image.fr\/OI\/wp-content\/uploads\/2019\/06\/salon-nat.jpg\" \/>\n\t<meta property=\"og:image:width\" content=\"1320\" \/>\n\t<meta property=\"og:image:height\" content=\"743\" \/>\n\t<meta property=\"og:image:type\" content=\"image\/jpeg\" \/>\n<meta name=\"twitter:card\" content=\"summary_large_image\" \/>\n<script type=\"application\/ld+json\" class=\"yoast-schema-graph\">{\"@context\":\"https:\\\/\\\/schema.org\",\"@graph\":[{\"@type\":\"WebPage\",\"@id\":\"https:\\\/\\\/objectif-image.fr\\\/OI\\\/salon-national-individuel\\\/\",\"url\":\"https:\\\/\\\/objectif-image.fr\\\/OI\\\/salon-national-individuel\\\/\",\"name\":\"Salon Individuel (historique) - Objectif Image\",\"isPartOf\":{\"@id\":\"https:\\\/\\\/objectif-image.fr\\\/OI\\\/#website\"},\"primaryImageOfPage\":{\"@id\":\"https:\\\/\\\/objectif-image.fr\\\/OI\\\/salon-national-individuel\\\/#primaryimage\"},\"image\":{\"@id\":\"https:\\\/\\\/objectif-image.fr\\\/OI\\\/salon-national-individuel\\\/#primaryimage\"},\"thumbnailUrl\":\"https:\\\/\\\/objectif-image.fr\\\/OI\\\/wp-content\\\/uploads\\\/2019\\\/06\\\/salon-nat.jpg\",\"datePublished\":\"2020-01-07T13:44:49+00:00\",\"dateModified\":\"2026-02-15T15:19:45+00:00\",\"breadcrumb\":{\"@id\":\"https:\\\/\\\/objectif-image.fr\\\/OI\\\/salon-national-individuel\\\/#breadcrumb\"},\"inLanguage\":\"fr-FR\",\"potentialAction\":[{\"@type\":\"ReadAction\",\"target\":[\"https:\\\/\\\/objectif-image.fr\\\/OI\\\/salon-national-individuel\\\/\"]}]},{\"@type\":\"ImageObject\",\"inLanguage\":\"fr-FR\",\"@id\":\"https:\\\/\\\/objectif-image.fr\\\/OI\\\/salon-national-individuel\\\/#primaryimage\",\"url\":\"https:\\\/\\\/objectif-image.fr\\\/OI\\\/wp-content\\\/uploads\\\/2019\\\/06\\\/salon-nat.jpg\",\"contentUrl\":\"https:\\\/\\\/objectif-image.fr\\\/OI\\\/wp-content\\\/uploads\\\/2019\\\/06\\\/salon-nat.jpg\",\"width\":1320,\"height\":743},{\"@type\":\"BreadcrumbList\",\"@id\":\"https:\\\/\\\/objectif-image.fr\\\/OI\\\/salon-national-individuel\\\/#breadcrumb\",\"itemListElement\":[{\"@type\":\"ListItem\",\"position\":1,\"name\":\"Accueil\",\"item\":\"https:\\\/\\\/objectif-image.fr\\\/OI\\\/\"},{\"@type\":\"ListItem\",\"position\":2,\"name\":\"Salon Individuel (historique)\"}]},{\"@type\":\"WebSite\",\"@id\":\"https:\\\/\\\/objectif-image.fr\\\/OI\\\/#website\",\"url\":\"https:\\\/\\\/objectif-image.fr\\\/OI\\\/\",\"name\":\"Objectif Image\",\"description\":\"Objectif Image\",\"publisher\":{\"@id\":\"https:\\\/\\\/objectif-image.fr\\\/OI\\\/#organization\"},\"potentialAction\":[{\"@type\":\"SearchAction\",\"target\":{\"@type\":\"EntryPoint\",\"urlTemplate\":\"https:\\\/\\\/objectif-image.fr\\\/OI\\\/?s={search_term_string}\"},\"query-input\":{\"@type\":\"PropertyValueSpecification\",\"valueRequired\":true,\"valueName\":\"search_term_string\"}}],\"inLanguage\":\"fr-FR\"},{\"@type\":\"Organization\",\"@id\":\"https:\\\/\\\/objectif-image.fr\\\/OI\\\/#organization\",\"name\":\"Objectif Image\",\"url\":\"https:\\\/\\\/objectif-image.fr\\\/OI\\\/\",\"logo\":{\"@type\":\"ImageObject\",\"inLanguage\":\"fr-FR\",\"@id\":\"https:\\\/\\\/objectif-image.fr\\\/OI\\\/#\\\/schema\\\/logo\\\/image\\\/\",\"url\":\"https:\\\/\\\/objectif-image.fr\\\/OI\\\/wp-content\\\/uploads\\\/2019\\\/02\\\/logo-OI-NATIONAL-rouge-2000px.jpg\",\"contentUrl\":\"https:\\\/\\\/objectif-image.fr\\\/OI\\\/wp-content\\\/uploads\\\/2019\\\/02\\\/logo-OI-NATIONAL-rouge-2000px.jpg\",\"width\":1081,\"height\":1024,\"caption\":\"Objectif Image\"},\"image\":{\"@id\":\"https:\\\/\\\/objectif-image.fr\\\/OI\\\/#\\\/schema\\\/logo\\\/image\\\/\"},\"sameAs\":[\"https:\\\/\\\/www.facebook.com\\\/Objectif.mage\"]}]}<\/script>\n<!-- \/ Yoast SEO plugin. -->","yoast_head_json":{"title":"Salon Individuel (historique) - Objectif Image","robots":{"index":"index","follow":"follow","max-snippet":"max-snippet:-1","max-image-preview":"max-image-preview:large","max-video-preview":"max-video-preview:-1"},"canonical":"https:\/\/objectif-image.fr\/OI\/salon-national-individuel\/","og_locale":"fr_FR","og_type":"article","og_title":"Salon Individuel (historique) - Objectif Image","og_description":"Le salon individuel est une une exposition virtuelle (couleur et NB) pr\u00e9sent\u00e9e sur le site. Chaque membre est invit\u00e9 \u00e0 envoyer 3 images NB et \/ou couleur. Le th\u00e8me est libre.Un jury s\u00e9lectionne les oeuvres pour leur qualit\u00e9 et leur cr\u00e9ativit\u00e9.","og_url":"https:\/\/objectif-image.fr\/OI\/salon-national-individuel\/","og_site_name":"Objectif Image","article_publisher":"https:\/\/www.facebook.com\/Objectif.mage","article_modified_time":"2026-02-15T15:19:45+00:00","og_image":[{"width":1320,"height":743,"url":"https:\/\/objectif-image.fr\/OI\/wp-content\/uploads\/2019\/06\/salon-nat.jpg","type":"image\/jpeg"}],"twitter_card":"summary_large_image","schema":{"@context":"https:\/\/schema.org","@graph":[{"@type":"WebPage","@id":"https:\/\/objectif-image.fr\/OI\/salon-national-individuel\/","url":"https:\/\/objectif-image.fr\/OI\/salon-national-individuel\/","name":"Salon Individuel (historique) - Objectif Image","isPartOf":{"@id":"https:\/\/objectif-image.fr\/OI\/#website"},"primaryImageOfPage":{"@id":"https:\/\/objectif-image.fr\/OI\/salon-national-individuel\/#primaryimage"},"image":{"@id":"https:\/\/objectif-image.fr\/OI\/salon-national-individuel\/#primaryimage"},"thumbnailUrl":"https:\/\/objectif-image.fr\/OI\/wp-content\/uploads\/2019\/06\/salon-nat.jpg","datePublished":"2020-01-07T13:44:49+00:00","dateModified":"2026-02-15T15:19:45+00:00","breadcrumb":{"@id":"https:\/\/objectif-image.fr\/OI\/salon-national-individuel\/#breadcrumb"},"inLanguage":"fr-FR","potentialAction":[{"@type":"ReadAction","target":["https:\/\/objectif-image.fr\/OI\/salon-national-individuel\/"]}]},{"@type":"ImageObject","inLanguage":"fr-FR","@id":"https:\/\/objectif-image.fr\/OI\/salon-national-individuel\/#primaryimage","url":"https:\/\/objectif-image.fr\/OI\/wp-content\/uploads\/2019\/06\/salon-nat.jpg","contentUrl":"https:\/\/objectif-image.fr\/OI\/wp-content\/uploads\/2019\/06\/salon-nat.jpg","width":1320,"height":743},{"@type":"BreadcrumbList","@id":"https:\/\/objectif-image.fr\/OI\/salon-national-individuel\/#breadcrumb","itemListElement":[{"@type":"ListItem","position":1,"name":"Accueil","item":"https:\/\/objectif-image.fr\/OI\/"},{"@type":"ListItem","position":2,"name":"Salon Individuel (historique)"}]},{"@type":"WebSite","@id":"https:\/\/objectif-image.fr\/OI\/#website","url":"https:\/\/objectif-image.fr\/OI\/","name":"Objectif Image","description":"Objectif Image","publisher":{"@id":"https:\/\/objectif-image.fr\/OI\/#organization"},"potentialAction":[{"@type":"SearchAction","target":{"@type":"EntryPoint","urlTemplate":"https:\/\/objectif-image.fr\/OI\/?s={search_term_string}"},"query-input":{"@type":"PropertyValueSpecification","valueRequired":true,"valueName":"search_term_string"}}],"inLanguage":"fr-FR"},{"@type":"Organization","@id":"https:\/\/objectif-image.fr\/OI\/#organization","name":"Objectif Image","url":"https:\/\/objectif-image.fr\/OI\/","logo":{"@type":"ImageObject","inLanguage":"fr-FR","@id":"https:\/\/objectif-image.fr\/OI\/#\/schema\/logo\/image\/","url":"https:\/\/objectif-image.fr\/OI\/wp-content\/uploads\/2019\/02\/logo-OI-NATIONAL-rouge-2000px.jpg","contentUrl":"https:\/\/objectif-image.fr\/OI\/wp-content\/uploads\/2019\/02\/logo-OI-NATIONAL-rouge-2000px.jpg","width":1081,"height":1024,"caption":"Objectif Image"},"image":{"@id":"https:\/\/objectif-image.fr\/OI\/#\/schema\/logo\/image\/"},"sameAs":["https:\/\/www.facebook.com\/Objectif.mage"]}]}},"_links":{"self":[{"href":"https:\/\/objectif-image.fr\/OI\/wp-json\/wp\/v2\/pages\/24647","targetHints":{"allow":["GET"]}}],"collection":[{"href":"https:\/\/objectif-image.fr\/OI\/wp-json\/wp\/v2\/pages"}],"about":[{"href":"https:\/\/objectif-image.fr\/OI\/wp-json\/wp\/v2\/types\/page"}],"author":[{"embeddable":true,"href":"https:\/\/objectif-image.fr\/OI\/wp-json\/wp\/v2\/users\/10"}],"replies":[{"embeddable":true,"href":"https:\/\/objectif-image.fr\/OI\/wp-json\/wp\/v2\/comments?post=24647"}],"version-history":[{"count":1,"href":"https:\/\/objectif-image.fr\/OI\/wp-json\/wp\/v2\/pages\/24647\/revisions"}],"predecessor-version":[{"id":60812,"href":"https:\/\/objectif-image.fr\/OI\/wp-json\/wp\/v2\/pages\/24647\/revisions\/60812"}],"wp:featuredmedia":[{"embeddable":true,"href":"https:\/\/objectif-image.fr\/OI\/wp-json\/wp\/v2\/media\/21904"}],"wp:attachment":[{"href":"https:\/\/objectif-image.fr\/OI\/wp-json\/wp\/v2\/media?parent=24647"}],"wp:term":[{"taxonomy":"category","embeddable":true,"href":"https:\/\/objectif-image.fr\/OI\/wp-json\/wp\/v2\/categories?post=24647"},{"taxonomy":"post_tag","embeddable":true,"href":"https:\/\/objectif-image.fr\/OI\/wp-json\/wp\/v2\/tags?post=24647"}],"curies":[{"name":"wp","href":"https:\/\/api.w.org\/{rel}","templated":true}]}}