{"id":24682,"date":"2020-01-07T21:12:40","date_gmt":"2020-01-07T20:12:40","guid":{"rendered":"https:\/\/objectif-image.fr\/OI\/?page_id=24682"},"modified":"2026-02-14T16:03:24","modified_gmt":"2026-02-14T15:03:24","slug":"prix-betoux-2","status":"publish","type":"page","link":"https:\/\/objectif-image.fr\/OI\/prix-betoux-2\/","title":{"rendered":"Prix Betoux (Historique)"},"content":{"rendered":"\n<p><strong>Du nom du fondateur d\u2019Objectif Image, le prix Gilbert Betoux est un appel \u00e0 la cr\u00e9ation photographique au sein d\u2019Objectif Image. <br>Il r\u00e9compense une \u0153uvre photographique qui peut embrasser toutes les possibilit\u00e9s du medium photographiques, tous les traitements, toutes les approches. <br>Le dossier comportant entre 10 et 20 \u0153uvres originales est examin\u00e9 et \u00e9valu\u00e9 par un panel de professionnels faisant autorit\u00e9 dans le monde photographique ou culturel. <br>Les crit\u00e8res de s\u00e9lection sont la qualit\u00e9 artistique, l&rsquo;originalit\u00e9 et la coh\u00e9rence d&rsquo;une vision d&rsquo;auteur.<\/strong><\/p>\n\n\n<div class=\"dflip-books \"><a class=\"_df_thumb  df-has-ridge \"  href=\"#\"  data-slug=\"2025\" data-_slug=\"2025\" _slug=\"2025\" data-title=\"2025\" id=\"df_60055\" data-df-option=\"df_option_60055\" thumb=\"https:\/\/objectif-image.fr\/OI\/wp-content\/uploads\/2025\/12\/Capture-decran-2025-12-16-121948.png\"  >2025<\/a><script class=\"df-shortcode-script\" nowprocket type=\"application\/javascript\">window.df_option_60055 = {\"source\":\"https:\\\/\\\/objectif-image.fr\\\/OI\\\/wp-content\\\/uploads\\\/2025\\\/12\\\/Betoux-2025-pages-1.pdf\",\"outline\":[],\"autoEnableOutline\":false,\"autoEnableThumbnail\":false,\"overwritePDFOutline\":false,\"pageSize\":\"0\",\"direction\":\"1\",\"slug\":\"2025\",\"wpOptions\":\"true\",\"id\":60055}; if(window.DFLIP && window.DFLIP.parseBooks){window.DFLIP.parseBooks();}<\/script><a class=\"_df_thumb  df-has-ridge \"  href=\"#\"  data-slug=\"2024\" data-_slug=\"2024\" _slug=\"2024\" data-title=\"2024\" id=\"df_55657\" data-df-option=\"df_option_55657\" thumb=\"https:\/\/objectif-image.fr\/OI\/wp-content\/uploads\/2024\/12\/couverture.png\"  >2024<\/a><script class=\"df-shortcode-script\" nowprocket type=\"application\/javascript\">window.df_option_55657 = {\"source\":\"https:\\\/\\\/objectif-image.fr\\\/OI\\\/wp-content\\\/uploads\\\/2024\\\/12\\\/Kathie-Arresteilles-Surfaces-sensibles.pdf\",\"outline\":[],\"autoEnableOutline\":false,\"autoEnableThumbnail\":false,\"overwritePDFOutline\":false,\"pageMode\":\"0\",\"direction\":\"1\",\"slug\":\"2024\",\"wpOptions\":\"true\",\"id\":55657}; if(window.DFLIP && window.DFLIP.parseBooks){window.DFLIP.parseBooks();}<\/script><a class=\"_df_thumb  df-has-ridge \"  href=\"#\"  data-slug=\"2023\" data-_slug=\"2023\" _slug=\"2023\" data-title=\"2023\" id=\"df_50928\" data-df-option=\"df_option_50928\" thumb=\"https:\/\/objectif-image.fr\/OI\/wp-content\/uploads\/2024\/01\/Capture-decran-2024-01-01-132907.png\"  >2023<\/a><script class=\"df-shortcode-script\" nowprocket type=\"application\/javascript\">window.df_option_50928 = {\"source\":\"https:\\\/\\\/objectif-image.fr\\\/OI\\\/wp-content\\\/uploads\\\/2024\\\/01\\\/Jean-Francois-Baulon-images-binaires.pdf\",\"outline\":[],\"autoEnableOutline\":false,\"autoEnableThumbnail\":false,\"overwritePDFOutline\":false,\"pageMode\":\"0\",\"direction\":\"1\",\"slug\":\"2023\",\"wpOptions\":\"true\",\"id\":50928}; if(window.DFLIP && window.DFLIP.parseBooks){window.DFLIP.parseBooks();}<\/script><a class=\"_df_thumb  df-has-ridge \"  href=\"#\"  data-slug=\"2022\" data-_slug=\"2022\" _slug=\"2022\" data-title=\"2022\" id=\"df_58087\" data-df-option=\"df_option_58087\" thumb=\"https:\/\/objectif-image.fr\/OI\/wp-content\/uploads\/2023\/01\/Capture-decran-2023-01-10-220447.jpg\"  >2022<\/a><script class=\"df-shortcode-script\" nowprocket type=\"application\/javascript\">window.df_option_58087 = {\"source\":\"https:\\\/\\\/objectif-image.fr\\\/OI\\\/wp-content\\\/uploads\\\/2023\\\/01\\\/Celia-Berthaud-Betoux-2022.pdf\",\"outline\":[],\"autoEnableOutline\":false,\"autoEnableThumbnail\":false,\"overwritePDFOutline\":false,\"pageSize\":\"0\",\"direction\":\"1\",\"slug\":\"2022\",\"wpOptions\":\"true\",\"id\":58087}; if(window.DFLIP && window.DFLIP.parseBooks){window.DFLIP.parseBooks();}<\/script><a class=\"_df_thumb  df-has-ridge \"  href=\"#\"  data-slug=\"2021\" data-_slug=\"2021\" _slug=\"2021\" data-title=\"2021\" id=\"df_37656\" data-df-option=\"df_option_37656\" thumb=\"https:\/\/objectif-image.fr\/OI\/wp-content\/uploads\/2021\/12\/Capture-decran-2021-12-25-171801.jpg\"  >2021<\/a><script class=\"df-shortcode-script\" nowprocket type=\"application\/javascript\">window.df_option_37656 = {\"source\":\"https:\\\/\\\/objectif-image.fr\\\/OI\\\/wp-content\\\/uploads\\\/2021\\\/12\\\/Mamie-tu-changes-tout-le-temps.pdf\",\"outline\":[],\"autoEnableOutline\":false,\"autoEnableThumbnail\":false,\"overwritePDFOutline\":false,\"pageMode\":\"0\",\"direction\":\"1\",\"slug\":\"2021\",\"wpOptions\":\"true\",\"id\":37656}; if(window.DFLIP && window.DFLIP.parseBooks){window.DFLIP.parseBooks();}<\/script><a class=\"_df_thumb  df-has-ridge \"  href=\"#\"  data-slug=\"2020\" data-_slug=\"2020\" _slug=\"2020\" data-title=\"2020\" id=\"df_29723\" data-df-option=\"df_option_29723\" thumb=\"https:\/\/objectif-image.fr\/OI\/wp-content\/uploads\/2020\/10\/Julien-BERTHAUD-Histoire-vraie-1-scaled.jpg\"  >2020<\/a><script class=\"df-shortcode-script\" nowprocket type=\"application\/javascript\">window.df_option_29723 = {\"source\":\"https:\\\/\\\/objectif-image.fr\\\/OI\\\/wp-content\\\/uploads\\\/2020\\\/10\\\/Julien-BERTHAUD-Histoire-vraie-1-1.pdf\",\"outline\":[],\"autoEnableOutline\":false,\"autoEnableThumbnail\":false,\"overwritePDFOutline\":false,\"pageMode\":\"0\",\"direction\":\"1\",\"slug\":\"2020\",\"wpOptions\":\"true\",\"id\":29723}; if(window.DFLIP && window.DFLIP.parseBooks){window.DFLIP.parseBooks();}<\/script><a class=\"_df_thumb  df-has-ridge \"  href=\"#\"  data-slug=\"2019\" data-_slug=\"2019\" _slug=\"2019\" data-title=\"2019\" id=\"df_24846\" data-df-option=\"df_option_24846\" thumb=\"https:\/\/objectif-image.fr\/OI\/wp-content\/uploads\/2020\/01\/Lalbatros-Betoux-2019-1.jpg\"  >2019<\/a><script class=\"df-shortcode-script\" nowprocket type=\"application\/javascript\">window.df_option_24846 = {\"source\":\"https:\\\/\\\/objectif-image.fr\\\/OI\\\/wp-content\\\/uploads\\\/2020\\\/01\\\/Lalbatros-Betoux-2019.pdf\",\"outline\":[],\"autoEnableOutline\":false,\"autoEnableThumbnail\":false,\"overwritePDFOutline\":false,\"pageMode\":\"0\",\"direction\":\"1\",\"slug\":\"2019\",\"wpOptions\":\"true\",\"id\":24846}; if(window.DFLIP && window.DFLIP.parseBooks){window.DFLIP.parseBooks();}<\/script><a class=\"_df_thumb  df-has-ridge \"  href=\"#\"  data-slug=\"2018\" data-_slug=\"2018\" _slug=\"2018\" data-title=\"2018\" id=\"df_24843\" data-df-option=\"df_option_24843\" thumb=\"https:\/\/objectif-image.fr\/OI\/wp-content\/uploads\/2020\/01\/3-dossiers-Betoux-2018-1.jpg\"  >2018<\/a><script class=\"df-shortcode-script\" nowprocket type=\"application\/javascript\">window.df_option_24843 = {\"source\":\"https:\\\/\\\/objectif-image.fr\\\/OI\\\/wp-content\\\/uploads\\\/2020\\\/01\\\/3-dossiers-Betoux-2018.pdf\",\"outline\":[],\"autoEnableOutline\":false,\"autoEnableThumbnail\":false,\"overwritePDFOutline\":false,\"pageMode\":\"0\",\"direction\":\"1\",\"slug\":\"2018\",\"wpOptions\":\"true\",\"id\":24843}; if(window.DFLIP && window.DFLIP.parseBooks){window.DFLIP.parseBooks();}<\/script><a class=\"_df_thumb  df-has-ridge \"  href=\"#\"  data-slug=\"2017\" data-_slug=\"2017\" _slug=\"2017\" data-title=\"2017\" id=\"df_24840\" data-df-option=\"df_option_24840\" thumb=\"https:\/\/objectif-image.fr\/OI\/wp-content\/uploads\/2020\/01\/2017-Betoux-3-dossiers-1.jpg\"  >2017<\/a><script class=\"df-shortcode-script\" nowprocket type=\"application\/javascript\">window.df_option_24840 = {\"source\":\"https:\\\/\\\/objectif-image.fr\\\/OI\\\/wp-content\\\/uploads\\\/2020\\\/01\\\/2017-Betoux-3-dossiers.pdf\",\"outline\":[],\"autoEnableOutline\":false,\"autoEnableThumbnail\":false,\"overwritePDFOutline\":false,\"pageMode\":\"0\",\"direction\":\"1\",\"slug\":\"2017\",\"wpOptions\":\"true\",\"id\":24840}; if(window.DFLIP && window.DFLIP.parseBooks){window.DFLIP.parseBooks();}<\/script><a class=\"_df_thumb  df-has-ridge \"  href=\"#\"  data-slug=\"2016\" data-_slug=\"2016\" _slug=\"2016\" data-title=\"2016\" id=\"df_24837\" data-df-option=\"df_option_24837\" thumb=\"https:\/\/objectif-image.fr\/OI\/wp-content\/uploads\/2020\/01\/Autoportrait-2016-1.jpg\"  >2016<\/a><script class=\"df-shortcode-script\" nowprocket type=\"application\/javascript\">window.df_option_24837 = {\"source\":\"https:\\\/\\\/objectif-image.fr\\\/OI\\\/wp-content\\\/uploads\\\/2020\\\/01\\\/Autoportrait-2016.pdf\",\"outline\":[],\"autoEnableOutline\":false,\"autoEnableThumbnail\":false,\"overwritePDFOutline\":false,\"pageMode\":\"0\",\"direction\":\"1\",\"slug\":\"2016\",\"wpOptions\":\"true\",\"id\":24837}; if(window.DFLIP && window.DFLIP.parseBooks){window.DFLIP.parseBooks();}<\/script><a class=\"_df_thumb  df-has-ridge \"  href=\"#\"  data-slug=\"2015\" data-_slug=\"2015\" _slug=\"2015\" data-title=\"2015\" id=\"df_24834\" data-df-option=\"df_option_24834\" thumb=\"https:\/\/objectif-image.fr\/OI\/wp-content\/uploads\/2020\/01\/Les-heros-de-la-tintaine.jpg\"  >2015<\/a><script class=\"df-shortcode-script\" nowprocket type=\"application\/javascript\">window.df_option_24834 = {\"source\":\"https:\\\/\\\/objectif-image.fr\\\/OI\\\/wp-content\\\/uploads\\\/2020\\\/01\\\/Les-h\\u00e9ros-de-la-tintaine-2015.pdf\",\"outline\":[],\"autoEnableOutline\":false,\"autoEnableThumbnail\":false,\"overwritePDFOutline\":false,\"pageMode\":\"0\",\"direction\":\"1\",\"slug\":\"2015\",\"wpOptions\":\"true\",\"id\":24834}; if(window.DFLIP && window.DFLIP.parseBooks){window.DFLIP.parseBooks();}<\/script><a class=\"_df_thumb  df-has-ridge \"  href=\"#\"  data-slug=\"2014\" data-_slug=\"2014\" _slug=\"2014\" data-title=\"2014\" id=\"df_24831\" data-df-option=\"df_option_24831\" thumb=\"https:\/\/objectif-image.fr\/OI\/wp-content\/uploads\/2020\/01\/evocations-clandestines.jpg\"  >2014<\/a><script class=\"df-shortcode-script\" nowprocket type=\"application\/javascript\">window.df_option_24831 = {\"source\":\"https:\\\/\\\/objectif-image.fr\\\/OI\\\/wp-content\\\/uploads\\\/2020\\\/01\\\/\\u00e9vocations-clandestines-2014.pdf\",\"outline\":[],\"autoEnableOutline\":false,\"autoEnableThumbnail\":false,\"overwritePDFOutline\":false,\"pageMode\":\"0\",\"direction\":\"1\",\"slug\":\"2014\",\"wpOptions\":\"true\",\"id\":24831}; if(window.DFLIP && window.DFLIP.parseBooks){window.DFLIP.parseBooks();}<\/script><a class=\"_df_thumb  df-has-ridge \"  href=\"#\"  data-slug=\"2013\" data-_slug=\"2013\" _slug=\"2013\" data-title=\"2013\" id=\"df_24828\" data-df-option=\"df_option_24828\" thumb=\"https:\/\/objectif-image.fr\/OI\/wp-content\/uploads\/2020\/01\/haute-saison-2013-1.jpg\"  >2013<\/a><script class=\"df-shortcode-script\" nowprocket type=\"application\/javascript\">window.df_option_24828 = {\"source\":\"https:\\\/\\\/objectif-image.fr\\\/OI\\\/wp-content\\\/uploads\\\/2020\\\/01\\\/haute-saison-2013.pdf\",\"outline\":[],\"autoEnableOutline\":false,\"autoEnableThumbnail\":false,\"overwritePDFOutline\":false,\"pageMode\":\"0\",\"direction\":\"1\",\"slug\":\"2013\",\"wpOptions\":\"true\",\"id\":24828}; if(window.DFLIP && window.DFLIP.parseBooks){window.DFLIP.parseBooks();}<\/script><a class=\"_df_thumb  df-has-ridge \"  href=\"#\"  data-slug=\"2012\" data-_slug=\"2012\" _slug=\"2012\" data-title=\"2012\" id=\"df_24825\" data-df-option=\"df_option_24825\" thumb=\"https:\/\/objectif-image.fr\/OI\/wp-content\/uploads\/2020\/01\/OIBetoux-2012-1.jpg\"  >2012<\/a><script class=\"df-shortcode-script\" nowprocket type=\"application\/javascript\">window.df_option_24825 = {\"source\":\"https:\\\/\\\/objectif-image.fr\\\/OI\\\/wp-content\\\/uploads\\\/2020\\\/01\\\/OIBetoux-2012.pdf\",\"outline\":[],\"autoEnableOutline\":false,\"autoEnableThumbnail\":false,\"overwritePDFOutline\":false,\"pageMode\":\"0\",\"direction\":\"1\",\"slug\":\"2012\",\"wpOptions\":\"true\",\"id\":24825}; if(window.DFLIP && window.DFLIP.parseBooks){window.DFLIP.parseBooks();}<\/script><a class=\"_df_thumb  df-has-ridge \"  href=\"#\"  data-slug=\"2011\" data-_slug=\"2011\" _slug=\"2011\" data-title=\"2011\" id=\"df_24822\" data-df-option=\"df_option_24822\" thumb=\"https:\/\/objectif-image.fr\/OI\/wp-content\/uploads\/2020\/01\/OIBetoux-2011-1.jpg\"  >2011<\/a><script class=\"df-shortcode-script\" nowprocket type=\"application\/javascript\">window.df_option_24822 = {\"source\":\"https:\\\/\\\/objectif-image.fr\\\/OI\\\/wp-content\\\/uploads\\\/2020\\\/01\\\/OIBetoux-2011.pdf\",\"outline\":[],\"autoEnableOutline\":false,\"autoEnableThumbnail\":false,\"overwritePDFOutline\":false,\"pageMode\":\"0\",\"direction\":\"1\",\"slug\":\"2011\",\"wpOptions\":\"true\",\"id\":24822}; if(window.DFLIP && window.DFLIP.parseBooks){window.DFLIP.parseBooks();}<\/script><\/div>\n\n\n<p><\/p>\n","protected":false},"excerpt":{"rendered":"<p>Du nom du fondateur d\u2019Objectif Image, le prix Gilbert Betoux est un appel \u00e0 la cr\u00e9ation photographique au sein d\u2019Objectif Image. Il r\u00e9compense une \u0153uvre photographique qui peut embrasser toutes les possibilit\u00e9s du medium photographiques, tous les traitements, toutes les approches. Le dossier comportant entre 10 et 20 \u0153uvres originales est examin\u00e9 et \u00e9valu\u00e9 par [&hellip;]<\/p>\n","protected":false},"author":10,"featured_media":14899,"parent":0,"menu_order":0,"comment_status":"closed","ping_status":"closed","template":"","meta":{"_acf_changed":false,"footnotes":""},"categories":[363,13],"tags":[838],"class_list":["post-24682","page","type-page","status-publish","has-post-thumbnail","hentry","category-galerie","category-photo","tag-ne-pas-supprimer"],"acf":[],"yoast_head":"<!-- This site is optimized with the Yoast SEO plugin v27.4 - https:\/\/yoast.com\/product\/yoast-seo-wordpress\/ -->\n<title>Prix Betoux (Historique) - Objectif Image<\/title>\n<meta name=\"robots\" content=\"index, follow, max-snippet:-1, max-image-preview:large, max-video-preview:-1\" \/>\n<link rel=\"canonical\" href=\"https:\/\/objectif-image.fr\/OI\/prix-betoux-2\/\" \/>\n<meta property=\"og:locale\" content=\"fr_FR\" \/>\n<meta property=\"og:type\" content=\"article\" \/>\n<meta property=\"og:title\" content=\"Prix Betoux (Historique) - Objectif Image\" \/>\n<meta property=\"og:description\" content=\"Du nom du fondateur d\u2019Objectif Image, le prix Gilbert Betoux est un appel \u00e0 la cr\u00e9ation photographique au sein d\u2019Objectif Image. Il r\u00e9compense une \u0153uvre photographique qui peut embrasser toutes les possibilit\u00e9s du medium photographiques, tous les traitements, toutes les approches. Le dossier comportant entre 10 et 20 \u0153uvres originales est examin\u00e9 et \u00e9valu\u00e9 par [&hellip;]\" \/>\n<meta property=\"og:url\" content=\"https:\/\/objectif-image.fr\/OI\/prix-betoux-2\/\" \/>\n<meta property=\"og:site_name\" content=\"Objectif Image\" \/>\n<meta property=\"article:publisher\" content=\"https:\/\/www.facebook.com\/Objectif.mage\" \/>\n<meta property=\"article:modified_time\" content=\"2026-02-14T15:03:24+00:00\" \/>\n<meta property=\"og:image\" content=\"https:\/\/objectif-image.fr\/OI\/wp-content\/uploads\/2018\/10\/betoux.jpg\" \/>\n\t<meta property=\"og:image:width\" content=\"1320\" \/>\n\t<meta property=\"og:image:height\" content=\"880\" \/>\n\t<meta property=\"og:image:type\" content=\"image\/jpeg\" \/>\n<meta name=\"twitter:card\" content=\"summary_large_image\" \/>\n<script type=\"application\/ld+json\" class=\"yoast-schema-graph\">{\"@context\":\"https:\\\/\\\/schema.org\",\"@graph\":[{\"@type\":\"WebPage\",\"@id\":\"https:\\\/\\\/objectif-image.fr\\\/OI\\\/prix-betoux-2\\\/\",\"url\":\"https:\\\/\\\/objectif-image.fr\\\/OI\\\/prix-betoux-2\\\/\",\"name\":\"Prix Betoux (Historique) - Objectif Image\",\"isPartOf\":{\"@id\":\"https:\\\/\\\/objectif-image.fr\\\/OI\\\/#website\"},\"primaryImageOfPage\":{\"@id\":\"https:\\\/\\\/objectif-image.fr\\\/OI\\\/prix-betoux-2\\\/#primaryimage\"},\"image\":{\"@id\":\"https:\\\/\\\/objectif-image.fr\\\/OI\\\/prix-betoux-2\\\/#primaryimage\"},\"thumbnailUrl\":\"https:\\\/\\\/objectif-image.fr\\\/OI\\\/wp-content\\\/uploads\\\/2018\\\/10\\\/betoux.jpg\",\"datePublished\":\"2020-01-07T20:12:40+00:00\",\"dateModified\":\"2026-02-14T15:03:24+00:00\",\"breadcrumb\":{\"@id\":\"https:\\\/\\\/objectif-image.fr\\\/OI\\\/prix-betoux-2\\\/#breadcrumb\"},\"inLanguage\":\"fr-FR\",\"potentialAction\":[{\"@type\":\"ReadAction\",\"target\":[\"https:\\\/\\\/objectif-image.fr\\\/OI\\\/prix-betoux-2\\\/\"]}]},{\"@type\":\"ImageObject\",\"inLanguage\":\"fr-FR\",\"@id\":\"https:\\\/\\\/objectif-image.fr\\\/OI\\\/prix-betoux-2\\\/#primaryimage\",\"url\":\"https:\\\/\\\/objectif-image.fr\\\/OI\\\/wp-content\\\/uploads\\\/2018\\\/10\\\/betoux.jpg\",\"contentUrl\":\"https:\\\/\\\/objectif-image.fr\\\/OI\\\/wp-content\\\/uploads\\\/2018\\\/10\\\/betoux.jpg\",\"width\":1320,\"height\":880},{\"@type\":\"BreadcrumbList\",\"@id\":\"https:\\\/\\\/objectif-image.fr\\\/OI\\\/prix-betoux-2\\\/#breadcrumb\",\"itemListElement\":[{\"@type\":\"ListItem\",\"position\":1,\"name\":\"Accueil\",\"item\":\"https:\\\/\\\/objectif-image.fr\\\/OI\\\/\"},{\"@type\":\"ListItem\",\"position\":2,\"name\":\"Prix Betoux (Historique)\"}]},{\"@type\":\"WebSite\",\"@id\":\"https:\\\/\\\/objectif-image.fr\\\/OI\\\/#website\",\"url\":\"https:\\\/\\\/objectif-image.fr\\\/OI\\\/\",\"name\":\"Objectif Image\",\"description\":\"Objectif Image\",\"publisher\":{\"@id\":\"https:\\\/\\\/objectif-image.fr\\\/OI\\\/#organization\"},\"potentialAction\":[{\"@type\":\"SearchAction\",\"target\":{\"@type\":\"EntryPoint\",\"urlTemplate\":\"https:\\\/\\\/objectif-image.fr\\\/OI\\\/?s={search_term_string}\"},\"query-input\":{\"@type\":\"PropertyValueSpecification\",\"valueRequired\":true,\"valueName\":\"search_term_string\"}}],\"inLanguage\":\"fr-FR\"},{\"@type\":\"Organization\",\"@id\":\"https:\\\/\\\/objectif-image.fr\\\/OI\\\/#organization\",\"name\":\"Objectif Image\",\"url\":\"https:\\\/\\\/objectif-image.fr\\\/OI\\\/\",\"logo\":{\"@type\":\"ImageObject\",\"inLanguage\":\"fr-FR\",\"@id\":\"https:\\\/\\\/objectif-image.fr\\\/OI\\\/#\\\/schema\\\/logo\\\/image\\\/\",\"url\":\"https:\\\/\\\/objectif-image.fr\\\/OI\\\/wp-content\\\/uploads\\\/2019\\\/02\\\/logo-OI-NATIONAL-rouge-2000px.jpg\",\"contentUrl\":\"https:\\\/\\\/objectif-image.fr\\\/OI\\\/wp-content\\\/uploads\\\/2019\\\/02\\\/logo-OI-NATIONAL-rouge-2000px.jpg\",\"width\":1081,\"height\":1024,\"caption\":\"Objectif Image\"},\"image\":{\"@id\":\"https:\\\/\\\/objectif-image.fr\\\/OI\\\/#\\\/schema\\\/logo\\\/image\\\/\"},\"sameAs\":[\"https:\\\/\\\/www.facebook.com\\\/Objectif.mage\"]}]}<\/script>\n<!-- \/ Yoast SEO plugin. -->","yoast_head_json":{"title":"Prix Betoux (Historique) - Objectif Image","robots":{"index":"index","follow":"follow","max-snippet":"max-snippet:-1","max-image-preview":"max-image-preview:large","max-video-preview":"max-video-preview:-1"},"canonical":"https:\/\/objectif-image.fr\/OI\/prix-betoux-2\/","og_locale":"fr_FR","og_type":"article","og_title":"Prix Betoux (Historique) - Objectif Image","og_description":"Du nom du fondateur d\u2019Objectif Image, le prix Gilbert Betoux est un appel \u00e0 la cr\u00e9ation photographique au sein d\u2019Objectif Image. Il r\u00e9compense une \u0153uvre photographique qui peut embrasser toutes les possibilit\u00e9s du medium photographiques, tous les traitements, toutes les approches. Le dossier comportant entre 10 et 20 \u0153uvres originales est examin\u00e9 et \u00e9valu\u00e9 par [&hellip;]","og_url":"https:\/\/objectif-image.fr\/OI\/prix-betoux-2\/","og_site_name":"Objectif Image","article_publisher":"https:\/\/www.facebook.com\/Objectif.mage","article_modified_time":"2026-02-14T15:03:24+00:00","og_image":[{"width":1320,"height":880,"url":"https:\/\/objectif-image.fr\/OI\/wp-content\/uploads\/2018\/10\/betoux.jpg","type":"image\/jpeg"}],"twitter_card":"summary_large_image","schema":{"@context":"https:\/\/schema.org","@graph":[{"@type":"WebPage","@id":"https:\/\/objectif-image.fr\/OI\/prix-betoux-2\/","url":"https:\/\/objectif-image.fr\/OI\/prix-betoux-2\/","name":"Prix Betoux (Historique) - Objectif Image","isPartOf":{"@id":"https:\/\/objectif-image.fr\/OI\/#website"},"primaryImageOfPage":{"@id":"https:\/\/objectif-image.fr\/OI\/prix-betoux-2\/#primaryimage"},"image":{"@id":"https:\/\/objectif-image.fr\/OI\/prix-betoux-2\/#primaryimage"},"thumbnailUrl":"https:\/\/objectif-image.fr\/OI\/wp-content\/uploads\/2018\/10\/betoux.jpg","datePublished":"2020-01-07T20:12:40+00:00","dateModified":"2026-02-14T15:03:24+00:00","breadcrumb":{"@id":"https:\/\/objectif-image.fr\/OI\/prix-betoux-2\/#breadcrumb"},"inLanguage":"fr-FR","potentialAction":[{"@type":"ReadAction","target":["https:\/\/objectif-image.fr\/OI\/prix-betoux-2\/"]}]},{"@type":"ImageObject","inLanguage":"fr-FR","@id":"https:\/\/objectif-image.fr\/OI\/prix-betoux-2\/#primaryimage","url":"https:\/\/objectif-image.fr\/OI\/wp-content\/uploads\/2018\/10\/betoux.jpg","contentUrl":"https:\/\/objectif-image.fr\/OI\/wp-content\/uploads\/2018\/10\/betoux.jpg","width":1320,"height":880},{"@type":"BreadcrumbList","@id":"https:\/\/objectif-image.fr\/OI\/prix-betoux-2\/#breadcrumb","itemListElement":[{"@type":"ListItem","position":1,"name":"Accueil","item":"https:\/\/objectif-image.fr\/OI\/"},{"@type":"ListItem","position":2,"name":"Prix Betoux (Historique)"}]},{"@type":"WebSite","@id":"https:\/\/objectif-image.fr\/OI\/#website","url":"https:\/\/objectif-image.fr\/OI\/","name":"Objectif Image","description":"Objectif Image","publisher":{"@id":"https:\/\/objectif-image.fr\/OI\/#organization"},"potentialAction":[{"@type":"SearchAction","target":{"@type":"EntryPoint","urlTemplate":"https:\/\/objectif-image.fr\/OI\/?s={search_term_string}"},"query-input":{"@type":"PropertyValueSpecification","valueRequired":true,"valueName":"search_term_string"}}],"inLanguage":"fr-FR"},{"@type":"Organization","@id":"https:\/\/objectif-image.fr\/OI\/#organization","name":"Objectif Image","url":"https:\/\/objectif-image.fr\/OI\/","logo":{"@type":"ImageObject","inLanguage":"fr-FR","@id":"https:\/\/objectif-image.fr\/OI\/#\/schema\/logo\/image\/","url":"https:\/\/objectif-image.fr\/OI\/wp-content\/uploads\/2019\/02\/logo-OI-NATIONAL-rouge-2000px.jpg","contentUrl":"https:\/\/objectif-image.fr\/OI\/wp-content\/uploads\/2019\/02\/logo-OI-NATIONAL-rouge-2000px.jpg","width":1081,"height":1024,"caption":"Objectif Image"},"image":{"@id":"https:\/\/objectif-image.fr\/OI\/#\/schema\/logo\/image\/"},"sameAs":["https:\/\/www.facebook.com\/Objectif.mage"]}]}},"_links":{"self":[{"href":"https:\/\/objectif-image.fr\/OI\/wp-json\/wp\/v2\/pages\/24682","targetHints":{"allow":["GET"]}}],"collection":[{"href":"https:\/\/objectif-image.fr\/OI\/wp-json\/wp\/v2\/pages"}],"about":[{"href":"https:\/\/objectif-image.fr\/OI\/wp-json\/wp\/v2\/types\/page"}],"author":[{"embeddable":true,"href":"https:\/\/objectif-image.fr\/OI\/wp-json\/wp\/v2\/users\/10"}],"replies":[{"embeddable":true,"href":"https:\/\/objectif-image.fr\/OI\/wp-json\/wp\/v2\/comments?post=24682"}],"version-history":[{"count":2,"href":"https:\/\/objectif-image.fr\/OI\/wp-json\/wp\/v2\/pages\/24682\/revisions"}],"predecessor-version":[{"id":60815,"href":"https:\/\/objectif-image.fr\/OI\/wp-json\/wp\/v2\/pages\/24682\/revisions\/60815"}],"wp:featuredmedia":[{"embeddable":true,"href":"https:\/\/objectif-image.fr\/OI\/wp-json\/wp\/v2\/media\/14899"}],"wp:attachment":[{"href":"https:\/\/objectif-image.fr\/OI\/wp-json\/wp\/v2\/media?parent=24682"}],"wp:term":[{"taxonomy":"category","embeddable":true,"href":"https:\/\/objectif-image.fr\/OI\/wp-json\/wp\/v2\/categories?post=24682"},{"taxonomy":"post_tag","embeddable":true,"href":"https:\/\/objectif-image.fr\/OI\/wp-json\/wp\/v2\/tags?post=24682"}],"curies":[{"name":"wp","href":"https:\/\/api.w.org\/{rel}","templated":true}]}}