{"id":24687,"date":"2020-01-07T21:15:22","date_gmt":"2020-01-07T20:15:22","guid":{"rendered":"https:\/\/objectif-image.fr\/OI\/?page_id=24687"},"modified":"2026-02-15T16:20:09","modified_gmt":"2026-02-15T15:20:09","slug":"salon-dauteurs","status":"publish","type":"page","link":"https:\/\/objectif-image.fr\/OI\/salon-dauteurs\/","title":{"rendered":"Salon d&rsquo;Auteurs (historique)"},"content":{"rendered":"\n<p><strong>Ce salon est compos\u00e9e de s\u00e9ries de photographies s\u00e9lectionn\u00e9es parmi les envois des participants en vue de composer une exposition de qualit\u00e9.<\/strong><br><strong>Chaque participant doit envoyer une s\u00e9rie compos\u00e9e de cinq images devant former un tout homog\u00e8ne. <\/strong><br><strong>Le th\u00e8me est libre.  Un jury s\u00e9lectionne quinze s\u00e9ries et attribue trois coups de c\u0153urs en fonction de leur qualit\u00e9 et<br>de leur cr\u00e9ativit\u00e9.<\/strong><\/p>\n\n\n\n<p><strong>Chaque ann\u00e9e l&rsquo;organisation et le r\u00e8glement du salon sont annonc\u00e9s dans l&rsquo;onglet \u00ab\u00a0participer\u00a0\u00bb et des lettres d&rsquo;information sont envoy\u00e9es \u00e0 tous les membres.<\/strong><\/p>\n\n\n<div class=\"dflip-books \"><a class=\"_df_thumb  df-has-ridge \"  href=\"#\"  data-slug=\"sna-2024-st-brieuc\" data-_slug=\"sna-2024-st-brieuc\" _slug=\"sna-2024-st-brieuc\" data-title=\"sna-2024-st-brieuc\" id=\"df_56604\" data-df-option=\"df_option_56604\" thumb=\"https:\/\/objectif-image.fr\/OI\/wp-content\/uploads\/2024\/12\/Capture-decran-2024-12-17-175441.png\"  >SNA 2024 &#8211; St Brieuc<\/a><script class=\"df-shortcode-script\" nowprocket type=\"application\/javascript\">window.df_option_56604 = {\"source\":\"https:\\\/\\\/objectif-image.fr\\\/OI\\\/wp-content\\\/uploads\\\/2025\\\/03\\\/Catalogue-SNA-2024.pdf\",\"outline\":[],\"autoEnableOutline\":false,\"autoEnableThumbnail\":false,\"overwritePDFOutline\":false,\"pageMode\":\"0\",\"direction\":\"1\",\"slug\":\"sna-2024-st-brieuc\",\"wpOptions\":\"true\",\"id\":56604}; if(window.DFLIP && window.DFLIP.parseBooks){window.DFLIP.parseBooks();}<\/script><a class=\"_df_thumb  df-has-ridge \"  href=\"#\"  data-slug=\"sna-2023-orleans\" data-_slug=\"sna-2023-orleans\" _slug=\"sna-2023-orleans\" data-title=\"sna-2023-orleans\" id=\"df_51817\" data-df-option=\"df_option_51817\" thumb=\"https:\/\/objectif-image.fr\/OI\/wp-content\/uploads\/2023\/10\/SNA-OI-2023-mail.jpg\"  >SNA 2023 &#8211; Orl\u00e9ans<\/a><script class=\"df-shortcode-script\" nowprocket type=\"application\/javascript\">window.df_option_51817 = {\"source\":\"https:\\\/\\\/objectif-image.fr\\\/OI\\\/wp-content\\\/uploads\\\/2024\\\/02\\\/ALBUM-SNA-2024-02-02-v21.pdf\",\"outline\":[],\"autoEnableOutline\":false,\"autoEnableThumbnail\":false,\"overwritePDFOutline\":false,\"pageMode\":\"0\",\"direction\":\"1\",\"slug\":\"sna-2023-orleans\",\"wpOptions\":\"true\",\"id\":51817}; if(window.DFLIP && window.DFLIP.parseBooks){window.DFLIP.parseBooks();}<\/script><a class=\"_df_thumb  df-has-ridge \"  href=\"#\"  data-slug=\"43168\" data-_slug=\"43168\" _slug=\"43168\" data-title=\"sna-2022-lyon\" id=\"df_43168\" data-df-option=\"df_option_43168\" thumb=\"https:\/\/objectif-image.fr\/OI\/wp-content\/uploads\/2022\/10\/affiche-31eme-SNA-Bernard-Legros-A4.jpg\"  >SNA 2022 &#8211; Lyon<\/a><script class=\"df-shortcode-script\" nowprocket type=\"application\/javascript\">window.df_option_43168 = {\"source\":\"https:\\\/\\\/objectif-image.fr\\\/OI\\\/wp-content\\\/uploads\\\/2022\\\/10\\\/catalogue-snaoi1p_rassembl_e.pdf\",\"outline\":[],\"autoEnableOutline\":false,\"autoEnableThumbnail\":false,\"overwritePDFOutline\":false,\"pageMode\":\"0\",\"direction\":\"1\",\"slug\":\"43168\",\"wpOptions\":\"true\",\"id\":43168}; if(window.DFLIP && window.DFLIP.parseBooks){window.DFLIP.parseBooks();}<\/script><a class=\"_df_thumb  df-has-ridge \"  href=\"#\"  data-slug=\"dijon-2021\" data-_slug=\"dijon-2021\" _slug=\"dijon-2021\" data-title=\"sna-2021-dijon\" id=\"df_37597\" data-df-option=\"df_option_37597\" thumb=\"https:\/\/objectif-image.fr\/OI\/wp-content\/uploads\/2021\/12\/Capture-decran-2021-10-25-174132-1.jpg\"  >SNA 2021 &#8211; DIJON<\/a><script class=\"df-shortcode-script\" nowprocket type=\"application\/javascript\">window.df_option_37597 = {\"source\":\"https:\\\/\\\/objectif-image.fr\\\/OI\\\/wp-content\\\/uploads\\\/2021\\\/12\\\/Catalogue-SNA-2021-1.pdf\",\"outline\":[],\"autoEnableOutline\":false,\"autoEnableThumbnail\":false,\"overwritePDFOutline\":false,\"pageMode\":\"0\",\"direction\":\"1\",\"slug\":\"dijon-2021\",\"wpOptions\":\"true\",\"id\":37597}; if(window.DFLIP && window.DFLIP.parseBooks){window.DFLIP.parseBooks();}<\/script><a class=\"_df_thumb  df-has-ridge \"  href=\"#\"  data-slug=\"sna-2020-cybersalon\" data-_slug=\"sna-2020-cybersalon\" _slug=\"sna-2020-cybersalon\" data-title=\"sna-2020-cybersalon\" id=\"df_31393\" data-df-option=\"df_option_31393\" thumb=\"https:\/\/objectif-image.fr\/OI\/wp-content\/uploads\/2020\/12\/Rouge-et-Blanc-Batiment-Marketing-Offre.jpg\"  >SNA 2020 cybersalon<\/a><script class=\"df-shortcode-script\" nowprocket type=\"application\/javascript\">window.df_option_31393 = {\"source\":\"https:\\\/\\\/objectif-image.fr\\\/OI\\\/wp-content\\\/uploads\\\/2020\\\/12\\\/Catalogue-cybersalon.pdf\",\"outline\":[],\"autoEnableOutline\":false,\"autoEnableThumbnail\":false,\"overwritePDFOutline\":false,\"pageMode\":\"0\",\"direction\":\"1\",\"slug\":\"sna-2020-cybersalon\",\"wpOptions\":\"true\",\"id\":31393}; if(window.DFLIP && window.DFLIP.parseBooks){window.DFLIP.parseBooks();}<\/script><a class=\"_df_thumb  df-has-ridge \"  href=\"#\"  data-slug=\"sna-2019-evreux\" data-_slug=\"sna-2019-evreux\" _slug=\"sna-2019-evreux\" data-title=\"sna-2019-evreux\" id=\"df_24722\" data-df-option=\"df_option_24722\" thumb=\"https:\/\/objectif-image.fr\/OI\/wp-content\/uploads\/2020\/01\/SNA-2019Affiche-A4-avec-fond-perdu1-scaled.jpg\"  >SNA 2019 &#8211; EVREUX<\/a><script class=\"df-shortcode-script\" nowprocket type=\"application\/javascript\">window.df_option_24722 = {\"source\":\"https:\\\/\\\/objectif-image.fr\\\/OI\\\/wp-content\\\/uploads\\\/2020\\\/01\\\/SNA-2019-Catalogue_OI_181119-1.pdf\",\"outline\":[],\"autoEnableOutline\":false,\"autoEnableThumbnail\":false,\"overwritePDFOutline\":false,\"pageMode\":\"0\",\"direction\":\"1\",\"slug\":\"sna-2019-evreux\",\"wpOptions\":\"true\",\"id\":24722}; if(window.DFLIP && window.DFLIP.parseBooks){window.DFLIP.parseBooks();}<\/script><a class=\"_df_thumb  df-has-ridge \"  href=\"#\"  data-slug=\"sna-2018-charleville\" data-_slug=\"sna-2018-charleville\" _slug=\"sna-2018-charleville\" data-title=\"sna-2018-charleville\" id=\"df_24717\" data-df-option=\"df_option_24717\" thumb=\"https:\/\/objectif-image.fr\/OI\/wp-content\/uploads\/2020\/01\/SNA-2018-AFFICHE_SNA-avec-logos.jpg\"  >SNA 2018 &#8211; CHARLEVILLE<\/a><script class=\"df-shortcode-script\" nowprocket type=\"application\/javascript\">window.df_option_24717 = {\"source\":\"https:\\\/\\\/objectif-image.fr\\\/OI\\\/wp-content\\\/uploads\\\/2020\\\/01\\\/SNA-2018-Catalogue-SNA-2018.pdf\",\"outline\":[],\"autoEnableOutline\":false,\"autoEnableThumbnail\":false,\"overwritePDFOutline\":false,\"pageMode\":\"0\",\"direction\":\"1\",\"slug\":\"sna-2018-charleville\",\"wpOptions\":\"true\",\"id\":24717}; if(window.DFLIP && window.DFLIP.parseBooks){window.DFLIP.parseBooks();}<\/script><a class=\"_df_thumb  df-has-ridge \"  href=\"#\"  data-slug=\"sna-2017-st-nazaire\" data-_slug=\"sna-2017-st-nazaire\" _slug=\"sna-2017-st-nazaire\" data-title=\"sna-2017-st-nazaire\" id=\"df_24714\" data-df-option=\"df_option_24714\" thumb=\"https:\/\/objectif-image.fr\/OI\/wp-content\/uploads\/2020\/01\/Image1.jpg\"  >SNA 2017 &#8211; St Nazaire<\/a><script class=\"df-shortcode-script\" nowprocket type=\"application\/javascript\">window.df_option_24714 = {\"source\":\"https:\\\/\\\/objectif-image.fr\\\/OI\\\/wp-content\\\/uploads\\\/2020\\\/01\\\/SNA-2017-SNA-2017.pdf\",\"outline\":[],\"autoEnableOutline\":false,\"autoEnableThumbnail\":false,\"overwritePDFOutline\":false,\"pageMode\":\"0\",\"direction\":\"1\",\"slug\":\"sna-2017-st-nazaire\",\"wpOptions\":\"true\",\"id\":24714}; if(window.DFLIP && window.DFLIP.parseBooks){window.DFLIP.parseBooks();}<\/script><a class=\"_df_thumb  df-has-ridge \"  href=\"#\"  data-slug=\"sna-2016-villeneuve-lot\" data-_slug=\"sna-2016-villeneuve-lot\" _slug=\"sna-2016-villeneuve-lot\" data-title=\"sna-2016-villeneuve-lot\" id=\"df_24711\" data-df-option=\"df_option_24711\" thumb=\"https:\/\/objectif-image.fr\/OI\/wp-content\/uploads\/2020\/01\/SNA-2016-A5-v2-IMPRESSION.jpg\"  >SNA 2016 &#8211; Villeneuve\/Lot<\/a><script class=\"df-shortcode-script\" nowprocket type=\"application\/javascript\">window.df_option_24711 = {\"source\":\"https:\\\/\\\/objectif-image.fr\\\/OI\\\/wp-content\\\/uploads\\\/2020\\\/01\\\/SNA-2016-CATALOGUE-SNA-2016-V6.pdf\",\"outline\":[],\"autoEnableOutline\":false,\"autoEnableThumbnail\":false,\"overwritePDFOutline\":false,\"pageMode\":\"0\",\"direction\":\"1\",\"slug\":\"sna-2016-villeneuve-lot\",\"wpOptions\":\"true\",\"id\":24711}; if(window.DFLIP && window.DFLIP.parseBooks){window.DFLIP.parseBooks();}<\/script><a class=\"_df_thumb  df-has-ridge \"  href=\"#\"  data-slug=\"sna-2015-nimes\" data-_slug=\"sna-2015-nimes\" _slug=\"sna-2015-nimes\" data-title=\"sna-2015-nimes\" id=\"df_24708\" data-df-option=\"df_option_24708\" thumb=\"https:\/\/objectif-image.fr\/OI\/wp-content\/uploads\/2020\/01\/SNA2014.jpg\"  >SNA 2015 &#8211; NIMES<\/a><script class=\"df-shortcode-script\" nowprocket type=\"application\/javascript\">window.df_option_24708 = {\"source\":\"https:\\\/\\\/objectif-image.fr\\\/OI\\\/wp-content\\\/uploads\\\/2020\\\/01\\\/brochure-2015-SNA-bon.pdf\",\"outline\":[],\"autoEnableOutline\":false,\"autoEnableThumbnail\":false,\"overwritePDFOutline\":false,\"pageMode\":\"0\",\"direction\":\"1\",\"slug\":\"sna-2015-nimes\",\"wpOptions\":\"true\",\"id\":24708}; if(window.DFLIP && window.DFLIP.parseBooks){window.DFLIP.parseBooks();}<\/script><a class=\"_df_thumb  df-has-ridge \"  href=\"#\"  data-slug=\"sna-2014-lyon\" data-_slug=\"sna-2014-lyon\" _slug=\"sna-2014-lyon\" data-title=\"sna-2014-lyon\" id=\"df_24705\" data-df-option=\"df_option_24705\" thumb=\"https:\/\/objectif-image.fr\/OI\/wp-content\/uploads\/2020\/01\/2014-lyon.jpg\"  >SNA 2014 &#8211; LYON<\/a><script class=\"df-shortcode-script\" nowprocket type=\"application\/javascript\">window.df_option_24705 = {\"source\":\"https:\\\/\\\/objectif-image.fr\\\/OI\\\/wp-content\\\/uploads\\\/2020\\\/01\\\/CS-projet-catalogue-salon20141001.pdf\",\"outline\":[],\"autoEnableOutline\":false,\"autoEnableThumbnail\":false,\"overwritePDFOutline\":false,\"pageMode\":\"0\",\"direction\":\"1\",\"slug\":\"sna-2014-lyon\",\"wpOptions\":\"true\",\"id\":24705}; if(window.DFLIP && window.DFLIP.parseBooks){window.DFLIP.parseBooks();}<\/script><\/div>","protected":false},"excerpt":{"rendered":"<p>Ce salon est compos\u00e9e de s\u00e9ries de photographies s\u00e9lectionn\u00e9es parmi les envois des participants en vue de composer une exposition de qualit\u00e9.Chaque participant doit envoyer une s\u00e9rie compos\u00e9e de cinq images devant former un tout homog\u00e8ne. Le th\u00e8me est libre. Un jury s\u00e9lectionne quinze s\u00e9ries et attribue trois coups de c\u0153urs en fonction de leur [&hellip;]<\/p>\n","protected":false},"author":10,"featured_media":22681,"parent":0,"menu_order":5,"comment_status":"closed","ping_status":"closed","template":"","meta":{"_acf_changed":false,"footnotes":""},"categories":[363,13],"tags":[838],"class_list":["post-24687","page","type-page","status-publish","has-post-thumbnail","hentry","category-galerie","category-photo","tag-ne-pas-supprimer"],"acf":[],"yoast_head":"<!-- This site is optimized with the Yoast SEO plugin v27.4 - https:\/\/yoast.com\/product\/yoast-seo-wordpress\/ -->\n<title>Salon d&#039;Auteurs (historique) - Objectif Image<\/title>\n<meta name=\"robots\" content=\"index, follow, max-snippet:-1, max-image-preview:large, max-video-preview:-1\" \/>\n<link rel=\"canonical\" href=\"https:\/\/objectif-image.fr\/OI\/salon-dauteurs\/\" \/>\n<meta property=\"og:locale\" content=\"fr_FR\" \/>\n<meta property=\"og:type\" content=\"article\" \/>\n<meta property=\"og:title\" content=\"Salon d&#039;Auteurs (historique) - Objectif Image\" \/>\n<meta property=\"og:description\" content=\"Ce salon est compos\u00e9e de s\u00e9ries de photographies s\u00e9lectionn\u00e9es parmi les envois des participants en vue de composer une exposition de qualit\u00e9.Chaque participant doit envoyer une s\u00e9rie compos\u00e9e de cinq images devant former un tout homog\u00e8ne. Le th\u00e8me est libre. Un jury s\u00e9lectionne quinze s\u00e9ries et attribue trois coups de c\u0153urs en fonction de leur [&hellip;]\" \/>\n<meta property=\"og:url\" content=\"https:\/\/objectif-image.fr\/OI\/salon-dauteurs\/\" \/>\n<meta property=\"og:site_name\" content=\"Objectif Image\" \/>\n<meta property=\"article:publisher\" content=\"https:\/\/www.facebook.com\/Objectif.mage\" \/>\n<meta property=\"article:modified_time\" content=\"2026-02-15T15:20:09+00:00\" \/>\n<meta property=\"og:image\" content=\"https:\/\/objectif-image.fr\/OI\/wp-content\/uploads\/2019\/08\/SNA.jpg\" \/>\n\t<meta property=\"og:image:width\" content=\"1320\" \/>\n\t<meta property=\"og:image:height\" content=\"880\" \/>\n\t<meta property=\"og:image:type\" content=\"image\/jpeg\" \/>\n<meta name=\"twitter:card\" content=\"summary_large_image\" \/>\n<meta name=\"twitter:label1\" content=\"Dur\u00e9e de lecture estim\u00e9e\" \/>\n\t<meta name=\"twitter:data1\" content=\"1 minute\" \/>\n<script type=\"application\/ld+json\" class=\"yoast-schema-graph\">{\"@context\":\"https:\\\/\\\/schema.org\",\"@graph\":[{\"@type\":\"WebPage\",\"@id\":\"https:\\\/\\\/objectif-image.fr\\\/OI\\\/salon-dauteurs\\\/\",\"url\":\"https:\\\/\\\/objectif-image.fr\\\/OI\\\/salon-dauteurs\\\/\",\"name\":\"Salon d'Auteurs (historique) - Objectif Image\",\"isPartOf\":{\"@id\":\"https:\\\/\\\/objectif-image.fr\\\/OI\\\/#website\"},\"primaryImageOfPage\":{\"@id\":\"https:\\\/\\\/objectif-image.fr\\\/OI\\\/salon-dauteurs\\\/#primaryimage\"},\"image\":{\"@id\":\"https:\\\/\\\/objectif-image.fr\\\/OI\\\/salon-dauteurs\\\/#primaryimage\"},\"thumbnailUrl\":\"https:\\\/\\\/objectif-image.fr\\\/OI\\\/wp-content\\\/uploads\\\/2019\\\/08\\\/SNA.jpg\",\"datePublished\":\"2020-01-07T20:15:22+00:00\",\"dateModified\":\"2026-02-15T15:20:09+00:00\",\"breadcrumb\":{\"@id\":\"https:\\\/\\\/objectif-image.fr\\\/OI\\\/salon-dauteurs\\\/#breadcrumb\"},\"inLanguage\":\"fr-FR\",\"potentialAction\":[{\"@type\":\"ReadAction\",\"target\":[\"https:\\\/\\\/objectif-image.fr\\\/OI\\\/salon-dauteurs\\\/\"]}]},{\"@type\":\"ImageObject\",\"inLanguage\":\"fr-FR\",\"@id\":\"https:\\\/\\\/objectif-image.fr\\\/OI\\\/salon-dauteurs\\\/#primaryimage\",\"url\":\"https:\\\/\\\/objectif-image.fr\\\/OI\\\/wp-content\\\/uploads\\\/2019\\\/08\\\/SNA.jpg\",\"contentUrl\":\"https:\\\/\\\/objectif-image.fr\\\/OI\\\/wp-content\\\/uploads\\\/2019\\\/08\\\/SNA.jpg\",\"width\":1320,\"height\":880},{\"@type\":\"BreadcrumbList\",\"@id\":\"https:\\\/\\\/objectif-image.fr\\\/OI\\\/salon-dauteurs\\\/#breadcrumb\",\"itemListElement\":[{\"@type\":\"ListItem\",\"position\":1,\"name\":\"Accueil\",\"item\":\"https:\\\/\\\/objectif-image.fr\\\/OI\\\/\"},{\"@type\":\"ListItem\",\"position\":2,\"name\":\"Salon d&rsquo;Auteurs (historique)\"}]},{\"@type\":\"WebSite\",\"@id\":\"https:\\\/\\\/objectif-image.fr\\\/OI\\\/#website\",\"url\":\"https:\\\/\\\/objectif-image.fr\\\/OI\\\/\",\"name\":\"Objectif Image\",\"description\":\"Objectif Image\",\"publisher\":{\"@id\":\"https:\\\/\\\/objectif-image.fr\\\/OI\\\/#organization\"},\"potentialAction\":[{\"@type\":\"SearchAction\",\"target\":{\"@type\":\"EntryPoint\",\"urlTemplate\":\"https:\\\/\\\/objectif-image.fr\\\/OI\\\/?s={search_term_string}\"},\"query-input\":{\"@type\":\"PropertyValueSpecification\",\"valueRequired\":true,\"valueName\":\"search_term_string\"}}],\"inLanguage\":\"fr-FR\"},{\"@type\":\"Organization\",\"@id\":\"https:\\\/\\\/objectif-image.fr\\\/OI\\\/#organization\",\"name\":\"Objectif Image\",\"url\":\"https:\\\/\\\/objectif-image.fr\\\/OI\\\/\",\"logo\":{\"@type\":\"ImageObject\",\"inLanguage\":\"fr-FR\",\"@id\":\"https:\\\/\\\/objectif-image.fr\\\/OI\\\/#\\\/schema\\\/logo\\\/image\\\/\",\"url\":\"https:\\\/\\\/objectif-image.fr\\\/OI\\\/wp-content\\\/uploads\\\/2019\\\/02\\\/logo-OI-NATIONAL-rouge-2000px.jpg\",\"contentUrl\":\"https:\\\/\\\/objectif-image.fr\\\/OI\\\/wp-content\\\/uploads\\\/2019\\\/02\\\/logo-OI-NATIONAL-rouge-2000px.jpg\",\"width\":1081,\"height\":1024,\"caption\":\"Objectif Image\"},\"image\":{\"@id\":\"https:\\\/\\\/objectif-image.fr\\\/OI\\\/#\\\/schema\\\/logo\\\/image\\\/\"},\"sameAs\":[\"https:\\\/\\\/www.facebook.com\\\/Objectif.mage\"]}]}<\/script>\n<!-- \/ Yoast SEO plugin. -->","yoast_head_json":{"title":"Salon d'Auteurs (historique) - Objectif Image","robots":{"index":"index","follow":"follow","max-snippet":"max-snippet:-1","max-image-preview":"max-image-preview:large","max-video-preview":"max-video-preview:-1"},"canonical":"https:\/\/objectif-image.fr\/OI\/salon-dauteurs\/","og_locale":"fr_FR","og_type":"article","og_title":"Salon d'Auteurs (historique) - Objectif Image","og_description":"Ce salon est compos\u00e9e de s\u00e9ries de photographies s\u00e9lectionn\u00e9es parmi les envois des participants en vue de composer une exposition de qualit\u00e9.Chaque participant doit envoyer une s\u00e9rie compos\u00e9e de cinq images devant former un tout homog\u00e8ne. Le th\u00e8me est libre. Un jury s\u00e9lectionne quinze s\u00e9ries et attribue trois coups de c\u0153urs en fonction de leur [&hellip;]","og_url":"https:\/\/objectif-image.fr\/OI\/salon-dauteurs\/","og_site_name":"Objectif Image","article_publisher":"https:\/\/www.facebook.com\/Objectif.mage","article_modified_time":"2026-02-15T15:20:09+00:00","og_image":[{"width":1320,"height":880,"url":"https:\/\/objectif-image.fr\/OI\/wp-content\/uploads\/2019\/08\/SNA.jpg","type":"image\/jpeg"}],"twitter_card":"summary_large_image","twitter_misc":{"Dur\u00e9e de lecture estim\u00e9e":"1 minute"},"schema":{"@context":"https:\/\/schema.org","@graph":[{"@type":"WebPage","@id":"https:\/\/objectif-image.fr\/OI\/salon-dauteurs\/","url":"https:\/\/objectif-image.fr\/OI\/salon-dauteurs\/","name":"Salon d'Auteurs (historique) - Objectif Image","isPartOf":{"@id":"https:\/\/objectif-image.fr\/OI\/#website"},"primaryImageOfPage":{"@id":"https:\/\/objectif-image.fr\/OI\/salon-dauteurs\/#primaryimage"},"image":{"@id":"https:\/\/objectif-image.fr\/OI\/salon-dauteurs\/#primaryimage"},"thumbnailUrl":"https:\/\/objectif-image.fr\/OI\/wp-content\/uploads\/2019\/08\/SNA.jpg","datePublished":"2020-01-07T20:15:22+00:00","dateModified":"2026-02-15T15:20:09+00:00","breadcrumb":{"@id":"https:\/\/objectif-image.fr\/OI\/salon-dauteurs\/#breadcrumb"},"inLanguage":"fr-FR","potentialAction":[{"@type":"ReadAction","target":["https:\/\/objectif-image.fr\/OI\/salon-dauteurs\/"]}]},{"@type":"ImageObject","inLanguage":"fr-FR","@id":"https:\/\/objectif-image.fr\/OI\/salon-dauteurs\/#primaryimage","url":"https:\/\/objectif-image.fr\/OI\/wp-content\/uploads\/2019\/08\/SNA.jpg","contentUrl":"https:\/\/objectif-image.fr\/OI\/wp-content\/uploads\/2019\/08\/SNA.jpg","width":1320,"height":880},{"@type":"BreadcrumbList","@id":"https:\/\/objectif-image.fr\/OI\/salon-dauteurs\/#breadcrumb","itemListElement":[{"@type":"ListItem","position":1,"name":"Accueil","item":"https:\/\/objectif-image.fr\/OI\/"},{"@type":"ListItem","position":2,"name":"Salon d&rsquo;Auteurs (historique)"}]},{"@type":"WebSite","@id":"https:\/\/objectif-image.fr\/OI\/#website","url":"https:\/\/objectif-image.fr\/OI\/","name":"Objectif Image","description":"Objectif Image","publisher":{"@id":"https:\/\/objectif-image.fr\/OI\/#organization"},"potentialAction":[{"@type":"SearchAction","target":{"@type":"EntryPoint","urlTemplate":"https:\/\/objectif-image.fr\/OI\/?s={search_term_string}"},"query-input":{"@type":"PropertyValueSpecification","valueRequired":true,"valueName":"search_term_string"}}],"inLanguage":"fr-FR"},{"@type":"Organization","@id":"https:\/\/objectif-image.fr\/OI\/#organization","name":"Objectif Image","url":"https:\/\/objectif-image.fr\/OI\/","logo":{"@type":"ImageObject","inLanguage":"fr-FR","@id":"https:\/\/objectif-image.fr\/OI\/#\/schema\/logo\/image\/","url":"https:\/\/objectif-image.fr\/OI\/wp-content\/uploads\/2019\/02\/logo-OI-NATIONAL-rouge-2000px.jpg","contentUrl":"https:\/\/objectif-image.fr\/OI\/wp-content\/uploads\/2019\/02\/logo-OI-NATIONAL-rouge-2000px.jpg","width":1081,"height":1024,"caption":"Objectif Image"},"image":{"@id":"https:\/\/objectif-image.fr\/OI\/#\/schema\/logo\/image\/"},"sameAs":["https:\/\/www.facebook.com\/Objectif.mage"]}]}},"_links":{"self":[{"href":"https:\/\/objectif-image.fr\/OI\/wp-json\/wp\/v2\/pages\/24687","targetHints":{"allow":["GET"]}}],"collection":[{"href":"https:\/\/objectif-image.fr\/OI\/wp-json\/wp\/v2\/pages"}],"about":[{"href":"https:\/\/objectif-image.fr\/OI\/wp-json\/wp\/v2\/types\/page"}],"author":[{"embeddable":true,"href":"https:\/\/objectif-image.fr\/OI\/wp-json\/wp\/v2\/users\/10"}],"replies":[{"embeddable":true,"href":"https:\/\/objectif-image.fr\/OI\/wp-json\/wp\/v2\/comments?post=24687"}],"version-history":[{"count":2,"href":"https:\/\/objectif-image.fr\/OI\/wp-json\/wp\/v2\/pages\/24687\/revisions"}],"predecessor-version":[{"id":60810,"href":"https:\/\/objectif-image.fr\/OI\/wp-json\/wp\/v2\/pages\/24687\/revisions\/60810"}],"wp:featuredmedia":[{"embeddable":true,"href":"https:\/\/objectif-image.fr\/OI\/wp-json\/wp\/v2\/media\/22681"}],"wp:attachment":[{"href":"https:\/\/objectif-image.fr\/OI\/wp-json\/wp\/v2\/media?parent=24687"}],"wp:term":[{"taxonomy":"category","embeddable":true,"href":"https:\/\/objectif-image.fr\/OI\/wp-json\/wp\/v2\/categories?post=24687"},{"taxonomy":"post_tag","embeddable":true,"href":"https:\/\/objectif-image.fr\/OI\/wp-json\/wp\/v2\/tags?post=24687"}],"curies":[{"name":"wp","href":"https:\/\/api.w.org\/{rel}","templated":true}]}}