{"id":26900,"date":"2020-06-01T20:44:13","date_gmt":"2020-06-01T18:44:13","guid":{"rendered":"https:\/\/objectif-image.fr\/OI\/?page_id=26900"},"modified":"2024-01-06T13:51:05","modified_gmt":"2024-01-06T12:51:05","slug":"images-n70","status":"publish","type":"page","link":"https:\/\/objectif-image.fr\/OI\/revue-images\/images-n70\/","title":{"rendered":"IMAGES n\u00b0 70"},"content":{"rendered":"\n<p class=\"has-very-dark-gray-color has-text-color has-background\" style=\"background-color:#ceecf9;font-size:clamp(14.642px, 0.915rem + ((1vw - 3.2px) * 0.566), 22px);px\">Le <strong>num\u00e9ro 70<\/strong> de la revue <strong>IMAGES<\/strong> sur le th\u00e8me&nbsp;<strong> \u00ab Prendre de la hauteur \u00bb<\/strong> est disponible.<\/p>\n\n\n\n<p class=\"has-very-dark-gray-color has-text-color has-medium-font-size\"><em>Rendre compte de la diversit\u00e9 de tous ces points de vue, explorer des domaines dont la diffusion est restreinte a constitu\u00e9 l&rsquo;ossature de ce num\u00e9ro d&rsquo;Images qui permet aux amateurs de po\u00e9sie lyrique ou aux passionn\u00e9s de recherche scientifique de voir la r\u00e9alit\u00e9 avec un certain recul.<\/em><\/p>\n\n\n\n<p class=\"has-very-dark-gray-color has-text-color has-medium-font-size\"><em><br><\/em><\/p>\n\n\n\n<figure class=\"wp-block-image alignleft size-full\"><img loading=\"lazy\" decoding=\"async\" width=\"368\" height=\"544\" src=\"https:\/\/objectif-image.fr\/OI\/wp-content\/uploads\/2022\/04\/images.jpg\" alt=\"\" class=\"wp-image-39609\" srcset=\"https:\/\/objectif-image.fr\/OI\/wp-content\/uploads\/2022\/04\/images.jpg 368w, https:\/\/objectif-image.fr\/OI\/wp-content\/uploads\/2022\/04\/images-203x300.jpg 203w, https:\/\/objectif-image.fr\/OI\/wp-content\/uploads\/2022\/04\/images-101x150.jpg 101w, https:\/\/objectif-image.fr\/OI\/wp-content\/uploads\/2022\/04\/images-68x100.jpg 68w\" sizes=\"auto, (max-width: 368px) 100vw, 368px\" \/><\/figure>\n\n\n\n<p class=\"has-text-color\" style=\"color:#073549;font-size:clamp(15.197px, 0.95rem + ((1vw - 3.2px) * 0.6), 23px);px\"><strong>Au sommaire<\/strong><\/p>\n\n\n\n<p class=\"has-medium-font-size\"><br><strong>Antoine Rose<\/strong> &#8211; <em>Up in the Air<\/em><br><strong>Jacques Dassi\u00e9<\/strong> &#8211; <em>Arch\u00e9ologie a\u00e9rienne<\/em><br><strong>Loes Heerink<\/strong> &#8211; <em>Merchants in Motion<\/em><br><strong>Raimond Wouda<\/strong> &#8211; <em>School<\/em><br><strong>Rapha\u00eal Dalloporta<\/strong> &#8211; <em>Ruins<\/em><br><strong>Philippe Cauneau<\/strong> &#8211; <em>Sur Terre, ailleurs<\/em><br><strong>Jean-Marc Vesseron<\/strong> &#8211; <em>L&rsquo;albatros<\/em><\/p>\n\n\n<p><a class=\"button\"> <p class=\"product woocommerce add_to_cart_inline \" style=\"border:4px solid #ccc; padding: 12px;\"><span class=\"woocommerce-Price-amount amount\"><bdi>8,00<span class=\"woocommerce-Price-currencySymbol\">&euro;<\/span><\/bdi><\/span><a href=\"\/OI\/wp-json\/wp\/v2\/pages\/26900?add-to-cart=33188\" aria-describedby=\"woocommerce_loop_add_to_cart_link_describedby_33188\" data-quantity=\"1\" class=\"button wp-element-button product_type_simple add_to_cart_button ajax_add_to_cart\" data-product_id=\"33188\" data-product_sku=\"\" aria-label=\"Ajouter au panier\u00a0: &ldquo;Image n\u00b070&rdquo;\" rel=\"nofollow\" data-success_message=\"\u00ab\u00a0Image n\u00b070\u00a0\u00bb a \u00e9t\u00e9 ajout\u00e9 \u00e0 votre panier\">Ajouter au panier<\/a>\t<span id=\"woocommerce_loop_add_to_cart_link_describedby_33188\" class=\"screen-reader-text\">\n\t\t\t<\/span>\n<\/p><\/a><\/p>\n<pre><em>dont 2\u20ac de frais de gestion<\/em><\/pre>\n\n\n<p class=\"has-text-color\" style=\"color:#030303;font-size:clamp(14px, 0.875rem + ((1vw - 3.2px) * 0.385), 19px);px\"><\/p>\n","protected":false},"excerpt":{"rendered":"<p>Le num\u00e9ro 70 de la revue IMAGES sur le th\u00e8me&nbsp; \u00ab Prendre de la hauteur \u00bb est disponible. Rendre compte de la diversit\u00e9 de tous ces points de vue, explorer des domaines dont la diffusion est restreinte a constitu\u00e9 l&rsquo;ossature de ce num\u00e9ro d&rsquo;Images qui permet aux amateurs de po\u00e9sie lyrique ou aux passionn\u00e9s de [&hellip;]<\/p>\n","protected":false},"author":3,"featured_media":39612,"parent":10692,"menu_order":0,"comment_status":"closed","ping_status":"closed","template":"","meta":{"_acf_changed":false,"footnotes":""},"categories":[128],"tags":[],"class_list":["post-26900","page","type-page","status-publish","has-post-thumbnail","hentry","category-revue-images"],"acf":[],"yoast_head":"<!-- This site is optimized with the Yoast SEO plugin v27.4 - https:\/\/yoast.com\/product\/yoast-seo-wordpress\/ -->\n<title>IMAGES n\u00b0 70 - Objectif Image<\/title>\n<meta name=\"robots\" content=\"index, follow, max-snippet:-1, max-image-preview:large, max-video-preview:-1\" \/>\n<link rel=\"canonical\" href=\"https:\/\/objectif-image.fr\/OI\/revue-images\/images-n70\/\" \/>\n<meta property=\"og:locale\" content=\"fr_FR\" \/>\n<meta property=\"og:type\" content=\"article\" \/>\n<meta property=\"og:title\" content=\"IMAGES n\u00b0 70 - Objectif Image\" \/>\n<meta property=\"og:description\" content=\"Le num\u00e9ro 70 de la revue IMAGES sur le th\u00e8me&nbsp; \u00ab Prendre de la hauteur \u00bb est disponible. Rendre compte de la diversit\u00e9 de tous ces points de vue, explorer des domaines dont la diffusion est restreinte a constitu\u00e9 l&rsquo;ossature de ce num\u00e9ro d&rsquo;Images qui permet aux amateurs de po\u00e9sie lyrique ou aux passionn\u00e9s de [&hellip;]\" \/>\n<meta property=\"og:url\" content=\"https:\/\/objectif-image.fr\/OI\/revue-images\/images-n70\/\" \/>\n<meta property=\"og:site_name\" content=\"Objectif Image\" \/>\n<meta property=\"article:publisher\" content=\"https:\/\/www.facebook.com\/Objectif.mage\" \/>\n<meta property=\"article:modified_time\" content=\"2024-01-06T12:51:05+00:00\" \/>\n<meta property=\"og:image\" content=\"https:\/\/objectif-image.fr\/OI\/wp-content\/uploads\/2022\/04\/images-1.jpg\" \/>\n\t<meta property=\"og:image:width\" content=\"368\" \/>\n\t<meta property=\"og:image:height\" content=\"544\" \/>\n\t<meta property=\"og:image:type\" content=\"image\/jpeg\" \/>\n<meta name=\"twitter:card\" content=\"summary_large_image\" \/>\n<meta name=\"twitter:label1\" content=\"Dur\u00e9e de lecture estim\u00e9e\" \/>\n\t<meta name=\"twitter:data1\" content=\"1 minute\" \/>\n<script type=\"application\/ld+json\" class=\"yoast-schema-graph\">{\"@context\":\"https:\\\/\\\/schema.org\",\"@graph\":[{\"@type\":\"WebPage\",\"@id\":\"https:\\\/\\\/objectif-image.fr\\\/OI\\\/revue-images\\\/images-n70\\\/\",\"url\":\"https:\\\/\\\/objectif-image.fr\\\/OI\\\/revue-images\\\/images-n70\\\/\",\"name\":\"IMAGES n\u00b0 70 - Objectif Image\",\"isPartOf\":{\"@id\":\"https:\\\/\\\/objectif-image.fr\\\/OI\\\/#website\"},\"primaryImageOfPage\":{\"@id\":\"https:\\\/\\\/objectif-image.fr\\\/OI\\\/revue-images\\\/images-n70\\\/#primaryimage\"},\"image\":{\"@id\":\"https:\\\/\\\/objectif-image.fr\\\/OI\\\/revue-images\\\/images-n70\\\/#primaryimage\"},\"thumbnailUrl\":\"https:\\\/\\\/objectif-image.fr\\\/OI\\\/wp-content\\\/uploads\\\/2022\\\/04\\\/images-1.jpg\",\"datePublished\":\"2020-06-01T18:44:13+00:00\",\"dateModified\":\"2024-01-06T12:51:05+00:00\",\"breadcrumb\":{\"@id\":\"https:\\\/\\\/objectif-image.fr\\\/OI\\\/revue-images\\\/images-n70\\\/#breadcrumb\"},\"inLanguage\":\"fr-FR\",\"potentialAction\":[{\"@type\":\"ReadAction\",\"target\":[\"https:\\\/\\\/objectif-image.fr\\\/OI\\\/revue-images\\\/images-n70\\\/\"]}]},{\"@type\":\"ImageObject\",\"inLanguage\":\"fr-FR\",\"@id\":\"https:\\\/\\\/objectif-image.fr\\\/OI\\\/revue-images\\\/images-n70\\\/#primaryimage\",\"url\":\"https:\\\/\\\/objectif-image.fr\\\/OI\\\/wp-content\\\/uploads\\\/2022\\\/04\\\/images-1.jpg\",\"contentUrl\":\"https:\\\/\\\/objectif-image.fr\\\/OI\\\/wp-content\\\/uploads\\\/2022\\\/04\\\/images-1.jpg\",\"width\":368,\"height\":544},{\"@type\":\"BreadcrumbList\",\"@id\":\"https:\\\/\\\/objectif-image.fr\\\/OI\\\/revue-images\\\/images-n70\\\/#breadcrumb\",\"itemListElement\":[{\"@type\":\"ListItem\",\"position\":1,\"name\":\"Accueil\",\"item\":\"https:\\\/\\\/objectif-image.fr\\\/OI\\\/\"},{\"@type\":\"ListItem\",\"position\":2,\"name\":\"Revue images\",\"item\":\"https:\\\/\\\/objectif-image.fr\\\/OI\\\/revue-images\\\/\"},{\"@type\":\"ListItem\",\"position\":3,\"name\":\"IMAGES n\u00b0 70\"}]},{\"@type\":\"WebSite\",\"@id\":\"https:\\\/\\\/objectif-image.fr\\\/OI\\\/#website\",\"url\":\"https:\\\/\\\/objectif-image.fr\\\/OI\\\/\",\"name\":\"Objectif Image\",\"description\":\"Objectif Image\",\"publisher\":{\"@id\":\"https:\\\/\\\/objectif-image.fr\\\/OI\\\/#organization\"},\"potentialAction\":[{\"@type\":\"SearchAction\",\"target\":{\"@type\":\"EntryPoint\",\"urlTemplate\":\"https:\\\/\\\/objectif-image.fr\\\/OI\\\/?s={search_term_string}\"},\"query-input\":{\"@type\":\"PropertyValueSpecification\",\"valueRequired\":true,\"valueName\":\"search_term_string\"}}],\"inLanguage\":\"fr-FR\"},{\"@type\":\"Organization\",\"@id\":\"https:\\\/\\\/objectif-image.fr\\\/OI\\\/#organization\",\"name\":\"Objectif Image\",\"url\":\"https:\\\/\\\/objectif-image.fr\\\/OI\\\/\",\"logo\":{\"@type\":\"ImageObject\",\"inLanguage\":\"fr-FR\",\"@id\":\"https:\\\/\\\/objectif-image.fr\\\/OI\\\/#\\\/schema\\\/logo\\\/image\\\/\",\"url\":\"https:\\\/\\\/objectif-image.fr\\\/OI\\\/wp-content\\\/uploads\\\/2019\\\/02\\\/logo-OI-NATIONAL-rouge-2000px.jpg\",\"contentUrl\":\"https:\\\/\\\/objectif-image.fr\\\/OI\\\/wp-content\\\/uploads\\\/2019\\\/02\\\/logo-OI-NATIONAL-rouge-2000px.jpg\",\"width\":1081,\"height\":1024,\"caption\":\"Objectif Image\"},\"image\":{\"@id\":\"https:\\\/\\\/objectif-image.fr\\\/OI\\\/#\\\/schema\\\/logo\\\/image\\\/\"},\"sameAs\":[\"https:\\\/\\\/www.facebook.com\\\/Objectif.mage\"]}]}<\/script>\n<!-- \/ Yoast SEO plugin. -->","yoast_head_json":{"title":"IMAGES n\u00b0 70 - Objectif Image","robots":{"index":"index","follow":"follow","max-snippet":"max-snippet:-1","max-image-preview":"max-image-preview:large","max-video-preview":"max-video-preview:-1"},"canonical":"https:\/\/objectif-image.fr\/OI\/revue-images\/images-n70\/","og_locale":"fr_FR","og_type":"article","og_title":"IMAGES n\u00b0 70 - Objectif Image","og_description":"Le num\u00e9ro 70 de la revue IMAGES sur le th\u00e8me&nbsp; \u00ab Prendre de la hauteur \u00bb est disponible. Rendre compte de la diversit\u00e9 de tous ces points de vue, explorer des domaines dont la diffusion est restreinte a constitu\u00e9 l&rsquo;ossature de ce num\u00e9ro d&rsquo;Images qui permet aux amateurs de po\u00e9sie lyrique ou aux passionn\u00e9s de [&hellip;]","og_url":"https:\/\/objectif-image.fr\/OI\/revue-images\/images-n70\/","og_site_name":"Objectif Image","article_publisher":"https:\/\/www.facebook.com\/Objectif.mage","article_modified_time":"2024-01-06T12:51:05+00:00","og_image":[{"width":368,"height":544,"url":"https:\/\/objectif-image.fr\/OI\/wp-content\/uploads\/2022\/04\/images-1.jpg","type":"image\/jpeg"}],"twitter_card":"summary_large_image","twitter_misc":{"Dur\u00e9e de lecture estim\u00e9e":"1 minute"},"schema":{"@context":"https:\/\/schema.org","@graph":[{"@type":"WebPage","@id":"https:\/\/objectif-image.fr\/OI\/revue-images\/images-n70\/","url":"https:\/\/objectif-image.fr\/OI\/revue-images\/images-n70\/","name":"IMAGES n\u00b0 70 - Objectif Image","isPartOf":{"@id":"https:\/\/objectif-image.fr\/OI\/#website"},"primaryImageOfPage":{"@id":"https:\/\/objectif-image.fr\/OI\/revue-images\/images-n70\/#primaryimage"},"image":{"@id":"https:\/\/objectif-image.fr\/OI\/revue-images\/images-n70\/#primaryimage"},"thumbnailUrl":"https:\/\/objectif-image.fr\/OI\/wp-content\/uploads\/2022\/04\/images-1.jpg","datePublished":"2020-06-01T18:44:13+00:00","dateModified":"2024-01-06T12:51:05+00:00","breadcrumb":{"@id":"https:\/\/objectif-image.fr\/OI\/revue-images\/images-n70\/#breadcrumb"},"inLanguage":"fr-FR","potentialAction":[{"@type":"ReadAction","target":["https:\/\/objectif-image.fr\/OI\/revue-images\/images-n70\/"]}]},{"@type":"ImageObject","inLanguage":"fr-FR","@id":"https:\/\/objectif-image.fr\/OI\/revue-images\/images-n70\/#primaryimage","url":"https:\/\/objectif-image.fr\/OI\/wp-content\/uploads\/2022\/04\/images-1.jpg","contentUrl":"https:\/\/objectif-image.fr\/OI\/wp-content\/uploads\/2022\/04\/images-1.jpg","width":368,"height":544},{"@type":"BreadcrumbList","@id":"https:\/\/objectif-image.fr\/OI\/revue-images\/images-n70\/#breadcrumb","itemListElement":[{"@type":"ListItem","position":1,"name":"Accueil","item":"https:\/\/objectif-image.fr\/OI\/"},{"@type":"ListItem","position":2,"name":"Revue images","item":"https:\/\/objectif-image.fr\/OI\/revue-images\/"},{"@type":"ListItem","position":3,"name":"IMAGES n\u00b0 70"}]},{"@type":"WebSite","@id":"https:\/\/objectif-image.fr\/OI\/#website","url":"https:\/\/objectif-image.fr\/OI\/","name":"Objectif Image","description":"Objectif Image","publisher":{"@id":"https:\/\/objectif-image.fr\/OI\/#organization"},"potentialAction":[{"@type":"SearchAction","target":{"@type":"EntryPoint","urlTemplate":"https:\/\/objectif-image.fr\/OI\/?s={search_term_string}"},"query-input":{"@type":"PropertyValueSpecification","valueRequired":true,"valueName":"search_term_string"}}],"inLanguage":"fr-FR"},{"@type":"Organization","@id":"https:\/\/objectif-image.fr\/OI\/#organization","name":"Objectif Image","url":"https:\/\/objectif-image.fr\/OI\/","logo":{"@type":"ImageObject","inLanguage":"fr-FR","@id":"https:\/\/objectif-image.fr\/OI\/#\/schema\/logo\/image\/","url":"https:\/\/objectif-image.fr\/OI\/wp-content\/uploads\/2019\/02\/logo-OI-NATIONAL-rouge-2000px.jpg","contentUrl":"https:\/\/objectif-image.fr\/OI\/wp-content\/uploads\/2019\/02\/logo-OI-NATIONAL-rouge-2000px.jpg","width":1081,"height":1024,"caption":"Objectif Image"},"image":{"@id":"https:\/\/objectif-image.fr\/OI\/#\/schema\/logo\/image\/"},"sameAs":["https:\/\/www.facebook.com\/Objectif.mage"]}]}},"_links":{"self":[{"href":"https:\/\/objectif-image.fr\/OI\/wp-json\/wp\/v2\/pages\/26900","targetHints":{"allow":["GET"]}}],"collection":[{"href":"https:\/\/objectif-image.fr\/OI\/wp-json\/wp\/v2\/pages"}],"about":[{"href":"https:\/\/objectif-image.fr\/OI\/wp-json\/wp\/v2\/types\/page"}],"author":[{"embeddable":true,"href":"https:\/\/objectif-image.fr\/OI\/wp-json\/wp\/v2\/users\/3"}],"replies":[{"embeddable":true,"href":"https:\/\/objectif-image.fr\/OI\/wp-json\/wp\/v2\/comments?post=26900"}],"version-history":[{"count":0,"href":"https:\/\/objectif-image.fr\/OI\/wp-json\/wp\/v2\/pages\/26900\/revisions"}],"up":[{"embeddable":true,"href":"https:\/\/objectif-image.fr\/OI\/wp-json\/wp\/v2\/pages\/10692"}],"wp:featuredmedia":[{"embeddable":true,"href":"https:\/\/objectif-image.fr\/OI\/wp-json\/wp\/v2\/media\/39612"}],"wp:attachment":[{"href":"https:\/\/objectif-image.fr\/OI\/wp-json\/wp\/v2\/media?parent=26900"}],"wp:term":[{"taxonomy":"category","embeddable":true,"href":"https:\/\/objectif-image.fr\/OI\/wp-json\/wp\/v2\/categories?post=26900"},{"taxonomy":"post_tag","embeddable":true,"href":"https:\/\/objectif-image.fr\/OI\/wp-json\/wp\/v2\/tags?post=26900"}],"curies":[{"name":"wp","href":"https:\/\/api.w.org\/{rel}","templated":true}]}}