{"id":30477,"date":"2020-11-07T21:17:33","date_gmt":"2020-11-07T20:17:33","guid":{"rendered":"https:\/\/objectif-image.fr\/OI\/?page_id=30477"},"modified":"2023-12-01T12:26:50","modified_gmt":"2023-12-01T11:26:50","slug":"programme","status":"publish","type":"page","link":"https:\/\/objectif-image.fr\/OI\/programme\/","title":{"rendered":"Programme"},"content":{"rendered":"\n<div class=\"wp-block-image\"><figure class=\"aligncenter size-large is-resized\"><img loading=\"lazy\" decoding=\"async\" src=\"https:\/\/objectif-image.fr\/OI\/wp-content\/uploads\/2020\/11\/ecouter-voir-1024x576.jpg\" alt=\"\" class=\"wp-image-30476\" width=\"432\" height=\"243\" srcset=\"https:\/\/objectif-image.fr\/OI\/wp-content\/uploads\/2020\/11\/ecouter-voir-1024x576.jpg 1024w, https:\/\/objectif-image.fr\/OI\/wp-content\/uploads\/2020\/11\/ecouter-voir-400x225.jpg 400w, https:\/\/objectif-image.fr\/OI\/wp-content\/uploads\/2020\/11\/ecouter-voir-150x84.jpg 150w, https:\/\/objectif-image.fr\/OI\/wp-content\/uploads\/2020\/11\/ecouter-voir-300x169.jpg 300w, https:\/\/objectif-image.fr\/OI\/wp-content\/uploads\/2020\/11\/ecouter-voir-768x432.jpg 768w, https:\/\/objectif-image.fr\/OI\/wp-content\/uploads\/2020\/11\/ecouter-voir-1536x864.jpg 1536w, https:\/\/objectif-image.fr\/OI\/wp-content\/uploads\/2020\/11\/ecouter-voir-100x56.jpg 100w, https:\/\/objectif-image.fr\/OI\/wp-content\/uploads\/2020\/11\/ecouter-voir-1320x743.jpg 1320w, https:\/\/objectif-image.fr\/OI\/wp-content\/uploads\/2020\/11\/ecouter-voir-398x224.jpg 398w, https:\/\/objectif-image.fr\/OI\/wp-content\/uploads\/2020\/11\/ecouter-voir.jpg 1920w\" sizes=\"auto, (max-width: 432px) 100vw, 432px\" \/><\/figure><\/div>\n\n\n\n<h1 class=\"has-text-align-center wp-block-heading\">Formations en ligne<\/h1>\n\n\n\n<p class=\"has-black-color has-text-color\"><em>Une s\u00e9rie de petites formations sous forme de tutoriaux de moins de 10 mn sera r\u00e9alis\u00e9e et mise en ligne progressivement, c\u2019est la naissance de la s\u00e9rie <strong>\u00ab&nbsp;Ecouter Voir&nbsp;\u00bb<\/strong> qu\u2019Objectif Image propose \u00e0 ses adh\u00e9rents et aux Postiers isol\u00e9s qui s\u2019int\u00e9ressent au domaine.<\/em><\/p>\n\n\n\n<p class=\"has-black-color has-text-color\"><em>Dans ces mini-formations nous aborderons l\u2019utilisation de certains logiciels mais \u00e9galement la th\u00e9orie du langage audiovisuel.<\/em><\/p>\n\n\n\n<p class=\"has-black-color has-text-color\"><em>Il faudra \u00eatre patients car ces conceptions demandent beaucoup d\u2019efforts des b\u00e9n\u00e9voles de l\u2019association qui souhaitent partager leur savoir.<\/em><\/p>\n\n\n\n<p class=\"has-black-color has-text-color\"><em>D\u00e9couvrez le programme<\/em><\/p>\n\n\n\n<h3 class=\"wp-block-heading\">I &#8211; Audacity \u2013 Manipulations des pistes <em>\u2013 par G\u00e9rard Diebold<\/em> <br><\/h3>\n\n\n\n<h4 class=\"wp-block-heading\"><em>Les chapitres soulign\u00e9s et en gras vous permettent de lancer le tutoriel, pour les autres il va falloir patienter &#8230;<\/em><\/h4>\n\n\n\n<ol class=\"wp-block-list\"><li><a href=\"https:\/\/www.youtube.com\/watch?v=_tWvZ0Tsf8Q&amp;list=PLGJXDwjNU6NepQoWBy3GOTTiiqCg70LhY&amp;index=1\"><strong>Manipulation des pistes #1 \u2013<\/strong><\/a><ol type=\"a\"><li>V\u00e9rification de la version du logiciel<\/li><li>Les pr\u00e9f\u00e9rences audio<\/li><li>cr\u00e9ation des pistes mono, st\u00e9r\u00e9o, marqueurs<\/li><li>renommer les pistes<\/li><li>pr\u00e9sentation de l\u2019interface d\u2019Audacity<\/li><\/ol><\/li><li><a href=\"https:\/\/www.youtube.com\/watch?v=SuzlhHOZ7vc&amp;list=PLGJXDwjNU6NepQoWBy3GOTTiiqCg70LhY&amp;index=2\"><strong>Manipulation des pistes #2 \u2013<\/strong><\/a><ol type=\"a\"><li>modification des pistes\u00a0: hauteur, d\u00e9placement,<\/li><li>import de sons (voix, musiques, \u2026)<\/li><li>affichage du nom de la piste<\/li><li>d\u00e9placement d\u2019un son dans la piste<\/li><\/ol><\/li><li><a href=\"https:\/\/www.youtube.com\/watch?v=ldOegMeh0TY&amp;list=PLGJXDwjNU6NepQoWBy3GOTTiiqCg70LhY&amp;index=3\">Manipulation des pistes #3 \u2013<\/a><ol type=\"a\"><li>Piste solo, muette, \u2026<\/li><li>D\u00e9coupage, d\u00e9placement<\/li><li>Zoom sur les pistes<\/li><li>Niveau d\u2019une piste<\/li><\/ol><\/li><li>Manipulation des pistes #4 \u2013 en f\u00e9vrier<ol type=\"a\"><li>Rappels<\/li><li>D\u00e9placements d\u2019ensembles dans une piste<\/li><li>Un peu de nettoyage de la piste, effet amplification<\/li><li>Piste mono, droite\u00a0? Gauche\u00a0? <em>l\u2019effet ne sera pas audible chez vous en raison du moyen d\u2019enregistrement du cours<\/em><\/li><\/ol><\/li><\/ol>\n\n\n\n<ul class=\"wp-block-list\"><li><a href=\"https:\/\/www.youtube.com\/watch?v=u-Slp4HFg0M&amp;list=PLGJXDwjNU6NepQoWBy3GOTTiiqCg70LhY&amp;index=5\">Les pistes marqueurs #5-<\/a><\/li><li>Egaliser&nbsp;? Compresser&nbsp;? #6 &#8211;<\/li><li>&nbsp;La table de mixage #7 &#8211;<\/li><\/ul>\n\n\n\n<p><strong><em>Infos audacity&nbsp;: https:\/\/audacity.fr\/<\/em><\/strong><\/p>\n\n\n\n<h1 class=\"wp-block-heading\">II-PTE (Picture to exe) \u2013 par G\u00e9rard Diebold<\/h1>\n\n\n\n<ol class=\"wp-block-list\" type=\"1\"><li>Param\u00e8tres pr\u00e9f\u00e9rences #8 &#8211;<ol><li>Principal, version<\/li><\/ol><ol><li>Projet, sauvegardes auto<\/li><\/ol><ol><li>Syst\u00e8me<\/li><\/ol><ol><li>Editeurs d\u2019objet<\/li><\/ol><ol><li>Dossiers de projets<\/li><\/ol><\/li><li>Configuration g\u00e9n\u00e9rale (options du projet) #9 &#8211;<ol><li>La version<\/li><\/ol><ol><li>Principal<\/li><\/ol><ol><li>son<\/li><\/ol><ol><li>Contr\u00f4le<\/li><\/ol><ol><li>Transitions de base<\/li><\/ol><ol><li>Avanc\u00e9es<\/li><\/ol><\/li><\/ol>\n\n\n\n<h1 class=\"wp-block-heading\">III-Formation g\u00e9n\u00e9rale audiovisuel<\/h1>\n\n\n\n<h1 class=\"wp-block-heading\">\u00ab&nbsp;Les formats vid\u00e9os&nbsp;\u00bb \u2013 <em>Par<\/em> Pierre Marie Artaux<\/h1>\n\n\n\n<h1 class=\"wp-block-heading\">\u00ab&nbsp;De l\u2019id\u00e9e \u00e0 la r\u00e9alisation&nbsp;\u00bb \u2013 par G\u00e9rard Diebold<\/h1>\n\n\n\n<ol class=\"wp-block-list\" type=\"1\"><li>La cible, L\u2019id\u00e9e, la recherche, conditions<\/li><li>Mettre en forme votre id\u00e9e, l\u2019\u00e9crire = votre sujet<\/li><li>Les genres&nbsp;: humour, fiction, documentaire, po\u00e9sie, \u2026<\/li><li>L\u2019importance de la bande son<\/li><li>Le choix des musiques ou accompagnements sonores<\/li><li>Le rythme \u00e0 donner<\/li><\/ol>\n\n\n\n<p><em><strong>Infos Audacity&nbsp;: https:\/\/audacity.fr\/<\/strong><\/em><\/p>\n\n\n\n<figure class=\"wp-block-embed-youtube wp-block-embed is-type-rich is-provider-prise-en-charge-des-contenus-embarques wp-embed-aspect-16-9 wp-has-aspect-ratio\"><div class=\"wp-block-embed__wrapper\">\n<iframe loading=\"lazy\" title=\"Ecoutez Voir Audacity 01\" width=\"500\" height=\"281\" src=\"https:\/\/www.youtube.com\/embed\/_tWvZ0Tsf8Q?feature=oembed\" frameborder=\"0\" allow=\"accelerometer; autoplay; clipboard-write; encrypted-media; gyroscope; picture-in-picture; web-share\" referrerpolicy=\"strict-origin-when-cross-origin\" allowfullscreen><\/iframe>\n<\/div><\/figure>\n\n\n\n<p><\/p>\n\n\n\n<h3 class=\"wp-block-heading\">II-PTE (Picture to exe) \u2013 <em>par G\u00e9rard Diebold<\/em><\/h3>\n\n\n\n<ol class=\"wp-block-list\" type=\"1\"><li>Param\u00e8tres pr\u00e9f\u00e9rences #8 &#8211;<ul><li>Principal, version<\/li><li>Projet, sauvegardes auto<\/li><li>Syst\u00e8me<\/li><li>Editeurs d\u2019objet<\/li><li>Dossiers de projets<\/li><\/ul><\/li><li>Configuration g\u00e9n\u00e9rale (options du projet) #9 &#8211;<ul><li>La version<\/li><li>Principal<\/li><li>son<\/li><li>Contr\u00f4le<\/li><li>Transitions de base<\/li><li>Avanc\u00e9es<\/li><\/ul><\/li><\/ol>\n\n\n\n<p>Pour une formation compl\u00e8te sur cet excellent logiciel tr\u00e8s abordable, financi\u00e8rement et par des d\u00e9butants, je vous communique plusieurs liens :<\/p>\n\n\n\n<p>Formation de Gabriel Mermet \u00ab\u00a0Vive le diaporama\u00a0\u00bb  elle date un peu puisque r\u00e9alis\u00e9e pour la version 8 mais reste d&rsquo;actualit\u00e9 pour les d\u00e9butants.<\/p>\n\n\n\n<p>Pour t\u00e9l\u00e9charger la version d&rsquo;essai de PTE ou l&rsquo;acheter, le site de <a href=\"https:\/\/www.wnsoft.com\/fr\/pte-av-studio\/\">WNSOFT PTE<\/a> et les <a href=\"https:\/\/www.wnsoft.com\/fr\/pte-av-studio\/help\/\">documentations <\/a>tr\u00e8s bien fournies sur ce m\u00eame site.<\/p>\n\n\n\n<h3 class=\"wp-block-heading\">III-Formation g\u00e9n\u00e9rale audiovisuel<\/h3>\n\n\n\n<h3 class=\"wp-block-heading\">\u00ab&nbsp;Les formats vid\u00e9os&nbsp;\u00bb \u2013 <em>Par<\/em> <em>Pierre Marie Artaux<\/em><\/h3>\n\n\n\n<h3 class=\"wp-block-heading\">\u00ab&nbsp;De l\u2019id\u00e9e \u00e0 la r\u00e9alisation&nbsp;\u00bb \u2013 <em>par G\u00e9rard Diebold<\/em><\/h3>\n\n\n\n<ol class=\"wp-block-list\"><li>La cible, L\u2019id\u00e9e, la recherche, conditions<\/li><li>Mettre en forme votre id\u00e9e, l\u2019\u00e9crire = votre sujet<\/li><li>Les genres&nbsp;: humour, fiction, documentaire, po\u00e9sie, \u2026<\/li><li>L\u2019importance de la bande son<\/li><li>Le choix des musiques ou accompagnements sonores<\/li><li>Le rythme \u00e0 donner<\/li><\/ol>\n","protected":false},"excerpt":{"rendered":"<p>Formations en ligne Une s\u00e9rie de petites formations sous forme de tutoriaux de moins de 10 mn sera r\u00e9alis\u00e9e et mise en ligne progressivement, c\u2019est la naissance de la s\u00e9rie \u00ab&nbsp;Ecouter Voir&nbsp;\u00bb qu\u2019Objectif Image propose \u00e0 ses adh\u00e9rents et aux Postiers isol\u00e9s qui s\u2019int\u00e9ressent au domaine. Dans ces mini-formations nous aborderons l\u2019utilisation de certains logiciels [&hellip;]<\/p>\n","protected":false},"author":10,"featured_media":30476,"parent":0,"menu_order":0,"comment_status":"closed","ping_status":"closed","template":"","meta":{"_acf_changed":false,"footnotes":""},"categories":[7,360],"tags":[],"class_list":["post-30477","page","type-page","status-publish","has-post-thumbnail","hentry","category-court-metrage-photo-diaporama","category-formation"],"acf":[],"yoast_head":"<!-- This site is optimized with the Yoast SEO plugin v27.6 - https:\/\/yoast.com\/product\/yoast-seo-wordpress\/ -->\n<title>Programme - Objectif Image<\/title>\n<meta name=\"robots\" content=\"index, follow, max-snippet:-1, max-image-preview:large, max-video-preview:-1\" \/>\n<link rel=\"canonical\" href=\"https:\/\/objectif-image.fr\/OI\/apprendre-audiovisuel__trashed\/programme\/\" \/>\n<meta property=\"og:locale\" content=\"fr_FR\" \/>\n<meta property=\"og:type\" content=\"article\" \/>\n<meta property=\"og:title\" content=\"Programme - Objectif Image\" \/>\n<meta property=\"og:description\" content=\"Formations en ligne Une s\u00e9rie de petites formations sous forme de tutoriaux de moins de 10 mn sera r\u00e9alis\u00e9e et mise en ligne progressivement, c\u2019est la naissance de la s\u00e9rie \u00ab&nbsp;Ecouter Voir&nbsp;\u00bb qu\u2019Objectif Image propose \u00e0 ses adh\u00e9rents et aux Postiers isol\u00e9s qui s\u2019int\u00e9ressent au domaine. Dans ces mini-formations nous aborderons l\u2019utilisation de certains logiciels [&hellip;]\" \/>\n<meta property=\"og:url\" content=\"https:\/\/objectif-image.fr\/OI\/apprendre-audiovisuel__trashed\/programme\/\" \/>\n<meta property=\"og:site_name\" content=\"Objectif Image\" \/>\n<meta property=\"article:publisher\" content=\"https:\/\/www.facebook.com\/Objectif.mage\" \/>\n<meta property=\"article:modified_time\" content=\"2023-12-01T11:26:50+00:00\" \/>\n<meta property=\"og:image\" content=\"https:\/\/objectif-image.fr\/OI\/wp-content\/uploads\/2020\/11\/ecouter-voir.jpg\" \/>\n\t<meta property=\"og:image:width\" content=\"1920\" \/>\n\t<meta property=\"og:image:height\" content=\"1080\" \/>\n\t<meta property=\"og:image:type\" content=\"image\/jpeg\" \/>\n<meta name=\"twitter:card\" content=\"summary_large_image\" \/>\n<meta name=\"twitter:label1\" content=\"Dur\u00e9e de lecture estim\u00e9e\" \/>\n\t<meta name=\"twitter:data1\" content=\"3 minutes\" \/>\n<script type=\"application\/ld+json\" class=\"yoast-schema-graph\">{\"@context\":\"https:\\\/\\\/schema.org\",\"@graph\":[{\"@type\":\"WebPage\",\"@id\":\"https:\\\/\\\/objectif-image.fr\\\/OI\\\/apprendre-audiovisuel__trashed\\\/programme\\\/\",\"url\":\"https:\\\/\\\/objectif-image.fr\\\/OI\\\/apprendre-audiovisuel__trashed\\\/programme\\\/\",\"name\":\"Programme - Objectif Image\",\"isPartOf\":{\"@id\":\"https:\\\/\\\/objectif-image.fr\\\/OI\\\/#website\"},\"primaryImageOfPage\":{\"@id\":\"https:\\\/\\\/objectif-image.fr\\\/OI\\\/apprendre-audiovisuel__trashed\\\/programme\\\/#primaryimage\"},\"image\":{\"@id\":\"https:\\\/\\\/objectif-image.fr\\\/OI\\\/apprendre-audiovisuel__trashed\\\/programme\\\/#primaryimage\"},\"thumbnailUrl\":\"https:\\\/\\\/objectif-image.fr\\\/OI\\\/wp-content\\\/uploads\\\/2020\\\/11\\\/ecouter-voir.jpg\",\"datePublished\":\"2020-11-07T20:17:33+00:00\",\"dateModified\":\"2023-12-01T11:26:50+00:00\",\"breadcrumb\":{\"@id\":\"https:\\\/\\\/objectif-image.fr\\\/OI\\\/apprendre-audiovisuel__trashed\\\/programme\\\/#breadcrumb\"},\"inLanguage\":\"fr-FR\",\"potentialAction\":[{\"@type\":\"ReadAction\",\"target\":[\"https:\\\/\\\/objectif-image.fr\\\/OI\\\/apprendre-audiovisuel__trashed\\\/programme\\\/\"]}]},{\"@type\":\"ImageObject\",\"inLanguage\":\"fr-FR\",\"@id\":\"https:\\\/\\\/objectif-image.fr\\\/OI\\\/apprendre-audiovisuel__trashed\\\/programme\\\/#primaryimage\",\"url\":\"https:\\\/\\\/objectif-image.fr\\\/OI\\\/wp-content\\\/uploads\\\/2020\\\/11\\\/ecouter-voir.jpg\",\"contentUrl\":\"https:\\\/\\\/objectif-image.fr\\\/OI\\\/wp-content\\\/uploads\\\/2020\\\/11\\\/ecouter-voir.jpg\",\"width\":1920,\"height\":1080},{\"@type\":\"BreadcrumbList\",\"@id\":\"https:\\\/\\\/objectif-image.fr\\\/OI\\\/apprendre-audiovisuel__trashed\\\/programme\\\/#breadcrumb\",\"itemListElement\":[{\"@type\":\"ListItem\",\"position\":1,\"name\":\"Accueil\",\"item\":\"https:\\\/\\\/objectif-image.fr\\\/OI\\\/\"},{\"@type\":\"ListItem\",\"position\":2,\"name\":\"Programme\"}]},{\"@type\":\"WebSite\",\"@id\":\"https:\\\/\\\/objectif-image.fr\\\/OI\\\/#website\",\"url\":\"https:\\\/\\\/objectif-image.fr\\\/OI\\\/\",\"name\":\"Objectif Image\",\"description\":\"Objectif Image\",\"publisher\":{\"@id\":\"https:\\\/\\\/objectif-image.fr\\\/OI\\\/#organization\"},\"potentialAction\":[{\"@type\":\"SearchAction\",\"target\":{\"@type\":\"EntryPoint\",\"urlTemplate\":\"https:\\\/\\\/objectif-image.fr\\\/OI\\\/?s={search_term_string}\"},\"query-input\":{\"@type\":\"PropertyValueSpecification\",\"valueRequired\":true,\"valueName\":\"search_term_string\"}}],\"inLanguage\":\"fr-FR\"},{\"@type\":\"Organization\",\"@id\":\"https:\\\/\\\/objectif-image.fr\\\/OI\\\/#organization\",\"name\":\"Objectif Image\",\"url\":\"https:\\\/\\\/objectif-image.fr\\\/OI\\\/\",\"logo\":{\"@type\":\"ImageObject\",\"inLanguage\":\"fr-FR\",\"@id\":\"https:\\\/\\\/objectif-image.fr\\\/OI\\\/#\\\/schema\\\/logo\\\/image\\\/\",\"url\":\"https:\\\/\\\/objectif-image.fr\\\/OI\\\/wp-content\\\/uploads\\\/2019\\\/02\\\/logo-OI-NATIONAL-rouge-2000px.jpg\",\"contentUrl\":\"https:\\\/\\\/objectif-image.fr\\\/OI\\\/wp-content\\\/uploads\\\/2019\\\/02\\\/logo-OI-NATIONAL-rouge-2000px.jpg\",\"width\":1081,\"height\":1024,\"caption\":\"Objectif Image\"},\"image\":{\"@id\":\"https:\\\/\\\/objectif-image.fr\\\/OI\\\/#\\\/schema\\\/logo\\\/image\\\/\"},\"sameAs\":[\"https:\\\/\\\/www.facebook.com\\\/Objectif.mage\"]}]}<\/script>\n<!-- \/ Yoast SEO plugin. -->","yoast_head_json":{"title":"Programme - Objectif Image","robots":{"index":"index","follow":"follow","max-snippet":"max-snippet:-1","max-image-preview":"max-image-preview:large","max-video-preview":"max-video-preview:-1"},"canonical":"https:\/\/objectif-image.fr\/OI\/apprendre-audiovisuel__trashed\/programme\/","og_locale":"fr_FR","og_type":"article","og_title":"Programme - Objectif Image","og_description":"Formations en ligne Une s\u00e9rie de petites formations sous forme de tutoriaux de moins de 10 mn sera r\u00e9alis\u00e9e et mise en ligne progressivement, c\u2019est la naissance de la s\u00e9rie \u00ab&nbsp;Ecouter Voir&nbsp;\u00bb qu\u2019Objectif Image propose \u00e0 ses adh\u00e9rents et aux Postiers isol\u00e9s qui s\u2019int\u00e9ressent au domaine. Dans ces mini-formations nous aborderons l\u2019utilisation de certains logiciels [&hellip;]","og_url":"https:\/\/objectif-image.fr\/OI\/apprendre-audiovisuel__trashed\/programme\/","og_site_name":"Objectif Image","article_publisher":"https:\/\/www.facebook.com\/Objectif.mage","article_modified_time":"2023-12-01T11:26:50+00:00","og_image":[{"width":1920,"height":1080,"url":"https:\/\/objectif-image.fr\/OI\/wp-content\/uploads\/2020\/11\/ecouter-voir.jpg","type":"image\/jpeg"}],"twitter_card":"summary_large_image","twitter_misc":{"Dur\u00e9e de lecture estim\u00e9e":"3 minutes"},"schema":{"@context":"https:\/\/schema.org","@graph":[{"@type":"WebPage","@id":"https:\/\/objectif-image.fr\/OI\/apprendre-audiovisuel__trashed\/programme\/","url":"https:\/\/objectif-image.fr\/OI\/apprendre-audiovisuel__trashed\/programme\/","name":"Programme - Objectif Image","isPartOf":{"@id":"https:\/\/objectif-image.fr\/OI\/#website"},"primaryImageOfPage":{"@id":"https:\/\/objectif-image.fr\/OI\/apprendre-audiovisuel__trashed\/programme\/#primaryimage"},"image":{"@id":"https:\/\/objectif-image.fr\/OI\/apprendre-audiovisuel__trashed\/programme\/#primaryimage"},"thumbnailUrl":"https:\/\/objectif-image.fr\/OI\/wp-content\/uploads\/2020\/11\/ecouter-voir.jpg","datePublished":"2020-11-07T20:17:33+00:00","dateModified":"2023-12-01T11:26:50+00:00","breadcrumb":{"@id":"https:\/\/objectif-image.fr\/OI\/apprendre-audiovisuel__trashed\/programme\/#breadcrumb"},"inLanguage":"fr-FR","potentialAction":[{"@type":"ReadAction","target":["https:\/\/objectif-image.fr\/OI\/apprendre-audiovisuel__trashed\/programme\/"]}]},{"@type":"ImageObject","inLanguage":"fr-FR","@id":"https:\/\/objectif-image.fr\/OI\/apprendre-audiovisuel__trashed\/programme\/#primaryimage","url":"https:\/\/objectif-image.fr\/OI\/wp-content\/uploads\/2020\/11\/ecouter-voir.jpg","contentUrl":"https:\/\/objectif-image.fr\/OI\/wp-content\/uploads\/2020\/11\/ecouter-voir.jpg","width":1920,"height":1080},{"@type":"BreadcrumbList","@id":"https:\/\/objectif-image.fr\/OI\/apprendre-audiovisuel__trashed\/programme\/#breadcrumb","itemListElement":[{"@type":"ListItem","position":1,"name":"Accueil","item":"https:\/\/objectif-image.fr\/OI\/"},{"@type":"ListItem","position":2,"name":"Programme"}]},{"@type":"WebSite","@id":"https:\/\/objectif-image.fr\/OI\/#website","url":"https:\/\/objectif-image.fr\/OI\/","name":"Objectif Image","description":"Objectif Image","publisher":{"@id":"https:\/\/objectif-image.fr\/OI\/#organization"},"potentialAction":[{"@type":"SearchAction","target":{"@type":"EntryPoint","urlTemplate":"https:\/\/objectif-image.fr\/OI\/?s={search_term_string}"},"query-input":{"@type":"PropertyValueSpecification","valueRequired":true,"valueName":"search_term_string"}}],"inLanguage":"fr-FR"},{"@type":"Organization","@id":"https:\/\/objectif-image.fr\/OI\/#organization","name":"Objectif Image","url":"https:\/\/objectif-image.fr\/OI\/","logo":{"@type":"ImageObject","inLanguage":"fr-FR","@id":"https:\/\/objectif-image.fr\/OI\/#\/schema\/logo\/image\/","url":"https:\/\/objectif-image.fr\/OI\/wp-content\/uploads\/2019\/02\/logo-OI-NATIONAL-rouge-2000px.jpg","contentUrl":"https:\/\/objectif-image.fr\/OI\/wp-content\/uploads\/2019\/02\/logo-OI-NATIONAL-rouge-2000px.jpg","width":1081,"height":1024,"caption":"Objectif Image"},"image":{"@id":"https:\/\/objectif-image.fr\/OI\/#\/schema\/logo\/image\/"},"sameAs":["https:\/\/www.facebook.com\/Objectif.mage"]}]}},"_links":{"self":[{"href":"https:\/\/objectif-image.fr\/OI\/wp-json\/wp\/v2\/pages\/30477","targetHints":{"allow":["GET"]}}],"collection":[{"href":"https:\/\/objectif-image.fr\/OI\/wp-json\/wp\/v2\/pages"}],"about":[{"href":"https:\/\/objectif-image.fr\/OI\/wp-json\/wp\/v2\/types\/page"}],"author":[{"embeddable":true,"href":"https:\/\/objectif-image.fr\/OI\/wp-json\/wp\/v2\/users\/10"}],"replies":[{"embeddable":true,"href":"https:\/\/objectif-image.fr\/OI\/wp-json\/wp\/v2\/comments?post=30477"}],"version-history":[{"count":0,"href":"https:\/\/objectif-image.fr\/OI\/wp-json\/wp\/v2\/pages\/30477\/revisions"}],"wp:featuredmedia":[{"embeddable":true,"href":"https:\/\/objectif-image.fr\/OI\/wp-json\/wp\/v2\/media\/30476"}],"wp:attachment":[{"href":"https:\/\/objectif-image.fr\/OI\/wp-json\/wp\/v2\/media?parent=30477"}],"wp:term":[{"taxonomy":"category","embeddable":true,"href":"https:\/\/objectif-image.fr\/OI\/wp-json\/wp\/v2\/categories?post=30477"},{"taxonomy":"post_tag","embeddable":true,"href":"https:\/\/objectif-image.fr\/OI\/wp-json\/wp\/v2\/tags?post=30477"}],"curies":[{"name":"wp","href":"https:\/\/api.w.org\/{rel}","templated":true}]}}