{"id":33229,"date":"2021-03-06T14:46:19","date_gmt":"2021-03-06T13:46:19","guid":{"rendered":"https:\/\/objectif-image.fr\/OI\/?page_id=33229"},"modified":"2024-01-06T13:39:12","modified_gmt":"2024-01-06T12:39:12","slug":"images-n-71","status":"publish","type":"page","link":"https:\/\/objectif-image.fr\/OI\/revue-images\/images-n-71\/","title":{"rendered":"IMAGES n\u00b0 71"},"content":{"rendered":"\n<p class=\"has-black-color has-text-color has-background has-medium-font-size\" style=\"background-color:#c9e7fa\">Le\u00a0<strong>num\u00e9ro 71<\/strong>\u00a0de la revue\u00a0<strong>IMAGES<\/strong> sur le th\u00e8me\u00a0<strong>\u00a0\u00ab Question de Temps \u00bb<\/strong>\u00a0est disponible.<\/p>\n\n\n\n<p class=\"has-black-color has-text-color has-medium-font-size\">Dans ce num\u00e9ro d\u2019images vous allez d\u00e9couvrir des photos qui vous montrent l\u2019emprise du temps sur des personnes des objets. Vous trouverez des instants saisis ou au contraire des images fabriqu\u00e9es sur la dur\u00e9e de la journ\u00e9e ou d\u2019un voyage.<\/p>\n\n\n\n<p class=\"has-black-color has-text-color has-medium-font-size\">Le comit\u00e9 de r\u00e9daction a retenu <strong>\u00ab\u00a0QUESTIONS DE TEMPS\u00a0\u00bb <\/strong>pour \u00e9lever le d\u00e9bat photographique et r\u00e9fl\u00e9chir \u00e0 quel moment on fait des photos, pour paraphraser un c\u00e9l\u00e8bre photographe, quel est votre moment d\u00e9cisif. Vous d\u00e9couvrirez dans ce num\u00e9ro des photographes contemporains qui relatent le temps photographique.<\/p>\n\n\n\n<p>.<\/p>\n\n\n\n<figure class=\"wp-block-image alignleft size-large is-resized\"><img loading=\"lazy\" decoding=\"async\" width=\"704\" height=\"970\" src=\"https:\/\/objectif-image.fr\/OI\/wp-content\/uploads\/2021\/03\/Page-de-couverture-2.jpg\" alt=\"\" class=\"wp-image-33232\" style=\"width:451px;height:621px\" srcset=\"https:\/\/objectif-image.fr\/OI\/wp-content\/uploads\/2021\/03\/Page-de-couverture-2.jpg 704w, https:\/\/objectif-image.fr\/OI\/wp-content\/uploads\/2021\/03\/Page-de-couverture-2-400x551.jpg 400w, https:\/\/objectif-image.fr\/OI\/wp-content\/uploads\/2021\/03\/Page-de-couverture-2-109x150.jpg 109w, https:\/\/objectif-image.fr\/OI\/wp-content\/uploads\/2021\/03\/Page-de-couverture-2-218x300.jpg 218w, https:\/\/objectif-image.fr\/OI\/wp-content\/uploads\/2021\/03\/Page-de-couverture-2-73x100.jpg 73w, https:\/\/objectif-image.fr\/OI\/wp-content\/uploads\/2021\/03\/Page-de-couverture-2-398x548.jpg 398w\" sizes=\"auto, (max-width: 704px) 100vw, 704px\" \/><\/figure>\n\n\n\n<p>.<\/p>\n\n\n\n<p class=\"has-black-color has-text-color\" style=\"font-size:clamp(14px, 0.875rem + ((1vw - 3.2px) * 0.308), 18px);px\"><strong>Nicholas NIXON<\/strong> &#8211; <em>\u00ab\u00a0The Brown Sisters\u00a0\u00bb<\/em><\/p>\n\n\n\n<p class=\"has-black-color has-text-color\" style=\"font-size:clamp(14px, 0.875rem + ((1vw - 3.2px) * 0.308), 18px);px\"><strong>Elodie LACHAUD<\/strong> &#8211; <em>\u00ab\u00a0Waiting for the Miracle\u00a0\u00bb<\/em><\/p>\n\n\n\n<p class=\"has-black-color has-text-color\" style=\"font-size:clamp(14px, 0.875rem + ((1vw - 3.2px) * 0.308), 18px);px\"><strong>Julie GUICHES<\/strong> &#8211; <em>\u00ab\u00a0Electrochoc\u00a0\u00bb<\/em><\/p>\n\n\n\n<p class=\"has-black-color has-text-color\" style=\"font-size:clamp(14px, 0.875rem + ((1vw - 3.2px) * 0.308), 18px);px\"><strong>Nicolas DEVILLE<\/strong> &#8211; <em>\u00ab\u00a0Comme deux gouttes d&rsquo;eau\u00a0\u00bb<\/em><\/p>\n\n\n\n<p class=\"has-black-color has-text-color\" style=\"font-size:clamp(14px, 0.875rem + ((1vw - 3.2px) * 0.308), 18px);px\"><strong>Stephen WILKES<\/strong> &#8211; <em>\u00a0\u00bb Day to Night\u00a0\u00bb<\/em><\/p>\n\n\n\n<p class=\"has-black-color has-text-color\" style=\"font-size:clamp(14px, 0.875rem + ((1vw - 3.2px) * 0.308), 18px);px\"><strong>Cyrille HENRY<\/strong><em> &#8211; \u00ab\u00a0Pass\u00e9s recompos\u00e9s\u00a0\u00bb<\/em><\/p>\n\n\n\n<p class=\"has-black-color has-text-color\" style=\"font-size:clamp(14px, 0.875rem + ((1vw - 3.2px) * 0.308), 18px);px\"><strong>Julien BERTHAUD<\/strong> &#8211; <em>\u00a0\u00bb Une histoire vraie\u00a0\u00bb<\/em><\/p>\n\n\n<p><a class=\"button\"> <p class=\"product woocommerce add_to_cart_inline \" style=\"border:4px solid #ccc; padding: 12px;\"><span class=\"woocommerce-Price-amount amount\"><bdi>8,00<span class=\"woocommerce-Price-currencySymbol\">&euro;<\/span><\/bdi><\/span><a href=\"\/OI\/wp-json\/wp\/v2\/pages\/33229?add-to-cart=33270\" aria-describedby=\"woocommerce_loop_add_to_cart_link_describedby_33270\" data-quantity=\"1\" class=\"button wp-element-button product_type_simple add_to_cart_button ajax_add_to_cart\" data-product_id=\"33270\" data-product_sku=\"\" aria-label=\"Ajouter au panier\u00a0: &ldquo;Images n\u00b071&rdquo;\" rel=\"nofollow\" data-success_message=\"\u00ab\u00a0Images n\u00b071\u00a0\u00bb a \u00e9t\u00e9 ajout\u00e9 \u00e0 votre panier\">Ajouter au panier<\/a>\t<span id=\"woocommerce_loop_add_to_cart_link_describedby_33270\" class=\"screen-reader-text\">\n\t\t\t<\/span>\n<\/p><\/a><\/p>\n<pre><em>dont 2\u20ac de frais de gestion<\/em><\/pre>\n\n\n<p><\/p>\n","protected":false},"excerpt":{"rendered":"<p>Le\u00a0num\u00e9ro 71\u00a0de la revue\u00a0IMAGES sur le th\u00e8me\u00a0\u00a0\u00ab Question de Temps \u00bb\u00a0est disponible. Dans ce num\u00e9ro d\u2019images vous allez d\u00e9couvrir des photos qui vous montrent l\u2019emprise du temps sur des personnes des objets. Vous trouverez des instants saisis ou au contraire des images fabriqu\u00e9es sur la dur\u00e9e de la journ\u00e9e ou d\u2019un voyage. Le comit\u00e9 de [&hellip;]<\/p>\n","protected":false},"author":3,"featured_media":33232,"parent":10692,"menu_order":0,"comment_status":"closed","ping_status":"closed","template":"","meta":{"_acf_changed":false,"footnotes":""},"categories":[128],"tags":[104],"class_list":["post-33229","page","type-page","status-publish","has-post-thumbnail","hentry","category-revue-images","tag-objectif-image"],"acf":[],"yoast_head":"<!-- This site is optimized with the Yoast SEO plugin v27.4 - https:\/\/yoast.com\/product\/yoast-seo-wordpress\/ -->\n<title>IMAGES n\u00b0 71 - Objectif Image<\/title>\n<meta name=\"robots\" content=\"index, follow, max-snippet:-1, max-image-preview:large, max-video-preview:-1\" \/>\n<link rel=\"canonical\" href=\"https:\/\/objectif-image.fr\/OI\/revue-images\/images-n-71\/\" \/>\n<meta property=\"og:locale\" content=\"fr_FR\" \/>\n<meta property=\"og:type\" content=\"article\" \/>\n<meta property=\"og:title\" content=\"IMAGES n\u00b0 71 - Objectif Image\" \/>\n<meta property=\"og:description\" content=\"Le\u00a0num\u00e9ro 71\u00a0de la revue\u00a0IMAGES sur le th\u00e8me\u00a0\u00a0\u00ab Question de Temps \u00bb\u00a0est disponible. Dans ce num\u00e9ro d\u2019images vous allez d\u00e9couvrir des photos qui vous montrent l\u2019emprise du temps sur des personnes des objets. Vous trouverez des instants saisis ou au contraire des images fabriqu\u00e9es sur la dur\u00e9e de la journ\u00e9e ou d\u2019un voyage. Le comit\u00e9 de [&hellip;]\" \/>\n<meta property=\"og:url\" content=\"https:\/\/objectif-image.fr\/OI\/revue-images\/images-n-71\/\" \/>\n<meta property=\"og:site_name\" content=\"Objectif Image\" \/>\n<meta property=\"article:publisher\" content=\"https:\/\/www.facebook.com\/Objectif.mage\" \/>\n<meta property=\"article:modified_time\" content=\"2024-01-06T12:39:12+00:00\" \/>\n<meta property=\"og:image\" content=\"https:\/\/objectif-image.fr\/OI\/wp-content\/uploads\/2021\/03\/Page-de-couverture-2.jpg\" \/>\n\t<meta property=\"og:image:width\" content=\"704\" \/>\n\t<meta property=\"og:image:height\" content=\"970\" \/>\n\t<meta property=\"og:image:type\" content=\"image\/jpeg\" \/>\n<meta name=\"twitter:card\" content=\"summary_large_image\" \/>\n<meta name=\"twitter:label1\" content=\"Dur\u00e9e de lecture estim\u00e9e\" \/>\n\t<meta name=\"twitter:data1\" content=\"1 minute\" \/>\n<script type=\"application\/ld+json\" class=\"yoast-schema-graph\">{\"@context\":\"https:\\\/\\\/schema.org\",\"@graph\":[{\"@type\":\"WebPage\",\"@id\":\"https:\\\/\\\/objectif-image.fr\\\/OI\\\/revue-images\\\/images-n-71\\\/\",\"url\":\"https:\\\/\\\/objectif-image.fr\\\/OI\\\/revue-images\\\/images-n-71\\\/\",\"name\":\"IMAGES n\u00b0 71 - Objectif Image\",\"isPartOf\":{\"@id\":\"https:\\\/\\\/objectif-image.fr\\\/OI\\\/#website\"},\"primaryImageOfPage\":{\"@id\":\"https:\\\/\\\/objectif-image.fr\\\/OI\\\/revue-images\\\/images-n-71\\\/#primaryimage\"},\"image\":{\"@id\":\"https:\\\/\\\/objectif-image.fr\\\/OI\\\/revue-images\\\/images-n-71\\\/#primaryimage\"},\"thumbnailUrl\":\"https:\\\/\\\/objectif-image.fr\\\/OI\\\/wp-content\\\/uploads\\\/2021\\\/03\\\/Page-de-couverture-2.jpg\",\"datePublished\":\"2021-03-06T13:46:19+00:00\",\"dateModified\":\"2024-01-06T12:39:12+00:00\",\"breadcrumb\":{\"@id\":\"https:\\\/\\\/objectif-image.fr\\\/OI\\\/revue-images\\\/images-n-71\\\/#breadcrumb\"},\"inLanguage\":\"fr-FR\",\"potentialAction\":[{\"@type\":\"ReadAction\",\"target\":[\"https:\\\/\\\/objectif-image.fr\\\/OI\\\/revue-images\\\/images-n-71\\\/\"]}]},{\"@type\":\"ImageObject\",\"inLanguage\":\"fr-FR\",\"@id\":\"https:\\\/\\\/objectif-image.fr\\\/OI\\\/revue-images\\\/images-n-71\\\/#primaryimage\",\"url\":\"https:\\\/\\\/objectif-image.fr\\\/OI\\\/wp-content\\\/uploads\\\/2021\\\/03\\\/Page-de-couverture-2.jpg\",\"contentUrl\":\"https:\\\/\\\/objectif-image.fr\\\/OI\\\/wp-content\\\/uploads\\\/2021\\\/03\\\/Page-de-couverture-2.jpg\",\"width\":704,\"height\":970},{\"@type\":\"BreadcrumbList\",\"@id\":\"https:\\\/\\\/objectif-image.fr\\\/OI\\\/revue-images\\\/images-n-71\\\/#breadcrumb\",\"itemListElement\":[{\"@type\":\"ListItem\",\"position\":1,\"name\":\"Accueil\",\"item\":\"https:\\\/\\\/objectif-image.fr\\\/OI\\\/\"},{\"@type\":\"ListItem\",\"position\":2,\"name\":\"Revue images\",\"item\":\"https:\\\/\\\/objectif-image.fr\\\/OI\\\/revue-images\\\/\"},{\"@type\":\"ListItem\",\"position\":3,\"name\":\"IMAGES n\u00b0 71\"}]},{\"@type\":\"WebSite\",\"@id\":\"https:\\\/\\\/objectif-image.fr\\\/OI\\\/#website\",\"url\":\"https:\\\/\\\/objectif-image.fr\\\/OI\\\/\",\"name\":\"Objectif Image\",\"description\":\"Objectif Image\",\"publisher\":{\"@id\":\"https:\\\/\\\/objectif-image.fr\\\/OI\\\/#organization\"},\"potentialAction\":[{\"@type\":\"SearchAction\",\"target\":{\"@type\":\"EntryPoint\",\"urlTemplate\":\"https:\\\/\\\/objectif-image.fr\\\/OI\\\/?s={search_term_string}\"},\"query-input\":{\"@type\":\"PropertyValueSpecification\",\"valueRequired\":true,\"valueName\":\"search_term_string\"}}],\"inLanguage\":\"fr-FR\"},{\"@type\":\"Organization\",\"@id\":\"https:\\\/\\\/objectif-image.fr\\\/OI\\\/#organization\",\"name\":\"Objectif Image\",\"url\":\"https:\\\/\\\/objectif-image.fr\\\/OI\\\/\",\"logo\":{\"@type\":\"ImageObject\",\"inLanguage\":\"fr-FR\",\"@id\":\"https:\\\/\\\/objectif-image.fr\\\/OI\\\/#\\\/schema\\\/logo\\\/image\\\/\",\"url\":\"https:\\\/\\\/objectif-image.fr\\\/OI\\\/wp-content\\\/uploads\\\/2019\\\/02\\\/logo-OI-NATIONAL-rouge-2000px.jpg\",\"contentUrl\":\"https:\\\/\\\/objectif-image.fr\\\/OI\\\/wp-content\\\/uploads\\\/2019\\\/02\\\/logo-OI-NATIONAL-rouge-2000px.jpg\",\"width\":1081,\"height\":1024,\"caption\":\"Objectif Image\"},\"image\":{\"@id\":\"https:\\\/\\\/objectif-image.fr\\\/OI\\\/#\\\/schema\\\/logo\\\/image\\\/\"},\"sameAs\":[\"https:\\\/\\\/www.facebook.com\\\/Objectif.mage\"]}]}<\/script>\n<!-- \/ Yoast SEO plugin. -->","yoast_head_json":{"title":"IMAGES n\u00b0 71 - Objectif Image","robots":{"index":"index","follow":"follow","max-snippet":"max-snippet:-1","max-image-preview":"max-image-preview:large","max-video-preview":"max-video-preview:-1"},"canonical":"https:\/\/objectif-image.fr\/OI\/revue-images\/images-n-71\/","og_locale":"fr_FR","og_type":"article","og_title":"IMAGES n\u00b0 71 - Objectif Image","og_description":"Le\u00a0num\u00e9ro 71\u00a0de la revue\u00a0IMAGES sur le th\u00e8me\u00a0\u00a0\u00ab Question de Temps \u00bb\u00a0est disponible. Dans ce num\u00e9ro d\u2019images vous allez d\u00e9couvrir des photos qui vous montrent l\u2019emprise du temps sur des personnes des objets. Vous trouverez des instants saisis ou au contraire des images fabriqu\u00e9es sur la dur\u00e9e de la journ\u00e9e ou d\u2019un voyage. Le comit\u00e9 de [&hellip;]","og_url":"https:\/\/objectif-image.fr\/OI\/revue-images\/images-n-71\/","og_site_name":"Objectif Image","article_publisher":"https:\/\/www.facebook.com\/Objectif.mage","article_modified_time":"2024-01-06T12:39:12+00:00","og_image":[{"width":704,"height":970,"url":"https:\/\/objectif-image.fr\/OI\/wp-content\/uploads\/2021\/03\/Page-de-couverture-2.jpg","type":"image\/jpeg"}],"twitter_card":"summary_large_image","twitter_misc":{"Dur\u00e9e de lecture estim\u00e9e":"1 minute"},"schema":{"@context":"https:\/\/schema.org","@graph":[{"@type":"WebPage","@id":"https:\/\/objectif-image.fr\/OI\/revue-images\/images-n-71\/","url":"https:\/\/objectif-image.fr\/OI\/revue-images\/images-n-71\/","name":"IMAGES n\u00b0 71 - Objectif Image","isPartOf":{"@id":"https:\/\/objectif-image.fr\/OI\/#website"},"primaryImageOfPage":{"@id":"https:\/\/objectif-image.fr\/OI\/revue-images\/images-n-71\/#primaryimage"},"image":{"@id":"https:\/\/objectif-image.fr\/OI\/revue-images\/images-n-71\/#primaryimage"},"thumbnailUrl":"https:\/\/objectif-image.fr\/OI\/wp-content\/uploads\/2021\/03\/Page-de-couverture-2.jpg","datePublished":"2021-03-06T13:46:19+00:00","dateModified":"2024-01-06T12:39:12+00:00","breadcrumb":{"@id":"https:\/\/objectif-image.fr\/OI\/revue-images\/images-n-71\/#breadcrumb"},"inLanguage":"fr-FR","potentialAction":[{"@type":"ReadAction","target":["https:\/\/objectif-image.fr\/OI\/revue-images\/images-n-71\/"]}]},{"@type":"ImageObject","inLanguage":"fr-FR","@id":"https:\/\/objectif-image.fr\/OI\/revue-images\/images-n-71\/#primaryimage","url":"https:\/\/objectif-image.fr\/OI\/wp-content\/uploads\/2021\/03\/Page-de-couverture-2.jpg","contentUrl":"https:\/\/objectif-image.fr\/OI\/wp-content\/uploads\/2021\/03\/Page-de-couverture-2.jpg","width":704,"height":970},{"@type":"BreadcrumbList","@id":"https:\/\/objectif-image.fr\/OI\/revue-images\/images-n-71\/#breadcrumb","itemListElement":[{"@type":"ListItem","position":1,"name":"Accueil","item":"https:\/\/objectif-image.fr\/OI\/"},{"@type":"ListItem","position":2,"name":"Revue images","item":"https:\/\/objectif-image.fr\/OI\/revue-images\/"},{"@type":"ListItem","position":3,"name":"IMAGES n\u00b0 71"}]},{"@type":"WebSite","@id":"https:\/\/objectif-image.fr\/OI\/#website","url":"https:\/\/objectif-image.fr\/OI\/","name":"Objectif Image","description":"Objectif Image","publisher":{"@id":"https:\/\/objectif-image.fr\/OI\/#organization"},"potentialAction":[{"@type":"SearchAction","target":{"@type":"EntryPoint","urlTemplate":"https:\/\/objectif-image.fr\/OI\/?s={search_term_string}"},"query-input":{"@type":"PropertyValueSpecification","valueRequired":true,"valueName":"search_term_string"}}],"inLanguage":"fr-FR"},{"@type":"Organization","@id":"https:\/\/objectif-image.fr\/OI\/#organization","name":"Objectif Image","url":"https:\/\/objectif-image.fr\/OI\/","logo":{"@type":"ImageObject","inLanguage":"fr-FR","@id":"https:\/\/objectif-image.fr\/OI\/#\/schema\/logo\/image\/","url":"https:\/\/objectif-image.fr\/OI\/wp-content\/uploads\/2019\/02\/logo-OI-NATIONAL-rouge-2000px.jpg","contentUrl":"https:\/\/objectif-image.fr\/OI\/wp-content\/uploads\/2019\/02\/logo-OI-NATIONAL-rouge-2000px.jpg","width":1081,"height":1024,"caption":"Objectif Image"},"image":{"@id":"https:\/\/objectif-image.fr\/OI\/#\/schema\/logo\/image\/"},"sameAs":["https:\/\/www.facebook.com\/Objectif.mage"]}]}},"_links":{"self":[{"href":"https:\/\/objectif-image.fr\/OI\/wp-json\/wp\/v2\/pages\/33229","targetHints":{"allow":["GET"]}}],"collection":[{"href":"https:\/\/objectif-image.fr\/OI\/wp-json\/wp\/v2\/pages"}],"about":[{"href":"https:\/\/objectif-image.fr\/OI\/wp-json\/wp\/v2\/types\/page"}],"author":[{"embeddable":true,"href":"https:\/\/objectif-image.fr\/OI\/wp-json\/wp\/v2\/users\/3"}],"replies":[{"embeddable":true,"href":"https:\/\/objectif-image.fr\/OI\/wp-json\/wp\/v2\/comments?post=33229"}],"version-history":[{"count":0,"href":"https:\/\/objectif-image.fr\/OI\/wp-json\/wp\/v2\/pages\/33229\/revisions"}],"up":[{"embeddable":true,"href":"https:\/\/objectif-image.fr\/OI\/wp-json\/wp\/v2\/pages\/10692"}],"wp:featuredmedia":[{"embeddable":true,"href":"https:\/\/objectif-image.fr\/OI\/wp-json\/wp\/v2\/media\/33232"}],"wp:attachment":[{"href":"https:\/\/objectif-image.fr\/OI\/wp-json\/wp\/v2\/media?parent=33229"}],"wp:term":[{"taxonomy":"category","embeddable":true,"href":"https:\/\/objectif-image.fr\/OI\/wp-json\/wp\/v2\/categories?post=33229"},{"taxonomy":"post_tag","embeddable":true,"href":"https:\/\/objectif-image.fr\/OI\/wp-json\/wp\/v2\/tags?post=33229"}],"curies":[{"name":"wp","href":"https:\/\/api.w.org\/{rel}","templated":true}]}}