{"id":39581,"date":"2022-04-07T17:34:45","date_gmt":"2022-04-07T15:34:45","guid":{"rendered":"https:\/\/objectif-image.fr\/OI\/?page_id=39581"},"modified":"2024-01-06T13:41:50","modified_gmt":"2024-01-06T12:41:50","slug":"images-n-72","status":"publish","type":"page","link":"https:\/\/objectif-image.fr\/OI\/revue-images\/images-n-72\/","title":{"rendered":"IMAGES n\u00b0 72"},"content":{"rendered":"\n<p class=\"has-black-color has-text-color has-background\" style=\"background-color:#fae19b;font-size:clamp(16.293px, 1.018rem + ((1vw - 3.2px) * 0.67), 25px);\">Le&nbsp;<strong>num\u00e9ro 72<\/strong>&nbsp;de la revue&nbsp;<strong>IMAGES<\/strong> sur le th\u00e8me&nbsp;<strong>&nbsp;\u00ab La Nuit \u00bb<\/strong>&nbsp;est disponible.<\/p>\n\n\n\n<figure class=\"wp-block-image alignleft size-full is-resized\"><img loading=\"lazy\" decoding=\"async\" width=\"412\" height=\"583\" src=\"https:\/\/objectif-image.fr\/OI\/wp-content\/uploads\/2022\/04\/Couverture-IMAGES-72.jpg\" alt=\"\" class=\"wp-image-39582\" style=\"width:366px;height:517px\" srcset=\"https:\/\/objectif-image.fr\/OI\/wp-content\/uploads\/2022\/04\/Couverture-IMAGES-72.jpg 412w, https:\/\/objectif-image.fr\/OI\/wp-content\/uploads\/2022\/04\/Couverture-IMAGES-72-400x566.jpg 400w, https:\/\/objectif-image.fr\/OI\/wp-content\/uploads\/2022\/04\/Couverture-IMAGES-72-106x150.jpg 106w, https:\/\/objectif-image.fr\/OI\/wp-content\/uploads\/2022\/04\/Couverture-IMAGES-72-212x300.jpg 212w, https:\/\/objectif-image.fr\/OI\/wp-content\/uploads\/2022\/04\/Couverture-IMAGES-72-71x100.jpg 71w, https:\/\/objectif-image.fr\/OI\/wp-content\/uploads\/2022\/04\/Couverture-IMAGES-72-398x563.jpg 398w\" sizes=\"auto, (max-width: 412px) 100vw, 412px\" \/><\/figure>\n\n\n\n<p>.<\/p>\n\n\n\n<p class=\"has-black-color has-text-color\" style=\"font-size:clamp(15.747px, 0.984rem + ((1vw - 3.2px) * 0.635), 24px);\"><strong>Au sommaire<\/strong><\/p>\n\n\n\n<p class=\"has-black-color has-text-color has-medium-font-size\"><strong>Alain CORNU<\/strong> : Sur Paris<\/p>\n\n\n\n<p class=\"has-black-color has-text-color has-medium-font-size\"><strong>Rebecca TOPAKIAN<\/strong> : Infra<\/p>\n\n\n\n<p class=\"has-black-color has-text-color has-medium-font-size\"><strong>Nicolas RIVALS<\/strong> : La Linea Roja<\/p>\n\n\n\n<p class=\"has-black-color has-text-color has-medium-font-size\"><strong>Marie HAMEL<\/strong> : Alimentation G\u00e9n\u00e9rale<\/p>\n\n\n\n<p class=\"has-black-color has-text-color has-medium-font-size\"><strong>Xavier DUMOULIN<\/strong> : Incandescences<\/p>\n\n\n\n<p class=\"has-black-color has-text-color has-medium-font-size\"><strong>Juliette AGNEL<\/strong> : Aux \u00e9toiles le poids de la terre<\/p>\n\n\n\n<p class=\"has-black-color has-text-color has-medium-font-size\"><strong>Evelyne ADNET<\/strong> : Mamie, tu changes tout le temps<\/p>\n\n\n\n<p><\/p>\n\n\n\n<p>.<\/p>\n\n\n\n<p>.<\/p>\n\n\n\n<div class=\"wp-block-buttons alignfull is-layout-flex wp-block-buttons-is-layout-flex\">\n<div class=\"wp-block-button aligncenter\"><a class=\"wp-block-button__link wp-element-button\" href=\"https:\/\/objectif-image.fr\/OI\/produit\/images-n72\/\">&#8212;&#8212;&#8212;&#8212;&#8212;&#8212;&#8212;- Prix 10 \u20ac &#8212;&#8212;&#8212;&#8212;&#8212;&#8212;&#8212;&#8212;<\/a><\/div>\n<\/div>\n\n\n\n<figure class=\"wp-block-image size-full\"><img loading=\"lazy\" decoding=\"async\" width=\"776\" height=\"900\" src=\"https:\/\/objectif-image.fr\/OI\/wp-content\/uploads\/2022\/04\/Capture-decran-2022-04-07-172414.jpg\" alt=\"\" class=\"wp-image-39583\" srcset=\"https:\/\/objectif-image.fr\/OI\/wp-content\/uploads\/2022\/04\/Capture-decran-2022-04-07-172414.jpg 776w, https:\/\/objectif-image.fr\/OI\/wp-content\/uploads\/2022\/04\/Capture-decran-2022-04-07-172414-400x464.jpg 400w, https:\/\/objectif-image.fr\/OI\/wp-content\/uploads\/2022\/04\/Capture-decran-2022-04-07-172414-259x300.jpg 259w, https:\/\/objectif-image.fr\/OI\/wp-content\/uploads\/2022\/04\/Capture-decran-2022-04-07-172414-129x150.jpg 129w, https:\/\/objectif-image.fr\/OI\/wp-content\/uploads\/2022\/04\/Capture-decran-2022-04-07-172414-768x891.jpg 768w, https:\/\/objectif-image.fr\/OI\/wp-content\/uploads\/2022\/04\/Capture-decran-2022-04-07-172414-86x100.jpg 86w, https:\/\/objectif-image.fr\/OI\/wp-content\/uploads\/2022\/04\/Capture-decran-2022-04-07-172414-398x462.jpg 398w\" sizes=\"auto, (max-width: 776px) 100vw, 776px\" \/><\/figure>\n","protected":false},"excerpt":{"rendered":"<p>Le&nbsp;num\u00e9ro 72&nbsp;de la revue&nbsp;IMAGES sur le th\u00e8me&nbsp;&nbsp;\u00ab La Nuit \u00bb&nbsp;est disponible. . Au sommaire Alain CORNU : Sur Paris Rebecca TOPAKIAN : Infra Nicolas RIVALS : La Linea Roja Marie HAMEL : Alimentation G\u00e9n\u00e9rale Xavier DUMOULIN : Incandescences Juliette AGNEL : Aux \u00e9toiles le poids de la terre Evelyne ADNET : Mamie, tu changes tout [&hellip;]<\/p>\n","protected":false},"author":3,"featured_media":39582,"parent":10692,"menu_order":0,"comment_status":"closed","ping_status":"closed","template":"","meta":{"_acf_changed":false,"footnotes":""},"categories":[128],"tags":[],"class_list":["post-39581","page","type-page","status-publish","has-post-thumbnail","hentry","category-revue-images"],"acf":[],"yoast_head":"<!-- This site is optimized with the Yoast SEO plugin v27.4 - https:\/\/yoast.com\/product\/yoast-seo-wordpress\/ -->\n<title>IMAGES n\u00b0 72 - Objectif Image<\/title>\n<meta name=\"robots\" content=\"index, follow, max-snippet:-1, max-image-preview:large, max-video-preview:-1\" \/>\n<link rel=\"canonical\" href=\"https:\/\/objectif-image.fr\/OI\/revue-images\/images-n-72\/\" \/>\n<meta property=\"og:locale\" content=\"fr_FR\" \/>\n<meta property=\"og:type\" content=\"article\" \/>\n<meta property=\"og:title\" content=\"IMAGES n\u00b0 72 - Objectif Image\" \/>\n<meta property=\"og:description\" content=\"Le&nbsp;num\u00e9ro 72&nbsp;de la revue&nbsp;IMAGES sur le th\u00e8me&nbsp;&nbsp;\u00ab La Nuit \u00bb&nbsp;est disponible. . Au sommaire Alain CORNU : Sur Paris Rebecca TOPAKIAN : Infra Nicolas RIVALS : La Linea Roja Marie HAMEL : Alimentation G\u00e9n\u00e9rale Xavier DUMOULIN : Incandescences Juliette AGNEL : Aux \u00e9toiles le poids de la terre Evelyne ADNET : Mamie, tu changes tout [&hellip;]\" \/>\n<meta property=\"og:url\" content=\"https:\/\/objectif-image.fr\/OI\/revue-images\/images-n-72\/\" \/>\n<meta property=\"og:site_name\" content=\"Objectif Image\" \/>\n<meta property=\"article:publisher\" content=\"https:\/\/www.facebook.com\/Objectif.mage\" \/>\n<meta property=\"article:modified_time\" content=\"2024-01-06T12:41:50+00:00\" \/>\n<meta property=\"og:image\" content=\"https:\/\/objectif-image.fr\/OI\/wp-content\/uploads\/2022\/04\/Couverture-IMAGES-72.jpg\" \/>\n\t<meta property=\"og:image:width\" content=\"412\" \/>\n\t<meta property=\"og:image:height\" content=\"583\" \/>\n\t<meta property=\"og:image:type\" content=\"image\/jpeg\" \/>\n<meta name=\"twitter:card\" content=\"summary_large_image\" \/>\n<meta name=\"twitter:label1\" content=\"Dur\u00e9e de lecture estim\u00e9e\" \/>\n\t<meta name=\"twitter:data1\" content=\"1 minute\" \/>\n<script type=\"application\/ld+json\" class=\"yoast-schema-graph\">{\"@context\":\"https:\\\/\\\/schema.org\",\"@graph\":[{\"@type\":\"WebPage\",\"@id\":\"https:\\\/\\\/objectif-image.fr\\\/OI\\\/revue-images\\\/images-n-72\\\/\",\"url\":\"https:\\\/\\\/objectif-image.fr\\\/OI\\\/revue-images\\\/images-n-72\\\/\",\"name\":\"IMAGES n\u00b0 72 - Objectif Image\",\"isPartOf\":{\"@id\":\"https:\\\/\\\/objectif-image.fr\\\/OI\\\/#website\"},\"primaryImageOfPage\":{\"@id\":\"https:\\\/\\\/objectif-image.fr\\\/OI\\\/revue-images\\\/images-n-72\\\/#primaryimage\"},\"image\":{\"@id\":\"https:\\\/\\\/objectif-image.fr\\\/OI\\\/revue-images\\\/images-n-72\\\/#primaryimage\"},\"thumbnailUrl\":\"https:\\\/\\\/objectif-image.fr\\\/OI\\\/wp-content\\\/uploads\\\/2022\\\/04\\\/Couverture-IMAGES-72.jpg\",\"datePublished\":\"2022-04-07T15:34:45+00:00\",\"dateModified\":\"2024-01-06T12:41:50+00:00\",\"breadcrumb\":{\"@id\":\"https:\\\/\\\/objectif-image.fr\\\/OI\\\/revue-images\\\/images-n-72\\\/#breadcrumb\"},\"inLanguage\":\"fr-FR\",\"potentialAction\":[{\"@type\":\"ReadAction\",\"target\":[\"https:\\\/\\\/objectif-image.fr\\\/OI\\\/revue-images\\\/images-n-72\\\/\"]}]},{\"@type\":\"ImageObject\",\"inLanguage\":\"fr-FR\",\"@id\":\"https:\\\/\\\/objectif-image.fr\\\/OI\\\/revue-images\\\/images-n-72\\\/#primaryimage\",\"url\":\"https:\\\/\\\/objectif-image.fr\\\/OI\\\/wp-content\\\/uploads\\\/2022\\\/04\\\/Couverture-IMAGES-72.jpg\",\"contentUrl\":\"https:\\\/\\\/objectif-image.fr\\\/OI\\\/wp-content\\\/uploads\\\/2022\\\/04\\\/Couverture-IMAGES-72.jpg\",\"width\":412,\"height\":583},{\"@type\":\"BreadcrumbList\",\"@id\":\"https:\\\/\\\/objectif-image.fr\\\/OI\\\/revue-images\\\/images-n-72\\\/#breadcrumb\",\"itemListElement\":[{\"@type\":\"ListItem\",\"position\":1,\"name\":\"Accueil\",\"item\":\"https:\\\/\\\/objectif-image.fr\\\/OI\\\/\"},{\"@type\":\"ListItem\",\"position\":2,\"name\":\"Revue images\",\"item\":\"https:\\\/\\\/objectif-image.fr\\\/OI\\\/revue-images\\\/\"},{\"@type\":\"ListItem\",\"position\":3,\"name\":\"IMAGES n\u00b0 72\"}]},{\"@type\":\"WebSite\",\"@id\":\"https:\\\/\\\/objectif-image.fr\\\/OI\\\/#website\",\"url\":\"https:\\\/\\\/objectif-image.fr\\\/OI\\\/\",\"name\":\"Objectif Image\",\"description\":\"Objectif Image\",\"publisher\":{\"@id\":\"https:\\\/\\\/objectif-image.fr\\\/OI\\\/#organization\"},\"potentialAction\":[{\"@type\":\"SearchAction\",\"target\":{\"@type\":\"EntryPoint\",\"urlTemplate\":\"https:\\\/\\\/objectif-image.fr\\\/OI\\\/?s={search_term_string}\"},\"query-input\":{\"@type\":\"PropertyValueSpecification\",\"valueRequired\":true,\"valueName\":\"search_term_string\"}}],\"inLanguage\":\"fr-FR\"},{\"@type\":\"Organization\",\"@id\":\"https:\\\/\\\/objectif-image.fr\\\/OI\\\/#organization\",\"name\":\"Objectif Image\",\"url\":\"https:\\\/\\\/objectif-image.fr\\\/OI\\\/\",\"logo\":{\"@type\":\"ImageObject\",\"inLanguage\":\"fr-FR\",\"@id\":\"https:\\\/\\\/objectif-image.fr\\\/OI\\\/#\\\/schema\\\/logo\\\/image\\\/\",\"url\":\"https:\\\/\\\/objectif-image.fr\\\/OI\\\/wp-content\\\/uploads\\\/2019\\\/02\\\/logo-OI-NATIONAL-rouge-2000px.jpg\",\"contentUrl\":\"https:\\\/\\\/objectif-image.fr\\\/OI\\\/wp-content\\\/uploads\\\/2019\\\/02\\\/logo-OI-NATIONAL-rouge-2000px.jpg\",\"width\":1081,\"height\":1024,\"caption\":\"Objectif Image\"},\"image\":{\"@id\":\"https:\\\/\\\/objectif-image.fr\\\/OI\\\/#\\\/schema\\\/logo\\\/image\\\/\"},\"sameAs\":[\"https:\\\/\\\/www.facebook.com\\\/Objectif.mage\"]}]}<\/script>\n<!-- \/ Yoast SEO plugin. -->","yoast_head_json":{"title":"IMAGES n\u00b0 72 - Objectif Image","robots":{"index":"index","follow":"follow","max-snippet":"max-snippet:-1","max-image-preview":"max-image-preview:large","max-video-preview":"max-video-preview:-1"},"canonical":"https:\/\/objectif-image.fr\/OI\/revue-images\/images-n-72\/","og_locale":"fr_FR","og_type":"article","og_title":"IMAGES n\u00b0 72 - Objectif Image","og_description":"Le&nbsp;num\u00e9ro 72&nbsp;de la revue&nbsp;IMAGES sur le th\u00e8me&nbsp;&nbsp;\u00ab La Nuit \u00bb&nbsp;est disponible. . Au sommaire Alain CORNU : Sur Paris Rebecca TOPAKIAN : Infra Nicolas RIVALS : La Linea Roja Marie HAMEL : Alimentation G\u00e9n\u00e9rale Xavier DUMOULIN : Incandescences Juliette AGNEL : Aux \u00e9toiles le poids de la terre Evelyne ADNET : Mamie, tu changes tout [&hellip;]","og_url":"https:\/\/objectif-image.fr\/OI\/revue-images\/images-n-72\/","og_site_name":"Objectif Image","article_publisher":"https:\/\/www.facebook.com\/Objectif.mage","article_modified_time":"2024-01-06T12:41:50+00:00","og_image":[{"url":"https:\/\/objectif-image.fr\/OI\/wp-content\/uploads\/2022\/04\/Couverture-IMAGES-72.jpg","width":412,"height":583,"type":"image\/jpeg"}],"twitter_card":"summary_large_image","twitter_misc":{"Dur\u00e9e de lecture estim\u00e9e":"1 minute"},"schema":{"@context":"https:\/\/schema.org","@graph":[{"@type":"WebPage","@id":"https:\/\/objectif-image.fr\/OI\/revue-images\/images-n-72\/","url":"https:\/\/objectif-image.fr\/OI\/revue-images\/images-n-72\/","name":"IMAGES n\u00b0 72 - Objectif Image","isPartOf":{"@id":"https:\/\/objectif-image.fr\/OI\/#website"},"primaryImageOfPage":{"@id":"https:\/\/objectif-image.fr\/OI\/revue-images\/images-n-72\/#primaryimage"},"image":{"@id":"https:\/\/objectif-image.fr\/OI\/revue-images\/images-n-72\/#primaryimage"},"thumbnailUrl":"https:\/\/objectif-image.fr\/OI\/wp-content\/uploads\/2022\/04\/Couverture-IMAGES-72.jpg","datePublished":"2022-04-07T15:34:45+00:00","dateModified":"2024-01-06T12:41:50+00:00","breadcrumb":{"@id":"https:\/\/objectif-image.fr\/OI\/revue-images\/images-n-72\/#breadcrumb"},"inLanguage":"fr-FR","potentialAction":[{"@type":"ReadAction","target":["https:\/\/objectif-image.fr\/OI\/revue-images\/images-n-72\/"]}]},{"@type":"ImageObject","inLanguage":"fr-FR","@id":"https:\/\/objectif-image.fr\/OI\/revue-images\/images-n-72\/#primaryimage","url":"https:\/\/objectif-image.fr\/OI\/wp-content\/uploads\/2022\/04\/Couverture-IMAGES-72.jpg","contentUrl":"https:\/\/objectif-image.fr\/OI\/wp-content\/uploads\/2022\/04\/Couverture-IMAGES-72.jpg","width":412,"height":583},{"@type":"BreadcrumbList","@id":"https:\/\/objectif-image.fr\/OI\/revue-images\/images-n-72\/#breadcrumb","itemListElement":[{"@type":"ListItem","position":1,"name":"Accueil","item":"https:\/\/objectif-image.fr\/OI\/"},{"@type":"ListItem","position":2,"name":"Revue images","item":"https:\/\/objectif-image.fr\/OI\/revue-images\/"},{"@type":"ListItem","position":3,"name":"IMAGES n\u00b0 72"}]},{"@type":"WebSite","@id":"https:\/\/objectif-image.fr\/OI\/#website","url":"https:\/\/objectif-image.fr\/OI\/","name":"Objectif Image","description":"Objectif Image","publisher":{"@id":"https:\/\/objectif-image.fr\/OI\/#organization"},"potentialAction":[{"@type":"SearchAction","target":{"@type":"EntryPoint","urlTemplate":"https:\/\/objectif-image.fr\/OI\/?s={search_term_string}"},"query-input":{"@type":"PropertyValueSpecification","valueRequired":true,"valueName":"search_term_string"}}],"inLanguage":"fr-FR"},{"@type":"Organization","@id":"https:\/\/objectif-image.fr\/OI\/#organization","name":"Objectif Image","url":"https:\/\/objectif-image.fr\/OI\/","logo":{"@type":"ImageObject","inLanguage":"fr-FR","@id":"https:\/\/objectif-image.fr\/OI\/#\/schema\/logo\/image\/","url":"https:\/\/objectif-image.fr\/OI\/wp-content\/uploads\/2019\/02\/logo-OI-NATIONAL-rouge-2000px.jpg","contentUrl":"https:\/\/objectif-image.fr\/OI\/wp-content\/uploads\/2019\/02\/logo-OI-NATIONAL-rouge-2000px.jpg","width":1081,"height":1024,"caption":"Objectif Image"},"image":{"@id":"https:\/\/objectif-image.fr\/OI\/#\/schema\/logo\/image\/"},"sameAs":["https:\/\/www.facebook.com\/Objectif.mage"]}]}},"_links":{"self":[{"href":"https:\/\/objectif-image.fr\/OI\/wp-json\/wp\/v2\/pages\/39581","targetHints":{"allow":["GET"]}}],"collection":[{"href":"https:\/\/objectif-image.fr\/OI\/wp-json\/wp\/v2\/pages"}],"about":[{"href":"https:\/\/objectif-image.fr\/OI\/wp-json\/wp\/v2\/types\/page"}],"author":[{"embeddable":true,"href":"https:\/\/objectif-image.fr\/OI\/wp-json\/wp\/v2\/users\/3"}],"replies":[{"embeddable":true,"href":"https:\/\/objectif-image.fr\/OI\/wp-json\/wp\/v2\/comments?post=39581"}],"version-history":[{"count":0,"href":"https:\/\/objectif-image.fr\/OI\/wp-json\/wp\/v2\/pages\/39581\/revisions"}],"up":[{"embeddable":true,"href":"https:\/\/objectif-image.fr\/OI\/wp-json\/wp\/v2\/pages\/10692"}],"wp:featuredmedia":[{"embeddable":true,"href":"https:\/\/objectif-image.fr\/OI\/wp-json\/wp\/v2\/media\/39582"}],"wp:attachment":[{"href":"https:\/\/objectif-image.fr\/OI\/wp-json\/wp\/v2\/media?parent=39581"}],"wp:term":[{"taxonomy":"category","embeddable":true,"href":"https:\/\/objectif-image.fr\/OI\/wp-json\/wp\/v2\/categories?post=39581"},{"taxonomy":"post_tag","embeddable":true,"href":"https:\/\/objectif-image.fr\/OI\/wp-json\/wp\/v2\/tags?post=39581"}],"curies":[{"name":"wp","href":"https:\/\/api.w.org\/{rel}","templated":true}]}}