{"id":4459,"date":"2017-03-21T21:44:46","date_gmt":"2017-03-21T20:44:46","guid":{"rendered":"https:\/\/objectif-image.fr\/OI\/?page_id=4459"},"modified":"2026-01-22T09:58:10","modified_gmt":"2026-01-22T08:58:10","slug":"sidentifier","status":"publish","type":"page","link":"https:\/\/objectif-image.fr\/OI\/sidentifier\/","title":{"rendered":"S&rsquo;identifier"},"content":{"rendered":"\n<\/p>\n\n\n\n<div class=\"wp-block-columns is-layout-flex wp-container-core-columns-is-layout-28f84493 wp-block-columns-is-layout-flex\">\n<div class=\"wp-block-column is-layout-flow wp-block-column-is-layout-flow\" style=\"flex-basis:60%\">\n<div class=\"wp-block-columns is-layout-flex wp-container-core-columns-is-layout-28f84493 wp-block-columns-is-layout-flex\">\n<div class=\"wp-block-column is-layout-flow wp-block-column-is-layout-flow\"><\/div>\n\n\n\n<div class=\"wp-block-column is-layout-flow wp-block-column-is-layout-flow\"><p>        <div class=\"members-login-form\">\n            <form name=\"loginform\" id=\"loginform\" action=\"https:\/\/objectif-image.fr\/OI\/coucou\/\" method=\"post\"><p class=\"login-username\">\n\t\t\t\t<label for=\"user_login\">Identifiant ou adresse e-mail<\/label>\n\t\t\t\t<input type=\"text\" name=\"log\" id=\"user_login\" autocomplete=\"username\" class=\"input\" value=\"\" size=\"20\" \/>\n\t\t\t<\/p><p class=\"login-password\">\n\t\t\t\t<label for=\"user_pass\">Mot de passe<\/label>\n\t\t\t\t<input type=\"password\" name=\"pwd\" id=\"user_pass\" autocomplete=\"current-password\" spellcheck=\"false\" class=\"input\" value=\"\" size=\"20\" \/>\n\t\t\t<\/p><p class=\"login-remember\"><label><input name=\"rememberme\" type=\"checkbox\" id=\"rememberme\" value=\"forever\" \/> Se souvenir de moi<\/label><\/p><p class=\"login-submit\">\n\t\t\t\t<input type=\"submit\" name=\"wp-submit\" id=\"wp-submit\" class=\"button button-primary\" value=\"Se connecter\" \/>\n\t\t\t\t<input type=\"hidden\" name=\"redirect_to\" value=\"https:\/\/objectif-image.fr\/OI\/wp-json\/wp\/v2\/pages\/4459\" \/>\n\t\t\t<\/p><input type=\"hidden\" id=\"members_login_nonce\" name=\"members_login_nonce\" value=\"53a15399cc\" \/><input type=\"hidden\" name=\"_wp_http_referer\" value=\"\/OI\/wp-json\/wp\/v2\/pages\/4459\" \/><\/form>        <\/div>\n                <style>\n            .members-login-form * {\n                box-sizing: border-box;\n            }\n            .members-login-form label {\n                display: block;\n                margin-bottom: 4px;\n                font-size: 18px;\n                font-weight: 500;\n            }\n            .members-login-form input[type=\"text\"],\n            .members-login-form input[type=\"password\"] {\n                width: 100%;\n                max-width: 320px;\n                padding: 0.5rem 0.75rem;\n                border: 1px solid #64748b;\n                border-radius: 4px;\n                font-size: 16px;\n            }\n            .members-login-form input[type=\"submit\"] {\n                width: 100%;\n                max-width: 320px;\n                padding: 0.75rem;\n                cursor: pointer;\n                background: #64748b;\n                border: 0;\n                border-radius: 4px;\n                color: #fff;\n                font-size: 16px;\n                font-weight: 500;\n            }\n            .members-logged-in input[type=\"submit\"] {\n                pointer-events: none;\n                opacity: 0.4;\n                cursor: not-allowed;\n            }\n            .members-login-notice {\n                display: block !important;\n                max-width: 320px;\n                padding: 10px;\n                background: #f1f1f1;\n                border-radius: 4px;\n                border-left: 3px solid #36d651;\n                font-size: 18px;\n                font-weight: 500;\n            }\n            .members-login-error {\n                border-left-color: #d63638;\n            }\n        <\/style>\n    <\/p>\n<\/div>\n\n\n\n<div class=\"wp-block-column is-layout-flow wp-block-column-is-layout-flow\"><\/div>\n<\/div>\n\n\n\n<div style=\"height:100px\" aria-hidden=\"true\" class=\"wp-block-spacer\"><\/div>\n\n\n\n<div class=\"wp-block-buttons is-content-justification-center is-layout-flex wp-container-core-buttons-is-layout-a89b3969 wp-block-buttons-is-layout-flex\">\n<div class=\"wp-block-button alignleft\"><a class=\"wp-block-button__link wp-element-button\" href=\"https:\/\/objectif-image.fr\/OI\/coucou?action=lostpassword\">Cliquez ici en cas de mot de passe oubli\u00e9<\/a><\/div>\n<\/div>\n<\/div>\n\n\n\n<div class=\"wp-block-column is-layout-flow wp-block-column-is-layout-flow\" style=\"flex-basis:40%\">\n<h4 class=\"wp-block-heading has-text-align-center has-medium-font-size\">L&rsquo;acc\u00e8s complet du site est r\u00e9serv\u00e9 aux membres d&rsquo;Objectif Image<\/h4>\n\n\n\n<p class=\"has-text-align-center\"><strong>Pour devenir membre, il faut : <\/strong><br><strong>Soit adh\u00e9rer en tant que groupe ou individuel (50 \u20ac\/an)<br>Soit \u00eatre membre d&rsquo;un groupe adh\u00e9rent et s&rsquo;inscrire (5 \u20ac\/an)<\/strong><\/p>\n\n\n\n<figure class=\"wp-block-image aligncenter size-full is-resized\"><a href=\"https:\/\/objectif-image.fr\/OI\/coucou?action=register\"><img loading=\"lazy\" decoding=\"async\" width=\"562\" height=\"258\" src=\"https:\/\/objectif-image.fr\/OI\/wp-content\/uploads\/2023\/12\/bouton-inscription-3.jpg\" alt=\"\" class=\"wp-image-50152\" style=\"width:246px;height:auto\" srcset=\"https:\/\/objectif-image.fr\/OI\/wp-content\/uploads\/2023\/12\/bouton-inscription-3.jpg 562w, https:\/\/objectif-image.fr\/OI\/wp-content\/uploads\/2023\/12\/bouton-inscription-3-400x184.jpg 400w, https:\/\/objectif-image.fr\/OI\/wp-content\/uploads\/2023\/12\/bouton-inscription-3-300x138.jpg 300w, https:\/\/objectif-image.fr\/OI\/wp-content\/uploads\/2023\/12\/bouton-inscription-3-150x69.jpg 150w, https:\/\/objectif-image.fr\/OI\/wp-content\/uploads\/2023\/12\/bouton-inscription-3-100x46.jpg 100w\" sizes=\"auto, (max-width: 562px) 100vw, 562px\" \/><\/a><\/figure>\n<\/div>\n<\/div>\n\n\n\n<hr class=\"wp-block-separator has-css-opacity\"\/>\n\n\n\n<hr class=\"wp-block-separator has-css-opacity\"\/>\n\n\n<p style=\"text-align: left;\">\n<p><span style=\"display: inline !important; float: none; background-color: #ffffff; color: #191e23; cursor: text; font-family: 'Noto Serif'; font-size: 16px; font-style: normal; font-variant: normal; font-weight: 400; letter-spacing: normal; orphans: 2; text-align: left; text-decoration: none; text-indent: 0px; text-transform: none; -webkit-text-stroke-width: 0px; white-space: normal; word-spacing: 0px;\"><\/p>\n","protected":false},"excerpt":{"rendered":"","protected":false},"author":10,"featured_media":0,"parent":0,"menu_order":0,"comment_status":"closed","ping_status":"closed","template":"","meta":{"_acf_changed":false,"footnotes":""},"categories":[],"tags":[],"class_list":["post-4459","page","type-page","status-publish","hentry"],"acf":[],"yoast_head":"<!-- This site is optimized with the Yoast SEO plugin v27.3 - https:\/\/yoast.com\/product\/yoast-seo-wordpress\/ -->\n<title>S&#039;identifier - Objectif Image<\/title>\n<meta name=\"robots\" content=\"index, follow, max-snippet:-1, max-image-preview:large, max-video-preview:-1\" \/>\n<link rel=\"canonical\" href=\"https:\/\/objectif-image.fr\/OI\/sidentifier\/\" \/>\n<meta property=\"og:locale\" content=\"fr_FR\" \/>\n<meta property=\"og:type\" content=\"article\" \/>\n<meta property=\"og:title\" content=\"S&#039;identifier - Objectif Image\" \/>\n<meta property=\"og:url\" content=\"https:\/\/objectif-image.fr\/OI\/sidentifier\/\" \/>\n<meta property=\"og:site_name\" content=\"Objectif Image\" \/>\n<meta property=\"article:publisher\" content=\"https:\/\/www.facebook.com\/Objectif.mage\" \/>\n<meta property=\"article:modified_time\" content=\"2026-01-22T08:58:10+00:00\" \/>\n<meta property=\"og:image\" content=\"https:\/\/objectif-image.fr\/OI\/wp-content\/uploads\/2023\/12\/bouton-inscription-3.jpg\" \/>\n<meta name=\"twitter:card\" content=\"summary_large_image\" \/>\n<meta name=\"twitter:label1\" content=\"Dur\u00e9e de lecture estim\u00e9e\" \/>\n\t<meta name=\"twitter:data1\" content=\"1 minute\" \/>\n<script type=\"application\/ld+json\" class=\"yoast-schema-graph\">{\"@context\":\"https:\\\/\\\/schema.org\",\"@graph\":[{\"@type\":\"WebPage\",\"@id\":\"https:\\\/\\\/objectif-image.fr\\\/OI\\\/sidentifier\\\/\",\"url\":\"https:\\\/\\\/objectif-image.fr\\\/OI\\\/sidentifier\\\/\",\"name\":\"S'identifier - Objectif Image\",\"isPartOf\":{\"@id\":\"https:\\\/\\\/objectif-image.fr\\\/OI\\\/#website\"},\"primaryImageOfPage\":{\"@id\":\"https:\\\/\\\/objectif-image.fr\\\/OI\\\/sidentifier\\\/#primaryimage\"},\"image\":{\"@id\":\"https:\\\/\\\/objectif-image.fr\\\/OI\\\/sidentifier\\\/#primaryimage\"},\"thumbnailUrl\":\"https:\\\/\\\/objectif-image.fr\\\/OI\\\/wp-content\\\/uploads\\\/2023\\\/12\\\/bouton-inscription-3.jpg\",\"datePublished\":\"2017-03-21T20:44:46+00:00\",\"dateModified\":\"2026-01-22T08:58:10+00:00\",\"breadcrumb\":{\"@id\":\"https:\\\/\\\/objectif-image.fr\\\/OI\\\/sidentifier\\\/#breadcrumb\"},\"inLanguage\":\"fr-FR\",\"potentialAction\":[{\"@type\":\"ReadAction\",\"target\":[\"https:\\\/\\\/objectif-image.fr\\\/OI\\\/sidentifier\\\/\"]}]},{\"@type\":\"ImageObject\",\"inLanguage\":\"fr-FR\",\"@id\":\"https:\\\/\\\/objectif-image.fr\\\/OI\\\/sidentifier\\\/#primaryimage\",\"url\":\"https:\\\/\\\/objectif-image.fr\\\/OI\\\/wp-content\\\/uploads\\\/2023\\\/12\\\/bouton-inscription-3.jpg\",\"contentUrl\":\"https:\\\/\\\/objectif-image.fr\\\/OI\\\/wp-content\\\/uploads\\\/2023\\\/12\\\/bouton-inscription-3.jpg\",\"width\":562,\"height\":258},{\"@type\":\"BreadcrumbList\",\"@id\":\"https:\\\/\\\/objectif-image.fr\\\/OI\\\/sidentifier\\\/#breadcrumb\",\"itemListElement\":[{\"@type\":\"ListItem\",\"position\":1,\"name\":\"Accueil\",\"item\":\"https:\\\/\\\/objectif-image.fr\\\/OI\\\/\"},{\"@type\":\"ListItem\",\"position\":2,\"name\":\"S&rsquo;identifier\"}]},{\"@type\":\"WebSite\",\"@id\":\"https:\\\/\\\/objectif-image.fr\\\/OI\\\/#website\",\"url\":\"https:\\\/\\\/objectif-image.fr\\\/OI\\\/\",\"name\":\"Objectif Image\",\"description\":\"Objectif Image\",\"publisher\":{\"@id\":\"https:\\\/\\\/objectif-image.fr\\\/OI\\\/#organization\"},\"potentialAction\":[{\"@type\":\"SearchAction\",\"target\":{\"@type\":\"EntryPoint\",\"urlTemplate\":\"https:\\\/\\\/objectif-image.fr\\\/OI\\\/?s={search_term_string}\"},\"query-input\":{\"@type\":\"PropertyValueSpecification\",\"valueRequired\":true,\"valueName\":\"search_term_string\"}}],\"inLanguage\":\"fr-FR\"},{\"@type\":\"Organization\",\"@id\":\"https:\\\/\\\/objectif-image.fr\\\/OI\\\/#organization\",\"name\":\"Objectif Image\",\"url\":\"https:\\\/\\\/objectif-image.fr\\\/OI\\\/\",\"logo\":{\"@type\":\"ImageObject\",\"inLanguage\":\"fr-FR\",\"@id\":\"https:\\\/\\\/objectif-image.fr\\\/OI\\\/#\\\/schema\\\/logo\\\/image\\\/\",\"url\":\"https:\\\/\\\/objectif-image.fr\\\/OI\\\/wp-content\\\/uploads\\\/2019\\\/02\\\/logo-OI-NATIONAL-rouge-2000px.jpg\",\"contentUrl\":\"https:\\\/\\\/objectif-image.fr\\\/OI\\\/wp-content\\\/uploads\\\/2019\\\/02\\\/logo-OI-NATIONAL-rouge-2000px.jpg\",\"width\":1081,\"height\":1024,\"caption\":\"Objectif Image\"},\"image\":{\"@id\":\"https:\\\/\\\/objectif-image.fr\\\/OI\\\/#\\\/schema\\\/logo\\\/image\\\/\"},\"sameAs\":[\"https:\\\/\\\/www.facebook.com\\\/Objectif.mage\"]}]}<\/script>\n<!-- \/ Yoast SEO plugin. -->","yoast_head_json":{"title":"S'identifier - Objectif Image","robots":{"index":"index","follow":"follow","max-snippet":"max-snippet:-1","max-image-preview":"max-image-preview:large","max-video-preview":"max-video-preview:-1"},"canonical":"https:\/\/objectif-image.fr\/OI\/sidentifier\/","og_locale":"fr_FR","og_type":"article","og_title":"S'identifier - Objectif Image","og_url":"https:\/\/objectif-image.fr\/OI\/sidentifier\/","og_site_name":"Objectif Image","article_publisher":"https:\/\/www.facebook.com\/Objectif.mage","article_modified_time":"2026-01-22T08:58:10+00:00","og_image":[{"url":"https:\/\/objectif-image.fr\/OI\/wp-content\/uploads\/2023\/12\/bouton-inscription-3.jpg","type":"","width":"","height":""}],"twitter_card":"summary_large_image","twitter_misc":{"Dur\u00e9e de lecture estim\u00e9e":"1 minute"},"schema":{"@context":"https:\/\/schema.org","@graph":[{"@type":"WebPage","@id":"https:\/\/objectif-image.fr\/OI\/sidentifier\/","url":"https:\/\/objectif-image.fr\/OI\/sidentifier\/","name":"S'identifier - Objectif Image","isPartOf":{"@id":"https:\/\/objectif-image.fr\/OI\/#website"},"primaryImageOfPage":{"@id":"https:\/\/objectif-image.fr\/OI\/sidentifier\/#primaryimage"},"image":{"@id":"https:\/\/objectif-image.fr\/OI\/sidentifier\/#primaryimage"},"thumbnailUrl":"https:\/\/objectif-image.fr\/OI\/wp-content\/uploads\/2023\/12\/bouton-inscription-3.jpg","datePublished":"2017-03-21T20:44:46+00:00","dateModified":"2026-01-22T08:58:10+00:00","breadcrumb":{"@id":"https:\/\/objectif-image.fr\/OI\/sidentifier\/#breadcrumb"},"inLanguage":"fr-FR","potentialAction":[{"@type":"ReadAction","target":["https:\/\/objectif-image.fr\/OI\/sidentifier\/"]}]},{"@type":"ImageObject","inLanguage":"fr-FR","@id":"https:\/\/objectif-image.fr\/OI\/sidentifier\/#primaryimage","url":"https:\/\/objectif-image.fr\/OI\/wp-content\/uploads\/2023\/12\/bouton-inscription-3.jpg","contentUrl":"https:\/\/objectif-image.fr\/OI\/wp-content\/uploads\/2023\/12\/bouton-inscription-3.jpg","width":562,"height":258},{"@type":"BreadcrumbList","@id":"https:\/\/objectif-image.fr\/OI\/sidentifier\/#breadcrumb","itemListElement":[{"@type":"ListItem","position":1,"name":"Accueil","item":"https:\/\/objectif-image.fr\/OI\/"},{"@type":"ListItem","position":2,"name":"S&rsquo;identifier"}]},{"@type":"WebSite","@id":"https:\/\/objectif-image.fr\/OI\/#website","url":"https:\/\/objectif-image.fr\/OI\/","name":"Objectif Image","description":"Objectif Image","publisher":{"@id":"https:\/\/objectif-image.fr\/OI\/#organization"},"potentialAction":[{"@type":"SearchAction","target":{"@type":"EntryPoint","urlTemplate":"https:\/\/objectif-image.fr\/OI\/?s={search_term_string}"},"query-input":{"@type":"PropertyValueSpecification","valueRequired":true,"valueName":"search_term_string"}}],"inLanguage":"fr-FR"},{"@type":"Organization","@id":"https:\/\/objectif-image.fr\/OI\/#organization","name":"Objectif Image","url":"https:\/\/objectif-image.fr\/OI\/","logo":{"@type":"ImageObject","inLanguage":"fr-FR","@id":"https:\/\/objectif-image.fr\/OI\/#\/schema\/logo\/image\/","url":"https:\/\/objectif-image.fr\/OI\/wp-content\/uploads\/2019\/02\/logo-OI-NATIONAL-rouge-2000px.jpg","contentUrl":"https:\/\/objectif-image.fr\/OI\/wp-content\/uploads\/2019\/02\/logo-OI-NATIONAL-rouge-2000px.jpg","width":1081,"height":1024,"caption":"Objectif Image"},"image":{"@id":"https:\/\/objectif-image.fr\/OI\/#\/schema\/logo\/image\/"},"sameAs":["https:\/\/www.facebook.com\/Objectif.mage"]}]}},"_links":{"self":[{"href":"https:\/\/objectif-image.fr\/OI\/wp-json\/wp\/v2\/pages\/4459","targetHints":{"allow":["GET"]}}],"collection":[{"href":"https:\/\/objectif-image.fr\/OI\/wp-json\/wp\/v2\/pages"}],"about":[{"href":"https:\/\/objectif-image.fr\/OI\/wp-json\/wp\/v2\/types\/page"}],"author":[{"embeddable":true,"href":"https:\/\/objectif-image.fr\/OI\/wp-json\/wp\/v2\/users\/10"}],"replies":[{"embeddable":true,"href":"https:\/\/objectif-image.fr\/OI\/wp-json\/wp\/v2\/comments?post=4459"}],"version-history":[{"count":0,"href":"https:\/\/objectif-image.fr\/OI\/wp-json\/wp\/v2\/pages\/4459\/revisions"}],"wp:attachment":[{"href":"https:\/\/objectif-image.fr\/OI\/wp-json\/wp\/v2\/media?parent=4459"}],"wp:term":[{"taxonomy":"category","embeddable":true,"href":"https:\/\/objectif-image.fr\/OI\/wp-json\/wp\/v2\/categories?post=4459"},{"taxonomy":"post_tag","embeddable":true,"href":"https:\/\/objectif-image.fr\/OI\/wp-json\/wp\/v2\/tags?post=4459"}],"curies":[{"name":"wp","href":"https:\/\/api.w.org\/{rel}","templated":true}]}}