{"id":47144,"date":"2023-04-24T14:59:49","date_gmt":"2023-04-24T12:59:49","guid":{"rendered":"https:\/\/objectif-image.fr\/OI\/?page_id=47144"},"modified":"2025-05-05T14:13:36","modified_gmt":"2025-05-05T12:13:36","slug":"images-n-73","status":"publish","type":"page","link":"https:\/\/objectif-image.fr\/OI\/revue-images\/images-n-73\/","title":{"rendered":"IMAGES n\u00b0 73"},"content":{"rendered":"\n<p class=\"has-black-color has-text-color\" style=\"font-size:clamp(16.293px, 1.018rem + ((1vw - 3.2px) * 0.67), 25px);\">Th\u00e8me de ce num\u00e9ro <strong>\u00a0\u00bb M\u00e9tamorphose\u00a0\u00bb<\/strong><\/p>\n\n\n\n<div data-block-name=\"woocommerce\/single-product\" data-product-id=\"47072\" data-wp-context=\"{&quot;productId&quot;:47072,&quot;variationId&quot;:null}\" data-wp-interactive=\"woocommerce\/single-product\" class=\"wp-block-woocommerce-single-product woocommerce\">\n<div class=\"wp-block-columns is-layout-flex wp-container-core-columns-is-layout-28f84493 wp-block-columns-is-layout-flex\">\n<div class=\"wp-block-column is-layout-flow wp-block-column-is-layout-flow\"><div data-block-name=\"woocommerce\/product-image\" data-is-descendent-of-single-product-block=\"true\" data-show-sale-badge=\"false\" class=\"wc-block-components-product-image wc-block-grid__product-image wc-block-components-product-image--aspect-ratio-auto wp-block-woocommerce-product-image\"><a href=\"https:\/\/objectif-image.fr\/OI\/produit\/images-n-73\/\" style=\"\" data-wp-on--click=\"woocommerce\/product-collection::actions.viewProduct\"><img decoding=\"async\" width=\"400\" height=\"600\" src=\"https:\/\/objectif-image.fr\/OI\/wp-content\/uploads\/2023\/04\/ImageN\u00b073-scaled-400x600.jpg\" class=\"attachment-woocommerce_single size-woocommerce_single\" alt=\"Images n\u00b0 73\" data-testid=\"product-image\" data-image-id=\"47071\" style=\"object-fit:cover;\" loading=\"lazy\" srcset=\"https:\/\/objectif-image.fr\/OI\/wp-content\/uploads\/2023\/04\/ImageN\u00b073-scaled-400x600.jpg 400w, https:\/\/objectif-image.fr\/OI\/wp-content\/uploads\/2023\/04\/ImageN\u00b073-100x150.jpg 100w, https:\/\/objectif-image.fr\/OI\/wp-content\/uploads\/2023\/04\/ImageN\u00b073-200x300.jpg 200w, https:\/\/objectif-image.fr\/OI\/wp-content\/uploads\/2023\/04\/ImageN\u00b073-768x1152.jpg 768w, https:\/\/objectif-image.fr\/OI\/wp-content\/uploads\/2023\/04\/ImageN\u00b073-682x1024.jpg 682w, https:\/\/objectif-image.fr\/OI\/wp-content\/uploads\/2023\/04\/ImageN\u00b073-1024x1536.jpg 1024w, https:\/\/objectif-image.fr\/OI\/wp-content\/uploads\/2023\/04\/ImageN\u00b073-1365x2048.jpg 1365w, https:\/\/objectif-image.fr\/OI\/wp-content\/uploads\/2023\/04\/ImageN\u00b073-67x100.jpg 67w, https:\/\/objectif-image.fr\/OI\/wp-content\/uploads\/2023\/04\/ImageN\u00b073-1320x1981.jpg 1320w, https:\/\/objectif-image.fr\/OI\/wp-content\/uploads\/2023\/04\/ImageN\u00b073-scaled.jpg 1706w\" sizes=\"auto, (max-width: 400px) 100vw, 400px\" \/><div class=\"wc-block-components-product-image__inner-container\"><\/div><\/a><\/div><\/div>\n\n\n\n<div class=\"wp-block-column is-layout-flow wp-block-column-is-layout-flow\"><h2 class=\"wp-block-post-title\"><a href=\"https:\/\/objectif-image.fr\/OI\/produit\/images-n-73\/\" target=\"_self\" >Images n\u00b0 73<\/a><\/h2>\n\n\n\n<div data-block-name=\"woocommerce\/product-price\" data-is-descendent-of-single-product-block=\"true\" class=\"wp-block-woocommerce-product-price\" ><div class=\"wc-block-components-product-price wc-block-grid__product-price\" >\n\t\t\t\t\t<span class=\"woocommerce-Price-amount amount\"><bdi>10,00<span class=\"woocommerce-Price-currencySymbol\">&euro;<\/span><\/bdi><\/span>\n\t\t\t\t<\/div><\/div>\n\n\n\n<div data-block-name=\"woocommerce\/add-to-cart-form\" class=\"wp-block-add-to-cart-form wc-block-add-to-cart-form wc-block-add-to-cart-form--input wp-block-woocommerce-add-to-cart-form\" >\n\t\n\t<form class=\"cart\" action=\"https:\/\/objectif-image.fr\/OI\/produit\/images-n-73\/\" method=\"post\" enctype='multipart\/form-data'>\n\t\t\n\t\t<div class=\"quantity\">\n\t\t<label class=\"screen-reader-text\" for=\"quantity_69e4889900b38\">quantit\u00e9 de Images n\u00b0 73<\/label>\n\t<input\n\t\ttype=\"number\"\n\t\t\t\tid=\"quantity_69e4889900b38\"\n\t\tclass=\"input-text qty text\"\n\t\tname=\"quantity\"\n\t\tvalue=\"1\"\n\t\taria-label=\"Quantit\u00e9 de produits\"\n\t\t\t\tmin=\"1\"\n\t\t\t\t\t\t\tstep=\"1\"\n\t\t\tplaceholder=\"\"\n\t\t\tinputmode=\"numeric\"\n\t\t\tautocomplete=\"off\"\n\t\t\t\/>\n\t<\/div>\n\n\t\t<button type=\"submit\" name=\"add-to-cart\" value=\"47072\" class=\"single_add_to_cart_button button alt wp-element-button\">Ajouter au panier<\/button>\n\n\t\t\t<\/form>\n\n\t\n<\/div>\n\n\n<div data-block-name=\"woocommerce\/product-meta\" class=\"wp-block-woocommerce-product-meta\">\n<div class=\"wp-block-group is-nowrap is-layout-flex wp-container-core-group-is-layout-6c531013 wp-block-group-is-layout-flex\">\n\n<div class=\"taxonomy-product_cat wp-block-post-terms\"><span class=\"wp-block-post-terms__prefix\">Cat\u00e9gorie\u00a0: <\/span><a href=\"https:\/\/objectif-image.fr\/OI\/categorie-produit\/images\/\" rel=\"tag\">images<\/a><\/div>\n\n<\/div>\n<\/div>\n<\/div>\n<\/div>\n<\/div>\n\n\n\n<p class=\"has-black-color has-text-color has-medium-font-size\"><strong>Au sommaire <\/strong><\/p>\n\n\n\n<p><strong>Georges Rousse<\/strong><\/p>\n\n\n\n<p><strong>Carlos Ayesta &#8211; Guillaume Bression<\/strong><\/p>\n\n\n\n<p><strong>Herv\u00e9 J\u00e9z\u00e9quel<\/strong><\/p>\n\n\n\n<p><strong>Bernard Demenge<\/strong><\/p>\n\n\n\n<p><strong>Cl\u00e9ment Marion<\/strong><\/p>\n\n\n\n<p><strong>Julie de Waroquier<\/strong><\/p>\n\n\n\n<p><strong>C\u00e9lia Berthaud<\/strong><\/p>\n\n\n\n<p>.<\/p>\n\n\n\n<p>.<\/p>\n\n\n\n<figure class=\"wp-block-gallery aligncenter has-nested-images columns-default is-cropped wp-block-gallery-2 is-layout-flex wp-block-gallery-is-layout-flex\">\n<figure class=\"wp-block-image size-large is-style-default\"><img loading=\"lazy\" decoding=\"async\" width=\"765\" height=\"1024\" data-id=\"47143\" src=\"https:\/\/objectif-image.fr\/OI\/wp-content\/uploads\/2023\/04\/edito-73008-765x1024.jpg\" alt=\"\" class=\"wp-image-47143\" srcset=\"https:\/\/objectif-image.fr\/OI\/wp-content\/uploads\/2023\/04\/edito-73008-765x1024.jpg 765w, https:\/\/objectif-image.fr\/OI\/wp-content\/uploads\/2023\/04\/edito-73008-scaled-400x536.jpg 400w, https:\/\/objectif-image.fr\/OI\/wp-content\/uploads\/2023\/04\/edito-73008-224x300.jpg 224w, https:\/\/objectif-image.fr\/OI\/wp-content\/uploads\/2023\/04\/edito-73008-112x150.jpg 112w, https:\/\/objectif-image.fr\/OI\/wp-content\/uploads\/2023\/04\/edito-73008-768x1029.jpg 768w, https:\/\/objectif-image.fr\/OI\/wp-content\/uploads\/2023\/04\/edito-73008-1147x1536.jpg 1147w, https:\/\/objectif-image.fr\/OI\/wp-content\/uploads\/2023\/04\/edito-73008-1529x2048.jpg 1529w, https:\/\/objectif-image.fr\/OI\/wp-content\/uploads\/2023\/04\/edito-73008-75x100.jpg 75w, https:\/\/objectif-image.fr\/OI\/wp-content\/uploads\/2023\/04\/edito-73008-1320x1768.jpg 1320w, https:\/\/objectif-image.fr\/OI\/wp-content\/uploads\/2023\/04\/edito-73008-scaled.jpg 1911w\" sizes=\"auto, (max-width: 765px) 100vw, 765px\" \/><\/figure>\n<\/figure>\n","protected":false},"excerpt":{"rendered":"<p>Th\u00e8me de ce num\u00e9ro \u00a0\u00bb M\u00e9tamorphose\u00a0\u00bb Au sommaire Georges Rousse Carlos Ayesta &#8211; Guillaume Bression Herv\u00e9 J\u00e9z\u00e9quel Bernard Demenge Cl\u00e9ment Marion Julie de Waroquier C\u00e9lia Berthaud . .<\/p>\n","protected":false},"author":3,"featured_media":47071,"parent":10692,"menu_order":0,"comment_status":"closed","ping_status":"closed","template":"","meta":{"_acf_changed":false,"footnotes":""},"categories":[128],"tags":[],"class_list":["post-47144","page","type-page","status-publish","has-post-thumbnail","hentry","category-revue-images"],"acf":[],"yoast_head":"<!-- This site is optimized with the Yoast SEO plugin v27.4 - https:\/\/yoast.com\/product\/yoast-seo-wordpress\/ -->\n<title>IMAGES n\u00b0 73 - Objectif Image<\/title>\n<meta name=\"robots\" content=\"index, follow, max-snippet:-1, max-image-preview:large, max-video-preview:-1\" \/>\n<link rel=\"canonical\" href=\"https:\/\/objectif-image.fr\/OI\/revue-images\/images-n-73\/\" \/>\n<meta property=\"og:locale\" content=\"fr_FR\" \/>\n<meta property=\"og:type\" content=\"article\" \/>\n<meta property=\"og:title\" content=\"IMAGES n\u00b0 73 - Objectif Image\" \/>\n<meta property=\"og:description\" content=\"Th\u00e8me de ce num\u00e9ro \u00a0\u00bb M\u00e9tamorphose\u00a0\u00bb Au sommaire Georges Rousse Carlos Ayesta &#8211; Guillaume Bression Herv\u00e9 J\u00e9z\u00e9quel Bernard Demenge Cl\u00e9ment Marion Julie de Waroquier C\u00e9lia Berthaud . .\" \/>\n<meta property=\"og:url\" content=\"https:\/\/objectif-image.fr\/OI\/revue-images\/images-n-73\/\" \/>\n<meta property=\"og:site_name\" content=\"Objectif Image\" \/>\n<meta property=\"article:publisher\" content=\"https:\/\/www.facebook.com\/Objectif.mage\" \/>\n<meta property=\"article:modified_time\" content=\"2025-05-05T12:13:36+00:00\" \/>\n<meta property=\"og:image\" content=\"https:\/\/objectif-image.fr\/OI\/wp-content\/uploads\/2023\/04\/ImageN\u00b073-scaled.jpg\" \/>\n\t<meta property=\"og:image:width\" content=\"1706\" \/>\n\t<meta property=\"og:image:height\" content=\"2560\" \/>\n\t<meta property=\"og:image:type\" content=\"image\/jpeg\" \/>\n<meta name=\"twitter:card\" content=\"summary_large_image\" \/>\n<script type=\"application\/ld+json\" class=\"yoast-schema-graph\">{\"@context\":\"https:\\\/\\\/schema.org\",\"@graph\":[{\"@type\":\"WebPage\",\"@id\":\"https:\\\/\\\/objectif-image.fr\\\/OI\\\/revue-images\\\/images-n-73\\\/\",\"url\":\"https:\\\/\\\/objectif-image.fr\\\/OI\\\/revue-images\\\/images-n-73\\\/\",\"name\":\"IMAGES n\u00b0 73 - Objectif Image\",\"isPartOf\":{\"@id\":\"https:\\\/\\\/objectif-image.fr\\\/OI\\\/#website\"},\"primaryImageOfPage\":{\"@id\":\"https:\\\/\\\/objectif-image.fr\\\/OI\\\/revue-images\\\/images-n-73\\\/#primaryimage\"},\"image\":{\"@id\":\"https:\\\/\\\/objectif-image.fr\\\/OI\\\/revue-images\\\/images-n-73\\\/#primaryimage\"},\"thumbnailUrl\":\"https:\\\/\\\/objectif-image.fr\\\/OI\\\/wp-content\\\/uploads\\\/2023\\\/04\\\/ImageN\u00b073-scaled.jpg\",\"datePublished\":\"2023-04-24T12:59:49+00:00\",\"dateModified\":\"2025-05-05T12:13:36+00:00\",\"breadcrumb\":{\"@id\":\"https:\\\/\\\/objectif-image.fr\\\/OI\\\/revue-images\\\/images-n-73\\\/#breadcrumb\"},\"inLanguage\":\"fr-FR\",\"potentialAction\":[{\"@type\":\"ReadAction\",\"target\":[\"https:\\\/\\\/objectif-image.fr\\\/OI\\\/revue-images\\\/images-n-73\\\/\"]}]},{\"@type\":\"ImageObject\",\"inLanguage\":\"fr-FR\",\"@id\":\"https:\\\/\\\/objectif-image.fr\\\/OI\\\/revue-images\\\/images-n-73\\\/#primaryimage\",\"url\":\"https:\\\/\\\/objectif-image.fr\\\/OI\\\/wp-content\\\/uploads\\\/2023\\\/04\\\/ImageN\u00b073-scaled.jpg\",\"contentUrl\":\"https:\\\/\\\/objectif-image.fr\\\/OI\\\/wp-content\\\/uploads\\\/2023\\\/04\\\/ImageN\u00b073-scaled.jpg\",\"width\":1706,\"height\":2560},{\"@type\":\"BreadcrumbList\",\"@id\":\"https:\\\/\\\/objectif-image.fr\\\/OI\\\/revue-images\\\/images-n-73\\\/#breadcrumb\",\"itemListElement\":[{\"@type\":\"ListItem\",\"position\":1,\"name\":\"Accueil\",\"item\":\"https:\\\/\\\/objectif-image.fr\\\/OI\\\/\"},{\"@type\":\"ListItem\",\"position\":2,\"name\":\"Revue images\",\"item\":\"https:\\\/\\\/objectif-image.fr\\\/OI\\\/revue-images\\\/\"},{\"@type\":\"ListItem\",\"position\":3,\"name\":\"IMAGES n\u00b0 73\"}]},{\"@type\":\"WebSite\",\"@id\":\"https:\\\/\\\/objectif-image.fr\\\/OI\\\/#website\",\"url\":\"https:\\\/\\\/objectif-image.fr\\\/OI\\\/\",\"name\":\"Objectif Image\",\"description\":\"Objectif Image\",\"publisher\":{\"@id\":\"https:\\\/\\\/objectif-image.fr\\\/OI\\\/#organization\"},\"potentialAction\":[{\"@type\":\"SearchAction\",\"target\":{\"@type\":\"EntryPoint\",\"urlTemplate\":\"https:\\\/\\\/objectif-image.fr\\\/OI\\\/?s={search_term_string}\"},\"query-input\":{\"@type\":\"PropertyValueSpecification\",\"valueRequired\":true,\"valueName\":\"search_term_string\"}}],\"inLanguage\":\"fr-FR\"},{\"@type\":\"Organization\",\"@id\":\"https:\\\/\\\/objectif-image.fr\\\/OI\\\/#organization\",\"name\":\"Objectif Image\",\"url\":\"https:\\\/\\\/objectif-image.fr\\\/OI\\\/\",\"logo\":{\"@type\":\"ImageObject\",\"inLanguage\":\"fr-FR\",\"@id\":\"https:\\\/\\\/objectif-image.fr\\\/OI\\\/#\\\/schema\\\/logo\\\/image\\\/\",\"url\":\"https:\\\/\\\/objectif-image.fr\\\/OI\\\/wp-content\\\/uploads\\\/2019\\\/02\\\/logo-OI-NATIONAL-rouge-2000px.jpg\",\"contentUrl\":\"https:\\\/\\\/objectif-image.fr\\\/OI\\\/wp-content\\\/uploads\\\/2019\\\/02\\\/logo-OI-NATIONAL-rouge-2000px.jpg\",\"width\":1081,\"height\":1024,\"caption\":\"Objectif Image\"},\"image\":{\"@id\":\"https:\\\/\\\/objectif-image.fr\\\/OI\\\/#\\\/schema\\\/logo\\\/image\\\/\"},\"sameAs\":[\"https:\\\/\\\/www.facebook.com\\\/Objectif.mage\"]}]}<\/script>\n<!-- \/ Yoast SEO plugin. -->","yoast_head_json":{"title":"IMAGES n\u00b0 73 - Objectif Image","robots":{"index":"index","follow":"follow","max-snippet":"max-snippet:-1","max-image-preview":"max-image-preview:large","max-video-preview":"max-video-preview:-1"},"canonical":"https:\/\/objectif-image.fr\/OI\/revue-images\/images-n-73\/","og_locale":"fr_FR","og_type":"article","og_title":"IMAGES n\u00b0 73 - Objectif Image","og_description":"Th\u00e8me de ce num\u00e9ro \u00a0\u00bb M\u00e9tamorphose\u00a0\u00bb Au sommaire Georges Rousse Carlos Ayesta &#8211; Guillaume Bression Herv\u00e9 J\u00e9z\u00e9quel Bernard Demenge Cl\u00e9ment Marion Julie de Waroquier C\u00e9lia Berthaud . .","og_url":"https:\/\/objectif-image.fr\/OI\/revue-images\/images-n-73\/","og_site_name":"Objectif Image","article_publisher":"https:\/\/www.facebook.com\/Objectif.mage","article_modified_time":"2025-05-05T12:13:36+00:00","og_image":[{"width":1706,"height":2560,"url":"https:\/\/objectif-image.fr\/OI\/wp-content\/uploads\/2023\/04\/ImageN\u00b073-scaled.jpg","type":"image\/jpeg"}],"twitter_card":"summary_large_image","schema":{"@context":"https:\/\/schema.org","@graph":[{"@type":"WebPage","@id":"https:\/\/objectif-image.fr\/OI\/revue-images\/images-n-73\/","url":"https:\/\/objectif-image.fr\/OI\/revue-images\/images-n-73\/","name":"IMAGES n\u00b0 73 - Objectif Image","isPartOf":{"@id":"https:\/\/objectif-image.fr\/OI\/#website"},"primaryImageOfPage":{"@id":"https:\/\/objectif-image.fr\/OI\/revue-images\/images-n-73\/#primaryimage"},"image":{"@id":"https:\/\/objectif-image.fr\/OI\/revue-images\/images-n-73\/#primaryimage"},"thumbnailUrl":"https:\/\/objectif-image.fr\/OI\/wp-content\/uploads\/2023\/04\/ImageN\u00b073-scaled.jpg","datePublished":"2023-04-24T12:59:49+00:00","dateModified":"2025-05-05T12:13:36+00:00","breadcrumb":{"@id":"https:\/\/objectif-image.fr\/OI\/revue-images\/images-n-73\/#breadcrumb"},"inLanguage":"fr-FR","potentialAction":[{"@type":"ReadAction","target":["https:\/\/objectif-image.fr\/OI\/revue-images\/images-n-73\/"]}]},{"@type":"ImageObject","inLanguage":"fr-FR","@id":"https:\/\/objectif-image.fr\/OI\/revue-images\/images-n-73\/#primaryimage","url":"https:\/\/objectif-image.fr\/OI\/wp-content\/uploads\/2023\/04\/ImageN\u00b073-scaled.jpg","contentUrl":"https:\/\/objectif-image.fr\/OI\/wp-content\/uploads\/2023\/04\/ImageN\u00b073-scaled.jpg","width":1706,"height":2560},{"@type":"BreadcrumbList","@id":"https:\/\/objectif-image.fr\/OI\/revue-images\/images-n-73\/#breadcrumb","itemListElement":[{"@type":"ListItem","position":1,"name":"Accueil","item":"https:\/\/objectif-image.fr\/OI\/"},{"@type":"ListItem","position":2,"name":"Revue images","item":"https:\/\/objectif-image.fr\/OI\/revue-images\/"},{"@type":"ListItem","position":3,"name":"IMAGES n\u00b0 73"}]},{"@type":"WebSite","@id":"https:\/\/objectif-image.fr\/OI\/#website","url":"https:\/\/objectif-image.fr\/OI\/","name":"Objectif Image","description":"Objectif Image","publisher":{"@id":"https:\/\/objectif-image.fr\/OI\/#organization"},"potentialAction":[{"@type":"SearchAction","target":{"@type":"EntryPoint","urlTemplate":"https:\/\/objectif-image.fr\/OI\/?s={search_term_string}"},"query-input":{"@type":"PropertyValueSpecification","valueRequired":true,"valueName":"search_term_string"}}],"inLanguage":"fr-FR"},{"@type":"Organization","@id":"https:\/\/objectif-image.fr\/OI\/#organization","name":"Objectif Image","url":"https:\/\/objectif-image.fr\/OI\/","logo":{"@type":"ImageObject","inLanguage":"fr-FR","@id":"https:\/\/objectif-image.fr\/OI\/#\/schema\/logo\/image\/","url":"https:\/\/objectif-image.fr\/OI\/wp-content\/uploads\/2019\/02\/logo-OI-NATIONAL-rouge-2000px.jpg","contentUrl":"https:\/\/objectif-image.fr\/OI\/wp-content\/uploads\/2019\/02\/logo-OI-NATIONAL-rouge-2000px.jpg","width":1081,"height":1024,"caption":"Objectif Image"},"image":{"@id":"https:\/\/objectif-image.fr\/OI\/#\/schema\/logo\/image\/"},"sameAs":["https:\/\/www.facebook.com\/Objectif.mage"]}]}},"_links":{"self":[{"href":"https:\/\/objectif-image.fr\/OI\/wp-json\/wp\/v2\/pages\/47144","targetHints":{"allow":["GET"]}}],"collection":[{"href":"https:\/\/objectif-image.fr\/OI\/wp-json\/wp\/v2\/pages"}],"about":[{"href":"https:\/\/objectif-image.fr\/OI\/wp-json\/wp\/v2\/types\/page"}],"author":[{"embeddable":true,"href":"https:\/\/objectif-image.fr\/OI\/wp-json\/wp\/v2\/users\/3"}],"replies":[{"embeddable":true,"href":"https:\/\/objectif-image.fr\/OI\/wp-json\/wp\/v2\/comments?post=47144"}],"version-history":[{"count":0,"href":"https:\/\/objectif-image.fr\/OI\/wp-json\/wp\/v2\/pages\/47144\/revisions"}],"up":[{"embeddable":true,"href":"https:\/\/objectif-image.fr\/OI\/wp-json\/wp\/v2\/pages\/10692"}],"wp:featuredmedia":[{"embeddable":true,"href":"https:\/\/objectif-image.fr\/OI\/wp-json\/wp\/v2\/media\/47071"}],"wp:attachment":[{"href":"https:\/\/objectif-image.fr\/OI\/wp-json\/wp\/v2\/media?parent=47144"}],"wp:term":[{"taxonomy":"category","embeddable":true,"href":"https:\/\/objectif-image.fr\/OI\/wp-json\/wp\/v2\/categories?post=47144"},{"taxonomy":"post_tag","embeddable":true,"href":"https:\/\/objectif-image.fr\/OI\/wp-json\/wp\/v2\/tags?post=47144"}],"curies":[{"name":"wp","href":"https:\/\/api.w.org\/{rel}","templated":true}]}}