{"id":473,"date":"2015-12-03T18:43:12","date_gmt":"2015-12-03T17:43:12","guid":{"rendered":"http:\/\/objectif-image.fr\/OI\/?page_id=473"},"modified":"2020-06-02T11:15:42","modified_gmt":"2020-06-02T09:15:42","slug":"image-n-64","status":"publish","type":"page","link":"https:\/\/objectif-image.fr\/OI\/revue-images\/image-n-64\/","title":{"rendered":"IMAGES n\u00b0 64"},"content":{"rendered":"\n<div class=\"wp-block-image\"><figure class=\"alignleft size-large is-resized\"><img loading=\"lazy\" decoding=\"async\" src=\"https:\/\/objectif-image.fr\/OI\/wp-content\/uploads\/2020\/06\/images-64-1-744x1024.jpg\" alt=\"\" class=\"wp-image-26918\" width=\"413\" height=\"568\"\/><\/figure><\/div>\n\n\n<div class=\"cartouche\">\n<p class=\"titre\">\u00a0<\/p>\n<p class=\"titre\"><strong>IMAGES n\u00b0\u00a064 &#8211; Fronti\u00e8res<\/strong><\/p>\n<p><span style=\"color: #000000;\">Les adh\u00e9rents d\u2019Objectif Image le trouveront dans leur club.<\/span><\/p>\n<\/div>\n<div class=\"texte\">\n<p><span style=\"color: #000000;\">Pour les personnes non adh\u00e9rentes qui d\u00e9sirent se procurer la revue, vous pouvez l\u2019acheter, ou vous abonner, aupr\u00e8s du secr\u00e9tariat d\u2019Objectif Image.<\/span><\/p>\n<p><span style=\"color: #000000;\"><i>Extrait de l\u2019\u00e9ditorial\u00a0<\/i>\u00a0:<\/span><\/p>\n<p><span style=\"color: #000000;\">Par d\u00e9finition la fronti\u00e8re marque la limite entre deux territoires, entre deux \u00e9tats. D\u2019un point de vue historique la carte des fronti\u00e8res a souvent emprunt\u00e9 \u00e0 la g\u00e9ographie des conflits. A ce titre, le mot fronti\u00e8re a parfois \u00e9t\u00e9 associ\u00e9 \u00e0 l\u2019id\u00e9e de ligne de front. De mani\u00e8re g\u00e9n\u00e9rale, la fronti\u00e8re marque la s\u00e9paration entre deux mondes distincts voire oppos\u00e9s. La fronti\u00e8re s\u2019accompagne le plus souvent de signes visibles qui en affirment l\u2019existence. Dans les zones de tension, la fronti\u00e8re est un espace hautement s\u00e9curis\u00e9 qui imprime sa marque au paysage. Fortins, miradors, barbel\u00e9s, barri\u00e8res, no man\u2019s land, cam\u00e9ras et \u00e9crans de surveillance s\u2019affirment comme autant de constructions qui marquent ces territoires&#8230;Claude T<\/span><\/p>\n<p>\u00a0<\/p>\n<\/div>","protected":false},"excerpt":{"rendered":"<p>\u00a0 IMAGES n\u00b0\u00a064 &#8211; Fronti\u00e8res Les adh\u00e9rents d\u2019Objectif Image le trouveront dans leur club. Pour les personnes non adh\u00e9rentes qui d\u00e9sirent se procurer la revue, vous pouvez l\u2019acheter, ou vous abonner, aupr\u00e8s du secr\u00e9tariat d\u2019Objectif Image. Extrait de l\u2019\u00e9ditorial\u00a0\u00a0: Par d\u00e9finition la fronti\u00e8re marque la limite entre deux territoires, entre deux \u00e9tats. D\u2019un point de [&hellip;]<\/p>\n","protected":false},"author":2,"featured_media":26918,"parent":10692,"menu_order":0,"comment_status":"closed","ping_status":"closed","template":"","meta":{"_acf_changed":false,"footnotes":""},"categories":[],"tags":[],"class_list":["post-473","page","type-page","status-publish","has-post-thumbnail","hentry"],"acf":[],"yoast_head":"<!-- This site is optimized with the Yoast SEO plugin v27.4 - https:\/\/yoast.com\/product\/yoast-seo-wordpress\/ -->\n<title>IMAGES n\u00b0 64 - Objectif Image<\/title>\n<meta name=\"robots\" content=\"index, follow, max-snippet:-1, max-image-preview:large, max-video-preview:-1\" \/>\n<link rel=\"canonical\" href=\"https:\/\/objectif-image.fr\/OI\/revue-images\/image-n-64\/\" \/>\n<meta property=\"og:locale\" content=\"fr_FR\" \/>\n<meta property=\"og:type\" content=\"article\" \/>\n<meta property=\"og:title\" content=\"IMAGES n\u00b0 64 - Objectif Image\" \/>\n<meta property=\"og:description\" content=\"\u00a0 IMAGES n\u00b0\u00a064 &#8211; Fronti\u00e8res Les adh\u00e9rents d\u2019Objectif Image le trouveront dans leur club. Pour les personnes non adh\u00e9rentes qui d\u00e9sirent se procurer la revue, vous pouvez l\u2019acheter, ou vous abonner, aupr\u00e8s du secr\u00e9tariat d\u2019Objectif Image. Extrait de l\u2019\u00e9ditorial\u00a0\u00a0: Par d\u00e9finition la fronti\u00e8re marque la limite entre deux territoires, entre deux \u00e9tats. D\u2019un point de [&hellip;]\" \/>\n<meta property=\"og:url\" content=\"https:\/\/objectif-image.fr\/OI\/revue-images\/image-n-64\/\" \/>\n<meta property=\"og:site_name\" content=\"Objectif Image\" \/>\n<meta property=\"article:publisher\" content=\"https:\/\/www.facebook.com\/Objectif.mage\" \/>\n<meta property=\"article:modified_time\" content=\"2020-06-02T09:15:42+00:00\" \/>\n<meta property=\"og:image\" content=\"https:\/\/objectif-image.fr\/OI\/wp-content\/uploads\/2020\/06\/images-64-1-scaled.jpg\" \/>\n\t<meta property=\"og:image:width\" content=\"1860\" \/>\n\t<meta property=\"og:image:height\" content=\"2560\" \/>\n\t<meta property=\"og:image:type\" content=\"image\/jpeg\" \/>\n<meta name=\"twitter:card\" content=\"summary_large_image\" \/>\n<meta name=\"twitter:label1\" content=\"Dur\u00e9e de lecture estim\u00e9e\" \/>\n\t<meta name=\"twitter:data1\" content=\"1 minute\" \/>\n<script type=\"application\/ld+json\" class=\"yoast-schema-graph\">{\"@context\":\"https:\\\/\\\/schema.org\",\"@graph\":[{\"@type\":\"WebPage\",\"@id\":\"https:\\\/\\\/objectif-image.fr\\\/OI\\\/revue-images\\\/image-n-64\\\/\",\"url\":\"https:\\\/\\\/objectif-image.fr\\\/OI\\\/revue-images\\\/image-n-64\\\/\",\"name\":\"IMAGES n\u00b0 64 - Objectif Image\",\"isPartOf\":{\"@id\":\"https:\\\/\\\/objectif-image.fr\\\/OI\\\/#website\"},\"primaryImageOfPage\":{\"@id\":\"https:\\\/\\\/objectif-image.fr\\\/OI\\\/revue-images\\\/image-n-64\\\/#primaryimage\"},\"image\":{\"@id\":\"https:\\\/\\\/objectif-image.fr\\\/OI\\\/revue-images\\\/image-n-64\\\/#primaryimage\"},\"thumbnailUrl\":\"https:\\\/\\\/objectif-image.fr\\\/OI\\\/wp-content\\\/uploads\\\/2020\\\/06\\\/images-64-1-scaled.jpg\",\"datePublished\":\"2015-12-03T17:43:12+00:00\",\"dateModified\":\"2020-06-02T09:15:42+00:00\",\"breadcrumb\":{\"@id\":\"https:\\\/\\\/objectif-image.fr\\\/OI\\\/revue-images\\\/image-n-64\\\/#breadcrumb\"},\"inLanguage\":\"fr-FR\",\"potentialAction\":[{\"@type\":\"ReadAction\",\"target\":[\"https:\\\/\\\/objectif-image.fr\\\/OI\\\/revue-images\\\/image-n-64\\\/\"]}]},{\"@type\":\"ImageObject\",\"inLanguage\":\"fr-FR\",\"@id\":\"https:\\\/\\\/objectif-image.fr\\\/OI\\\/revue-images\\\/image-n-64\\\/#primaryimage\",\"url\":\"https:\\\/\\\/objectif-image.fr\\\/OI\\\/wp-content\\\/uploads\\\/2020\\\/06\\\/images-64-1-scaled.jpg\",\"contentUrl\":\"https:\\\/\\\/objectif-image.fr\\\/OI\\\/wp-content\\\/uploads\\\/2020\\\/06\\\/images-64-1-scaled.jpg\",\"width\":1860,\"height\":2560},{\"@type\":\"BreadcrumbList\",\"@id\":\"https:\\\/\\\/objectif-image.fr\\\/OI\\\/revue-images\\\/image-n-64\\\/#breadcrumb\",\"itemListElement\":[{\"@type\":\"ListItem\",\"position\":1,\"name\":\"Accueil\",\"item\":\"https:\\\/\\\/objectif-image.fr\\\/OI\\\/\"},{\"@type\":\"ListItem\",\"position\":2,\"name\":\"Revue images\",\"item\":\"https:\\\/\\\/objectif-image.fr\\\/OI\\\/revue-images\\\/\"},{\"@type\":\"ListItem\",\"position\":3,\"name\":\"IMAGES n\u00b0 64\"}]},{\"@type\":\"WebSite\",\"@id\":\"https:\\\/\\\/objectif-image.fr\\\/OI\\\/#website\",\"url\":\"https:\\\/\\\/objectif-image.fr\\\/OI\\\/\",\"name\":\"Objectif Image\",\"description\":\"Objectif Image\",\"publisher\":{\"@id\":\"https:\\\/\\\/objectif-image.fr\\\/OI\\\/#organization\"},\"potentialAction\":[{\"@type\":\"SearchAction\",\"target\":{\"@type\":\"EntryPoint\",\"urlTemplate\":\"https:\\\/\\\/objectif-image.fr\\\/OI\\\/?s={search_term_string}\"},\"query-input\":{\"@type\":\"PropertyValueSpecification\",\"valueRequired\":true,\"valueName\":\"search_term_string\"}}],\"inLanguage\":\"fr-FR\"},{\"@type\":\"Organization\",\"@id\":\"https:\\\/\\\/objectif-image.fr\\\/OI\\\/#organization\",\"name\":\"Objectif Image\",\"url\":\"https:\\\/\\\/objectif-image.fr\\\/OI\\\/\",\"logo\":{\"@type\":\"ImageObject\",\"inLanguage\":\"fr-FR\",\"@id\":\"https:\\\/\\\/objectif-image.fr\\\/OI\\\/#\\\/schema\\\/logo\\\/image\\\/\",\"url\":\"https:\\\/\\\/objectif-image.fr\\\/OI\\\/wp-content\\\/uploads\\\/2019\\\/02\\\/logo-OI-NATIONAL-rouge-2000px.jpg\",\"contentUrl\":\"https:\\\/\\\/objectif-image.fr\\\/OI\\\/wp-content\\\/uploads\\\/2019\\\/02\\\/logo-OI-NATIONAL-rouge-2000px.jpg\",\"width\":1081,\"height\":1024,\"caption\":\"Objectif Image\"},\"image\":{\"@id\":\"https:\\\/\\\/objectif-image.fr\\\/OI\\\/#\\\/schema\\\/logo\\\/image\\\/\"},\"sameAs\":[\"https:\\\/\\\/www.facebook.com\\\/Objectif.mage\"]}]}<\/script>\n<!-- \/ Yoast SEO plugin. -->","yoast_head_json":{"title":"IMAGES n\u00b0 64 - Objectif Image","robots":{"index":"index","follow":"follow","max-snippet":"max-snippet:-1","max-image-preview":"max-image-preview:large","max-video-preview":"max-video-preview:-1"},"canonical":"https:\/\/objectif-image.fr\/OI\/revue-images\/image-n-64\/","og_locale":"fr_FR","og_type":"article","og_title":"IMAGES n\u00b0 64 - Objectif Image","og_description":"\u00a0 IMAGES n\u00b0\u00a064 &#8211; Fronti\u00e8res Les adh\u00e9rents d\u2019Objectif Image le trouveront dans leur club. Pour les personnes non adh\u00e9rentes qui d\u00e9sirent se procurer la revue, vous pouvez l\u2019acheter, ou vous abonner, aupr\u00e8s du secr\u00e9tariat d\u2019Objectif Image. Extrait de l\u2019\u00e9ditorial\u00a0\u00a0: Par d\u00e9finition la fronti\u00e8re marque la limite entre deux territoires, entre deux \u00e9tats. D\u2019un point de [&hellip;]","og_url":"https:\/\/objectif-image.fr\/OI\/revue-images\/image-n-64\/","og_site_name":"Objectif Image","article_publisher":"https:\/\/www.facebook.com\/Objectif.mage","article_modified_time":"2020-06-02T09:15:42+00:00","og_image":[{"width":1860,"height":2560,"url":"https:\/\/objectif-image.fr\/OI\/wp-content\/uploads\/2020\/06\/images-64-1-scaled.jpg","type":"image\/jpeg"}],"twitter_card":"summary_large_image","twitter_misc":{"Dur\u00e9e de lecture estim\u00e9e":"1 minute"},"schema":{"@context":"https:\/\/schema.org","@graph":[{"@type":"WebPage","@id":"https:\/\/objectif-image.fr\/OI\/revue-images\/image-n-64\/","url":"https:\/\/objectif-image.fr\/OI\/revue-images\/image-n-64\/","name":"IMAGES n\u00b0 64 - Objectif Image","isPartOf":{"@id":"https:\/\/objectif-image.fr\/OI\/#website"},"primaryImageOfPage":{"@id":"https:\/\/objectif-image.fr\/OI\/revue-images\/image-n-64\/#primaryimage"},"image":{"@id":"https:\/\/objectif-image.fr\/OI\/revue-images\/image-n-64\/#primaryimage"},"thumbnailUrl":"https:\/\/objectif-image.fr\/OI\/wp-content\/uploads\/2020\/06\/images-64-1-scaled.jpg","datePublished":"2015-12-03T17:43:12+00:00","dateModified":"2020-06-02T09:15:42+00:00","breadcrumb":{"@id":"https:\/\/objectif-image.fr\/OI\/revue-images\/image-n-64\/#breadcrumb"},"inLanguage":"fr-FR","potentialAction":[{"@type":"ReadAction","target":["https:\/\/objectif-image.fr\/OI\/revue-images\/image-n-64\/"]}]},{"@type":"ImageObject","inLanguage":"fr-FR","@id":"https:\/\/objectif-image.fr\/OI\/revue-images\/image-n-64\/#primaryimage","url":"https:\/\/objectif-image.fr\/OI\/wp-content\/uploads\/2020\/06\/images-64-1-scaled.jpg","contentUrl":"https:\/\/objectif-image.fr\/OI\/wp-content\/uploads\/2020\/06\/images-64-1-scaled.jpg","width":1860,"height":2560},{"@type":"BreadcrumbList","@id":"https:\/\/objectif-image.fr\/OI\/revue-images\/image-n-64\/#breadcrumb","itemListElement":[{"@type":"ListItem","position":1,"name":"Accueil","item":"https:\/\/objectif-image.fr\/OI\/"},{"@type":"ListItem","position":2,"name":"Revue images","item":"https:\/\/objectif-image.fr\/OI\/revue-images\/"},{"@type":"ListItem","position":3,"name":"IMAGES n\u00b0 64"}]},{"@type":"WebSite","@id":"https:\/\/objectif-image.fr\/OI\/#website","url":"https:\/\/objectif-image.fr\/OI\/","name":"Objectif Image","description":"Objectif Image","publisher":{"@id":"https:\/\/objectif-image.fr\/OI\/#organization"},"potentialAction":[{"@type":"SearchAction","target":{"@type":"EntryPoint","urlTemplate":"https:\/\/objectif-image.fr\/OI\/?s={search_term_string}"},"query-input":{"@type":"PropertyValueSpecification","valueRequired":true,"valueName":"search_term_string"}}],"inLanguage":"fr-FR"},{"@type":"Organization","@id":"https:\/\/objectif-image.fr\/OI\/#organization","name":"Objectif Image","url":"https:\/\/objectif-image.fr\/OI\/","logo":{"@type":"ImageObject","inLanguage":"fr-FR","@id":"https:\/\/objectif-image.fr\/OI\/#\/schema\/logo\/image\/","url":"https:\/\/objectif-image.fr\/OI\/wp-content\/uploads\/2019\/02\/logo-OI-NATIONAL-rouge-2000px.jpg","contentUrl":"https:\/\/objectif-image.fr\/OI\/wp-content\/uploads\/2019\/02\/logo-OI-NATIONAL-rouge-2000px.jpg","width":1081,"height":1024,"caption":"Objectif Image"},"image":{"@id":"https:\/\/objectif-image.fr\/OI\/#\/schema\/logo\/image\/"},"sameAs":["https:\/\/www.facebook.com\/Objectif.mage"]}]}},"_links":{"self":[{"href":"https:\/\/objectif-image.fr\/OI\/wp-json\/wp\/v2\/pages\/473","targetHints":{"allow":["GET"]}}],"collection":[{"href":"https:\/\/objectif-image.fr\/OI\/wp-json\/wp\/v2\/pages"}],"about":[{"href":"https:\/\/objectif-image.fr\/OI\/wp-json\/wp\/v2\/types\/page"}],"author":[{"embeddable":true,"href":"https:\/\/objectif-image.fr\/OI\/wp-json\/wp\/v2\/users\/2"}],"replies":[{"embeddable":true,"href":"https:\/\/objectif-image.fr\/OI\/wp-json\/wp\/v2\/comments?post=473"}],"version-history":[{"count":0,"href":"https:\/\/objectif-image.fr\/OI\/wp-json\/wp\/v2\/pages\/473\/revisions"}],"up":[{"embeddable":true,"href":"https:\/\/objectif-image.fr\/OI\/wp-json\/wp\/v2\/pages\/10692"}],"wp:featuredmedia":[{"embeddable":true,"href":"https:\/\/objectif-image.fr\/OI\/wp-json\/wp\/v2\/media\/26918"}],"wp:attachment":[{"href":"https:\/\/objectif-image.fr\/OI\/wp-json\/wp\/v2\/media?parent=473"}],"wp:term":[{"taxonomy":"category","embeddable":true,"href":"https:\/\/objectif-image.fr\/OI\/wp-json\/wp\/v2\/categories?post=473"},{"taxonomy":"post_tag","embeddable":true,"href":"https:\/\/objectif-image.fr\/OI\/wp-json\/wp\/v2\/tags?post=473"}],"curies":[{"name":"wp","href":"https:\/\/api.w.org\/{rel}","templated":true}]}}