{"id":51411,"date":"2024-01-10T20:25:29","date_gmt":"2024-01-10T19:25:29","guid":{"rendered":"https:\/\/objectif-image.fr\/OI\/?page_id=51411"},"modified":"2026-02-14T15:58:51","modified_gmt":"2026-02-14T14:58:51","slug":"participer-au-trophee-jean-masson-video","status":"publish","type":"page","link":"https:\/\/objectif-image.fr\/OI\/participer-au-trophee-jean-masson-video\/","title":{"rendered":"Participer au Troph\u00e9e Jean Masson (vid\u00e9o)"},"content":{"rendered":"<div class=\"members-access-error\"><div class='wp-block-button alignleft'> <a class='wp-block-button__link' style='margin:10px' href='https:\/\/objectif-image.fr\/OI\/sidentifier\/?redirige=https:\/\/objectif-image.fr\/OI\/wp-json\/wp\/v2\/pages\/51411'> Cliquez ici <\/a><\/div><\/p>\n<p>Pour acc\u00e9der \u00e0 cette page :\n<\/p><\/div>\n","protected":false},"excerpt":{"rendered":"<div class=\"members-access-error\"><div class='wp-block-button alignleft'> <a class='wp-block-button__link' style='margin:10px' href='https:\/\/objectif-image.fr\/OI\/sidentifier\/?redirige=https:\/\/objectif-image.fr\/OI\/wp-json\/wp\/v2\/pages\/51411'> Cliquez ici <\/a><\/div><\/p>\n<p>Pour acc\u00e9der \u00e0 cette page :\n<\/p><\/div>\n","protected":false},"author":2,"featured_media":0,"parent":0,"menu_order":0,"comment_status":"closed","ping_status":"closed","template":"","meta":{"_acf_changed":false,"footnotes":""},"categories":[],"tags":[839],"class_list":["post-51411","page","type-page","status-publish","hentry","tag-839"],"acf":[],"yoast_head":"<!-- This site is optimized with the Yoast SEO plugin v27.5 - https:\/\/yoast.com\/product\/yoast-seo-wordpress\/ -->\n<title>Participer au Troph\u00e9e Jean Masson (vid\u00e9o) - Objectif Image<\/title>\n<meta name=\"robots\" content=\"index, follow, max-snippet:-1, max-image-preview:large, max-video-preview:-1\" \/>\n<link rel=\"canonical\" href=\"https:\/\/objectif-image.fr\/OI\/participer-au-trophee-jean-masson-video\/\" \/>\n<meta property=\"og:locale\" content=\"fr_FR\" \/>\n<meta property=\"og:type\" content=\"article\" \/>\n<meta property=\"og:title\" content=\"Participer au Troph\u00e9e Jean Masson (vid\u00e9o) - Objectif Image\" \/>\n<meta property=\"og:description\" content=\"Cliquez ici Pour acc\u00e9der \u00e0 cette page :\" \/>\n<meta property=\"og:url\" content=\"https:\/\/objectif-image.fr\/OI\/participer-au-trophee-jean-masson-video\/\" \/>\n<meta property=\"og:site_name\" content=\"Objectif Image\" \/>\n<meta property=\"article:publisher\" content=\"https:\/\/www.facebook.com\/Objectif.mage\" \/>\n<meta property=\"article:modified_time\" content=\"2026-02-14T14:58:51+00:00\" \/>\n<meta name=\"twitter:card\" content=\"summary_large_image\" \/>\n<script type=\"application\/ld+json\" class=\"yoast-schema-graph\">{\"@context\":\"https:\\\/\\\/schema.org\",\"@graph\":[{\"@type\":\"WebPage\",\"@id\":\"https:\\\/\\\/objectif-image.fr\\\/OI\\\/participer-au-trophee-jean-masson-video\\\/\",\"url\":\"https:\\\/\\\/objectif-image.fr\\\/OI\\\/participer-au-trophee-jean-masson-video\\\/\",\"name\":\"Participer au Troph\u00e9e Jean Masson (vid\u00e9o) - Objectif Image\",\"isPartOf\":{\"@id\":\"https:\\\/\\\/objectif-image.fr\\\/OI\\\/#website\"},\"datePublished\":\"2024-01-10T19:25:29+00:00\",\"dateModified\":\"2026-02-14T14:58:51+00:00\",\"breadcrumb\":{\"@id\":\"https:\\\/\\\/objectif-image.fr\\\/OI\\\/participer-au-trophee-jean-masson-video\\\/#breadcrumb\"},\"inLanguage\":\"fr-FR\",\"potentialAction\":[{\"@type\":\"ReadAction\",\"target\":[\"https:\\\/\\\/objectif-image.fr\\\/OI\\\/participer-au-trophee-jean-masson-video\\\/\"]}]},{\"@type\":\"BreadcrumbList\",\"@id\":\"https:\\\/\\\/objectif-image.fr\\\/OI\\\/participer-au-trophee-jean-masson-video\\\/#breadcrumb\",\"itemListElement\":[{\"@type\":\"ListItem\",\"position\":1,\"name\":\"Accueil\",\"item\":\"https:\\\/\\\/objectif-image.fr\\\/OI\\\/\"},{\"@type\":\"ListItem\",\"position\":2,\"name\":\"Participer au Troph\u00e9e Jean Masson (vid\u00e9o)\"}]},{\"@type\":\"WebSite\",\"@id\":\"https:\\\/\\\/objectif-image.fr\\\/OI\\\/#website\",\"url\":\"https:\\\/\\\/objectif-image.fr\\\/OI\\\/\",\"name\":\"Objectif Image\",\"description\":\"Objectif Image\",\"publisher\":{\"@id\":\"https:\\\/\\\/objectif-image.fr\\\/OI\\\/#organization\"},\"potentialAction\":[{\"@type\":\"SearchAction\",\"target\":{\"@type\":\"EntryPoint\",\"urlTemplate\":\"https:\\\/\\\/objectif-image.fr\\\/OI\\\/?s={search_term_string}\"},\"query-input\":{\"@type\":\"PropertyValueSpecification\",\"valueRequired\":true,\"valueName\":\"search_term_string\"}}],\"inLanguage\":\"fr-FR\"},{\"@type\":\"Organization\",\"@id\":\"https:\\\/\\\/objectif-image.fr\\\/OI\\\/#organization\",\"name\":\"Objectif Image\",\"url\":\"https:\\\/\\\/objectif-image.fr\\\/OI\\\/\",\"logo\":{\"@type\":\"ImageObject\",\"inLanguage\":\"fr-FR\",\"@id\":\"https:\\\/\\\/objectif-image.fr\\\/OI\\\/#\\\/schema\\\/logo\\\/image\\\/\",\"url\":\"https:\\\/\\\/objectif-image.fr\\\/OI\\\/wp-content\\\/uploads\\\/2019\\\/02\\\/logo-OI-NATIONAL-rouge-2000px.jpg\",\"contentUrl\":\"https:\\\/\\\/objectif-image.fr\\\/OI\\\/wp-content\\\/uploads\\\/2019\\\/02\\\/logo-OI-NATIONAL-rouge-2000px.jpg\",\"width\":1081,\"height\":1024,\"caption\":\"Objectif Image\"},\"image\":{\"@id\":\"https:\\\/\\\/objectif-image.fr\\\/OI\\\/#\\\/schema\\\/logo\\\/image\\\/\"},\"sameAs\":[\"https:\\\/\\\/www.facebook.com\\\/Objectif.mage\"]}]}<\/script>\n<!-- \/ Yoast SEO plugin. -->","yoast_head_json":{"title":"Participer au Troph\u00e9e Jean Masson (vid\u00e9o) - Objectif Image","robots":{"index":"index","follow":"follow","max-snippet":"max-snippet:-1","max-image-preview":"max-image-preview:large","max-video-preview":"max-video-preview:-1"},"canonical":"https:\/\/objectif-image.fr\/OI\/participer-au-trophee-jean-masson-video\/","og_locale":"fr_FR","og_type":"article","og_title":"Participer au Troph\u00e9e Jean Masson (vid\u00e9o) - Objectif Image","og_description":"Cliquez ici Pour acc\u00e9der \u00e0 cette page :","og_url":"https:\/\/objectif-image.fr\/OI\/participer-au-trophee-jean-masson-video\/","og_site_name":"Objectif Image","article_publisher":"https:\/\/www.facebook.com\/Objectif.mage","article_modified_time":"2026-02-14T14:58:51+00:00","twitter_card":"summary_large_image","schema":{"@context":"https:\/\/schema.org","@graph":[{"@type":"WebPage","@id":"https:\/\/objectif-image.fr\/OI\/participer-au-trophee-jean-masson-video\/","url":"https:\/\/objectif-image.fr\/OI\/participer-au-trophee-jean-masson-video\/","name":"Participer au Troph\u00e9e Jean Masson (vid\u00e9o) - Objectif Image","isPartOf":{"@id":"https:\/\/objectif-image.fr\/OI\/#website"},"datePublished":"2024-01-10T19:25:29+00:00","dateModified":"2026-02-14T14:58:51+00:00","breadcrumb":{"@id":"https:\/\/objectif-image.fr\/OI\/participer-au-trophee-jean-masson-video\/#breadcrumb"},"inLanguage":"fr-FR","potentialAction":[{"@type":"ReadAction","target":["https:\/\/objectif-image.fr\/OI\/participer-au-trophee-jean-masson-video\/"]}]},{"@type":"BreadcrumbList","@id":"https:\/\/objectif-image.fr\/OI\/participer-au-trophee-jean-masson-video\/#breadcrumb","itemListElement":[{"@type":"ListItem","position":1,"name":"Accueil","item":"https:\/\/objectif-image.fr\/OI\/"},{"@type":"ListItem","position":2,"name":"Participer au Troph\u00e9e Jean Masson (vid\u00e9o)"}]},{"@type":"WebSite","@id":"https:\/\/objectif-image.fr\/OI\/#website","url":"https:\/\/objectif-image.fr\/OI\/","name":"Objectif Image","description":"Objectif Image","publisher":{"@id":"https:\/\/objectif-image.fr\/OI\/#organization"},"potentialAction":[{"@type":"SearchAction","target":{"@type":"EntryPoint","urlTemplate":"https:\/\/objectif-image.fr\/OI\/?s={search_term_string}"},"query-input":{"@type":"PropertyValueSpecification","valueRequired":true,"valueName":"search_term_string"}}],"inLanguage":"fr-FR"},{"@type":"Organization","@id":"https:\/\/objectif-image.fr\/OI\/#organization","name":"Objectif Image","url":"https:\/\/objectif-image.fr\/OI\/","logo":{"@type":"ImageObject","inLanguage":"fr-FR","@id":"https:\/\/objectif-image.fr\/OI\/#\/schema\/logo\/image\/","url":"https:\/\/objectif-image.fr\/OI\/wp-content\/uploads\/2019\/02\/logo-OI-NATIONAL-rouge-2000px.jpg","contentUrl":"https:\/\/objectif-image.fr\/OI\/wp-content\/uploads\/2019\/02\/logo-OI-NATIONAL-rouge-2000px.jpg","width":1081,"height":1024,"caption":"Objectif Image"},"image":{"@id":"https:\/\/objectif-image.fr\/OI\/#\/schema\/logo\/image\/"},"sameAs":["https:\/\/www.facebook.com\/Objectif.mage"]}]}},"_links":{"self":[{"href":"https:\/\/objectif-image.fr\/OI\/wp-json\/wp\/v2\/pages\/51411","targetHints":{"allow":["GET"]}}],"collection":[{"href":"https:\/\/objectif-image.fr\/OI\/wp-json\/wp\/v2\/pages"}],"about":[{"href":"https:\/\/objectif-image.fr\/OI\/wp-json\/wp\/v2\/types\/page"}],"author":[{"embeddable":true,"href":"https:\/\/objectif-image.fr\/OI\/wp-json\/wp\/v2\/users\/2"}],"replies":[{"embeddable":true,"href":"https:\/\/objectif-image.fr\/OI\/wp-json\/wp\/v2\/comments?post=51411"}],"version-history":[{"count":1,"href":"https:\/\/objectif-image.fr\/OI\/wp-json\/wp\/v2\/pages\/51411\/revisions"}],"predecessor-version":[{"id":61111,"href":"https:\/\/objectif-image.fr\/OI\/wp-json\/wp\/v2\/pages\/51411\/revisions\/61111"}],"wp:attachment":[{"href":"https:\/\/objectif-image.fr\/OI\/wp-json\/wp\/v2\/media?parent=51411"}],"wp:term":[{"taxonomy":"category","embeddable":true,"href":"https:\/\/objectif-image.fr\/OI\/wp-json\/wp\/v2\/categories?post=51411"},{"taxonomy":"post_tag","embeddable":true,"href":"https:\/\/objectif-image.fr\/OI\/wp-json\/wp\/v2\/tags?post=51411"}],"curies":[{"name":"wp","href":"https:\/\/api.w.org\/{rel}","templated":true}]}}