{"id":54446,"date":"2024-08-13T12:04:24","date_gmt":"2024-08-13T10:04:24","guid":{"rendered":"https:\/\/objectif-image.fr\/OI\/?page_id=54446"},"modified":"2026-02-14T16:04:30","modified_gmt":"2026-02-14T15:04:30","slug":"prix-betoux","status":"publish","type":"page","link":"https:\/\/objectif-image.fr\/OI\/prix-betoux\/","title":{"rendered":"Prix Betoux 2025"},"content":{"rendered":"\n<p><strong>Comme chaque ann\u00e9e, Objectif Image organise un appel \u00e0 la cr\u00e9ation photographique, intitul\u00e9 Prix Gilbert Betoux du nom du fondateur d\u2019Objectif Image.<br>Les crit\u00e8res de s\u00e9lection par le jury de professionnels de l&rsquo;image sont la qualit\u00e9 artistique, l&rsquo;originalit\u00e9 et la coh\u00e9rence d&rsquo;une vision d&rsquo;auteur. AUCUN THEME N&rsquo;EST IMPOS\u00c9.<br>Le dossier est constitu\u00e9 de 10 \u00e0 20 oeuvres, accompagn\u00e9 d\u2019une courte pr\u00e9sentation de l\u2019auteur auquel sera joint un texte d\u2019introduction qui pr\u00e9cisera le sens de la d\u00e9marche de l\u2019auteur.<\/strong><\/p>\n\n\n<div class=\"sdm_fancy_template_wrapper\"><div class=\"sdm_fancy2_item sdm_fancy2_grid\"><div class=\"sdm_fancy2_wrapper\"><div class=\"sdm_fancy2_download_item_top\"><div class=\"sdm_fancy2_download_thumbnail\"><\/div><\/div><div class=\"sdm_fancy2_download_title\">Fiche d&rsquo;inscription<\/div><div class=\"sdm_fancy2_download_link\"><a href=\"https:\/\/objectif-image.fr\/OI\/?sdm_process_download=1&download_id=58095\" class=\"sdm_fancy2_download_dl_link\" target=\"_self\">T\u00e9l\u00e9charger<\/a><\/div><\/div><\/div><\/div><div class=\"sdm_fancy_template_wrapper\"><div class=\"sdm_fancy2_item sdm_fancy2_grid\"><div class=\"sdm_fancy2_wrapper\"><div class=\"sdm_fancy2_download_item_top\"><div class=\"sdm_fancy2_download_thumbnail\"><\/div><\/div><div class=\"sdm_fancy2_download_title\">R\u00e8glement 2025<\/div><div class=\"sdm_fancy2_download_link\"><a href=\"https:\/\/objectif-image.fr\/OI\/?sdm_process_download=1&download_id=58089\" class=\"sdm_fancy2_download_dl_link\" target=\"_self\">T\u00e9l\u00e9charger<\/a><\/div><\/div><\/div><\/div><div class=\"sdm_clear_float\"><\/div>\n\n\n\n<p><\/p>\n","protected":false},"excerpt":{"rendered":"<p>Comme chaque ann\u00e9e, Objectif Image organise un appel \u00e0 la cr\u00e9ation photographique, intitul\u00e9 Prix Gilbert Betoux du nom du fondateur d\u2019Objectif Image.Les crit\u00e8res de s\u00e9lection par le jury de professionnels de l&rsquo;image sont la qualit\u00e9 artistique, l&rsquo;originalit\u00e9 et la coh\u00e9rence d&rsquo;une vision d&rsquo;auteur. AUCUN THEME N&rsquo;EST IMPOS\u00c9.Le dossier est constitu\u00e9 de 10 \u00e0 20 oeuvres, [&hellip;]<\/p>\n","protected":false},"author":2,"featured_media":0,"parent":0,"menu_order":0,"comment_status":"closed","ping_status":"closed","template":"","meta":{"_acf_changed":false,"footnotes":""},"categories":[],"tags":[838],"class_list":["post-54446","page","type-page","status-publish","hentry","tag-ne-pas-supprimer"],"acf":[],"yoast_head":"<!-- This site is optimized with the Yoast SEO plugin v27.4 - https:\/\/yoast.com\/product\/yoast-seo-wordpress\/ -->\n<title>Prix Betoux 2025 - Objectif Image<\/title>\n<meta name=\"robots\" content=\"index, follow, max-snippet:-1, max-image-preview:large, max-video-preview:-1\" \/>\n<link rel=\"canonical\" href=\"https:\/\/objectif-image.fr\/OI\/prix-betoux\/\" \/>\n<meta property=\"og:locale\" content=\"fr_FR\" \/>\n<meta property=\"og:type\" content=\"article\" \/>\n<meta property=\"og:title\" content=\"Prix Betoux 2025 - Objectif Image\" \/>\n<meta property=\"og:description\" content=\"Comme chaque ann\u00e9e, Objectif Image organise un appel \u00e0 la cr\u00e9ation photographique, intitul\u00e9 Prix Gilbert Betoux du nom du fondateur d\u2019Objectif Image.Les crit\u00e8res de s\u00e9lection par le jury de professionnels de l&rsquo;image sont la qualit\u00e9 artistique, l&rsquo;originalit\u00e9 et la coh\u00e9rence d&rsquo;une vision d&rsquo;auteur. AUCUN THEME N&rsquo;EST IMPOS\u00c9.Le dossier est constitu\u00e9 de 10 \u00e0 20 oeuvres, [&hellip;]\" \/>\n<meta property=\"og:url\" content=\"https:\/\/objectif-image.fr\/OI\/prix-betoux\/\" \/>\n<meta property=\"og:site_name\" content=\"Objectif Image\" \/>\n<meta property=\"article:publisher\" content=\"https:\/\/www.facebook.com\/Objectif.mage\" \/>\n<meta property=\"article:modified_time\" content=\"2026-02-14T15:04:30+00:00\" \/>\n<meta name=\"twitter:card\" content=\"summary_large_image\" \/>\n<meta name=\"twitter:label1\" content=\"Dur\u00e9e de lecture estim\u00e9e\" \/>\n\t<meta name=\"twitter:data1\" content=\"1 minute\" \/>\n<script type=\"application\/ld+json\" class=\"yoast-schema-graph\">{\"@context\":\"https:\\\/\\\/schema.org\",\"@graph\":[{\"@type\":\"WebPage\",\"@id\":\"https:\\\/\\\/objectif-image.fr\\\/OI\\\/prix-betoux\\\/\",\"url\":\"https:\\\/\\\/objectif-image.fr\\\/OI\\\/prix-betoux\\\/\",\"name\":\"Prix Betoux 2025 - Objectif Image\",\"isPartOf\":{\"@id\":\"https:\\\/\\\/objectif-image.fr\\\/OI\\\/#website\"},\"datePublished\":\"2024-08-13T10:04:24+00:00\",\"dateModified\":\"2026-02-14T15:04:30+00:00\",\"breadcrumb\":{\"@id\":\"https:\\\/\\\/objectif-image.fr\\\/OI\\\/prix-betoux\\\/#breadcrumb\"},\"inLanguage\":\"fr-FR\",\"potentialAction\":[{\"@type\":\"ReadAction\",\"target\":[\"https:\\\/\\\/objectif-image.fr\\\/OI\\\/prix-betoux\\\/\"]}]},{\"@type\":\"BreadcrumbList\",\"@id\":\"https:\\\/\\\/objectif-image.fr\\\/OI\\\/prix-betoux\\\/#breadcrumb\",\"itemListElement\":[{\"@type\":\"ListItem\",\"position\":1,\"name\":\"Accueil\",\"item\":\"https:\\\/\\\/objectif-image.fr\\\/OI\\\/\"},{\"@type\":\"ListItem\",\"position\":2,\"name\":\"Prix Betoux 2025\"}]},{\"@type\":\"WebSite\",\"@id\":\"https:\\\/\\\/objectif-image.fr\\\/OI\\\/#website\",\"url\":\"https:\\\/\\\/objectif-image.fr\\\/OI\\\/\",\"name\":\"Objectif Image\",\"description\":\"Objectif Image\",\"publisher\":{\"@id\":\"https:\\\/\\\/objectif-image.fr\\\/OI\\\/#organization\"},\"potentialAction\":[{\"@type\":\"SearchAction\",\"target\":{\"@type\":\"EntryPoint\",\"urlTemplate\":\"https:\\\/\\\/objectif-image.fr\\\/OI\\\/?s={search_term_string}\"},\"query-input\":{\"@type\":\"PropertyValueSpecification\",\"valueRequired\":true,\"valueName\":\"search_term_string\"}}],\"inLanguage\":\"fr-FR\"},{\"@type\":\"Organization\",\"@id\":\"https:\\\/\\\/objectif-image.fr\\\/OI\\\/#organization\",\"name\":\"Objectif Image\",\"url\":\"https:\\\/\\\/objectif-image.fr\\\/OI\\\/\",\"logo\":{\"@type\":\"ImageObject\",\"inLanguage\":\"fr-FR\",\"@id\":\"https:\\\/\\\/objectif-image.fr\\\/OI\\\/#\\\/schema\\\/logo\\\/image\\\/\",\"url\":\"https:\\\/\\\/objectif-image.fr\\\/OI\\\/wp-content\\\/uploads\\\/2019\\\/02\\\/logo-OI-NATIONAL-rouge-2000px.jpg\",\"contentUrl\":\"https:\\\/\\\/objectif-image.fr\\\/OI\\\/wp-content\\\/uploads\\\/2019\\\/02\\\/logo-OI-NATIONAL-rouge-2000px.jpg\",\"width\":1081,\"height\":1024,\"caption\":\"Objectif Image\"},\"image\":{\"@id\":\"https:\\\/\\\/objectif-image.fr\\\/OI\\\/#\\\/schema\\\/logo\\\/image\\\/\"},\"sameAs\":[\"https:\\\/\\\/www.facebook.com\\\/Objectif.mage\"]}]}<\/script>\n<!-- \/ Yoast SEO plugin. -->","yoast_head_json":{"title":"Prix Betoux 2025 - Objectif Image","robots":{"index":"index","follow":"follow","max-snippet":"max-snippet:-1","max-image-preview":"max-image-preview:large","max-video-preview":"max-video-preview:-1"},"canonical":"https:\/\/objectif-image.fr\/OI\/prix-betoux\/","og_locale":"fr_FR","og_type":"article","og_title":"Prix Betoux 2025 - Objectif Image","og_description":"Comme chaque ann\u00e9e, Objectif Image organise un appel \u00e0 la cr\u00e9ation photographique, intitul\u00e9 Prix Gilbert Betoux du nom du fondateur d\u2019Objectif Image.Les crit\u00e8res de s\u00e9lection par le jury de professionnels de l&rsquo;image sont la qualit\u00e9 artistique, l&rsquo;originalit\u00e9 et la coh\u00e9rence d&rsquo;une vision d&rsquo;auteur. AUCUN THEME N&rsquo;EST IMPOS\u00c9.Le dossier est constitu\u00e9 de 10 \u00e0 20 oeuvres, [&hellip;]","og_url":"https:\/\/objectif-image.fr\/OI\/prix-betoux\/","og_site_name":"Objectif Image","article_publisher":"https:\/\/www.facebook.com\/Objectif.mage","article_modified_time":"2026-02-14T15:04:30+00:00","twitter_card":"summary_large_image","twitter_misc":{"Dur\u00e9e de lecture estim\u00e9e":"1 minute"},"schema":{"@context":"https:\/\/schema.org","@graph":[{"@type":"WebPage","@id":"https:\/\/objectif-image.fr\/OI\/prix-betoux\/","url":"https:\/\/objectif-image.fr\/OI\/prix-betoux\/","name":"Prix Betoux 2025 - Objectif Image","isPartOf":{"@id":"https:\/\/objectif-image.fr\/OI\/#website"},"datePublished":"2024-08-13T10:04:24+00:00","dateModified":"2026-02-14T15:04:30+00:00","breadcrumb":{"@id":"https:\/\/objectif-image.fr\/OI\/prix-betoux\/#breadcrumb"},"inLanguage":"fr-FR","potentialAction":[{"@type":"ReadAction","target":["https:\/\/objectif-image.fr\/OI\/prix-betoux\/"]}]},{"@type":"BreadcrumbList","@id":"https:\/\/objectif-image.fr\/OI\/prix-betoux\/#breadcrumb","itemListElement":[{"@type":"ListItem","position":1,"name":"Accueil","item":"https:\/\/objectif-image.fr\/OI\/"},{"@type":"ListItem","position":2,"name":"Prix Betoux 2025"}]},{"@type":"WebSite","@id":"https:\/\/objectif-image.fr\/OI\/#website","url":"https:\/\/objectif-image.fr\/OI\/","name":"Objectif Image","description":"Objectif Image","publisher":{"@id":"https:\/\/objectif-image.fr\/OI\/#organization"},"potentialAction":[{"@type":"SearchAction","target":{"@type":"EntryPoint","urlTemplate":"https:\/\/objectif-image.fr\/OI\/?s={search_term_string}"},"query-input":{"@type":"PropertyValueSpecification","valueRequired":true,"valueName":"search_term_string"}}],"inLanguage":"fr-FR"},{"@type":"Organization","@id":"https:\/\/objectif-image.fr\/OI\/#organization","name":"Objectif Image","url":"https:\/\/objectif-image.fr\/OI\/","logo":{"@type":"ImageObject","inLanguage":"fr-FR","@id":"https:\/\/objectif-image.fr\/OI\/#\/schema\/logo\/image\/","url":"https:\/\/objectif-image.fr\/OI\/wp-content\/uploads\/2019\/02\/logo-OI-NATIONAL-rouge-2000px.jpg","contentUrl":"https:\/\/objectif-image.fr\/OI\/wp-content\/uploads\/2019\/02\/logo-OI-NATIONAL-rouge-2000px.jpg","width":1081,"height":1024,"caption":"Objectif Image"},"image":{"@id":"https:\/\/objectif-image.fr\/OI\/#\/schema\/logo\/image\/"},"sameAs":["https:\/\/www.facebook.com\/Objectif.mage"]}]}},"_links":{"self":[{"href":"https:\/\/objectif-image.fr\/OI\/wp-json\/wp\/v2\/pages\/54446","targetHints":{"allow":["GET"]}}],"collection":[{"href":"https:\/\/objectif-image.fr\/OI\/wp-json\/wp\/v2\/pages"}],"about":[{"href":"https:\/\/objectif-image.fr\/OI\/wp-json\/wp\/v2\/types\/page"}],"author":[{"embeddable":true,"href":"https:\/\/objectif-image.fr\/OI\/wp-json\/wp\/v2\/users\/2"}],"replies":[{"embeddable":true,"href":"https:\/\/objectif-image.fr\/OI\/wp-json\/wp\/v2\/comments?post=54446"}],"version-history":[{"count":1,"href":"https:\/\/objectif-image.fr\/OI\/wp-json\/wp\/v2\/pages\/54446\/revisions"}],"predecessor-version":[{"id":61116,"href":"https:\/\/objectif-image.fr\/OI\/wp-json\/wp\/v2\/pages\/54446\/revisions\/61116"}],"wp:attachment":[{"href":"https:\/\/objectif-image.fr\/OI\/wp-json\/wp\/v2\/media?parent=54446"}],"wp:term":[{"taxonomy":"category","embeddable":true,"href":"https:\/\/objectif-image.fr\/OI\/wp-json\/wp\/v2\/categories?post=54446"},{"taxonomy":"post_tag","embeddable":true,"href":"https:\/\/objectif-image.fr\/OI\/wp-json\/wp\/v2\/tags?post=54446"}],"curies":[{"name":"wp","href":"https:\/\/api.w.org\/{rel}","templated":true}]}}