{"id":5899,"date":"2017-08-24T12:55:58","date_gmt":"2017-08-24T10:55:58","guid":{"rendered":"https:\/\/objectif-image.fr\/OI\/?page_id=5899"},"modified":"2026-02-27T12:14:02","modified_gmt":"2026-02-27T11:14:02","slug":"palmares-des-prix-eymonerie","status":"publish","type":"page","link":"https:\/\/objectif-image.fr\/OI\/palmares-des-prix-eymonerie\/","title":{"rendered":"Coups de c\u0153ur Eymonerie (Historique)"},"content":{"rendered":"\n<p><strong>Du nom d&rsquo;un des fondateurs d&rsquo;Objectif Image, les coups de c\u0153ur Eymonerie mettent en avant trois films photographiques (diaporamas) choisis par l&rsquo;ensemble des membres parmi une s\u00e9lection de douze oeuvres remarqu\u00e9es lors des rencontres nationales annuelles. Les r\u00e9alisations sont visibles soit sur le DCCN, soit en en faisant la demande aupr\u00e8s des auteurs.<\/strong><\/p>\n\n\n<h5><strong>2024 Clapiers<\/strong><\/h5>\n<ul>\n<li>\n<p><strong>Euterpe de Christian BRION OI 75 Paris<\/strong><\/p>\n<\/li>\n<li>\n<p><strong>Inclusion de G\u00e9rard DIEBOLD OI 63 Lempdes<\/strong><\/p>\n<\/li>\n<li>\n<p><strong>La Visiteuse d\u2019Herv\u00e9 SOLLER AID Castries<\/strong><\/p>\n<\/li>\n<li>\n<p><strong>Une belle journ\u00e9e de Jean-Claude LEROI OI 63 Lempdes<\/strong><\/p>\n<\/li>\n<\/ul>\n<p><strong>Prix Henri Ribouton<\/strong><\/p>\n<ul>\n<li><strong>N\u00e9ant de Gary GRETEAU ?<\/strong><\/li>\n<\/ul>\n<h5><strong>2023 Villeneuve sur Lot<\/strong><\/h5>\n<ul>\n<li><strong>Le retard de Patrick JACQUEL OI 21 Dijon<\/strong><\/li>\n<li><strong>Placide de Philippe de LACHEZE MUREL Les Amis de la couleur<\/strong><\/li>\n<li><strong>A vue d\u2019oeil de Jean-Paul PETIT OI 75 Paris<\/strong><\/li>\n<\/ul>\n<p>Prix Henri Ribouton<\/p>\n<ul>\n<li><strong>Mi Abuala de Najwa BENCHEBAB OI 33<\/strong><\/li>\n<\/ul>\n<h5><strong>2022 Tulle<\/strong><\/h5>\n<ul>\n<li><strong>Op Art de Jean-Claude LEROI OI 63 Lempdes<\/strong><\/li>\n<li><strong>La qu\u00eate de Frederic MICHEl OI 69 Lyon<\/strong><\/li>\n<li><strong>La Grande famine de Jany FEJOZ OI 75 Paris<\/strong><\/li>\n<\/ul>\n<p><strong>Prix Henri Ribouton<\/strong><\/p>\n<ul>\n<li><strong>Mon ami Gaston de Fran\u00e7oise RISS-CAZEILS OI47 Villeneuve sur Lot<\/strong><\/li>\n<\/ul>\n<h5><strong>2021 Pornichet<\/strong><\/h5>\n<ul>\n<li><strong>Co et Vide de Frederic MICHEL OI 69 Lyon<\/strong><\/li>\n<li><strong>Seigneur sauvez le roi de Jean-Claude LEROI OI 63 Lempdes<\/strong><\/li>\n<li>Kilmainham Gao de Bernard REMY OI 45 Orl\u00e9ans<\/li>\n<li>Silence d&rsquo;hiver de Dominique GARCIA 06 Nice<\/li>\n<\/ul>\n<h5><strong>2020 En ligne (COVID)<\/strong><\/h5>\n<ul>\n<li><strong>I\u2019Am American de Pierre-Marie ARTAUX OI 75 Paris<\/strong><\/li>\n<li><strong>Le trousseau de Cl\u00e9s de Patrick JACQUEL OI 21 Dijon<\/strong><\/li>\n<li><strong>Georges Bodin de Brigitte MIAS OI 34 Clapiers<\/strong><\/li>\n<\/ul>\n<p>Prix Henri Ribouton<\/p>\n<ul>\n<li><strong>Georges un juste parmi les justes des Nations de Brigitte MIAS OI 34 Clapiers<\/strong><\/li>\n<\/ul>\n<h5><strong>2019 &#8211; Louhans<\/strong><\/h5>\n<ul>\n<li><strong>Olivier de G\u00e9rard DIEBOLD (OI 63 Lempdes)<\/strong><\/li>\n<li><strong>Etrang\u00e8re d&rsquo;Ursula\u00a0 DIEBOLD (OI 63 Lempdes)<\/strong><\/li>\n<li><strong>Le Monument \u00e0 la vie de Laure GIGOU (OI 34 Jacou)<\/strong><\/li>\n<\/ul>\n<h5><strong>2018 &#8211; Charleville<\/strong><\/h5>\n<ul>\n<li><strong>Marco l&rsquo;aventurier de Jany FEJOZ (OI 75)<\/strong><\/li>\n<li><strong>Les petites mains de l&rsquo;Am\u00e9rique de Pierre-Marie ARTAUX (OI 75)<\/strong><\/li>\n<li><strong>Vivre avec Mona et les autres de Frederic MICHEL (OI 69)<\/strong><\/li>\n<\/ul>\n<h5><strong>2017 &#8211; Lempdes<\/strong><\/h5>\n<ul>\n<li><strong>Le mur\u00a0 de Jean Paul Petit (OI75)<\/strong><\/li>\n<li><strong>L&rsquo;eau et la couleur de G\u00e9rard Diebold (OI 63)<\/strong><\/li>\n<li><strong>Saga Dawa de\u00a0Jany CLAVIER (OI 45)<\/strong><\/li>\n<\/ul>\n<h5><strong>2016 &#8211; Tulle<\/strong><\/h5>\n<ul>\n<li><strong>Matin Brun de Ursula Diebold (OI 63)<\/strong><\/li>\n<li><strong>Hermione de G\u00e9rard Diebold (OI 63)<\/strong><\/li>\n<li><strong>Ayako Takaishi \u00a0de Jean Paul Petit (OI75)<\/strong><\/li>\n<\/ul>\n<h5>2015 &#8211; Hendaye<\/h5>\n<ul>\n<li><strong>Gamma Centaury de Jacques Carmant (OI 75)<\/strong><\/li>\n<li><strong>Quatorze de Claude Jarraud (OI 37)<\/strong><\/li>\n<li><strong>Les gardiens de Marc Jourdain (OI 45)<\/strong><\/li>\n<\/ul>\n<h5>2014 &#8211; Chal\u00e8s (Orl\u00e9ans)<\/h5>\n<ul>\n<li><strong>Struggle for life de R\u00e9my Bernard (OI 45)<\/strong><\/li>\n<li><strong>El sabor de la tierra de Christian Brion (OI 75)<\/strong><\/li>\n<li><strong>o\u00f9 est Jeanne de Marc Jourdain (OI 45)<\/strong><\/li>\n<\/ul>\n<h5>2013 &#8211; Angers<\/h5>\n<ul>\n<li><strong>Rosa Parks de Pierre Marie Artaux (OI 75)<\/strong><\/li>\n<li><strong>J&rsquo;ai peur de vivre de Jean-Pierre ROCHARD (OI 72)<\/strong><\/li>\n<li><strong>Lepidopt\u00e8re de Claude Jarraud (OI 37)<\/strong><\/li>\n<\/ul>\n<h5>2012 &#8211; La Roche sur Yon<\/h5>\n<ul>\n<li><strong>Le tabac des sports de Jean Paul Petit (OI 75)<\/strong><\/li>\n<li><strong>Sur les pas de Raboliot de\u00a0 (OI 45)<\/strong><\/li>\n<li><strong>Cimeti\u00e8re des bateaux de Jean-Claude Haussy (OI 59 Denain)<\/strong><\/li>\n<\/ul>\n<h5><strong>2011 &#8211; Valenciennes<\/strong><\/h5>\n<ul>\n<li><strong>La femme de la chambre 122 de Herv\u00e9 S\u00e9guret (OI 33)<\/strong><\/li>\n<li><strong>Je suis n\u00e9e pour danser de Jean Marie Lafon Delpit (OI 75)<\/strong><\/li>\n<li><strong>Fr\u00e9jus 1959 de Pierre Sevin (OI 06 Cannes)<\/strong><\/li>\n<\/ul>\n<h5>2010 &#8211; Lyon<\/h5>\n<ul>\n<li><strong>La prisonni\u00e8re de Fr\u00e9d\u00e9ric Michel (OI 69)<\/strong><\/li>\n<li><strong>La grande prairie de Jean Paul Petit (OI 75)<\/strong><\/li>\n<li><strong>La grasse matin\u00e9e de Orl\u00e9ans Image (OI 45)<\/strong><\/li>\n<\/ul>\n\n\n<p><\/p>\n","protected":false},"excerpt":{"rendered":"<p>Du nom d&rsquo;un des fondateurs d&rsquo;Objectif Image, les coups de c\u0153ur Eymonerie mettent en avant trois films photographiques (diaporamas) choisis par l&rsquo;ensemble des membres parmi une s\u00e9lection de douze oeuvres remarqu\u00e9es lors des rencontres nationales annuelles. Les r\u00e9alisations sont visibles soit sur le DCCN, soit en en faisant la demande aupr\u00e8s des auteurs. 2024 Clapiers [&hellip;]<\/p>\n","protected":false},"author":2,"featured_media":7390,"parent":0,"menu_order":0,"comment_status":"closed","ping_status":"closed","template":"","meta":{"_acf_changed":false,"footnotes":""},"categories":[],"tags":[838],"class_list":["post-5899","page","type-page","status-publish","has-post-thumbnail","hentry","tag-ne-pas-supprimer"],"acf":[],"yoast_head":"<!-- This site is optimized with the Yoast SEO plugin v27.4 - https:\/\/yoast.com\/product\/yoast-seo-wordpress\/ -->\n<title>Coups de c\u0153ur Eymonerie (Historique) - Objectif Image<\/title>\n<meta name=\"robots\" content=\"index, follow, max-snippet:-1, max-image-preview:large, max-video-preview:-1\" \/>\n<link rel=\"canonical\" href=\"https:\/\/objectif-image.fr\/OI\/palmares-des-prix-eymonerie\/\" \/>\n<meta property=\"og:locale\" content=\"fr_FR\" \/>\n<meta property=\"og:type\" content=\"article\" \/>\n<meta property=\"og:title\" content=\"Coups de c\u0153ur Eymonerie (Historique) - Objectif Image\" \/>\n<meta property=\"og:description\" content=\"Du nom d&rsquo;un des fondateurs d&rsquo;Objectif Image, les coups de c\u0153ur Eymonerie mettent en avant trois films photographiques (diaporamas) choisis par l&rsquo;ensemble des membres parmi une s\u00e9lection de douze oeuvres remarqu\u00e9es lors des rencontres nationales annuelles. Les r\u00e9alisations sont visibles soit sur le DCCN, soit en en faisant la demande aupr\u00e8s des auteurs. 2024 Clapiers [&hellip;]\" \/>\n<meta property=\"og:url\" content=\"https:\/\/objectif-image.fr\/OI\/palmares-des-prix-eymonerie\/\" \/>\n<meta property=\"og:site_name\" content=\"Objectif Image\" \/>\n<meta property=\"article:publisher\" content=\"https:\/\/www.facebook.com\/Objectif.mage\" \/>\n<meta property=\"article:modified_time\" content=\"2026-02-27T11:14:02+00:00\" \/>\n<meta property=\"og:image\" content=\"https:\/\/objectif-image.fr\/OI\/wp-content\/uploads\/2017\/11\/IMG_6898-2.jpg\" \/>\n\t<meta property=\"og:image:width\" content=\"1024\" \/>\n\t<meta property=\"og:image:height\" content=\"683\" \/>\n\t<meta property=\"og:image:type\" content=\"image\/jpeg\" \/>\n<meta name=\"twitter:card\" content=\"summary_large_image\" \/>\n<meta name=\"twitter:label1\" content=\"Dur\u00e9e de lecture estim\u00e9e\" \/>\n\t<meta name=\"twitter:data1\" content=\"3 minutes\" \/>\n<script type=\"application\/ld+json\" class=\"yoast-schema-graph\">{\"@context\":\"https:\\\/\\\/schema.org\",\"@graph\":[{\"@type\":\"WebPage\",\"@id\":\"https:\\\/\\\/objectif-image.fr\\\/OI\\\/palmares-des-prix-eymonerie\\\/\",\"url\":\"https:\\\/\\\/objectif-image.fr\\\/OI\\\/palmares-des-prix-eymonerie\\\/\",\"name\":\"Coups de c\u0153ur Eymonerie (Historique) - Objectif Image\",\"isPartOf\":{\"@id\":\"https:\\\/\\\/objectif-image.fr\\\/OI\\\/#website\"},\"primaryImageOfPage\":{\"@id\":\"https:\\\/\\\/objectif-image.fr\\\/OI\\\/palmares-des-prix-eymonerie\\\/#primaryimage\"},\"image\":{\"@id\":\"https:\\\/\\\/objectif-image.fr\\\/OI\\\/palmares-des-prix-eymonerie\\\/#primaryimage\"},\"thumbnailUrl\":\"https:\\\/\\\/objectif-image.fr\\\/OI\\\/wp-content\\\/uploads\\\/2017\\\/11\\\/IMG_6898-2.jpg\",\"datePublished\":\"2017-08-24T10:55:58+00:00\",\"dateModified\":\"2026-02-27T11:14:02+00:00\",\"breadcrumb\":{\"@id\":\"https:\\\/\\\/objectif-image.fr\\\/OI\\\/palmares-des-prix-eymonerie\\\/#breadcrumb\"},\"inLanguage\":\"fr-FR\",\"potentialAction\":[{\"@type\":\"ReadAction\",\"target\":[\"https:\\\/\\\/objectif-image.fr\\\/OI\\\/palmares-des-prix-eymonerie\\\/\"]}]},{\"@type\":\"ImageObject\",\"inLanguage\":\"fr-FR\",\"@id\":\"https:\\\/\\\/objectif-image.fr\\\/OI\\\/palmares-des-prix-eymonerie\\\/#primaryimage\",\"url\":\"https:\\\/\\\/objectif-image.fr\\\/OI\\\/wp-content\\\/uploads\\\/2017\\\/11\\\/IMG_6898-2.jpg\",\"contentUrl\":\"https:\\\/\\\/objectif-image.fr\\\/OI\\\/wp-content\\\/uploads\\\/2017\\\/11\\\/IMG_6898-2.jpg\",\"width\":1024,\"height\":683},{\"@type\":\"BreadcrumbList\",\"@id\":\"https:\\\/\\\/objectif-image.fr\\\/OI\\\/palmares-des-prix-eymonerie\\\/#breadcrumb\",\"itemListElement\":[{\"@type\":\"ListItem\",\"position\":1,\"name\":\"Accueil\",\"item\":\"https:\\\/\\\/objectif-image.fr\\\/OI\\\/\"},{\"@type\":\"ListItem\",\"position\":2,\"name\":\"Coups de c\u0153ur Eymonerie (Historique)\"}]},{\"@type\":\"WebSite\",\"@id\":\"https:\\\/\\\/objectif-image.fr\\\/OI\\\/#website\",\"url\":\"https:\\\/\\\/objectif-image.fr\\\/OI\\\/\",\"name\":\"Objectif Image\",\"description\":\"Objectif Image\",\"publisher\":{\"@id\":\"https:\\\/\\\/objectif-image.fr\\\/OI\\\/#organization\"},\"potentialAction\":[{\"@type\":\"SearchAction\",\"target\":{\"@type\":\"EntryPoint\",\"urlTemplate\":\"https:\\\/\\\/objectif-image.fr\\\/OI\\\/?s={search_term_string}\"},\"query-input\":{\"@type\":\"PropertyValueSpecification\",\"valueRequired\":true,\"valueName\":\"search_term_string\"}}],\"inLanguage\":\"fr-FR\"},{\"@type\":\"Organization\",\"@id\":\"https:\\\/\\\/objectif-image.fr\\\/OI\\\/#organization\",\"name\":\"Objectif Image\",\"url\":\"https:\\\/\\\/objectif-image.fr\\\/OI\\\/\",\"logo\":{\"@type\":\"ImageObject\",\"inLanguage\":\"fr-FR\",\"@id\":\"https:\\\/\\\/objectif-image.fr\\\/OI\\\/#\\\/schema\\\/logo\\\/image\\\/\",\"url\":\"https:\\\/\\\/objectif-image.fr\\\/OI\\\/wp-content\\\/uploads\\\/2019\\\/02\\\/logo-OI-NATIONAL-rouge-2000px.jpg\",\"contentUrl\":\"https:\\\/\\\/objectif-image.fr\\\/OI\\\/wp-content\\\/uploads\\\/2019\\\/02\\\/logo-OI-NATIONAL-rouge-2000px.jpg\",\"width\":1081,\"height\":1024,\"caption\":\"Objectif Image\"},\"image\":{\"@id\":\"https:\\\/\\\/objectif-image.fr\\\/OI\\\/#\\\/schema\\\/logo\\\/image\\\/\"},\"sameAs\":[\"https:\\\/\\\/www.facebook.com\\\/Objectif.mage\"]}]}<\/script>\n<!-- \/ Yoast SEO plugin. -->","yoast_head_json":{"title":"Coups de c\u0153ur Eymonerie (Historique) - Objectif Image","robots":{"index":"index","follow":"follow","max-snippet":"max-snippet:-1","max-image-preview":"max-image-preview:large","max-video-preview":"max-video-preview:-1"},"canonical":"https:\/\/objectif-image.fr\/OI\/palmares-des-prix-eymonerie\/","og_locale":"fr_FR","og_type":"article","og_title":"Coups de c\u0153ur Eymonerie (Historique) - Objectif Image","og_description":"Du nom d&rsquo;un des fondateurs d&rsquo;Objectif Image, les coups de c\u0153ur Eymonerie mettent en avant trois films photographiques (diaporamas) choisis par l&rsquo;ensemble des membres parmi une s\u00e9lection de douze oeuvres remarqu\u00e9es lors des rencontres nationales annuelles. Les r\u00e9alisations sont visibles soit sur le DCCN, soit en en faisant la demande aupr\u00e8s des auteurs. 2024 Clapiers [&hellip;]","og_url":"https:\/\/objectif-image.fr\/OI\/palmares-des-prix-eymonerie\/","og_site_name":"Objectif Image","article_publisher":"https:\/\/www.facebook.com\/Objectif.mage","article_modified_time":"2026-02-27T11:14:02+00:00","og_image":[{"width":1024,"height":683,"url":"https:\/\/objectif-image.fr\/OI\/wp-content\/uploads\/2017\/11\/IMG_6898-2.jpg","type":"image\/jpeg"}],"twitter_card":"summary_large_image","twitter_misc":{"Dur\u00e9e de lecture estim\u00e9e":"3 minutes"},"schema":{"@context":"https:\/\/schema.org","@graph":[{"@type":"WebPage","@id":"https:\/\/objectif-image.fr\/OI\/palmares-des-prix-eymonerie\/","url":"https:\/\/objectif-image.fr\/OI\/palmares-des-prix-eymonerie\/","name":"Coups de c\u0153ur Eymonerie (Historique) - Objectif Image","isPartOf":{"@id":"https:\/\/objectif-image.fr\/OI\/#website"},"primaryImageOfPage":{"@id":"https:\/\/objectif-image.fr\/OI\/palmares-des-prix-eymonerie\/#primaryimage"},"image":{"@id":"https:\/\/objectif-image.fr\/OI\/palmares-des-prix-eymonerie\/#primaryimage"},"thumbnailUrl":"https:\/\/objectif-image.fr\/OI\/wp-content\/uploads\/2017\/11\/IMG_6898-2.jpg","datePublished":"2017-08-24T10:55:58+00:00","dateModified":"2026-02-27T11:14:02+00:00","breadcrumb":{"@id":"https:\/\/objectif-image.fr\/OI\/palmares-des-prix-eymonerie\/#breadcrumb"},"inLanguage":"fr-FR","potentialAction":[{"@type":"ReadAction","target":["https:\/\/objectif-image.fr\/OI\/palmares-des-prix-eymonerie\/"]}]},{"@type":"ImageObject","inLanguage":"fr-FR","@id":"https:\/\/objectif-image.fr\/OI\/palmares-des-prix-eymonerie\/#primaryimage","url":"https:\/\/objectif-image.fr\/OI\/wp-content\/uploads\/2017\/11\/IMG_6898-2.jpg","contentUrl":"https:\/\/objectif-image.fr\/OI\/wp-content\/uploads\/2017\/11\/IMG_6898-2.jpg","width":1024,"height":683},{"@type":"BreadcrumbList","@id":"https:\/\/objectif-image.fr\/OI\/palmares-des-prix-eymonerie\/#breadcrumb","itemListElement":[{"@type":"ListItem","position":1,"name":"Accueil","item":"https:\/\/objectif-image.fr\/OI\/"},{"@type":"ListItem","position":2,"name":"Coups de c\u0153ur Eymonerie (Historique)"}]},{"@type":"WebSite","@id":"https:\/\/objectif-image.fr\/OI\/#website","url":"https:\/\/objectif-image.fr\/OI\/","name":"Objectif Image","description":"Objectif Image","publisher":{"@id":"https:\/\/objectif-image.fr\/OI\/#organization"},"potentialAction":[{"@type":"SearchAction","target":{"@type":"EntryPoint","urlTemplate":"https:\/\/objectif-image.fr\/OI\/?s={search_term_string}"},"query-input":{"@type":"PropertyValueSpecification","valueRequired":true,"valueName":"search_term_string"}}],"inLanguage":"fr-FR"},{"@type":"Organization","@id":"https:\/\/objectif-image.fr\/OI\/#organization","name":"Objectif Image","url":"https:\/\/objectif-image.fr\/OI\/","logo":{"@type":"ImageObject","inLanguage":"fr-FR","@id":"https:\/\/objectif-image.fr\/OI\/#\/schema\/logo\/image\/","url":"https:\/\/objectif-image.fr\/OI\/wp-content\/uploads\/2019\/02\/logo-OI-NATIONAL-rouge-2000px.jpg","contentUrl":"https:\/\/objectif-image.fr\/OI\/wp-content\/uploads\/2019\/02\/logo-OI-NATIONAL-rouge-2000px.jpg","width":1081,"height":1024,"caption":"Objectif Image"},"image":{"@id":"https:\/\/objectif-image.fr\/OI\/#\/schema\/logo\/image\/"},"sameAs":["https:\/\/www.facebook.com\/Objectif.mage"]}]}},"_links":{"self":[{"href":"https:\/\/objectif-image.fr\/OI\/wp-json\/wp\/v2\/pages\/5899","targetHints":{"allow":["GET"]}}],"collection":[{"href":"https:\/\/objectif-image.fr\/OI\/wp-json\/wp\/v2\/pages"}],"about":[{"href":"https:\/\/objectif-image.fr\/OI\/wp-json\/wp\/v2\/types\/page"}],"author":[{"embeddable":true,"href":"https:\/\/objectif-image.fr\/OI\/wp-json\/wp\/v2\/users\/2"}],"replies":[{"embeddable":true,"href":"https:\/\/objectif-image.fr\/OI\/wp-json\/wp\/v2\/comments?post=5899"}],"version-history":[{"count":15,"href":"https:\/\/objectif-image.fr\/OI\/wp-json\/wp\/v2\/pages\/5899\/revisions"}],"predecessor-version":[{"id":61165,"href":"https:\/\/objectif-image.fr\/OI\/wp-json\/wp\/v2\/pages\/5899\/revisions\/61165"}],"wp:featuredmedia":[{"embeddable":true,"href":"https:\/\/objectif-image.fr\/OI\/wp-json\/wp\/v2\/media\/7390"}],"wp:attachment":[{"href":"https:\/\/objectif-image.fr\/OI\/wp-json\/wp\/v2\/media?parent=5899"}],"wp:term":[{"taxonomy":"category","embeddable":true,"href":"https:\/\/objectif-image.fr\/OI\/wp-json\/wp\/v2\/categories?post=5899"},{"taxonomy":"post_tag","embeddable":true,"href":"https:\/\/objectif-image.fr\/OI\/wp-json\/wp\/v2\/tags?post=5899"}],"curies":[{"name":"wp","href":"https:\/\/api.w.org\/{rel}","templated":true}]}}