{"id":60853,"date":"2026-02-10T17:49:55","date_gmt":"2026-02-10T16:49:55","guid":{"rendered":"https:\/\/objectif-image.fr\/OI\/?page_id=60853"},"modified":"2026-02-14T14:06:30","modified_gmt":"2026-02-14T13:06:30","slug":"2019-2","status":"publish","type":"page","link":"https:\/\/objectif-image.fr\/OI\/2019-2\/","title":{"rendered":"Archives 2019"},"content":{"rendered":"<div class=\"sdm_fancy_template_wrapper\"><div class=\"sdm_fancy2_item sdm_fancy2_grid\"><div class=\"sdm_fancy2_wrapper\"><div class=\"sdm_fancy2_download_item_top\"><div class=\"sdm_fancy2_download_thumbnail\"><\/div><\/div><div class=\"sdm_fancy2_download_title\">11 &#8211; Compte rendu Assembl\u00e9e G\u00e9n\u00e9rale 2019<\/div><div class=\"sdm_fancy2_download_link\"><a href=\"https:\/\/objectif-image.fr\/OI\/?sdm_process_download=1&download_id=25451\" class=\"sdm_fancy2_download_dl_link\" target=\"_blank\">t\u00e9l\u00e9charger<\/a><\/div><\/div><\/div><\/div><div class=\"sdm_fancy_template_wrapper\"><div class=\"sdm_fancy2_item sdm_fancy2_grid\"><div class=\"sdm_fancy2_wrapper\"><div class=\"sdm_fancy2_download_item_top\"><div class=\"sdm_fancy2_download_thumbnail\"><\/div><\/div><div class=\"sdm_fancy2_download_title\">08 &#8211; Tr\u00e9sorerie &#8211; Rapport financier 2019 du tr\u00e9sorier<\/div><div class=\"sdm_fancy2_download_link\"><a href=\"https:\/\/objectif-image.fr\/OI\/?sdm_process_download=1&download_id=25441\" class=\"sdm_fancy2_download_dl_link\" target=\"_blank\">t\u00e9l\u00e9charger<\/a><\/div><\/div><\/div><\/div><div class=\"sdm_fancy_template_wrapper\"><div class=\"sdm_fancy2_item sdm_fancy2_grid\"><div class=\"sdm_fancy2_wrapper\"><div class=\"sdm_fancy2_download_item_top\"><div class=\"sdm_fancy2_download_thumbnail\"><\/div><\/div><div class=\"sdm_fancy2_download_title\">07 &#8211; Tr\u00e9sorerie &#8211; Comptabilit\u00e9 annuelle 2019 (commissaire aux comptes)<\/div><div class=\"sdm_fancy2_download_link\"><a href=\"https:\/\/objectif-image.fr\/OI\/?sdm_process_download=1&download_id=25437\" class=\"sdm_fancy2_download_dl_link\" target=\"_blank\">t\u00e9l\u00e9charger<\/a><\/div><\/div><\/div><\/div><div class=\"sdm_clear_float\"><\/div><div class=\"sdm_fancy_template_wrapper\"><div class=\"sdm_fancy2_item sdm_fancy2_grid\"><div class=\"sdm_fancy2_wrapper\"><div class=\"sdm_fancy2_download_item_top\"><div class=\"sdm_fancy2_download_thumbnail\"><\/div><\/div><div class=\"sdm_fancy2_download_title\">06 &#8211; Rapport Communication &#8211; 2019<\/div><div class=\"sdm_fancy2_download_link\"><a href=\"https:\/\/objectif-image.fr\/OI\/?sdm_process_download=1&download_id=24991\" class=\"sdm_fancy2_download_dl_link\" target=\"_blank\">t\u00e9l\u00e9charger<\/a><\/div><\/div><\/div><\/div><div class=\"sdm_fancy_template_wrapper\"><div class=\"sdm_fancy2_item sdm_fancy2_grid\"><div class=\"sdm_fancy2_wrapper\"><div class=\"sdm_fancy2_download_item_top\"><div class=\"sdm_fancy2_download_thumbnail\"><\/div><\/div><div class=\"sdm_fancy2_download_title\">05 &#8211; Rapport-Formation-2019<\/div><div class=\"sdm_fancy2_download_link\"><a href=\"https:\/\/objectif-image.fr\/OI\/?sdm_process_download=1&download_id=24980\" class=\"sdm_fancy2_download_dl_link\" target=\"_blank\">t\u00e9l\u00e9charger<\/a><\/div><\/div><\/div><\/div><div class=\"sdm_fancy_template_wrapper\"><div class=\"sdm_fancy2_item sdm_fancy2_grid\"><div class=\"sdm_fancy2_wrapper\"><div class=\"sdm_fancy2_download_item_top\"><div class=\"sdm_fancy2_download_thumbnail\"><\/div><\/div><div class=\"sdm_fancy2_download_title\">03 &#8211; Rapport-Vid\u00e9o-2019<\/div><div class=\"sdm_fancy2_download_link\"><a href=\"https:\/\/objectif-image.fr\/OI\/?sdm_process_download=1&download_id=24979\" class=\"sdm_fancy2_download_dl_link\" target=\"_blank\">t\u00e9l\u00e9charger<\/a><\/div><\/div><\/div><\/div><div class=\"sdm_clear_float\"><\/div><div class=\"sdm_fancy_template_wrapper\"><div class=\"sdm_fancy2_item sdm_fancy2_grid\"><div class=\"sdm_fancy2_wrapper\"><div class=\"sdm_fancy2_download_item_top\"><div class=\"sdm_fancy2_download_thumbnail\"><\/div><\/div><div class=\"sdm_fancy2_download_title\">04 &#8211; Rapport-Audiovisuel-2019<\/div><div class=\"sdm_fancy2_download_link\"><a href=\"https:\/\/objectif-image.fr\/OI\/?sdm_process_download=1&download_id=24978\" class=\"sdm_fancy2_download_dl_link\" target=\"_blank\">t\u00e9l\u00e9charger<\/a><\/div><\/div><\/div><\/div><div class=\"sdm_fancy_template_wrapper\"><div class=\"sdm_fancy2_item sdm_fancy2_grid\"><div class=\"sdm_fancy2_wrapper\"><div class=\"sdm_fancy2_download_item_top\"><div class=\"sdm_fancy2_download_thumbnail\"><\/div><\/div><div class=\"sdm_fancy2_download_title\">02 &#8211; Rapport-Photo-2019<\/div><div class=\"sdm_fancy2_download_link\"><a href=\"https:\/\/objectif-image.fr\/OI\/?sdm_process_download=1&download_id=24972\" class=\"sdm_fancy2_download_dl_link\" target=\"_blank\">t\u00e9l\u00e9charger<\/a><\/div><\/div><\/div><\/div><div class=\"sdm_fancy_template_wrapper\"><div class=\"sdm_fancy2_item sdm_fancy2_grid\"><div class=\"sdm_fancy2_wrapper\"><div class=\"sdm_fancy2_download_item_top\"><div class=\"sdm_fancy2_download_thumbnail\"><\/div><\/div><div class=\"sdm_fancy2_download_title\">Reunion de bureau du 04\/02\/2019<\/div><div class=\"sdm_fancy2_download_link\"><a href=\"https:\/\/objectif-image.fr\/OI\/?sdm_process_download=1&download_id=22735\" class=\"sdm_fancy2_download_dl_link\" target=\"_self\">t\u00e9l\u00e9charger<\/a><\/div><\/div><\/div><\/div><div class=\"sdm_clear_float\"><\/div><div class=\"sdm_fancy_template_wrapper\"><div class=\"sdm_fancy2_item sdm_fancy2_grid\"><div class=\"sdm_fancy2_wrapper\"><div class=\"sdm_fancy2_download_item_top\"><div class=\"sdm_fancy2_download_thumbnail\"><\/div><\/div><div class=\"sdm_fancy2_download_title\">CR du 24\/03\/2019(annexe )<\/div><div class=\"sdm_fancy2_download_link\"><a href=\"https:\/\/objectif-image.fr\/OI\/?sdm_process_download=1&download_id=22368\" class=\"sdm_fancy2_download_dl_link\" target=\"_self\">t\u00e9l\u00e9charger<\/a><\/div><\/div><\/div><\/div><div class=\"sdm_fancy_template_wrapper\"><div class=\"sdm_fancy2_item sdm_fancy2_grid\"><div class=\"sdm_fancy2_wrapper\"><div class=\"sdm_fancy2_download_item_top\"><div class=\"sdm_fancy2_download_thumbnail\"><\/div><\/div><div class=\"sdm_fancy2_download_title\">CR du 24\/03\/2019<\/div><div class=\"sdm_fancy2_download_link\"><a href=\"https:\/\/objectif-image.fr\/OI\/?sdm_process_download=1&download_id=22367\" class=\"sdm_fancy2_download_dl_link\" target=\"_self\">t\u00e9l\u00e9charger<\/a><\/div><\/div><\/div><\/div><div class=\"sdm_fancy_template_wrapper\"><div class=\"sdm_fancy2_item sdm_fancy2_grid\"><div class=\"sdm_fancy2_wrapper\"><div class=\"sdm_fancy2_download_item_top\"><div class=\"sdm_fancy2_download_thumbnail\"><\/div><\/div><div class=\"sdm_fancy2_download_title\">Compte rendu de l&rsquo;AG 2019<\/div><div class=\"sdm_fancy2_download_link\"><a href=\"https:\/\/objectif-image.fr\/OI\/?sdm_process_download=1&download_id=22353\" class=\"sdm_fancy2_download_dl_link\" target=\"_blank\">t\u00e9l\u00e9charger<\/a><\/div><\/div><\/div><\/div><div class=\"sdm_clear_float\"><\/div><div class=\"sdm_fancy_template_wrapper\"><div class=\"sdm_fancy2_item sdm_fancy2_grid\"><div class=\"sdm_fancy2_wrapper\"><div class=\"sdm_fancy2_download_item_top\"><div class=\"sdm_fancy2_download_thumbnail\"><\/div><\/div><div class=\"sdm_fancy2_download_title\">CR du 05\/02\/2019<\/div><div class=\"sdm_fancy2_download_link\"><a href=\"https:\/\/objectif-image.fr\/OI\/?sdm_process_download=1&download_id=22294\" class=\"sdm_fancy2_download_dl_link\" target=\"_self\">t\u00e9l\u00e9charger<\/a><\/div><\/div><\/div><\/div><div class=\"sdm_clear_float\"><\/div>\n","protected":false},"excerpt":{"rendered":"","protected":false},"author":2,"featured_media":0,"parent":0,"menu_order":0,"comment_status":"closed","ping_status":"closed","template":"","meta":{"_acf_changed":false,"footnotes":""},"categories":[],"tags":[838],"class_list":["post-60853","page","type-page","status-publish","hentry","tag-ne-pas-supprimer"],"acf":[],"yoast_head":"<!-- This site is optimized with the Yoast SEO plugin v27.3 - https:\/\/yoast.com\/product\/yoast-seo-wordpress\/ -->\n<title>Archives 2019 - Objectif Image<\/title>\n<meta name=\"robots\" content=\"index, follow, max-snippet:-1, max-image-preview:large, max-video-preview:-1\" \/>\n<link rel=\"canonical\" href=\"https:\/\/objectif-image.fr\/OI\/2019-2\/\" \/>\n<meta property=\"og:locale\" content=\"fr_FR\" \/>\n<meta property=\"og:type\" content=\"article\" \/>\n<meta property=\"og:title\" content=\"Archives 2019 - Objectif Image\" \/>\n<meta property=\"og:url\" content=\"https:\/\/objectif-image.fr\/OI\/2019-2\/\" \/>\n<meta property=\"og:site_name\" content=\"Objectif Image\" \/>\n<meta property=\"article:publisher\" content=\"https:\/\/www.facebook.com\/Objectif.mage\" \/>\n<meta property=\"article:modified_time\" content=\"2026-02-14T13:06:30+00:00\" \/>\n<meta name=\"twitter:card\" content=\"summary_large_image\" \/>\n<script type=\"application\/ld+json\" class=\"yoast-schema-graph\">{\"@context\":\"https:\\\/\\\/schema.org\",\"@graph\":[{\"@type\":\"WebPage\",\"@id\":\"https:\\\/\\\/objectif-image.fr\\\/OI\\\/2019-2\\\/\",\"url\":\"https:\\\/\\\/objectif-image.fr\\\/OI\\\/2019-2\\\/\",\"name\":\"Archives 2019 - Objectif Image\",\"isPartOf\":{\"@id\":\"https:\\\/\\\/objectif-image.fr\\\/OI\\\/#website\"},\"datePublished\":\"2026-02-10T16:49:55+00:00\",\"dateModified\":\"2026-02-14T13:06:30+00:00\",\"breadcrumb\":{\"@id\":\"https:\\\/\\\/objectif-image.fr\\\/OI\\\/2019-2\\\/#breadcrumb\"},\"inLanguage\":\"fr-FR\",\"potentialAction\":[{\"@type\":\"ReadAction\",\"target\":[\"https:\\\/\\\/objectif-image.fr\\\/OI\\\/2019-2\\\/\"]}]},{\"@type\":\"BreadcrumbList\",\"@id\":\"https:\\\/\\\/objectif-image.fr\\\/OI\\\/2019-2\\\/#breadcrumb\",\"itemListElement\":[{\"@type\":\"ListItem\",\"position\":1,\"name\":\"Accueil\",\"item\":\"https:\\\/\\\/objectif-image.fr\\\/OI\\\/\"},{\"@type\":\"ListItem\",\"position\":2,\"name\":\"Archives 2019\"}]},{\"@type\":\"WebSite\",\"@id\":\"https:\\\/\\\/objectif-image.fr\\\/OI\\\/#website\",\"url\":\"https:\\\/\\\/objectif-image.fr\\\/OI\\\/\",\"name\":\"Objectif Image\",\"description\":\"Objectif Image\",\"publisher\":{\"@id\":\"https:\\\/\\\/objectif-image.fr\\\/OI\\\/#organization\"},\"potentialAction\":[{\"@type\":\"SearchAction\",\"target\":{\"@type\":\"EntryPoint\",\"urlTemplate\":\"https:\\\/\\\/objectif-image.fr\\\/OI\\\/?s={search_term_string}\"},\"query-input\":{\"@type\":\"PropertyValueSpecification\",\"valueRequired\":true,\"valueName\":\"search_term_string\"}}],\"inLanguage\":\"fr-FR\"},{\"@type\":\"Organization\",\"@id\":\"https:\\\/\\\/objectif-image.fr\\\/OI\\\/#organization\",\"name\":\"Objectif Image\",\"url\":\"https:\\\/\\\/objectif-image.fr\\\/OI\\\/\",\"logo\":{\"@type\":\"ImageObject\",\"inLanguage\":\"fr-FR\",\"@id\":\"https:\\\/\\\/objectif-image.fr\\\/OI\\\/#\\\/schema\\\/logo\\\/image\\\/\",\"url\":\"https:\\\/\\\/objectif-image.fr\\\/OI\\\/wp-content\\\/uploads\\\/2019\\\/02\\\/logo-OI-NATIONAL-rouge-2000px.jpg\",\"contentUrl\":\"https:\\\/\\\/objectif-image.fr\\\/OI\\\/wp-content\\\/uploads\\\/2019\\\/02\\\/logo-OI-NATIONAL-rouge-2000px.jpg\",\"width\":1081,\"height\":1024,\"caption\":\"Objectif Image\"},\"image\":{\"@id\":\"https:\\\/\\\/objectif-image.fr\\\/OI\\\/#\\\/schema\\\/logo\\\/image\\\/\"},\"sameAs\":[\"https:\\\/\\\/www.facebook.com\\\/Objectif.mage\"]}]}<\/script>\n<!-- \/ Yoast SEO plugin. -->","yoast_head_json":{"title":"Archives 2019 - Objectif Image","robots":{"index":"index","follow":"follow","max-snippet":"max-snippet:-1","max-image-preview":"max-image-preview:large","max-video-preview":"max-video-preview:-1"},"canonical":"https:\/\/objectif-image.fr\/OI\/2019-2\/","og_locale":"fr_FR","og_type":"article","og_title":"Archives 2019 - Objectif Image","og_url":"https:\/\/objectif-image.fr\/OI\/2019-2\/","og_site_name":"Objectif Image","article_publisher":"https:\/\/www.facebook.com\/Objectif.mage","article_modified_time":"2026-02-14T13:06:30+00:00","twitter_card":"summary_large_image","schema":{"@context":"https:\/\/schema.org","@graph":[{"@type":"WebPage","@id":"https:\/\/objectif-image.fr\/OI\/2019-2\/","url":"https:\/\/objectif-image.fr\/OI\/2019-2\/","name":"Archives 2019 - Objectif Image","isPartOf":{"@id":"https:\/\/objectif-image.fr\/OI\/#website"},"datePublished":"2026-02-10T16:49:55+00:00","dateModified":"2026-02-14T13:06:30+00:00","breadcrumb":{"@id":"https:\/\/objectif-image.fr\/OI\/2019-2\/#breadcrumb"},"inLanguage":"fr-FR","potentialAction":[{"@type":"ReadAction","target":["https:\/\/objectif-image.fr\/OI\/2019-2\/"]}]},{"@type":"BreadcrumbList","@id":"https:\/\/objectif-image.fr\/OI\/2019-2\/#breadcrumb","itemListElement":[{"@type":"ListItem","position":1,"name":"Accueil","item":"https:\/\/objectif-image.fr\/OI\/"},{"@type":"ListItem","position":2,"name":"Archives 2019"}]},{"@type":"WebSite","@id":"https:\/\/objectif-image.fr\/OI\/#website","url":"https:\/\/objectif-image.fr\/OI\/","name":"Objectif Image","description":"Objectif Image","publisher":{"@id":"https:\/\/objectif-image.fr\/OI\/#organization"},"potentialAction":[{"@type":"SearchAction","target":{"@type":"EntryPoint","urlTemplate":"https:\/\/objectif-image.fr\/OI\/?s={search_term_string}"},"query-input":{"@type":"PropertyValueSpecification","valueRequired":true,"valueName":"search_term_string"}}],"inLanguage":"fr-FR"},{"@type":"Organization","@id":"https:\/\/objectif-image.fr\/OI\/#organization","name":"Objectif Image","url":"https:\/\/objectif-image.fr\/OI\/","logo":{"@type":"ImageObject","inLanguage":"fr-FR","@id":"https:\/\/objectif-image.fr\/OI\/#\/schema\/logo\/image\/","url":"https:\/\/objectif-image.fr\/OI\/wp-content\/uploads\/2019\/02\/logo-OI-NATIONAL-rouge-2000px.jpg","contentUrl":"https:\/\/objectif-image.fr\/OI\/wp-content\/uploads\/2019\/02\/logo-OI-NATIONAL-rouge-2000px.jpg","width":1081,"height":1024,"caption":"Objectif Image"},"image":{"@id":"https:\/\/objectif-image.fr\/OI\/#\/schema\/logo\/image\/"},"sameAs":["https:\/\/www.facebook.com\/Objectif.mage"]}]}},"_links":{"self":[{"href":"https:\/\/objectif-image.fr\/OI\/wp-json\/wp\/v2\/pages\/60853","targetHints":{"allow":["GET"]}}],"collection":[{"href":"https:\/\/objectif-image.fr\/OI\/wp-json\/wp\/v2\/pages"}],"about":[{"href":"https:\/\/objectif-image.fr\/OI\/wp-json\/wp\/v2\/types\/page"}],"author":[{"embeddable":true,"href":"https:\/\/objectif-image.fr\/OI\/wp-json\/wp\/v2\/users\/2"}],"replies":[{"embeddable":true,"href":"https:\/\/objectif-image.fr\/OI\/wp-json\/wp\/v2\/comments?post=60853"}],"version-history":[{"count":3,"href":"https:\/\/objectif-image.fr\/OI\/wp-json\/wp\/v2\/pages\/60853\/revisions"}],"predecessor-version":[{"id":60875,"href":"https:\/\/objectif-image.fr\/OI\/wp-json\/wp\/v2\/pages\/60853\/revisions\/60875"}],"wp:attachment":[{"href":"https:\/\/objectif-image.fr\/OI\/wp-json\/wp\/v2\/media?parent=60853"}],"wp:term":[{"taxonomy":"category","embeddable":true,"href":"https:\/\/objectif-image.fr\/OI\/wp-json\/wp\/v2\/categories?post=60853"},{"taxonomy":"post_tag","embeddable":true,"href":"https:\/\/objectif-image.fr\/OI\/wp-json\/wp\/v2\/tags?post=60853"}],"curies":[{"name":"wp","href":"https:\/\/api.w.org\/{rel}","templated":true}]}}