{"id":33188,"date":"2021-03-05T20:10:39","date_gmt":"2021-03-05T19:10:39","guid":{"rendered":"https:\/\/objectif-image.fr\/OI\/?post_type=product&#038;p=33188"},"modified":"2022-04-15T20:01:28","modified_gmt":"2022-04-15T18:01:28","slug":"image-n71","status":"publish","type":"product","link":"https:\/\/objectif-image.fr\/OI\/produit\/image-n71\/","title":{"rendered":"Image n\u00b070"},"content":{"rendered":"<p class=\"has-text-color has-medium-font-size has-very-dark-gray-color\"><em>Rendre compte de la diversit\u00e9 de tous ces points de vue, explorer des domaines dont la diffusion est restreinte a constitu\u00e9 l\u2019ossature de ce num\u00e9ro d\u2019Images qui permet aux amateurs de po\u00e9sie lyrique ou aux passionn\u00e9s de recherche scientifique de voir la r\u00e9alit\u00e9 avec un certain recul.<br \/>\n<\/em><\/p>\n<div class=\"wp-block-image\">\n<figure class=\"alignleft size-large is-resized\"><img loading=\"lazy\" decoding=\"async\" class=\"alignnone wp-image-33227 size-medium\" src=\"https:\/\/objectif-image.fr\/OI\/wp-content\/uploads\/2021\/03\/couverture-1a-768x1152-3-200x300.jpg\" alt=\"\" width=\"200\" height=\"300\" srcset=\"https:\/\/objectif-image.fr\/OI\/wp-content\/uploads\/2021\/03\/couverture-1a-768x1152-3-200x300.jpg 200w, https:\/\/objectif-image.fr\/OI\/wp-content\/uploads\/2021\/03\/couverture-1a-768x1152-3-400x600.jpg 400w, https:\/\/objectif-image.fr\/OI\/wp-content\/uploads\/2021\/03\/couverture-1a-768x1152-3-100x150.jpg 100w, https:\/\/objectif-image.fr\/OI\/wp-content\/uploads\/2021\/03\/couverture-1a-768x1152-3-683x1024.jpg 683w, https:\/\/objectif-image.fr\/OI\/wp-content\/uploads\/2021\/03\/couverture-1a-768x1152-3-67x100.jpg 67w, https:\/\/objectif-image.fr\/OI\/wp-content\/uploads\/2021\/03\/couverture-1a-768x1152-3-398x597.jpg 398w, https:\/\/objectif-image.fr\/OI\/wp-content\/uploads\/2021\/03\/couverture-1a-768x1152-3.jpg 768w\" sizes=\"auto, (max-width: 200px) 100vw, 200px\" \/><\/figure>\n<\/div>\n<p class=\"has-text-color\"><strong>Au sommaire<\/strong><\/p>\n<p class=\"has-medium-font-size\">\u2022\u00a0<strong>Antoine Rose<\/strong>\u00a0\u2013\u00a0<em>Up in the Air<\/em><br \/>\n\u2022\u00a0<strong>Jacques Dassi\u00e9<\/strong>\u00a0\u2013\u00a0<em>Arch\u00e9ologie a\u00e9rienne<\/em><br \/>\n\u2022\u00a0<strong>Loes Heerink<\/strong>\u00a0\u2013\u00a0<em>Merchants in Motion<\/em><br \/>\n\u2022\u00a0<strong>Raimond Wouda<\/strong>\u00a0\u2013\u00a0<em>School<\/em><br \/>\n\u2022\u00a0<strong>Rapha\u00eal Dalloporta<\/strong>\u00a0\u2013\u00a0<em>Ruins<\/em><br \/>\n\u2022\u00a0<strong>Philippe Cauneau<\/strong>\u00a0\u2013\u00a0<em>Sur Terre, ailleurs<\/em><br \/>\n\u2022\u00a0<strong>Jean-Marc Vesseron<\/strong>\u00a0\u2013\u00a0<em>L\u2019albatros<\/em><\/p>\n<p>&nbsp;<\/p>\n","protected":false},"excerpt":{"rendered":"<p>Rendre compte de la diversit\u00e9 de tous ces points de vue, explorer des domaines dont la diffusion est restreinte a constitu\u00e9 l\u2019ossature de ce num\u00e9ro d\u2019Images qui permet aux amateurs de po\u00e9sie lyrique ou aux passionn\u00e9s de recherche scientifique de voir la r\u00e9alit\u00e9 avec un certain recul. Au sommaire \u2022\u00a0Antoine Rose\u00a0\u2013\u00a0Up in the Air \u2022\u00a0Jacques [&hellip;]<\/p>\n","protected":false},"featured_media":33227,"template":"","meta":{"_acf_changed":false},"product_brand":[],"product_cat":[417],"product_tag":[418],"class_list":{"0":"post-33188","1":"product","2":"type-product","3":"status-publish","4":"has-post-thumbnail","6":"product_cat-images","7":"product_tag-images70","9":"first","10":"instock","11":"shipping-taxable","12":"purchasable","13":"product-type-simple"},"acf":[],"yoast_head":"<!-- This site is optimized with the Yoast SEO plugin v27.6 - https:\/\/yoast.com\/product\/yoast-seo-wordpress\/ -->\n<title>Image n\u00b070 - Objectif Image<\/title>\n<meta name=\"robots\" content=\"noindex, follow\" \/>\n<meta property=\"og:locale\" content=\"fr_FR\" \/>\n<meta property=\"og:type\" content=\"article\" \/>\n<meta property=\"og:title\" content=\"Image n\u00b070 - Objectif Image\" \/>\n<meta property=\"og:description\" content=\"Rendre compte de la diversit\u00e9 de tous ces points de vue, explorer des domaines dont la diffusion est restreinte a constitu\u00e9 l\u2019ossature de ce num\u00e9ro d\u2019Images qui permet aux amateurs de po\u00e9sie lyrique ou aux passionn\u00e9s de recherche scientifique de voir la r\u00e9alit\u00e9 avec un certain recul. Au sommaire \u2022\u00a0Antoine Rose\u00a0\u2013\u00a0Up in the Air \u2022\u00a0Jacques [&hellip;]\" \/>\n<meta property=\"og:url\" content=\"https:\/\/objectif-image.fr\/OI\/produit\/image-n71\/\" \/>\n<meta property=\"og:site_name\" content=\"Objectif Image\" \/>\n<meta property=\"article:publisher\" content=\"https:\/\/www.facebook.com\/Objectif.mage\" \/>\n<meta property=\"article:modified_time\" content=\"2022-04-15T18:01:28+00:00\" \/>\n<meta property=\"og:image\" content=\"https:\/\/objectif-image.fr\/OI\/wp-content\/uploads\/2021\/03\/couverture-1a-768x1152-3.jpg\" \/>\n\t<meta property=\"og:image:width\" content=\"768\" \/>\n\t<meta property=\"og:image:height\" content=\"1152\" \/>\n\t<meta property=\"og:image:type\" content=\"image\/jpeg\" \/>\n<meta name=\"twitter:card\" content=\"summary_large_image\" \/>\n<meta name=\"twitter:label1\" content=\"Dur\u00e9e de lecture estim\u00e9e\" \/>\n\t<meta name=\"twitter:data1\" content=\"1 minute\" \/>\n<script type=\"application\/ld+json\" class=\"yoast-schema-graph\">{\"@context\":\"https:\\\/\\\/schema.org\",\"@graph\":[{\"@type\":\"WebPage\",\"@id\":\"https:\\\/\\\/objectif-image.fr\\\/OI\\\/produit\\\/image-n71\\\/\",\"url\":\"https:\\\/\\\/objectif-image.fr\\\/OI\\\/produit\\\/image-n71\\\/\",\"name\":\"Image n\u00b070 - Objectif Image\",\"isPartOf\":{\"@id\":\"https:\\\/\\\/objectif-image.fr\\\/OI\\\/#website\"},\"primaryImageOfPage\":{\"@id\":\"https:\\\/\\\/objectif-image.fr\\\/OI\\\/produit\\\/image-n71\\\/#primaryimage\"},\"image\":{\"@id\":\"https:\\\/\\\/objectif-image.fr\\\/OI\\\/produit\\\/image-n71\\\/#primaryimage\"},\"thumbnailUrl\":\"https:\\\/\\\/objectif-image.fr\\\/OI\\\/wp-content\\\/uploads\\\/2021\\\/03\\\/couverture-1a-768x1152-3.jpg\",\"datePublished\":\"2021-03-05T19:10:39+00:00\",\"dateModified\":\"2022-04-15T18:01:28+00:00\",\"breadcrumb\":{\"@id\":\"https:\\\/\\\/objectif-image.fr\\\/OI\\\/produit\\\/image-n71\\\/#breadcrumb\"},\"inLanguage\":\"fr-FR\",\"potentialAction\":[{\"@type\":\"ReadAction\",\"target\":[\"https:\\\/\\\/objectif-image.fr\\\/OI\\\/produit\\\/image-n71\\\/\"]}]},{\"@type\":\"ImageObject\",\"inLanguage\":\"fr-FR\",\"@id\":\"https:\\\/\\\/objectif-image.fr\\\/OI\\\/produit\\\/image-n71\\\/#primaryimage\",\"url\":\"https:\\\/\\\/objectif-image.fr\\\/OI\\\/wp-content\\\/uploads\\\/2021\\\/03\\\/couverture-1a-768x1152-3.jpg\",\"contentUrl\":\"https:\\\/\\\/objectif-image.fr\\\/OI\\\/wp-content\\\/uploads\\\/2021\\\/03\\\/couverture-1a-768x1152-3.jpg\",\"width\":768,\"height\":1152},{\"@type\":\"BreadcrumbList\",\"@id\":\"https:\\\/\\\/objectif-image.fr\\\/OI\\\/produit\\\/image-n71\\\/#breadcrumb\",\"itemListElement\":[{\"@type\":\"ListItem\",\"position\":1,\"name\":\"Accueil\",\"item\":\"https:\\\/\\\/objectif-image.fr\\\/OI\\\/\"},{\"@type\":\"ListItem\",\"position\":2,\"name\":\"Produits\",\"item\":\"https:\\\/\\\/objectif-image.fr\\\/OI\\\/boutique-2\\\/\"},{\"@type\":\"ListItem\",\"position\":3,\"name\":\"Image n\u00b070\"}]},{\"@type\":\"WebSite\",\"@id\":\"https:\\\/\\\/objectif-image.fr\\\/OI\\\/#website\",\"url\":\"https:\\\/\\\/objectif-image.fr\\\/OI\\\/\",\"name\":\"Objectif Image\",\"description\":\"Objectif Image\",\"publisher\":{\"@id\":\"https:\\\/\\\/objectif-image.fr\\\/OI\\\/#organization\"},\"potentialAction\":[{\"@type\":\"SearchAction\",\"target\":{\"@type\":\"EntryPoint\",\"urlTemplate\":\"https:\\\/\\\/objectif-image.fr\\\/OI\\\/?s={search_term_string}\"},\"query-input\":{\"@type\":\"PropertyValueSpecification\",\"valueRequired\":true,\"valueName\":\"search_term_string\"}}],\"inLanguage\":\"fr-FR\"},{\"@type\":\"Organization\",\"@id\":\"https:\\\/\\\/objectif-image.fr\\\/OI\\\/#organization\",\"name\":\"Objectif Image\",\"url\":\"https:\\\/\\\/objectif-image.fr\\\/OI\\\/\",\"logo\":{\"@type\":\"ImageObject\",\"inLanguage\":\"fr-FR\",\"@id\":\"https:\\\/\\\/objectif-image.fr\\\/OI\\\/#\\\/schema\\\/logo\\\/image\\\/\",\"url\":\"https:\\\/\\\/objectif-image.fr\\\/OI\\\/wp-content\\\/uploads\\\/2019\\\/02\\\/logo-OI-NATIONAL-rouge-2000px.jpg\",\"contentUrl\":\"https:\\\/\\\/objectif-image.fr\\\/OI\\\/wp-content\\\/uploads\\\/2019\\\/02\\\/logo-OI-NATIONAL-rouge-2000px.jpg\",\"width\":1081,\"height\":1024,\"caption\":\"Objectif Image\"},\"image\":{\"@id\":\"https:\\\/\\\/objectif-image.fr\\\/OI\\\/#\\\/schema\\\/logo\\\/image\\\/\"},\"sameAs\":[\"https:\\\/\\\/www.facebook.com\\\/Objectif.mage\"]}]}<\/script>\n<!-- \/ Yoast SEO plugin. -->","yoast_head_json":{"title":"Image n\u00b070 - Objectif Image","robots":{"index":"noindex","follow":"follow"},"og_locale":"fr_FR","og_type":"article","og_title":"Image n\u00b070 - Objectif Image","og_description":"Rendre compte de la diversit\u00e9 de tous ces points de vue, explorer des domaines dont la diffusion est restreinte a constitu\u00e9 l\u2019ossature de ce num\u00e9ro d\u2019Images qui permet aux amateurs de po\u00e9sie lyrique ou aux passionn\u00e9s de recherche scientifique de voir la r\u00e9alit\u00e9 avec un certain recul. Au sommaire \u2022\u00a0Antoine Rose\u00a0\u2013\u00a0Up in the Air \u2022\u00a0Jacques [&hellip;]","og_url":"https:\/\/objectif-image.fr\/OI\/produit\/image-n71\/","og_site_name":"Objectif Image","article_publisher":"https:\/\/www.facebook.com\/Objectif.mage","article_modified_time":"2022-04-15T18:01:28+00:00","og_image":[{"width":768,"height":1152,"url":"https:\/\/objectif-image.fr\/OI\/wp-content\/uploads\/2021\/03\/couverture-1a-768x1152-3.jpg","type":"image\/jpeg"}],"twitter_card":"summary_large_image","twitter_misc":{"Dur\u00e9e de lecture estim\u00e9e":"1 minute"},"schema":{"@context":"https:\/\/schema.org","@graph":[{"@type":"WebPage","@id":"https:\/\/objectif-image.fr\/OI\/produit\/image-n71\/","url":"https:\/\/objectif-image.fr\/OI\/produit\/image-n71\/","name":"Image n\u00b070 - Objectif Image","isPartOf":{"@id":"https:\/\/objectif-image.fr\/OI\/#website"},"primaryImageOfPage":{"@id":"https:\/\/objectif-image.fr\/OI\/produit\/image-n71\/#primaryimage"},"image":{"@id":"https:\/\/objectif-image.fr\/OI\/produit\/image-n71\/#primaryimage"},"thumbnailUrl":"https:\/\/objectif-image.fr\/OI\/wp-content\/uploads\/2021\/03\/couverture-1a-768x1152-3.jpg","datePublished":"2021-03-05T19:10:39+00:00","dateModified":"2022-04-15T18:01:28+00:00","breadcrumb":{"@id":"https:\/\/objectif-image.fr\/OI\/produit\/image-n71\/#breadcrumb"},"inLanguage":"fr-FR","potentialAction":[{"@type":"ReadAction","target":["https:\/\/objectif-image.fr\/OI\/produit\/image-n71\/"]}]},{"@type":"ImageObject","inLanguage":"fr-FR","@id":"https:\/\/objectif-image.fr\/OI\/produit\/image-n71\/#primaryimage","url":"https:\/\/objectif-image.fr\/OI\/wp-content\/uploads\/2021\/03\/couverture-1a-768x1152-3.jpg","contentUrl":"https:\/\/objectif-image.fr\/OI\/wp-content\/uploads\/2021\/03\/couverture-1a-768x1152-3.jpg","width":768,"height":1152},{"@type":"BreadcrumbList","@id":"https:\/\/objectif-image.fr\/OI\/produit\/image-n71\/#breadcrumb","itemListElement":[{"@type":"ListItem","position":1,"name":"Accueil","item":"https:\/\/objectif-image.fr\/OI\/"},{"@type":"ListItem","position":2,"name":"Produits","item":"https:\/\/objectif-image.fr\/OI\/boutique-2\/"},{"@type":"ListItem","position":3,"name":"Image n\u00b070"}]},{"@type":"WebSite","@id":"https:\/\/objectif-image.fr\/OI\/#website","url":"https:\/\/objectif-image.fr\/OI\/","name":"Objectif Image","description":"Objectif Image","publisher":{"@id":"https:\/\/objectif-image.fr\/OI\/#organization"},"potentialAction":[{"@type":"SearchAction","target":{"@type":"EntryPoint","urlTemplate":"https:\/\/objectif-image.fr\/OI\/?s={search_term_string}"},"query-input":{"@type":"PropertyValueSpecification","valueRequired":true,"valueName":"search_term_string"}}],"inLanguage":"fr-FR"},{"@type":"Organization","@id":"https:\/\/objectif-image.fr\/OI\/#organization","name":"Objectif Image","url":"https:\/\/objectif-image.fr\/OI\/","logo":{"@type":"ImageObject","inLanguage":"fr-FR","@id":"https:\/\/objectif-image.fr\/OI\/#\/schema\/logo\/image\/","url":"https:\/\/objectif-image.fr\/OI\/wp-content\/uploads\/2019\/02\/logo-OI-NATIONAL-rouge-2000px.jpg","contentUrl":"https:\/\/objectif-image.fr\/OI\/wp-content\/uploads\/2019\/02\/logo-OI-NATIONAL-rouge-2000px.jpg","width":1081,"height":1024,"caption":"Objectif Image"},"image":{"@id":"https:\/\/objectif-image.fr\/OI\/#\/schema\/logo\/image\/"},"sameAs":["https:\/\/www.facebook.com\/Objectif.mage"]}]}},"_links":{"self":[{"href":"https:\/\/objectif-image.fr\/OI\/wp-json\/wp\/v2\/product\/33188","targetHints":{"allow":["GET"]}}],"collection":[{"href":"https:\/\/objectif-image.fr\/OI\/wp-json\/wp\/v2\/product"}],"about":[{"href":"https:\/\/objectif-image.fr\/OI\/wp-json\/wp\/v2\/types\/product"}],"wp:featuredmedia":[{"embeddable":true,"href":"https:\/\/objectif-image.fr\/OI\/wp-json\/wp\/v2\/media\/33227"}],"wp:attachment":[{"href":"https:\/\/objectif-image.fr\/OI\/wp-json\/wp\/v2\/media?parent=33188"}],"wp:term":[{"taxonomy":"product_brand","embeddable":true,"href":"https:\/\/objectif-image.fr\/OI\/wp-json\/wp\/v2\/product_brand?post=33188"},{"taxonomy":"product_cat","embeddable":true,"href":"https:\/\/objectif-image.fr\/OI\/wp-json\/wp\/v2\/product_cat?post=33188"},{"taxonomy":"product_tag","embeddable":true,"href":"https:\/\/objectif-image.fr\/OI\/wp-json\/wp\/v2\/product_tag?post=33188"}],"curies":[{"name":"wp","href":"https:\/\/api.w.org\/{rel}","templated":true}]}}