{"id":33270,"date":"2021-03-07T10:10:55","date_gmt":"2021-03-07T09:10:55","guid":{"rendered":"https:\/\/objectif-image.fr\/OI\/?post_type=product&#038;p=33270"},"modified":"2022-04-15T20:02:17","modified_gmt":"2022-04-15T18:02:17","slug":"images-n71","status":"publish","type":"product","link":"https:\/\/objectif-image.fr\/OI\/produit\/images-n71\/","title":{"rendered":"Images n\u00b071"},"content":{"rendered":"<p class=\"has-black-color has-text-color has-medium-font-size\">Dans ce num\u00e9ro d\u2019images vous allez d\u00e9couvrir des photos qui vous montrent l\u2019emprise du temps sur des personnes des objets. Vous trouverez des instants saisis ou au contraire des images fabriqu\u00e9es sur la dur\u00e9e de la journ\u00e9e ou d\u2019un voyage.<\/p>\n<p class=\"has-black-color has-text-color has-medium-font-size\">Le comit\u00e9 de r\u00e9daction a retenu\u00a0<strong>\u201cQUESTIONS DE TEMPS\u201d\u00a0<\/strong>pour \u00e9lever le d\u00e9bat photographique et r\u00e9fl\u00e9chir \u00e0 quel moment on fait des photos, pour paraphraser un c\u00e9l\u00e8bre photographe, quel est votre moment d\u00e9cisif. Vous d\u00e9couvrirez dans ce num\u00e9ro des photographes contemporains qui relatent le temps photographique.<\/p>\n<p>.<\/p>\n<div class=\"wp-block-image\">\n<figure class=\"alignleft size-large is-resized\"><img loading=\"lazy\" decoding=\"async\" class=\"wp-image-33232\" src=\"https:\/\/objectif-image.fr\/OI\/wp-content\/uploads\/2021\/03\/Page-de-couverture-2.jpg\" sizes=\"auto, (max-width: 451px) 100vw, 451px\" srcset=\"https:\/\/objectif-image.fr\/OI\/wp-content\/uploads\/2021\/03\/Page-de-couverture-2.jpg 704w, https:\/\/objectif-image.fr\/OI\/wp-content\/uploads\/2021\/03\/Page-de-couverture-2-300x413.jpg 300w, https:\/\/objectif-image.fr\/OI\/wp-content\/uploads\/2021\/03\/Page-de-couverture-2-600x827.jpg 600w, https:\/\/objectif-image.fr\/OI\/wp-content\/uploads\/2021\/03\/Page-de-couverture-2-218x300.jpg 218w, https:\/\/objectif-image.fr\/OI\/wp-content\/uploads\/2021\/03\/Page-de-couverture-2-232x320.jpg 232w, https:\/\/objectif-image.fr\/OI\/wp-content\/uploads\/2021\/03\/Page-de-couverture-2-178x245.jpg 178w, https:\/\/objectif-image.fr\/OI\/wp-content\/uploads\/2021\/03\/Page-de-couverture-2-247x340.jpg 247w, https:\/\/objectif-image.fr\/OI\/wp-content\/uploads\/2021\/03\/Page-de-couverture-2-327x450.jpg 327w, https:\/\/objectif-image.fr\/OI\/wp-content\/uploads\/2021\/03\/Page-de-couverture-2-363x500.jpg 363w\" alt=\"\" width=\"451\" height=\"621\" \/><\/figure>\n<\/div>\n<p>.<\/p>\n<p class=\"has-black-color has-text-color\"><strong>Nicholas NIXON<\/strong>\u00a0\u2013\u00a0<em>\u201cThe Brown Sisters\u201d<\/em><\/p>\n<p class=\"has-black-color has-text-color\"><strong>Elodie LACHAUD<\/strong>\u00a0\u2013\u00a0<em>\u201cWaiting for the Miracle\u201d<\/em><\/p>\n<p class=\"has-black-color has-text-color\"><strong>Julie GUICHES<\/strong>\u00a0\u2013\u00a0<em>\u201cElectrochoc\u201d<\/em><\/p>\n<p class=\"has-black-color has-text-color\"><strong>Nicolas DEVILLE<\/strong>\u00a0\u2013\u00a0<em>\u201cComme deux gouttes d\u2019eau\u201d<\/em><\/p>\n<p class=\"has-black-color has-text-color\"><strong>Stephen WILKES<\/strong>\u00a0\u2013\u00a0<em>\u201d Day to Night\u201d<\/em><\/p>\n<p class=\"has-black-color has-text-color\"><strong>Cyrille HENRY<\/strong><em>\u00a0\u2013 \u201cPass\u00e9s recompos\u00e9s\u201d<\/em><\/p>\n<p class=\"has-black-color has-text-color\"><strong>Julien BERTHAUD<\/strong>\u00a0\u2013\u00a0<em>\u201d Une histoire vraie\u201d<\/em><\/p>\n","protected":false},"excerpt":{"rendered":"<p>Dans ce num\u00e9ro d\u2019images vous allez d\u00e9couvrir des photos qui vous montrent l\u2019emprise du temps sur des personnes des objets. Vous trouverez des instants saisis ou au contraire des images fabriqu\u00e9es sur la dur\u00e9e de la journ\u00e9e ou d\u2019un voyage. Le comit\u00e9 de r\u00e9daction a retenu\u00a0\u201cQUESTIONS DE TEMPS\u201d\u00a0pour \u00e9lever le d\u00e9bat photographique et r\u00e9fl\u00e9chir \u00e0 [&hellip;]<\/p>\n","protected":false},"featured_media":33232,"template":"","meta":{"_acf_changed":false},"product_brand":[],"product_cat":[417],"product_tag":[],"class_list":{"0":"post-33270","1":"product","2":"type-product","3":"status-publish","4":"has-post-thumbnail","6":"product_cat-images","8":"first","9":"instock","10":"shipping-taxable","11":"purchasable","12":"product-type-simple"},"acf":[],"yoast_head":"<!-- This site is optimized with the Yoast SEO plugin v27.3 - https:\/\/yoast.com\/product\/yoast-seo-wordpress\/ -->\n<title>Images n\u00b071 - Objectif Image<\/title>\n<meta name=\"robots\" content=\"noindex, follow\" \/>\n<meta property=\"og:locale\" content=\"fr_FR\" \/>\n<meta property=\"og:type\" content=\"article\" \/>\n<meta property=\"og:title\" content=\"Images n\u00b071 - Objectif Image\" \/>\n<meta property=\"og:description\" content=\"Dans ce num\u00e9ro d\u2019images vous allez d\u00e9couvrir des photos qui vous montrent l\u2019emprise du temps sur des personnes des objets. Vous trouverez des instants saisis ou au contraire des images fabriqu\u00e9es sur la dur\u00e9e de la journ\u00e9e ou d\u2019un voyage. Le comit\u00e9 de r\u00e9daction a retenu\u00a0\u201cQUESTIONS DE TEMPS\u201d\u00a0pour \u00e9lever le d\u00e9bat photographique et r\u00e9fl\u00e9chir \u00e0 [&hellip;]\" \/>\n<meta property=\"og:url\" content=\"https:\/\/objectif-image.fr\/OI\/produit\/images-n71\/\" \/>\n<meta property=\"og:site_name\" content=\"Objectif Image\" \/>\n<meta property=\"article:publisher\" content=\"https:\/\/www.facebook.com\/Objectif.mage\" \/>\n<meta property=\"article:modified_time\" content=\"2022-04-15T18:02:17+00:00\" \/>\n<meta property=\"og:image\" content=\"https:\/\/objectif-image.fr\/OI\/wp-content\/uploads\/2021\/03\/Page-de-couverture-2.jpg\" \/>\n\t<meta property=\"og:image:width\" content=\"704\" \/>\n\t<meta property=\"og:image:height\" content=\"970\" \/>\n\t<meta property=\"og:image:type\" content=\"image\/jpeg\" \/>\n<meta name=\"twitter:card\" content=\"summary_large_image\" \/>\n<meta name=\"twitter:label1\" content=\"Dur\u00e9e de lecture estim\u00e9e\" \/>\n\t<meta name=\"twitter:data1\" content=\"1 minute\" \/>\n<script type=\"application\/ld+json\" class=\"yoast-schema-graph\">{\"@context\":\"https:\\\/\\\/schema.org\",\"@graph\":[{\"@type\":\"WebPage\",\"@id\":\"https:\\\/\\\/objectif-image.fr\\\/OI\\\/produit\\\/images-n71\\\/\",\"url\":\"https:\\\/\\\/objectif-image.fr\\\/OI\\\/produit\\\/images-n71\\\/\",\"name\":\"Images n\u00b071 - Objectif Image\",\"isPartOf\":{\"@id\":\"https:\\\/\\\/objectif-image.fr\\\/OI\\\/#website\"},\"primaryImageOfPage\":{\"@id\":\"https:\\\/\\\/objectif-image.fr\\\/OI\\\/produit\\\/images-n71\\\/#primaryimage\"},\"image\":{\"@id\":\"https:\\\/\\\/objectif-image.fr\\\/OI\\\/produit\\\/images-n71\\\/#primaryimage\"},\"thumbnailUrl\":\"https:\\\/\\\/objectif-image.fr\\\/OI\\\/wp-content\\\/uploads\\\/2021\\\/03\\\/Page-de-couverture-2.jpg\",\"datePublished\":\"2021-03-07T09:10:55+00:00\",\"dateModified\":\"2022-04-15T18:02:17+00:00\",\"breadcrumb\":{\"@id\":\"https:\\\/\\\/objectif-image.fr\\\/OI\\\/produit\\\/images-n71\\\/#breadcrumb\"},\"inLanguage\":\"fr-FR\",\"potentialAction\":[{\"@type\":\"ReadAction\",\"target\":[\"https:\\\/\\\/objectif-image.fr\\\/OI\\\/produit\\\/images-n71\\\/\"]}]},{\"@type\":\"ImageObject\",\"inLanguage\":\"fr-FR\",\"@id\":\"https:\\\/\\\/objectif-image.fr\\\/OI\\\/produit\\\/images-n71\\\/#primaryimage\",\"url\":\"https:\\\/\\\/objectif-image.fr\\\/OI\\\/wp-content\\\/uploads\\\/2021\\\/03\\\/Page-de-couverture-2.jpg\",\"contentUrl\":\"https:\\\/\\\/objectif-image.fr\\\/OI\\\/wp-content\\\/uploads\\\/2021\\\/03\\\/Page-de-couverture-2.jpg\",\"width\":704,\"height\":970},{\"@type\":\"BreadcrumbList\",\"@id\":\"https:\\\/\\\/objectif-image.fr\\\/OI\\\/produit\\\/images-n71\\\/#breadcrumb\",\"itemListElement\":[{\"@type\":\"ListItem\",\"position\":1,\"name\":\"Accueil\",\"item\":\"https:\\\/\\\/objectif-image.fr\\\/OI\\\/\"},{\"@type\":\"ListItem\",\"position\":2,\"name\":\"Produits\",\"item\":\"https:\\\/\\\/objectif-image.fr\\\/OI\\\/boutique-2\\\/\"},{\"@type\":\"ListItem\",\"position\":3,\"name\":\"Images n\u00b071\"}]},{\"@type\":\"WebSite\",\"@id\":\"https:\\\/\\\/objectif-image.fr\\\/OI\\\/#website\",\"url\":\"https:\\\/\\\/objectif-image.fr\\\/OI\\\/\",\"name\":\"Objectif Image\",\"description\":\"Objectif Image\",\"publisher\":{\"@id\":\"https:\\\/\\\/objectif-image.fr\\\/OI\\\/#organization\"},\"potentialAction\":[{\"@type\":\"SearchAction\",\"target\":{\"@type\":\"EntryPoint\",\"urlTemplate\":\"https:\\\/\\\/objectif-image.fr\\\/OI\\\/?s={search_term_string}\"},\"query-input\":{\"@type\":\"PropertyValueSpecification\",\"valueRequired\":true,\"valueName\":\"search_term_string\"}}],\"inLanguage\":\"fr-FR\"},{\"@type\":\"Organization\",\"@id\":\"https:\\\/\\\/objectif-image.fr\\\/OI\\\/#organization\",\"name\":\"Objectif Image\",\"url\":\"https:\\\/\\\/objectif-image.fr\\\/OI\\\/\",\"logo\":{\"@type\":\"ImageObject\",\"inLanguage\":\"fr-FR\",\"@id\":\"https:\\\/\\\/objectif-image.fr\\\/OI\\\/#\\\/schema\\\/logo\\\/image\\\/\",\"url\":\"https:\\\/\\\/objectif-image.fr\\\/OI\\\/wp-content\\\/uploads\\\/2019\\\/02\\\/logo-OI-NATIONAL-rouge-2000px.jpg\",\"contentUrl\":\"https:\\\/\\\/objectif-image.fr\\\/OI\\\/wp-content\\\/uploads\\\/2019\\\/02\\\/logo-OI-NATIONAL-rouge-2000px.jpg\",\"width\":1081,\"height\":1024,\"caption\":\"Objectif Image\"},\"image\":{\"@id\":\"https:\\\/\\\/objectif-image.fr\\\/OI\\\/#\\\/schema\\\/logo\\\/image\\\/\"},\"sameAs\":[\"https:\\\/\\\/www.facebook.com\\\/Objectif.mage\"]}]}<\/script>\n<!-- \/ Yoast SEO plugin. -->","yoast_head_json":{"title":"Images n\u00b071 - Objectif Image","robots":{"index":"noindex","follow":"follow"},"og_locale":"fr_FR","og_type":"article","og_title":"Images n\u00b071 - Objectif Image","og_description":"Dans ce num\u00e9ro d\u2019images vous allez d\u00e9couvrir des photos qui vous montrent l\u2019emprise du temps sur des personnes des objets. Vous trouverez des instants saisis ou au contraire des images fabriqu\u00e9es sur la dur\u00e9e de la journ\u00e9e ou d\u2019un voyage. Le comit\u00e9 de r\u00e9daction a retenu\u00a0\u201cQUESTIONS DE TEMPS\u201d\u00a0pour \u00e9lever le d\u00e9bat photographique et r\u00e9fl\u00e9chir \u00e0 [&hellip;]","og_url":"https:\/\/objectif-image.fr\/OI\/produit\/images-n71\/","og_site_name":"Objectif Image","article_publisher":"https:\/\/www.facebook.com\/Objectif.mage","article_modified_time":"2022-04-15T18:02:17+00:00","og_image":[{"width":704,"height":970,"url":"https:\/\/objectif-image.fr\/OI\/wp-content\/uploads\/2021\/03\/Page-de-couverture-2.jpg","type":"image\/jpeg"}],"twitter_card":"summary_large_image","twitter_misc":{"Dur\u00e9e de lecture estim\u00e9e":"1 minute"},"schema":{"@context":"https:\/\/schema.org","@graph":[{"@type":"WebPage","@id":"https:\/\/objectif-image.fr\/OI\/produit\/images-n71\/","url":"https:\/\/objectif-image.fr\/OI\/produit\/images-n71\/","name":"Images n\u00b071 - Objectif Image","isPartOf":{"@id":"https:\/\/objectif-image.fr\/OI\/#website"},"primaryImageOfPage":{"@id":"https:\/\/objectif-image.fr\/OI\/produit\/images-n71\/#primaryimage"},"image":{"@id":"https:\/\/objectif-image.fr\/OI\/produit\/images-n71\/#primaryimage"},"thumbnailUrl":"https:\/\/objectif-image.fr\/OI\/wp-content\/uploads\/2021\/03\/Page-de-couverture-2.jpg","datePublished":"2021-03-07T09:10:55+00:00","dateModified":"2022-04-15T18:02:17+00:00","breadcrumb":{"@id":"https:\/\/objectif-image.fr\/OI\/produit\/images-n71\/#breadcrumb"},"inLanguage":"fr-FR","potentialAction":[{"@type":"ReadAction","target":["https:\/\/objectif-image.fr\/OI\/produit\/images-n71\/"]}]},{"@type":"ImageObject","inLanguage":"fr-FR","@id":"https:\/\/objectif-image.fr\/OI\/produit\/images-n71\/#primaryimage","url":"https:\/\/objectif-image.fr\/OI\/wp-content\/uploads\/2021\/03\/Page-de-couverture-2.jpg","contentUrl":"https:\/\/objectif-image.fr\/OI\/wp-content\/uploads\/2021\/03\/Page-de-couverture-2.jpg","width":704,"height":970},{"@type":"BreadcrumbList","@id":"https:\/\/objectif-image.fr\/OI\/produit\/images-n71\/#breadcrumb","itemListElement":[{"@type":"ListItem","position":1,"name":"Accueil","item":"https:\/\/objectif-image.fr\/OI\/"},{"@type":"ListItem","position":2,"name":"Produits","item":"https:\/\/objectif-image.fr\/OI\/boutique-2\/"},{"@type":"ListItem","position":3,"name":"Images n\u00b071"}]},{"@type":"WebSite","@id":"https:\/\/objectif-image.fr\/OI\/#website","url":"https:\/\/objectif-image.fr\/OI\/","name":"Objectif Image","description":"Objectif Image","publisher":{"@id":"https:\/\/objectif-image.fr\/OI\/#organization"},"potentialAction":[{"@type":"SearchAction","target":{"@type":"EntryPoint","urlTemplate":"https:\/\/objectif-image.fr\/OI\/?s={search_term_string}"},"query-input":{"@type":"PropertyValueSpecification","valueRequired":true,"valueName":"search_term_string"}}],"inLanguage":"fr-FR"},{"@type":"Organization","@id":"https:\/\/objectif-image.fr\/OI\/#organization","name":"Objectif Image","url":"https:\/\/objectif-image.fr\/OI\/","logo":{"@type":"ImageObject","inLanguage":"fr-FR","@id":"https:\/\/objectif-image.fr\/OI\/#\/schema\/logo\/image\/","url":"https:\/\/objectif-image.fr\/OI\/wp-content\/uploads\/2019\/02\/logo-OI-NATIONAL-rouge-2000px.jpg","contentUrl":"https:\/\/objectif-image.fr\/OI\/wp-content\/uploads\/2019\/02\/logo-OI-NATIONAL-rouge-2000px.jpg","width":1081,"height":1024,"caption":"Objectif Image"},"image":{"@id":"https:\/\/objectif-image.fr\/OI\/#\/schema\/logo\/image\/"},"sameAs":["https:\/\/www.facebook.com\/Objectif.mage"]}]}},"_links":{"self":[{"href":"https:\/\/objectif-image.fr\/OI\/wp-json\/wp\/v2\/product\/33270","targetHints":{"allow":["GET"]}}],"collection":[{"href":"https:\/\/objectif-image.fr\/OI\/wp-json\/wp\/v2\/product"}],"about":[{"href":"https:\/\/objectif-image.fr\/OI\/wp-json\/wp\/v2\/types\/product"}],"wp:featuredmedia":[{"embeddable":true,"href":"https:\/\/objectif-image.fr\/OI\/wp-json\/wp\/v2\/media\/33232"}],"wp:attachment":[{"href":"https:\/\/objectif-image.fr\/OI\/wp-json\/wp\/v2\/media?parent=33270"}],"wp:term":[{"taxonomy":"product_brand","embeddable":true,"href":"https:\/\/objectif-image.fr\/OI\/wp-json\/wp\/v2\/product_brand?post=33270"},{"taxonomy":"product_cat","embeddable":true,"href":"https:\/\/objectif-image.fr\/OI\/wp-json\/wp\/v2\/product_cat?post=33270"},{"taxonomy":"product_tag","embeddable":true,"href":"https:\/\/objectif-image.fr\/OI\/wp-json\/wp\/v2\/product_tag?post=33270"}],"curies":[{"name":"wp","href":"https:\/\/api.w.org\/{rel}","templated":true}]}}