{"id":39621,"date":"2022-04-08T20:17:51","date_gmt":"2022-04-08T18:17:51","guid":{"rendered":"https:\/\/objectif-image.fr\/OI\/?post_type=product&#038;p=39621"},"modified":"2022-04-08T20:35:36","modified_gmt":"2022-04-08T18:35:36","slug":"images-n72","status":"publish","type":"product","link":"https:\/\/objectif-image.fr\/OI\/produit\/images-n72\/","title":{"rendered":"Images n\u00b072"},"content":{"rendered":"<p class=\"has-black-color has-text-color has-medium-font-size\">Le\u00a0<strong>num\u00e9ro 72<\/strong>\u00a0de la revue\u00a0<strong>IMAGES\u00a0<\/strong>(publication annuelle d\u2019Objectif Image), sur le th\u00e8me\u00a0<strong>\u00a0\u00ab La Nuit \u00bb<\/strong>\u00a0est disponible.<\/p>\r\n<div class=\"wp-block-image\"><img loading=\"lazy\" decoding=\"async\" class=\"wp-image-39582 size-medium alignleft\" src=\"https:\/\/objectif-image.fr\/OI\/wp-content\/uploads\/2022\/04\/Couverture-IMAGES-72-212x300.jpg\" alt=\"\" width=\"212\" height=\"300\" srcset=\"https:\/\/objectif-image.fr\/OI\/wp-content\/uploads\/2022\/04\/Couverture-IMAGES-72-212x300.jpg 212w, https:\/\/objectif-image.fr\/OI\/wp-content\/uploads\/2022\/04\/Couverture-IMAGES-72-400x566.jpg 400w, https:\/\/objectif-image.fr\/OI\/wp-content\/uploads\/2022\/04\/Couverture-IMAGES-72-106x150.jpg 106w, https:\/\/objectif-image.fr\/OI\/wp-content\/uploads\/2022\/04\/Couverture-IMAGES-72-71x100.jpg 71w, https:\/\/objectif-image.fr\/OI\/wp-content\/uploads\/2022\/04\/Couverture-IMAGES-72-398x563.jpg 398w, https:\/\/objectif-image.fr\/OI\/wp-content\/uploads\/2022\/04\/Couverture-IMAGES-72.jpg 412w\" sizes=\"auto, (max-width: 212px) 100vw, 212px\" \/><\/div>\r\n<p>.<\/p>\r\n<p class=\"has-black-color has-text-color\"><\/p>\r\n<p class=\"has-black-color has-text-color\"><strong>Au sommaire<\/strong><\/p>\r\n<p class=\"has-black-color has-text-color\">\r\n\r\n<\/p>\r\n<ul class=\"has-black-color has-text-color has-medium-font-size wp-block-list\">\r\n<li><strong>Alain CORNU<\/strong> : Sur Paris<\/li>\r\n<li><strong>Rebecca TOPAKIAN<\/strong> : Infra<\/li>\r\n<li><strong>Nicolas RIVALS<\/strong> : La Linea Roja<\/li>\r\n<li><strong>Marie HAMEL<\/strong> : Alimentation G\u00e9n\u00e9rale<\/li>\r\n<li><strong>Xavier DUMOULIN<\/strong> : Incandescences<\/li>\r\n<li><strong>Juliette AGNEL<\/strong> : Aux \u00e9toiles le poids de la terre<\/li>\r\n<li><strong>Evelyne ADNET<\/strong> : Mamie, tu changes tout le temps<\/li>\r\n<\/ul>\r\n<p class=\"has-black-color has-text-color\">\r\n\r\n<\/p>\r\n<p>&nbsp;<\/p>\r\n<p>&nbsp;<\/p>\r\n<p style=\"text-align: left;\"><strong>Prix 10 \u20ac\u00a0<\/strong><\/p>\r\n<p><img loading=\"lazy\" decoding=\"async\" class=\"alignnone wp-image-39583 size-full\" src=\"https:\/\/objectif-image.fr\/OI\/wp-content\/uploads\/2022\/04\/Capture-decran-2022-04-07-172414.jpg\" alt=\"\" width=\"776\" height=\"900\" srcset=\"https:\/\/objectif-image.fr\/OI\/wp-content\/uploads\/2022\/04\/Capture-decran-2022-04-07-172414.jpg 776w, https:\/\/objectif-image.fr\/OI\/wp-content\/uploads\/2022\/04\/Capture-decran-2022-04-07-172414-400x464.jpg 400w, https:\/\/objectif-image.fr\/OI\/wp-content\/uploads\/2022\/04\/Capture-decran-2022-04-07-172414-259x300.jpg 259w, https:\/\/objectif-image.fr\/OI\/wp-content\/uploads\/2022\/04\/Capture-decran-2022-04-07-172414-129x150.jpg 129w, https:\/\/objectif-image.fr\/OI\/wp-content\/uploads\/2022\/04\/Capture-decran-2022-04-07-172414-768x891.jpg 768w, https:\/\/objectif-image.fr\/OI\/wp-content\/uploads\/2022\/04\/Capture-decran-2022-04-07-172414-86x100.jpg 86w, https:\/\/objectif-image.fr\/OI\/wp-content\/uploads\/2022\/04\/Capture-decran-2022-04-07-172414-398x462.jpg 398w\" sizes=\"auto, (max-width: 776px) 100vw, 776px\" \/><\/p>\r\n<p class=\"has-black-color has-text-color\"><\/p>","protected":false},"excerpt":{"rendered":"<p>Le\u00a0num\u00e9ro 72\u00a0de la revue\u00a0IMAGES\u00a0(publication annuelle d\u2019Objectif Image), sur le th\u00e8me\u00a0\u00a0\u00ab La Nuit \u00bb\u00a0est disponible. . Au sommaire Alain CORNU : Sur Paris Rebecca TOPAKIAN : Infra Nicolas RIVALS : La Linea Roja Marie HAMEL : Alimentation G\u00e9n\u00e9rale Xavier DUMOULIN : Incandescences Juliette AGNEL : Aux \u00e9toiles le poids de la terre Evelyne ADNET : Mamie, [&hellip;]<\/p>\n","protected":false},"featured_media":39582,"template":"","meta":{"_acf_changed":false},"product_brand":[],"product_cat":[417],"product_tag":[],"class_list":{"0":"post-39621","1":"product","2":"type-product","3":"status-publish","4":"has-post-thumbnail","6":"product_cat-images","7":"product_shipping_class-revue-image","9":"first","10":"instock","11":"shipping-taxable","12":"purchasable","13":"product-type-simple"},"acf":[],"yoast_head":"<!-- This site is optimized with the Yoast SEO plugin v27.4 - https:\/\/yoast.com\/product\/yoast-seo-wordpress\/ -->\n<title>Images n\u00b072 - Objectif Image<\/title>\n<meta name=\"robots\" content=\"noindex, follow\" \/>\n<meta property=\"og:locale\" content=\"fr_FR\" \/>\n<meta property=\"og:type\" content=\"article\" \/>\n<meta property=\"og:title\" content=\"Images n\u00b072 - Objectif Image\" \/>\n<meta property=\"og:description\" content=\"Le\u00a0num\u00e9ro 72\u00a0de la revue\u00a0IMAGES\u00a0(publication annuelle d\u2019Objectif Image), sur le th\u00e8me\u00a0\u00a0\u00ab La Nuit \u00bb\u00a0est disponible. . Au sommaire Alain CORNU : Sur Paris Rebecca TOPAKIAN : Infra Nicolas RIVALS : La Linea Roja Marie HAMEL : Alimentation G\u00e9n\u00e9rale Xavier DUMOULIN : Incandescences Juliette AGNEL : Aux \u00e9toiles le poids de la terre Evelyne ADNET : Mamie, [&hellip;]\" \/>\n<meta property=\"og:url\" content=\"https:\/\/objectif-image.fr\/OI\/produit\/images-n72\/\" \/>\n<meta property=\"og:site_name\" content=\"Objectif Image\" \/>\n<meta property=\"article:publisher\" content=\"https:\/\/www.facebook.com\/Objectif.mage\" \/>\n<meta property=\"article:modified_time\" content=\"2022-04-08T18:35:36+00:00\" \/>\n<meta property=\"og:image\" content=\"https:\/\/objectif-image.fr\/OI\/wp-content\/uploads\/2022\/04\/Couverture-IMAGES-72.jpg\" \/>\n\t<meta property=\"og:image:width\" content=\"412\" \/>\n\t<meta property=\"og:image:height\" content=\"583\" \/>\n\t<meta property=\"og:image:type\" content=\"image\/jpeg\" \/>\n<meta name=\"twitter:card\" content=\"summary_large_image\" \/>\n<meta name=\"twitter:label1\" content=\"Dur\u00e9e de lecture estim\u00e9e\" \/>\n\t<meta name=\"twitter:data1\" content=\"1 minute\" \/>\n<script type=\"application\/ld+json\" class=\"yoast-schema-graph\">{\"@context\":\"https:\\\/\\\/schema.org\",\"@graph\":[{\"@type\":\"WebPage\",\"@id\":\"https:\\\/\\\/objectif-image.fr\\\/OI\\\/produit\\\/images-n72\\\/\",\"url\":\"https:\\\/\\\/objectif-image.fr\\\/OI\\\/produit\\\/images-n72\\\/\",\"name\":\"Images n\u00b072 - Objectif Image\",\"isPartOf\":{\"@id\":\"https:\\\/\\\/objectif-image.fr\\\/OI\\\/#website\"},\"primaryImageOfPage\":{\"@id\":\"https:\\\/\\\/objectif-image.fr\\\/OI\\\/produit\\\/images-n72\\\/#primaryimage\"},\"image\":{\"@id\":\"https:\\\/\\\/objectif-image.fr\\\/OI\\\/produit\\\/images-n72\\\/#primaryimage\"},\"thumbnailUrl\":\"https:\\\/\\\/objectif-image.fr\\\/OI\\\/wp-content\\\/uploads\\\/2022\\\/04\\\/Couverture-IMAGES-72.jpg\",\"datePublished\":\"2022-04-08T18:17:51+00:00\",\"dateModified\":\"2022-04-08T18:35:36+00:00\",\"breadcrumb\":{\"@id\":\"https:\\\/\\\/objectif-image.fr\\\/OI\\\/produit\\\/images-n72\\\/#breadcrumb\"},\"inLanguage\":\"fr-FR\",\"potentialAction\":[{\"@type\":\"ReadAction\",\"target\":[\"https:\\\/\\\/objectif-image.fr\\\/OI\\\/produit\\\/images-n72\\\/\"]}]},{\"@type\":\"ImageObject\",\"inLanguage\":\"fr-FR\",\"@id\":\"https:\\\/\\\/objectif-image.fr\\\/OI\\\/produit\\\/images-n72\\\/#primaryimage\",\"url\":\"https:\\\/\\\/objectif-image.fr\\\/OI\\\/wp-content\\\/uploads\\\/2022\\\/04\\\/Couverture-IMAGES-72.jpg\",\"contentUrl\":\"https:\\\/\\\/objectif-image.fr\\\/OI\\\/wp-content\\\/uploads\\\/2022\\\/04\\\/Couverture-IMAGES-72.jpg\",\"width\":412,\"height\":583},{\"@type\":\"BreadcrumbList\",\"@id\":\"https:\\\/\\\/objectif-image.fr\\\/OI\\\/produit\\\/images-n72\\\/#breadcrumb\",\"itemListElement\":[{\"@type\":\"ListItem\",\"position\":1,\"name\":\"Accueil\",\"item\":\"https:\\\/\\\/objectif-image.fr\\\/OI\\\/\"},{\"@type\":\"ListItem\",\"position\":2,\"name\":\"Produits\",\"item\":\"https:\\\/\\\/objectif-image.fr\\\/OI\\\/boutique-2\\\/\"},{\"@type\":\"ListItem\",\"position\":3,\"name\":\"Images n\u00b072\"}]},{\"@type\":\"WebSite\",\"@id\":\"https:\\\/\\\/objectif-image.fr\\\/OI\\\/#website\",\"url\":\"https:\\\/\\\/objectif-image.fr\\\/OI\\\/\",\"name\":\"Objectif Image\",\"description\":\"Objectif Image\",\"publisher\":{\"@id\":\"https:\\\/\\\/objectif-image.fr\\\/OI\\\/#organization\"},\"potentialAction\":[{\"@type\":\"SearchAction\",\"target\":{\"@type\":\"EntryPoint\",\"urlTemplate\":\"https:\\\/\\\/objectif-image.fr\\\/OI\\\/?s={search_term_string}\"},\"query-input\":{\"@type\":\"PropertyValueSpecification\",\"valueRequired\":true,\"valueName\":\"search_term_string\"}}],\"inLanguage\":\"fr-FR\"},{\"@type\":\"Organization\",\"@id\":\"https:\\\/\\\/objectif-image.fr\\\/OI\\\/#organization\",\"name\":\"Objectif Image\",\"url\":\"https:\\\/\\\/objectif-image.fr\\\/OI\\\/\",\"logo\":{\"@type\":\"ImageObject\",\"inLanguage\":\"fr-FR\",\"@id\":\"https:\\\/\\\/objectif-image.fr\\\/OI\\\/#\\\/schema\\\/logo\\\/image\\\/\",\"url\":\"https:\\\/\\\/objectif-image.fr\\\/OI\\\/wp-content\\\/uploads\\\/2019\\\/02\\\/logo-OI-NATIONAL-rouge-2000px.jpg\",\"contentUrl\":\"https:\\\/\\\/objectif-image.fr\\\/OI\\\/wp-content\\\/uploads\\\/2019\\\/02\\\/logo-OI-NATIONAL-rouge-2000px.jpg\",\"width\":1081,\"height\":1024,\"caption\":\"Objectif Image\"},\"image\":{\"@id\":\"https:\\\/\\\/objectif-image.fr\\\/OI\\\/#\\\/schema\\\/logo\\\/image\\\/\"},\"sameAs\":[\"https:\\\/\\\/www.facebook.com\\\/Objectif.mage\"]}]}<\/script>\n<!-- \/ Yoast SEO plugin. -->","yoast_head_json":{"title":"Images n\u00b072 - Objectif Image","robots":{"index":"noindex","follow":"follow"},"og_locale":"fr_FR","og_type":"article","og_title":"Images n\u00b072 - Objectif Image","og_description":"Le\u00a0num\u00e9ro 72\u00a0de la revue\u00a0IMAGES\u00a0(publication annuelle d\u2019Objectif Image), sur le th\u00e8me\u00a0\u00a0\u00ab La Nuit \u00bb\u00a0est disponible. . Au sommaire Alain CORNU : Sur Paris Rebecca TOPAKIAN : Infra Nicolas RIVALS : La Linea Roja Marie HAMEL : Alimentation G\u00e9n\u00e9rale Xavier DUMOULIN : Incandescences Juliette AGNEL : Aux \u00e9toiles le poids de la terre Evelyne ADNET : Mamie, [&hellip;]","og_url":"https:\/\/objectif-image.fr\/OI\/produit\/images-n72\/","og_site_name":"Objectif Image","article_publisher":"https:\/\/www.facebook.com\/Objectif.mage","article_modified_time":"2022-04-08T18:35:36+00:00","og_image":[{"url":"https:\/\/objectif-image.fr\/OI\/wp-content\/uploads\/2022\/04\/Couverture-IMAGES-72.jpg","width":412,"height":583,"type":"image\/jpeg"}],"twitter_card":"summary_large_image","twitter_misc":{"Dur\u00e9e de lecture estim\u00e9e":"1 minute"},"schema":{"@context":"https:\/\/schema.org","@graph":[{"@type":"WebPage","@id":"https:\/\/objectif-image.fr\/OI\/produit\/images-n72\/","url":"https:\/\/objectif-image.fr\/OI\/produit\/images-n72\/","name":"Images n\u00b072 - Objectif Image","isPartOf":{"@id":"https:\/\/objectif-image.fr\/OI\/#website"},"primaryImageOfPage":{"@id":"https:\/\/objectif-image.fr\/OI\/produit\/images-n72\/#primaryimage"},"image":{"@id":"https:\/\/objectif-image.fr\/OI\/produit\/images-n72\/#primaryimage"},"thumbnailUrl":"https:\/\/objectif-image.fr\/OI\/wp-content\/uploads\/2022\/04\/Couverture-IMAGES-72.jpg","datePublished":"2022-04-08T18:17:51+00:00","dateModified":"2022-04-08T18:35:36+00:00","breadcrumb":{"@id":"https:\/\/objectif-image.fr\/OI\/produit\/images-n72\/#breadcrumb"},"inLanguage":"fr-FR","potentialAction":[{"@type":"ReadAction","target":["https:\/\/objectif-image.fr\/OI\/produit\/images-n72\/"]}]},{"@type":"ImageObject","inLanguage":"fr-FR","@id":"https:\/\/objectif-image.fr\/OI\/produit\/images-n72\/#primaryimage","url":"https:\/\/objectif-image.fr\/OI\/wp-content\/uploads\/2022\/04\/Couverture-IMAGES-72.jpg","contentUrl":"https:\/\/objectif-image.fr\/OI\/wp-content\/uploads\/2022\/04\/Couverture-IMAGES-72.jpg","width":412,"height":583},{"@type":"BreadcrumbList","@id":"https:\/\/objectif-image.fr\/OI\/produit\/images-n72\/#breadcrumb","itemListElement":[{"@type":"ListItem","position":1,"name":"Accueil","item":"https:\/\/objectif-image.fr\/OI\/"},{"@type":"ListItem","position":2,"name":"Produits","item":"https:\/\/objectif-image.fr\/OI\/boutique-2\/"},{"@type":"ListItem","position":3,"name":"Images n\u00b072"}]},{"@type":"WebSite","@id":"https:\/\/objectif-image.fr\/OI\/#website","url":"https:\/\/objectif-image.fr\/OI\/","name":"Objectif Image","description":"Objectif Image","publisher":{"@id":"https:\/\/objectif-image.fr\/OI\/#organization"},"potentialAction":[{"@type":"SearchAction","target":{"@type":"EntryPoint","urlTemplate":"https:\/\/objectif-image.fr\/OI\/?s={search_term_string}"},"query-input":{"@type":"PropertyValueSpecification","valueRequired":true,"valueName":"search_term_string"}}],"inLanguage":"fr-FR"},{"@type":"Organization","@id":"https:\/\/objectif-image.fr\/OI\/#organization","name":"Objectif Image","url":"https:\/\/objectif-image.fr\/OI\/","logo":{"@type":"ImageObject","inLanguage":"fr-FR","@id":"https:\/\/objectif-image.fr\/OI\/#\/schema\/logo\/image\/","url":"https:\/\/objectif-image.fr\/OI\/wp-content\/uploads\/2019\/02\/logo-OI-NATIONAL-rouge-2000px.jpg","contentUrl":"https:\/\/objectif-image.fr\/OI\/wp-content\/uploads\/2019\/02\/logo-OI-NATIONAL-rouge-2000px.jpg","width":1081,"height":1024,"caption":"Objectif Image"},"image":{"@id":"https:\/\/objectif-image.fr\/OI\/#\/schema\/logo\/image\/"},"sameAs":["https:\/\/www.facebook.com\/Objectif.mage"]}]}},"_links":{"self":[{"href":"https:\/\/objectif-image.fr\/OI\/wp-json\/wp\/v2\/product\/39621","targetHints":{"allow":["GET"]}}],"collection":[{"href":"https:\/\/objectif-image.fr\/OI\/wp-json\/wp\/v2\/product"}],"about":[{"href":"https:\/\/objectif-image.fr\/OI\/wp-json\/wp\/v2\/types\/product"}],"wp:featuredmedia":[{"embeddable":true,"href":"https:\/\/objectif-image.fr\/OI\/wp-json\/wp\/v2\/media\/39582"}],"wp:attachment":[{"href":"https:\/\/objectif-image.fr\/OI\/wp-json\/wp\/v2\/media?parent=39621"}],"wp:term":[{"taxonomy":"product_brand","embeddable":true,"href":"https:\/\/objectif-image.fr\/OI\/wp-json\/wp\/v2\/product_brand?post=39621"},{"taxonomy":"product_cat","embeddable":true,"href":"https:\/\/objectif-image.fr\/OI\/wp-json\/wp\/v2\/product_cat?post=39621"},{"taxonomy":"product_tag","embeddable":true,"href":"https:\/\/objectif-image.fr\/OI\/wp-json\/wp\/v2\/product_tag?post=39621"}],"curies":[{"name":"wp","href":"https:\/\/api.w.org\/{rel}","templated":true}]}}