{"id":47072,"date":"2023-04-18T17:27:51","date_gmt":"2023-04-18T15:27:51","guid":{"rendered":"https:\/\/objectif-image.fr\/OI\/?post_type=product&#038;p=47072"},"modified":"2023-04-24T14:58:30","modified_gmt":"2023-04-24T12:58:30","slug":"images-n-73","status":"publish","type":"product","link":"https:\/\/objectif-image.fr\/OI\/produit\/images-n-73\/","title":{"rendered":"Images n\u00b0 73"},"content":{"rendered":"<p><span style=\"color: #000000;\">Th\u00e8me <strong>\u00ab\u00a0M\u00e9tamorphose\u00a0\u00bb<\/strong><\/span><\/p>\n<p><span style=\"color: #000000;\">Sommaire :\u00a0<\/span><\/p>\n<ul>\n<li><span style=\"color: #000000;\">Georges Rousse<\/span><\/li>\n<li><span style=\"color: #000000;\">Carlos Ayestas &#8211; Guillaume Bression<\/span><\/li>\n<li><span style=\"color: #000000;\">Herv\u00e9 J\u00e9z\u00e9quel<\/span><\/li>\n<li><span style=\"color: #000000;\">Bernard Demenge<\/span><\/li>\n<li><span style=\"color: #000000;\">Cl\u00e9ment Marion<\/span><\/li>\n<li><span style=\"color: #000000;\">Julie de Waroquier<\/span><\/li>\n<li><span style=\"color: #000000;\">C\u00e9lia Berthaud<\/span><\/li>\n<li><img loading=\"lazy\" decoding=\"async\" class=\"alignnone size-large wp-image-47143\" src=\"https:\/\/objectif-image.fr\/OI\/wp-content\/uploads\/2023\/04\/edito-73008-765x1024.jpg\" alt=\"\" width=\"765\" height=\"1024\" srcset=\"https:\/\/objectif-image.fr\/OI\/wp-content\/uploads\/2023\/04\/edito-73008-765x1024.jpg 765w, https:\/\/objectif-image.fr\/OI\/wp-content\/uploads\/2023\/04\/edito-73008-scaled-400x536.jpg 400w, https:\/\/objectif-image.fr\/OI\/wp-content\/uploads\/2023\/04\/edito-73008-224x300.jpg 224w, https:\/\/objectif-image.fr\/OI\/wp-content\/uploads\/2023\/04\/edito-73008-112x150.jpg 112w, https:\/\/objectif-image.fr\/OI\/wp-content\/uploads\/2023\/04\/edito-73008-768x1029.jpg 768w, https:\/\/objectif-image.fr\/OI\/wp-content\/uploads\/2023\/04\/edito-73008-1147x1536.jpg 1147w, https:\/\/objectif-image.fr\/OI\/wp-content\/uploads\/2023\/04\/edito-73008-1529x2048.jpg 1529w, https:\/\/objectif-image.fr\/OI\/wp-content\/uploads\/2023\/04\/edito-73008-75x100.jpg 75w, https:\/\/objectif-image.fr\/OI\/wp-content\/uploads\/2023\/04\/edito-73008-1320x1768.jpg 1320w, https:\/\/objectif-image.fr\/OI\/wp-content\/uploads\/2023\/04\/edito-73008-scaled.jpg 1911w\" sizes=\"auto, (max-width: 765px) 100vw, 765px\" \/><\/li>\n<\/ul>\n","protected":false},"excerpt":{"rendered":"<p>Th\u00e8me \u00ab\u00a0M\u00e9tamorphose\u00a0\u00bb Sommaire :\u00a0 Georges Rousse Carlos Ayestas &#8211; Guillaume Bression Herv\u00e9 J\u00e9z\u00e9quel Bernard Demenge Cl\u00e9ment Marion Julie de Waroquier C\u00e9lia Berthaud<\/p>\n","protected":false},"featured_media":47071,"template":"","meta":{"_acf_changed":false},"product_brand":[],"product_cat":[417],"product_tag":[],"class_list":{"0":"post-47072","1":"product","2":"type-product","3":"status-publish","4":"has-post-thumbnail","6":"product_cat-images","7":"product_shipping_class-revue-image","9":"first","10":"instock","11":"shipping-taxable","12":"purchasable","13":"product-type-simple"},"acf":[],"yoast_head":"<!-- This site is optimized with the Yoast SEO plugin v27.4 - https:\/\/yoast.com\/product\/yoast-seo-wordpress\/ -->\n<title>Images n\u00b0 73 - Objectif Image<\/title>\n<meta name=\"robots\" content=\"noindex, follow\" \/>\n<meta property=\"og:locale\" content=\"fr_FR\" \/>\n<meta property=\"og:type\" content=\"article\" \/>\n<meta property=\"og:title\" content=\"Images n\u00b0 73 - Objectif Image\" \/>\n<meta property=\"og:description\" content=\"Th\u00e8me \u00ab\u00a0M\u00e9tamorphose\u00a0\u00bb Sommaire :\u00a0 Georges Rousse Carlos Ayestas &#8211; Guillaume Bression Herv\u00e9 J\u00e9z\u00e9quel Bernard Demenge Cl\u00e9ment Marion Julie de Waroquier C\u00e9lia Berthaud\" \/>\n<meta property=\"og:url\" content=\"https:\/\/objectif-image.fr\/OI\/produit\/images-n-73\/\" \/>\n<meta property=\"og:site_name\" content=\"Objectif Image\" \/>\n<meta property=\"article:publisher\" content=\"https:\/\/www.facebook.com\/Objectif.mage\" \/>\n<meta property=\"article:modified_time\" content=\"2023-04-24T12:58:30+00:00\" \/>\n<meta property=\"og:image\" content=\"https:\/\/objectif-image.fr\/OI\/wp-content\/uploads\/2023\/04\/ImageN\u00b073-scaled.jpg\" \/>\n\t<meta property=\"og:image:width\" content=\"1706\" \/>\n\t<meta property=\"og:image:height\" content=\"2560\" \/>\n\t<meta property=\"og:image:type\" content=\"image\/jpeg\" \/>\n<meta name=\"twitter:card\" content=\"summary_large_image\" \/>\n<script type=\"application\/ld+json\" class=\"yoast-schema-graph\">{\"@context\":\"https:\\\/\\\/schema.org\",\"@graph\":[{\"@type\":\"WebPage\",\"@id\":\"https:\\\/\\\/objectif-image.fr\\\/OI\\\/produit\\\/images-n-73\\\/\",\"url\":\"https:\\\/\\\/objectif-image.fr\\\/OI\\\/produit\\\/images-n-73\\\/\",\"name\":\"Images n\u00b0 73 - Objectif Image\",\"isPartOf\":{\"@id\":\"https:\\\/\\\/objectif-image.fr\\\/OI\\\/#website\"},\"primaryImageOfPage\":{\"@id\":\"https:\\\/\\\/objectif-image.fr\\\/OI\\\/produit\\\/images-n-73\\\/#primaryimage\"},\"image\":{\"@id\":\"https:\\\/\\\/objectif-image.fr\\\/OI\\\/produit\\\/images-n-73\\\/#primaryimage\"},\"thumbnailUrl\":\"https:\\\/\\\/objectif-image.fr\\\/OI\\\/wp-content\\\/uploads\\\/2023\\\/04\\\/ImageN\u00b073-scaled.jpg\",\"datePublished\":\"2023-04-18T15:27:51+00:00\",\"dateModified\":\"2023-04-24T12:58:30+00:00\",\"breadcrumb\":{\"@id\":\"https:\\\/\\\/objectif-image.fr\\\/OI\\\/produit\\\/images-n-73\\\/#breadcrumb\"},\"inLanguage\":\"fr-FR\",\"potentialAction\":[{\"@type\":\"ReadAction\",\"target\":[\"https:\\\/\\\/objectif-image.fr\\\/OI\\\/produit\\\/images-n-73\\\/\"]}]},{\"@type\":\"ImageObject\",\"inLanguage\":\"fr-FR\",\"@id\":\"https:\\\/\\\/objectif-image.fr\\\/OI\\\/produit\\\/images-n-73\\\/#primaryimage\",\"url\":\"https:\\\/\\\/objectif-image.fr\\\/OI\\\/wp-content\\\/uploads\\\/2023\\\/04\\\/ImageN\u00b073-scaled.jpg\",\"contentUrl\":\"https:\\\/\\\/objectif-image.fr\\\/OI\\\/wp-content\\\/uploads\\\/2023\\\/04\\\/ImageN\u00b073-scaled.jpg\",\"width\":1706,\"height\":2560},{\"@type\":\"BreadcrumbList\",\"@id\":\"https:\\\/\\\/objectif-image.fr\\\/OI\\\/produit\\\/images-n-73\\\/#breadcrumb\",\"itemListElement\":[{\"@type\":\"ListItem\",\"position\":1,\"name\":\"Accueil\",\"item\":\"https:\\\/\\\/objectif-image.fr\\\/OI\\\/\"},{\"@type\":\"ListItem\",\"position\":2,\"name\":\"Produits\",\"item\":\"https:\\\/\\\/objectif-image.fr\\\/OI\\\/boutique-2\\\/\"},{\"@type\":\"ListItem\",\"position\":3,\"name\":\"Images n\u00b0 73\"}]},{\"@type\":\"WebSite\",\"@id\":\"https:\\\/\\\/objectif-image.fr\\\/OI\\\/#website\",\"url\":\"https:\\\/\\\/objectif-image.fr\\\/OI\\\/\",\"name\":\"Objectif Image\",\"description\":\"Objectif Image\",\"publisher\":{\"@id\":\"https:\\\/\\\/objectif-image.fr\\\/OI\\\/#organization\"},\"potentialAction\":[{\"@type\":\"SearchAction\",\"target\":{\"@type\":\"EntryPoint\",\"urlTemplate\":\"https:\\\/\\\/objectif-image.fr\\\/OI\\\/?s={search_term_string}\"},\"query-input\":{\"@type\":\"PropertyValueSpecification\",\"valueRequired\":true,\"valueName\":\"search_term_string\"}}],\"inLanguage\":\"fr-FR\"},{\"@type\":\"Organization\",\"@id\":\"https:\\\/\\\/objectif-image.fr\\\/OI\\\/#organization\",\"name\":\"Objectif Image\",\"url\":\"https:\\\/\\\/objectif-image.fr\\\/OI\\\/\",\"logo\":{\"@type\":\"ImageObject\",\"inLanguage\":\"fr-FR\",\"@id\":\"https:\\\/\\\/objectif-image.fr\\\/OI\\\/#\\\/schema\\\/logo\\\/image\\\/\",\"url\":\"https:\\\/\\\/objectif-image.fr\\\/OI\\\/wp-content\\\/uploads\\\/2019\\\/02\\\/logo-OI-NATIONAL-rouge-2000px.jpg\",\"contentUrl\":\"https:\\\/\\\/objectif-image.fr\\\/OI\\\/wp-content\\\/uploads\\\/2019\\\/02\\\/logo-OI-NATIONAL-rouge-2000px.jpg\",\"width\":1081,\"height\":1024,\"caption\":\"Objectif Image\"},\"image\":{\"@id\":\"https:\\\/\\\/objectif-image.fr\\\/OI\\\/#\\\/schema\\\/logo\\\/image\\\/\"},\"sameAs\":[\"https:\\\/\\\/www.facebook.com\\\/Objectif.mage\"]}]}<\/script>\n<!-- \/ Yoast SEO plugin. -->","yoast_head_json":{"title":"Images n\u00b0 73 - Objectif Image","robots":{"index":"noindex","follow":"follow"},"og_locale":"fr_FR","og_type":"article","og_title":"Images n\u00b0 73 - Objectif Image","og_description":"Th\u00e8me \u00ab\u00a0M\u00e9tamorphose\u00a0\u00bb Sommaire :\u00a0 Georges Rousse Carlos Ayestas &#8211; Guillaume Bression Herv\u00e9 J\u00e9z\u00e9quel Bernard Demenge Cl\u00e9ment Marion Julie de Waroquier C\u00e9lia Berthaud","og_url":"https:\/\/objectif-image.fr\/OI\/produit\/images-n-73\/","og_site_name":"Objectif Image","article_publisher":"https:\/\/www.facebook.com\/Objectif.mage","article_modified_time":"2023-04-24T12:58:30+00:00","og_image":[{"width":1706,"height":2560,"url":"https:\/\/objectif-image.fr\/OI\/wp-content\/uploads\/2023\/04\/ImageN\u00b073-scaled.jpg","type":"image\/jpeg"}],"twitter_card":"summary_large_image","schema":{"@context":"https:\/\/schema.org","@graph":[{"@type":"WebPage","@id":"https:\/\/objectif-image.fr\/OI\/produit\/images-n-73\/","url":"https:\/\/objectif-image.fr\/OI\/produit\/images-n-73\/","name":"Images n\u00b0 73 - Objectif Image","isPartOf":{"@id":"https:\/\/objectif-image.fr\/OI\/#website"},"primaryImageOfPage":{"@id":"https:\/\/objectif-image.fr\/OI\/produit\/images-n-73\/#primaryimage"},"image":{"@id":"https:\/\/objectif-image.fr\/OI\/produit\/images-n-73\/#primaryimage"},"thumbnailUrl":"https:\/\/objectif-image.fr\/OI\/wp-content\/uploads\/2023\/04\/ImageN\u00b073-scaled.jpg","datePublished":"2023-04-18T15:27:51+00:00","dateModified":"2023-04-24T12:58:30+00:00","breadcrumb":{"@id":"https:\/\/objectif-image.fr\/OI\/produit\/images-n-73\/#breadcrumb"},"inLanguage":"fr-FR","potentialAction":[{"@type":"ReadAction","target":["https:\/\/objectif-image.fr\/OI\/produit\/images-n-73\/"]}]},{"@type":"ImageObject","inLanguage":"fr-FR","@id":"https:\/\/objectif-image.fr\/OI\/produit\/images-n-73\/#primaryimage","url":"https:\/\/objectif-image.fr\/OI\/wp-content\/uploads\/2023\/04\/ImageN\u00b073-scaled.jpg","contentUrl":"https:\/\/objectif-image.fr\/OI\/wp-content\/uploads\/2023\/04\/ImageN\u00b073-scaled.jpg","width":1706,"height":2560},{"@type":"BreadcrumbList","@id":"https:\/\/objectif-image.fr\/OI\/produit\/images-n-73\/#breadcrumb","itemListElement":[{"@type":"ListItem","position":1,"name":"Accueil","item":"https:\/\/objectif-image.fr\/OI\/"},{"@type":"ListItem","position":2,"name":"Produits","item":"https:\/\/objectif-image.fr\/OI\/boutique-2\/"},{"@type":"ListItem","position":3,"name":"Images n\u00b0 73"}]},{"@type":"WebSite","@id":"https:\/\/objectif-image.fr\/OI\/#website","url":"https:\/\/objectif-image.fr\/OI\/","name":"Objectif Image","description":"Objectif Image","publisher":{"@id":"https:\/\/objectif-image.fr\/OI\/#organization"},"potentialAction":[{"@type":"SearchAction","target":{"@type":"EntryPoint","urlTemplate":"https:\/\/objectif-image.fr\/OI\/?s={search_term_string}"},"query-input":{"@type":"PropertyValueSpecification","valueRequired":true,"valueName":"search_term_string"}}],"inLanguage":"fr-FR"},{"@type":"Organization","@id":"https:\/\/objectif-image.fr\/OI\/#organization","name":"Objectif Image","url":"https:\/\/objectif-image.fr\/OI\/","logo":{"@type":"ImageObject","inLanguage":"fr-FR","@id":"https:\/\/objectif-image.fr\/OI\/#\/schema\/logo\/image\/","url":"https:\/\/objectif-image.fr\/OI\/wp-content\/uploads\/2019\/02\/logo-OI-NATIONAL-rouge-2000px.jpg","contentUrl":"https:\/\/objectif-image.fr\/OI\/wp-content\/uploads\/2019\/02\/logo-OI-NATIONAL-rouge-2000px.jpg","width":1081,"height":1024,"caption":"Objectif Image"},"image":{"@id":"https:\/\/objectif-image.fr\/OI\/#\/schema\/logo\/image\/"},"sameAs":["https:\/\/www.facebook.com\/Objectif.mage"]}]}},"_links":{"self":[{"href":"https:\/\/objectif-image.fr\/OI\/wp-json\/wp\/v2\/product\/47072","targetHints":{"allow":["GET"]}}],"collection":[{"href":"https:\/\/objectif-image.fr\/OI\/wp-json\/wp\/v2\/product"}],"about":[{"href":"https:\/\/objectif-image.fr\/OI\/wp-json\/wp\/v2\/types\/product"}],"wp:featuredmedia":[{"embeddable":true,"href":"https:\/\/objectif-image.fr\/OI\/wp-json\/wp\/v2\/media\/47071"}],"wp:attachment":[{"href":"https:\/\/objectif-image.fr\/OI\/wp-json\/wp\/v2\/media?parent=47072"}],"wp:term":[{"taxonomy":"product_brand","embeddable":true,"href":"https:\/\/objectif-image.fr\/OI\/wp-json\/wp\/v2\/product_brand?post=47072"},{"taxonomy":"product_cat","embeddable":true,"href":"https:\/\/objectif-image.fr\/OI\/wp-json\/wp\/v2\/product_cat?post=47072"},{"taxonomy":"product_tag","embeddable":true,"href":"https:\/\/objectif-image.fr\/OI\/wp-json\/wp\/v2\/product_tag?post=47072"}],"curies":[{"name":"wp","href":"https:\/\/api.w.org\/{rel}","templated":true}]}}